{"id":7336,"date":"2019-07-17T05:53:35","date_gmt":"2019-07-17T05:53:35","guid":{"rendered":"https:\/\/mesi24.ee\/?page_id=7336"},"modified":"2025-05-26T04:42:02","modified_gmt":"2025-05-26T04:42:02","slug":"avatud-talude-paev","status":"publish","type":"page","link":"https:\/\/mesi24.ee\/ru\/avatud-talude-paev\/","title":{"rendered":"AVATUD TALUDE P\u00c4EV"},"content":{"rendered":"<div class=\"fusion-fullwidth fullwidth-box fusion-builder-row-1 nonhundred-percent-fullwidth non-hundred-percent-height-scrolling\" style=\"--awb-border-radius-top-left:0px;--awb-border-radius-top-right:0px;--awb-border-radius-bottom-right:0px;--awb-border-radius-bottom-left:0px;--awb-flex-wrap:wrap;\" ><div class=\"fusion-builder-row fusion-row\"><div class=\"fusion-layout-column fusion_builder_column fusion-builder-column-0 fusion_builder_column_1_2 1_2 fusion-one-half fusion-column-first\" style=\"--awb-bg-size:cover;width:50%;width:calc(50% - ( ( 4% ) * 0.5 ) );margin-right: 4%;\"><div class=\"fusion-column-wrapper fusion-column-has-shadow fusion-flex-column-wrapper-legacy\"><div class=\"fusion-text fusion-text-1\"><h1>\u0414\u0415\u041d\u042c \u041e\u0422\u041a\u0420\u042b\u0422\u042b\u0425 \u0424\u0415\u0420\u041c MESI24.EE 2025<\/h1>\n<p>\u0412 \u0440\u0430\u043c\u043a\u0430\u0445 \u0414\u041d\u042f \u041e\u0422\u041a\u0420\u042b\u0422\u042b\u0425 \u0424\u0415\u0420\u041c \u043d\u0430\u0448\u0430 \u041c\u0435\u0434\u043e\u0432\u0430\u044f \u043c\u0430\u0441\u0442\u0435\u0440\u0441\u043a\u0430\u044f \u043e\u0442\u043a\u0440\u044b\u0442\u0430 \u0434\u043b\u044f \u043f\u043e\u0441\u0435\u0442\u0438\u0442\u0435\u043b\u0435\u0439 12.07.25 \u2013 13.07.25 \u0441 10:00 \u0434\u043e 17:00.<\/p>\n<p>\u041c\u044b \u043f\u043e\u0437\u043d\u0430\u043a\u043e\u043c\u0438\u043c \u0432\u0430\u0441 \u0441 \u043e\u0431\u043e\u0440\u0443\u0434\u043e\u0432\u0430\u043d\u0438\u0435\u043c, \u0438\u0441\u043f\u043e\u043b\u044c\u0437\u0443\u0435\u043c\u044b\u043c \u0434\u043b\u044f \u043e\u0442\u043a\u0430\u0447\u043a\u0438 \u043c\u0451\u0434\u0430, \u0440\u0430\u0441\u0441\u043a\u0430\u0436\u0435\u043c \u043e \u0444\u0430\u0441\u043e\u0432\u043a\u0435 \u043c\u0451\u0434\u0430 \u0432 \u0442\u044e\u0431\u0438\u043a\u0438 \u0438 \u043e \u0442\u043e\u043c, \u043a\u0430\u043a \u043c\u044b \u0433\u043e\u0442\u043e\u0432\u0438\u043c \u043c\u0435\u0434\u043e\u0432\u044b\u0435 \u0441\u043c\u0435\u0441\u0438. \u0415\u0441\u043b\u0438 \u043f\u043e\u0433\u043e\u0434\u0430 \u043f\u043e\u0437\u0432\u043e\u043b\u044f\u0435\u0442, \u0441\u0430\u043c\u044b\u0435 \u0441\u043c\u0435\u043b\u044b\u0435 \u0441\u043c\u043e\u0433\u0443\u0442 \u0437\u0430\u0433\u043b\u044f\u043d\u0443\u0442\u044c \u0432 \u0443\u043b\u0435\u0439 \u0438 \u043f\u043e\u0437\u043d\u0430\u043a\u043e\u043c\u0438\u0442\u044c\u0441\u044f \u0441 \u0435\u0433\u043e \u043e\u0431\u0438\u0442\u0430\u0442\u0435\u043b\u044f\u043c\u0438. \u042d\u043a\u0441\u043a\u0443\u0440\u0441\u0438\u0438 \u0432 \u043d\u0430\u0448\u0435\u0439 \u043c\u0430\u0441\u0442\u0435\u0440\u0441\u043a\u043e\u0439 \u043f\u0440\u043e\u0432\u043e\u0434\u044f\u0442\u0441\u044f \u043a\u0430\u0436\u0434\u044b\u0439 \u0447\u0430\u0441.<\/p>\n<p>\u041a\u0440\u043e\u043c\u0435 \u0442\u043e\u0433\u043e, \u0443 \u0432\u0430\u0441 \u0431\u0443\u0434\u0435\u0442 \u0432\u043e\u0437\u043c\u043e\u0436\u043d\u043e\u0441\u0442\u044c \u043f\u0440\u0438\u043e\u0431\u0440\u0435\u0441\u0442\u0438 \u043d\u0430\u0448\u0443 \u043f\u0440\u043e\u0434\u0443\u043a\u0446\u0438\u044e \u043f\u043e \u0441\u043f\u0435\u0446\u0438\u0430\u043b\u044c\u043d\u044b\u043c \u0446\u0435\u043d\u0430\u043c \u2013 \u0434\u0435\u0448\u0435\u0432\u043b\u0435, \u0447\u0435\u043c \u043e\u0431\u044b\u0447\u043d\u043e!<\/p>\n<p><strong>\u0423\u0433\u043e\u0449\u0430\u0435\u043c \u043d\u0430\u0448\u0438\u043c \u0433\u043e\u0441\u0442\u044f\u043c \u0431\u0435\u0441\u043f\u043b\u0430\u0442\u043d\u044b\u043c \u043c\u0435\u0434\u043e\u0432\u0443\u0445\u043e\u0439!<\/strong><\/p>\n<p>\u041f\u043e\u0434\u0440\u043e\u0431\u043d\u043e\u0441\u0442\u0438 \u043d\u0430 <a href=\"https:\/\/avatudtalud.ee\/kulastajale\/\">\u0421\u0422\u0420\u0410\u041d\u0418\u0426\u0415 \u0414\u041d\u042f \u041e\u0422\u041a\u0420\u042b\u0422\u042b\u0425 \u0424\u0415\u0420\u041c<\/a>.<\/p>\n<\/div><div class=\"fusion-clearfix\"><\/div><\/div><\/div><div class=\"fusion-layout-column fusion_builder_column fusion-builder-column-1 fusion_builder_column_1_2 1_2 fusion-one-half fusion-column-last\" style=\"--awb-bg-size:cover;width:50%;width:calc(50% - ( ( 4% ) * 0.5 ) );\"><div class=\"fusion-column-wrapper fusion-column-has-shadow fusion-flex-column-wrapper-legacy\"><div class=\"fusion-sep-clear\"><\/div><div class=\"fusion-separator fusion-full-width-sep\" style=\"margin-left: auto;margin-right: auto;margin-top:20px;width:100%;\"><\/div><div class=\"fusion-sep-clear\"><\/div><div class=\"fusion-image-element in-legacy-container\" style=\"--awb-caption-title-font-family:var(--h2_typography-font-family);--awb-caption-title-font-weight:var(--h2_typography-font-weight);--awb-caption-title-font-style:var(--h2_typography-font-style);--awb-caption-title-size:var(--h2_typography-font-size);--awb-caption-title-transform:var(--h2_typography-text-transform);--awb-caption-title-line-height:var(--h2_typography-line-height);--awb-caption-title-letter-spacing:var(--h2_typography-letter-spacing);\"><span class=\" fusion-imageframe imageframe-none imageframe-1 hover-type-none\"><a href=\"https:\/\/mesi24.ee\/wp-content\/uploads\/2025\/05\/Avatud-Talud-2025.jpg\" class=\"fusion-lightbox\" data-rel=\"iLightbox[0a2e8454bdb34945b73]\" data-title=\"Avatud Talud 2025\" title=\"Avatud Talud 2025v\"><img decoding=\"async\" width=\"700\" height=\"294\" src=\"https:\/\/mesi24.ee\/wp-content\/uploads\/2025\/05\/Avatud-Talud-2025v.jpg\" alt class=\"img-responsive wp-image-8586\" srcset=\"https:\/\/mesi24.ee\/wp-content\/uploads\/2025\/05\/Avatud-Talud-2025v-200x84.jpg 200w, https:\/\/mesi24.ee\/wp-content\/uploads\/2025\/05\/Avatud-Talud-2025v-400x168.jpg 400w, https:\/\/mesi24.ee\/wp-content\/uploads\/2025\/05\/Avatud-Talud-2025v-600x252.jpg 600w, https:\/\/mesi24.ee\/wp-content\/uploads\/2025\/05\/Avatud-Talud-2025v.jpg 700w\" sizes=\"(max-width: 800px) 100vw, 600px\" \/><\/a><\/span><\/div><div class=\"fusion-sep-clear\"><\/div><div class=\"fusion-separator fusion-full-width-sep\" style=\"margin-left: auto;margin-right: auto;margin-top:50px;width:100%;\"><\/div><div class=\"fusion-sep-clear\"><\/div><div class=\"fusion-image-element in-legacy-container\" style=\"--awb-caption-title-font-family:var(--h2_typography-font-family);--awb-caption-title-font-weight:var(--h2_typography-font-weight);--awb-caption-title-font-style:var(--h2_typography-font-style);--awb-caption-title-size:var(--h2_typography-font-size);--awb-caption-title-transform:var(--h2_typography-text-transform);--awb-caption-title-line-height:var(--h2_typography-line-height);--awb-caption-title-letter-spacing:var(--h2_typography-letter-spacing);\"><span class=\" fusion-imageframe imageframe-none imageframe-2 hover-type-none\"><a href=\"https:\/\/mesi24.ee\/wp-content\/uploads\/2020\/06\/Taru-labivaatus-1024x768.jpg\" class=\"fusion-lightbox\" data-rel=\"iLightbox[c6073515ff8a228ace6]\" data-caption=\"Mesitaru labivaatus\" data-title=\"Mesitaru labivaatus\" title=\"Mesitaru labivaatus\"><img decoding=\"async\" width=\"720\" height=\"540\" src=\"https:\/\/mesi24.ee\/wp-content\/uploads\/2020\/06\/Taru-labivaatus-e1592284861571.jpg\" alt class=\"img-responsive wp-image-4116\"\/><\/a><\/span><\/div><div class=\"fusion-sep-clear\"><\/div><div class=\"fusion-separator fusion-full-width-sep\" style=\"margin-left: auto;margin-right: auto;margin-top:20px;width:100%;\"><\/div><div class=\"fusion-sep-clear\"><\/div><div class=\"fusion-image-element in-legacy-container\" style=\"--awb-caption-title-font-family:var(--h2_typography-font-family);--awb-caption-title-font-weight:var(--h2_typography-font-weight);--awb-caption-title-font-style:var(--h2_typography-font-style);--awb-caption-title-size:var(--h2_typography-font-size);--awb-caption-title-transform:var(--h2_typography-text-transform);--awb-caption-title-line-height:var(--h2_typography-line-height);--awb-caption-title-letter-spacing:var(--h2_typography-letter-spacing);\"><span class=\" fusion-imageframe imageframe-none imageframe-3 hover-type-none\"><img decoding=\"async\" width=\"600\" height=\"451\" alt=\"Avatud Talude Paev\" title=\"Avatud Talude Paev 2\" src=\"https:\/\/mesi24.ee\/wp-content\/uploads\/2022\/07\/Avatud-Talude-Paev-2.jpg\" class=\"img-responsive wp-image-6527\" srcset=\"https:\/\/mesi24.ee\/wp-content\/uploads\/2022\/07\/Avatud-Talude-Paev-2-200x150.jpg 200w, https:\/\/mesi24.ee\/wp-content\/uploads\/2022\/07\/Avatud-Talude-Paev-2-400x301.jpg 400w, https:\/\/mesi24.ee\/wp-content\/uploads\/2022\/07\/Avatud-Talude-Paev-2.jpg 600w\" sizes=\"(max-width: 800px) 100vw, 600px\" \/><\/span><\/div><div class=\"fusion-clearfix\"><\/div><\/div><\/div><\/div><\/div>\n","protected":false},"excerpt":{"rendered":"","protected":false},"author":2,"featured_media":0,"parent":0,"menu_order":0,"comment_status":"closed","ping_status":"closed","template":"","meta":{"footnotes":""},"class_list":["post-7336","page","type-page","status-publish","hentry"],"yoast_head":"<!-- This site is optimized with the Yoast SEO plugin v27.2 - https:\/\/yoast.com\/product\/yoast-seo-wordpress\/ -->\n<title>AVATUD TALUDE P\u00c4EV - Mesi24<\/title>\n<meta name=\"description\" content=\"Avatud Talude P\u00e4eval avame meie pereettev\u00f5tte Artocarpus O\u00dc\/Mesi24.ee Meemaja k\u00f5ikidele huvilistele. Saab maitsta ja kaasa osta meie mesimummudega koost\u00f6\u00f6s valminud toodangut kui ka n\u00e4ha t\u00e4nap\u00e4eva mesinduses kasutatavaid seadmeid.\" \/>\n<meta name=\"robots\" content=\"index, follow, max-snippet:-1, max-image-preview:large, max-video-preview:-1\" \/>\n<link rel=\"canonical\" href=\"https:\/\/mesi24.ee\/ru\/avatud-talude-paev\/\" \/>\n<meta property=\"og:locale\" content=\"ru_RU\" \/>\n<meta property=\"og:type\" content=\"article\" \/>\n<meta property=\"og:title\" content=\"AVATUD TALUDE P\u00c4EV - Mesi24\" \/>\n<meta property=\"og:description\" content=\"Avatud Talude P\u00e4eval avame meie pereettev\u00f5tte Artocarpus O\u00dc\/Mesi24.ee Meemaja k\u00f5ikidele huvilistele. Saab maitsta ja kaasa osta meie mesimummudega koost\u00f6\u00f6s valminud toodangut kui ka n\u00e4ha t\u00e4nap\u00e4eva mesinduses kasutatavaid seadmeid.\" \/>\n<meta property=\"og:url\" content=\"https:\/\/mesi24.ee\/ru\/avatud-talude-paev\/\" \/>\n<meta property=\"og:site_name\" content=\"Mesi24\" \/>\n<meta property=\"article:publisher\" content=\"https:\/\/www.facebook.com\/mesi24.ee\" \/>\n<meta property=\"article:modified_time\" content=\"2025-05-26T04:42:02+00:00\" \/>\n<meta name=\"twitter:card\" content=\"summary_large_image\" \/>\n<meta name=\"twitter:label1\" content=\"\u041f\u0440\u0438\u043c\u0435\u0440\u043d\u043e\u0435 \u0432\u0440\u0435\u043c\u044f \u0434\u043b\u044f \u0447\u0442\u0435\u043d\u0438\u044f\" \/>\n\t<meta name=\"twitter:data1\" content=\"2 \u043c\u0438\u043d\u0443\u0442\u044b\" \/>\n<script type=\"application\/ld+json\" class=\"yoast-schema-graph\">{\"@context\":\"https:\/\/schema.org\",\"@graph\":[{\"@type\":\"WebPage\",\"@id\":\"https:\/\/mesi24.ee\/ru\/avatud-talude-paev\/\",\"url\":\"https:\/\/mesi24.ee\/ru\/avatud-talude-paev\/\",\"name\":\"AVATUD TALUDE P\u00c4EV - Mesi24\",\"isPartOf\":{\"@id\":\"https:\/\/mesi24.ee\/#website\"},\"datePublished\":\"2019-07-17T05:53:35+00:00\",\"dateModified\":\"2025-05-26T04:42:02+00:00\",\"description\":\"Avatud Talude P\u00e4eval avame meie pereettev\u00f5tte Artocarpus O\u00dc\/Mesi24.ee Meemaja k\u00f5ikidele huvilistele. Saab maitsta ja kaasa osta meie mesimummudega koost\u00f6\u00f6s valminud toodangut kui ka n\u00e4ha t\u00e4nap\u00e4eva mesinduses kasutatavaid seadmeid.\",\"breadcrumb\":{\"@id\":\"https:\/\/mesi24.ee\/ru\/avatud-talude-paev\/#breadcrumb\"},\"inLanguage\":\"ru-RU\",\"potentialAction\":[{\"@type\":\"ReadAction\",\"target\":[\"https:\/\/mesi24.ee\/ru\/avatud-talude-paev\/\"]}]},{\"@type\":\"BreadcrumbList\",\"@id\":\"https:\/\/mesi24.ee\/ru\/avatud-talude-paev\/#breadcrumb\",\"itemListElement\":[{\"@type\":\"ListItem\",\"position\":1,\"name\":\"Home\",\"item\":\"https:\/\/mesi24.ee\/ru\/\"},{\"@type\":\"ListItem\",\"position\":2,\"name\":\"AVATUD TALUDE P\u00c4EV\"}]},{\"@type\":\"WebSite\",\"@id\":\"https:\/\/mesi24.ee\/#website\",\"url\":\"https:\/\/mesi24.ee\/\",\"name\":\"Mesi24\",\"description\":\"Mesi, meesegud, meetuubid\",\"publisher\":{\"@id\":\"https:\/\/mesi24.ee\/#organization\"},\"potentialAction\":[{\"@type\":\"SearchAction\",\"target\":{\"@type\":\"EntryPoint\",\"urlTemplate\":\"https:\/\/mesi24.ee\/?s={search_term_string}\"},\"query-input\":{\"@type\":\"PropertyValueSpecification\",\"valueRequired\":true,\"valueName\":\"search_term_string\"}}],\"inLanguage\":\"ru-RU\"},{\"@type\":\"Organization\",\"@id\":\"https:\/\/mesi24.ee\/#organization\",\"name\":\"O\u00dc Artocarpus\",\"url\":\"https:\/\/mesi24.ee\/\",\"logo\":{\"@type\":\"ImageObject\",\"inLanguage\":\"ru-RU\",\"@id\":\"https:\/\/mesi24.ee\/#\/schema\/logo\/image\/\",\"url\":\"https:\/\/mesi24.ee\/wp-content\/uploads\/2020\/11\/Mesi24.ee-logo.jpg\",\"contentUrl\":\"https:\/\/mesi24.ee\/wp-content\/uploads\/2020\/11\/Mesi24.ee-logo.jpg\",\"width\":250,\"height\":106,\"caption\":\"O\u00dc Artocarpus\"},\"image\":{\"@id\":\"https:\/\/mesi24.ee\/#\/schema\/logo\/image\/\"},\"sameAs\":[\"https:\/\/www.facebook.com\/mesi24.ee\"]}]}<\/script>\n<!-- \/ Yoast SEO plugin. -->","yoast_head_json":{"title":"AVATUD TALUDE P\u00c4EV - Mesi24","description":"Avatud Talude P\u00e4eval avame meie pereettev\u00f5tte Artocarpus O\u00dc\/Mesi24.ee Meemaja k\u00f5ikidele huvilistele. Saab maitsta ja kaasa osta meie mesimummudega koost\u00f6\u00f6s valminud toodangut kui ka n\u00e4ha t\u00e4nap\u00e4eva mesinduses kasutatavaid seadmeid.","robots":{"index":"index","follow":"follow","max-snippet":"max-snippet:-1","max-image-preview":"max-image-preview:large","max-video-preview":"max-video-preview:-1"},"canonical":"https:\/\/mesi24.ee\/ru\/avatud-talude-paev\/","og_locale":"ru_RU","og_type":"article","og_title":"AVATUD TALUDE P\u00c4EV - Mesi24","og_description":"Avatud Talude P\u00e4eval avame meie pereettev\u00f5tte Artocarpus O\u00dc\/Mesi24.ee Meemaja k\u00f5ikidele huvilistele. Saab maitsta ja kaasa osta meie mesimummudega koost\u00f6\u00f6s valminud toodangut kui ka n\u00e4ha t\u00e4nap\u00e4eva mesinduses kasutatavaid seadmeid.","og_url":"https:\/\/mesi24.ee\/ru\/avatud-talude-paev\/","og_site_name":"Mesi24","article_publisher":"https:\/\/www.facebook.com\/mesi24.ee","article_modified_time":"2025-05-26T04:42:02+00:00","twitter_card":"summary_large_image","twitter_misc":{"\u041f\u0440\u0438\u043c\u0435\u0440\u043d\u043e\u0435 \u0432\u0440\u0435\u043c\u044f \u0434\u043b\u044f \u0447\u0442\u0435\u043d\u0438\u044f":"2 \u043c\u0438\u043d\u0443\u0442\u044b"},"schema":{"@context":"https:\/\/schema.org","@graph":[{"@type":"WebPage","@id":"https:\/\/mesi24.ee\/ru\/avatud-talude-paev\/","url":"https:\/\/mesi24.ee\/ru\/avatud-talude-paev\/","name":"AVATUD TALUDE P\u00c4EV - Mesi24","isPartOf":{"@id":"https:\/\/mesi24.ee\/#website"},"datePublished":"2019-07-17T05:53:35+00:00","dateModified":"2025-05-26T04:42:02+00:00","description":"Avatud Talude P\u00e4eval avame meie pereettev\u00f5tte Artocarpus O\u00dc\/Mesi24.ee Meemaja k\u00f5ikidele huvilistele. Saab maitsta ja kaasa osta meie mesimummudega koost\u00f6\u00f6s valminud toodangut kui ka n\u00e4ha t\u00e4nap\u00e4eva mesinduses kasutatavaid seadmeid.","breadcrumb":{"@id":"https:\/\/mesi24.ee\/ru\/avatud-talude-paev\/#breadcrumb"},"inLanguage":"ru-RU","potentialAction":[{"@type":"ReadAction","target":["https:\/\/mesi24.ee\/ru\/avatud-talude-paev\/"]}]},{"@type":"BreadcrumbList","@id":"https:\/\/mesi24.ee\/ru\/avatud-talude-paev\/#breadcrumb","itemListElement":[{"@type":"ListItem","position":1,"name":"Home","item":"https:\/\/mesi24.ee\/ru\/"},{"@type":"ListItem","position":2,"name":"AVATUD TALUDE P\u00c4EV"}]},{"@type":"WebSite","@id":"https:\/\/mesi24.ee\/#website","url":"https:\/\/mesi24.ee\/","name":"Mesi24","description":"Mesi, meesegud, meetuubid","publisher":{"@id":"https:\/\/mesi24.ee\/#organization"},"potentialAction":[{"@type":"SearchAction","target":{"@type":"EntryPoint","urlTemplate":"https:\/\/mesi24.ee\/?s={search_term_string}"},"query-input":{"@type":"PropertyValueSpecification","valueRequired":true,"valueName":"search_term_string"}}],"inLanguage":"ru-RU"},{"@type":"Organization","@id":"https:\/\/mesi24.ee\/#organization","name":"O\u00dc Artocarpus","url":"https:\/\/mesi24.ee\/","logo":{"@type":"ImageObject","inLanguage":"ru-RU","@id":"https:\/\/mesi24.ee\/#\/schema\/logo\/image\/","url":"https:\/\/mesi24.ee\/wp-content\/uploads\/2020\/11\/Mesi24.ee-logo.jpg","contentUrl":"https:\/\/mesi24.ee\/wp-content\/uploads\/2020\/11\/Mesi24.ee-logo.jpg","width":250,"height":106,"caption":"O\u00dc Artocarpus"},"image":{"@id":"https:\/\/mesi24.ee\/#\/schema\/logo\/image\/"},"sameAs":["https:\/\/www.facebook.com\/mesi24.ee"]}]}},"_links":{"self":[{"href":"https:\/\/mesi24.ee\/ru\/wp-json\/wp\/v2\/pages\/7336","targetHints":{"allow":["GET"]}}],"collection":[{"href":"https:\/\/mesi24.ee\/ru\/wp-json\/wp\/v2\/pages"}],"about":[{"href":"https:\/\/mesi24.ee\/ru\/wp-json\/wp\/v2\/types\/page"}],"author":[{"embeddable":true,"href":"https:\/\/mesi24.ee\/ru\/wp-json\/wp\/v2\/users\/2"}],"replies":[{"embeddable":true,"href":"https:\/\/mesi24.ee\/ru\/wp-json\/wp\/v2\/comments?post=7336"}],"version-history":[{"count":5,"href":"https:\/\/mesi24.ee\/ru\/wp-json\/wp\/v2\/pages\/7336\/revisions"}],"predecessor-version":[{"id":8597,"href":"https:\/\/mesi24.ee\/ru\/wp-json\/wp\/v2\/pages\/7336\/revisions\/8597"}],"wp:attachment":[{"href":"https:\/\/mesi24.ee\/ru\/wp-json\/wp\/v2\/media?parent=7336"}],"curies":[{"name":"wp","href":"https:\/\/api.w.org\/{rel}","templated":true}]}}