{"id":5945,"date":"2019-06-11T20:02:54","date_gmt":"2019-06-11T20:02:54","guid":{"rendered":"https:\/\/mesi24.ee\/?post_type=product&#038;p=5945"},"modified":"2025-10-28T12:36:16","modified_gmt":"2025-10-28T12:36:16","slug":"kukkaishunaja-1400g","status":"publish","type":"product","link":"https:\/\/mesi24.ee\/fi\/toode\/kukkaishunaja-1400g\/","title":{"rendered":"Kukkaishunaja 1400g"},"content":{"rendered":"<h1>Kukkaishunaja<\/h1>\n<p>Kukkaishunaja eli tavallinen hunaja on eri kukista ker\u00e4tty\u00e4 nektaria, jonka mehil\u00e4iset k\u00e4sittelev\u00e4t hunajaksi. Hunaja on luonnon ihme, joka v\u00e4litt\u00e4\u00e4 kaikkien niiden kasvien ominaisuudet eteenp\u00e4in, joista nektari ker\u00e4ttiin. Virossa ei ole suuria lehmuslehtoja, jotta voitaisiin puhua puhtaasta lehmuksenkukkahunajasta. Lis\u00e4ksi lehmuksesta saadaan hunajaa harvoin, ainoastaan l\u00e4mpimin\u00e4 kev\u00e4in\u00e4 lehmus saattaa antaa nektaria ja sit\u00e4kin mehil\u00e4iset voivat ker\u00e4t\u00e4 vain hetken (kukinta-aika on 4\u20136 p\u00e4iv\u00e4\u00e4).<br \/>\nT\u00e4sm\u00e4lleen samoin ei voi olla my\u00f6sk\u00e4\u00e4n 100 % puhdasta vadelma-, voikukka-, paatsama- jne. hunajaa. Ainoastaan rapsihunaja voi siis olla 90\u2013100 %, jos aivan mehil\u00e4istarhan ymp\u00e4rill\u00e4 on pelk\u00e4st\u00e4\u00e4n rapsipeltoja. Kaikentyyppinen hunaja on terveellist\u00e4. Mehil\u00e4iset lis\u00e4\u00e4v\u00e4t nektarin k\u00e4sittelyn aikana leukarauhasistaan eritett\u00e4\/entsyymej\u00e4 ja lis\u00e4\u00e4v\u00e4t siten hunajan arvoa entisest\u00e4\u00e4n. Vuodesta riippuen t\u00e4sm\u00e4lleen samasta paikasta ker\u00e4tty hunaja voi v\u00e4lill\u00e4 olla vaaleampaa ja v\u00e4lill\u00e4 tummempaa. Se riippuu hunajan sis\u00e4lt\u00e4m\u00e4st\u00e4 kukkaisglukoosista. Esimerkiksi vuonna 2003 ker\u00e4tty hunaja oli eritt\u00e4in glukoosipitoista ja hyvin vaaleaa hunajaa. Hunajan v\u00e4ri riippuu paljon my\u00f6s kasveista, joista hunaja ker\u00e4ttiin.<br \/>\nT\u00e4ysin valkoista hunajaa antavat esimerkiksi ohdake, rapsi ja monet niityill\u00e4 kasvavat l\u00e4\u00e4kekasvit.<br \/>\nKertoisimme mielell\u00e4mme lis\u00e4\u00e4 hunajasta, mutta Viron elintarvikelain 38 \u00a7 perustuen myyj\u00e4n (Mesi24.ee) esitt\u00e4m\u00e4n ruokaa koskevan tiedon on oltava totuudenmukaista, vastattava lains\u00e4\u00e4d\u00e4nn\u00f6ss\u00e4 s\u00e4\u00e4dettyj\u00e4 vaatimuksia eik\u00e4 se saa olla kuluttajaa harhaanjohtavaa, joten mek\u00e4\u00e4n emme voi esitt\u00e4\u00e4 kansanl\u00e4\u00e4ketieteess\u00e4 pitk\u00e4\u00e4n tunnettua tietoa mainitusta tuotteesta. Siksi suosittelemme kaikkia kiinnostuneita etsim\u00e4\u00e4n lis\u00e4tietoa Googlen v\u00e4lityksell\u00e4 \ud83d\ude09<\/p>\n","protected":false},"excerpt":{"rendered":"<p>Kukkaishunaja eli tavallinen hunaja on eri kukista ker\u00e4tty\u00e4 nektaria, jonka mehil\u00e4iset k\u00e4sittelev\u00e4t hunajaksi. Hunaja on luonnon ihme, joka v\u00e4litt\u00e4\u00e4 kaikkien niiden kasvien ominaisuudet eteenp\u00e4in, joista nektari ker\u00e4ttiin.<\/p>\n<p>Muovipurkki &#8211; 1400g<\/p>\n<p>Kuvituskuva<\/p>\n","protected":false},"featured_media":4284,"template":"","meta":[],"product_brand":[],"product_cat":[69],"product_tag":[],"class_list":{"0":"post-5945","1":"product","2":"type-product","3":"status-publish","4":"has-post-thumbnail","6":"product_cat-maustamaton-hunaja","8":"first","9":"instock","10":"shipping-taxable","11":"purchasable","12":"product-type-simple"},"yoast_head":"<!-- This site is optimized with the Yoast SEO plugin v27.2 - https:\/\/yoast.com\/product\/yoast-seo-wordpress\/ -->\n<title>Kukkaishunaja 1400g - Mesi24<\/title>\n<meta name=\"description\" content=\"Kukkaishunaja eli tavallinen hunaja on eri kukista ker\u00e4tty\u00e4 nektaria, jonka mehil\u00e4iset k\u00e4sittelev\u00e4t hunajaksi. Hunaja on luonnon ihme, joka v\u00e4litt\u00e4\u00e4 kaikkien niiden kasvien ominaisuudet eteenp\u00e4in, joista nektari ker\u00e4ttiin.\" \/>\n<meta name=\"robots\" content=\"index, follow, max-snippet:-1, max-image-preview:large, max-video-preview:-1\" \/>\n<link rel=\"canonical\" href=\"https:\/\/mesi24.ee\/fi\/toode\/kukkaishunaja-1400g\/\" \/>\n<meta property=\"og:locale\" content=\"fi_FI\" \/>\n<meta property=\"og:type\" content=\"article\" \/>\n<meta property=\"og:title\" content=\"Kukkaishunaja 1400g - Mesi24\" \/>\n<meta property=\"og:description\" content=\"Kukkaishunaja eli tavallinen hunaja on eri kukista ker\u00e4tty\u00e4 nektaria, jonka mehil\u00e4iset k\u00e4sittelev\u00e4t hunajaksi. Hunaja on luonnon ihme, joka v\u00e4litt\u00e4\u00e4 kaikkien niiden kasvien ominaisuudet eteenp\u00e4in, joista nektari ker\u00e4ttiin.\" \/>\n<meta property=\"og:url\" content=\"https:\/\/mesi24.ee\/fi\/toode\/kukkaishunaja-1400g\/\" \/>\n<meta property=\"og:site_name\" content=\"Mesi24\" \/>\n<meta property=\"article:publisher\" content=\"https:\/\/www.facebook.com\/mesi24.ee\" \/>\n<meta property=\"article:modified_time\" content=\"2025-10-28T12:36:16+00:00\" \/>\n<meta property=\"og:image\" content=\"https:\/\/mesi24.ee\/wp-content\/uploads\/2019\/06\/Oiemesi-1400g-1.jpg\" \/>\n\t<meta property=\"og:image:width\" content=\"600\" \/>\n\t<meta property=\"og:image:height\" content=\"600\" \/>\n\t<meta property=\"og:image:type\" content=\"image\/jpeg\" \/>\n<meta name=\"twitter:card\" content=\"summary_large_image\" \/>\n<meta name=\"twitter:label1\" content=\"Arvioitu lukuaika\" \/>\n\t<meta name=\"twitter:data1\" content=\"2 minuuttia\" \/>\n<script type=\"application\/ld+json\" class=\"yoast-schema-graph\">{\"@context\":\"https:\/\/schema.org\",\"@graph\":[{\"@type\":\"WebPage\",\"@id\":\"https:\/\/mesi24.ee\/fi\/toode\/kukkaishunaja-1400g\/\",\"url\":\"https:\/\/mesi24.ee\/fi\/toode\/kukkaishunaja-1400g\/\",\"name\":\"Kukkaishunaja 1400g - Mesi24\",\"isPartOf\":{\"@id\":\"https:\/\/mesi24.ee\/#website\"},\"primaryImageOfPage\":{\"@id\":\"https:\/\/mesi24.ee\/fi\/toode\/kukkaishunaja-1400g\/#primaryimage\"},\"image\":{\"@id\":\"https:\/\/mesi24.ee\/fi\/toode\/kukkaishunaja-1400g\/#primaryimage\"},\"thumbnailUrl\":\"https:\/\/mesi24.ee\/wp-content\/uploads\/2019\/06\/Oiemesi-1400g-1.jpg\",\"datePublished\":\"2019-06-11T20:02:54+00:00\",\"dateModified\":\"2025-10-28T12:36:16+00:00\",\"description\":\"Kukkaishunaja eli tavallinen hunaja on eri kukista ker\u00e4tty\u00e4 nektaria, jonka mehil\u00e4iset k\u00e4sittelev\u00e4t hunajaksi. Hunaja on luonnon ihme, joka v\u00e4litt\u00e4\u00e4 kaikkien niiden kasvien ominaisuudet eteenp\u00e4in, joista nektari ker\u00e4ttiin.\",\"breadcrumb\":{\"@id\":\"https:\/\/mesi24.ee\/fi\/toode\/kukkaishunaja-1400g\/#breadcrumb\"},\"inLanguage\":\"fi\",\"potentialAction\":[{\"@type\":\"ReadAction\",\"target\":[\"https:\/\/mesi24.ee\/fi\/toode\/kukkaishunaja-1400g\/\"]}]},{\"@type\":\"ImageObject\",\"inLanguage\":\"fi\",\"@id\":\"https:\/\/mesi24.ee\/fi\/toode\/kukkaishunaja-1400g\/#primaryimage\",\"url\":\"https:\/\/mesi24.ee\/wp-content\/uploads\/2019\/06\/Oiemesi-1400g-1.jpg\",\"contentUrl\":\"https:\/\/mesi24.ee\/wp-content\/uploads\/2019\/06\/Oiemesi-1400g-1.jpg\",\"width\":600,\"height\":600},{\"@type\":\"BreadcrumbList\",\"@id\":\"https:\/\/mesi24.ee\/fi\/toode\/kukkaishunaja-1400g\/#breadcrumb\",\"itemListElement\":[{\"@type\":\"ListItem\",\"position\":1,\"name\":\"Home\",\"item\":\"https:\/\/mesi24.ee\/fi\/\"},{\"@type\":\"ListItem\",\"position\":2,\"name\":\"Pood\",\"item\":\"https:\/\/mesi24.ee\/fi\/pood\/\"},{\"@type\":\"ListItem\",\"position\":3,\"name\":\"Kukkaishunaja 1400g\"}]},{\"@type\":\"WebSite\",\"@id\":\"https:\/\/mesi24.ee\/#website\",\"url\":\"https:\/\/mesi24.ee\/\",\"name\":\"Mesi24\",\"description\":\"Mesi, meesegud, meetuubid\",\"publisher\":{\"@id\":\"https:\/\/mesi24.ee\/#organization\"},\"potentialAction\":[{\"@type\":\"SearchAction\",\"target\":{\"@type\":\"EntryPoint\",\"urlTemplate\":\"https:\/\/mesi24.ee\/?s={search_term_string}\"},\"query-input\":{\"@type\":\"PropertyValueSpecification\",\"valueRequired\":true,\"valueName\":\"search_term_string\"}}],\"inLanguage\":\"fi\"},{\"@type\":\"Organization\",\"@id\":\"https:\/\/mesi24.ee\/#organization\",\"name\":\"O\u00dc Artocarpus\",\"url\":\"https:\/\/mesi24.ee\/\",\"logo\":{\"@type\":\"ImageObject\",\"inLanguage\":\"fi\",\"@id\":\"https:\/\/mesi24.ee\/#\/schema\/logo\/image\/\",\"url\":\"https:\/\/mesi24.ee\/wp-content\/uploads\/2020\/11\/Mesi24.ee-logo.jpg\",\"contentUrl\":\"https:\/\/mesi24.ee\/wp-content\/uploads\/2020\/11\/Mesi24.ee-logo.jpg\",\"width\":250,\"height\":106,\"caption\":\"O\u00dc Artocarpus\"},\"image\":{\"@id\":\"https:\/\/mesi24.ee\/#\/schema\/logo\/image\/\"},\"sameAs\":[\"https:\/\/www.facebook.com\/mesi24.ee\"]}]}<\/script>\n<!-- \/ Yoast SEO plugin. -->","yoast_head_json":{"title":"Kukkaishunaja 1400g - Mesi24","description":"Kukkaishunaja eli tavallinen hunaja on eri kukista ker\u00e4tty\u00e4 nektaria, jonka mehil\u00e4iset k\u00e4sittelev\u00e4t hunajaksi. Hunaja on luonnon ihme, joka v\u00e4litt\u00e4\u00e4 kaikkien niiden kasvien ominaisuudet eteenp\u00e4in, joista nektari ker\u00e4ttiin.","robots":{"index":"index","follow":"follow","max-snippet":"max-snippet:-1","max-image-preview":"max-image-preview:large","max-video-preview":"max-video-preview:-1"},"canonical":"https:\/\/mesi24.ee\/fi\/toode\/kukkaishunaja-1400g\/","og_locale":"fi_FI","og_type":"article","og_title":"Kukkaishunaja 1400g - Mesi24","og_description":"Kukkaishunaja eli tavallinen hunaja on eri kukista ker\u00e4tty\u00e4 nektaria, jonka mehil\u00e4iset k\u00e4sittelev\u00e4t hunajaksi. Hunaja on luonnon ihme, joka v\u00e4litt\u00e4\u00e4 kaikkien niiden kasvien ominaisuudet eteenp\u00e4in, joista nektari ker\u00e4ttiin.","og_url":"https:\/\/mesi24.ee\/fi\/toode\/kukkaishunaja-1400g\/","og_site_name":"Mesi24","article_publisher":"https:\/\/www.facebook.com\/mesi24.ee","article_modified_time":"2025-10-28T12:36:16+00:00","og_image":[{"width":600,"height":600,"url":"https:\/\/mesi24.ee\/wp-content\/uploads\/2019\/06\/Oiemesi-1400g-1.jpg","type":"image\/jpeg"}],"twitter_card":"summary_large_image","twitter_misc":{"Arvioitu lukuaika":"2 minuuttia"},"schema":{"@context":"https:\/\/schema.org","@graph":[{"@type":"WebPage","@id":"https:\/\/mesi24.ee\/fi\/toode\/kukkaishunaja-1400g\/","url":"https:\/\/mesi24.ee\/fi\/toode\/kukkaishunaja-1400g\/","name":"Kukkaishunaja 1400g - Mesi24","isPartOf":{"@id":"https:\/\/mesi24.ee\/#website"},"primaryImageOfPage":{"@id":"https:\/\/mesi24.ee\/fi\/toode\/kukkaishunaja-1400g\/#primaryimage"},"image":{"@id":"https:\/\/mesi24.ee\/fi\/toode\/kukkaishunaja-1400g\/#primaryimage"},"thumbnailUrl":"https:\/\/mesi24.ee\/wp-content\/uploads\/2019\/06\/Oiemesi-1400g-1.jpg","datePublished":"2019-06-11T20:02:54+00:00","dateModified":"2025-10-28T12:36:16+00:00","description":"Kukkaishunaja eli tavallinen hunaja on eri kukista ker\u00e4tty\u00e4 nektaria, jonka mehil\u00e4iset k\u00e4sittelev\u00e4t hunajaksi. Hunaja on luonnon ihme, joka v\u00e4litt\u00e4\u00e4 kaikkien niiden kasvien ominaisuudet eteenp\u00e4in, joista nektari ker\u00e4ttiin.","breadcrumb":{"@id":"https:\/\/mesi24.ee\/fi\/toode\/kukkaishunaja-1400g\/#breadcrumb"},"inLanguage":"fi","potentialAction":[{"@type":"ReadAction","target":["https:\/\/mesi24.ee\/fi\/toode\/kukkaishunaja-1400g\/"]}]},{"@type":"ImageObject","inLanguage":"fi","@id":"https:\/\/mesi24.ee\/fi\/toode\/kukkaishunaja-1400g\/#primaryimage","url":"https:\/\/mesi24.ee\/wp-content\/uploads\/2019\/06\/Oiemesi-1400g-1.jpg","contentUrl":"https:\/\/mesi24.ee\/wp-content\/uploads\/2019\/06\/Oiemesi-1400g-1.jpg","width":600,"height":600},{"@type":"BreadcrumbList","@id":"https:\/\/mesi24.ee\/fi\/toode\/kukkaishunaja-1400g\/#breadcrumb","itemListElement":[{"@type":"ListItem","position":1,"name":"Home","item":"https:\/\/mesi24.ee\/fi\/"},{"@type":"ListItem","position":2,"name":"Pood","item":"https:\/\/mesi24.ee\/fi\/pood\/"},{"@type":"ListItem","position":3,"name":"Kukkaishunaja 1400g"}]},{"@type":"WebSite","@id":"https:\/\/mesi24.ee\/#website","url":"https:\/\/mesi24.ee\/","name":"Mesi24","description":"Mesi, meesegud, meetuubid","publisher":{"@id":"https:\/\/mesi24.ee\/#organization"},"potentialAction":[{"@type":"SearchAction","target":{"@type":"EntryPoint","urlTemplate":"https:\/\/mesi24.ee\/?s={search_term_string}"},"query-input":{"@type":"PropertyValueSpecification","valueRequired":true,"valueName":"search_term_string"}}],"inLanguage":"fi"},{"@type":"Organization","@id":"https:\/\/mesi24.ee\/#organization","name":"O\u00dc Artocarpus","url":"https:\/\/mesi24.ee\/","logo":{"@type":"ImageObject","inLanguage":"fi","@id":"https:\/\/mesi24.ee\/#\/schema\/logo\/image\/","url":"https:\/\/mesi24.ee\/wp-content\/uploads\/2020\/11\/Mesi24.ee-logo.jpg","contentUrl":"https:\/\/mesi24.ee\/wp-content\/uploads\/2020\/11\/Mesi24.ee-logo.jpg","width":250,"height":106,"caption":"O\u00dc Artocarpus"},"image":{"@id":"https:\/\/mesi24.ee\/#\/schema\/logo\/image\/"},"sameAs":["https:\/\/www.facebook.com\/mesi24.ee"]}]}},"_links":{"self":[{"href":"https:\/\/mesi24.ee\/fi\/wp-json\/wp\/v2\/product\/5945","targetHints":{"allow":["GET"]}}],"collection":[{"href":"https:\/\/mesi24.ee\/fi\/wp-json\/wp\/v2\/product"}],"about":[{"href":"https:\/\/mesi24.ee\/fi\/wp-json\/wp\/v2\/types\/product"}],"wp:featuredmedia":[{"embeddable":true,"href":"https:\/\/mesi24.ee\/fi\/wp-json\/wp\/v2\/media\/4284"}],"wp:attachment":[{"href":"https:\/\/mesi24.ee\/fi\/wp-json\/wp\/v2\/media?parent=5945"}],"wp:term":[{"taxonomy":"product_brand","embeddable":true,"href":"https:\/\/mesi24.ee\/fi\/wp-json\/wp\/v2\/product_brand?post=5945"},{"taxonomy":"product_cat","embeddable":true,"href":"https:\/\/mesi24.ee\/fi\/wp-json\/wp\/v2\/product_cat?post=5945"},{"taxonomy":"product_tag","embeddable":true,"href":"https:\/\/mesi24.ee\/fi\/wp-json\/wp\/v2\/product_tag?post=5945"}],"curies":[{"name":"wp","href":"https:\/\/api.w.org\/{rel}","templated":true}]}}