{"id":5942,"date":"2019-06-11T18:48:37","date_gmt":"2019-06-11T18:48:37","guid":{"rendered":"https:\/\/mesi24.ee\/?post_type=product&#038;p=5942"},"modified":"2022-02-10T14:51:53","modified_gmt":"2022-02-10T14:51:53","slug":"kermainen-hunaja-340g","status":"publish","type":"product","link":"https:\/\/mesi24.ee\/fi\/toode\/kermainen-hunaja-340g\/","title":{"rendered":"Kermainen hunaja 340g"},"content":{"rendered":"<h1>Kermainen hunaja<\/h1>\n<p>Kermainen hunaja on todellisuudessa t\u00e4ysin tavallista kukkaishunajaa, joka on saatu sekoittamalla hunajaa mekaanisesti. Hyv\u00e4n kermaisen hunajan valmistukseen tarvitaan hienokiteist\u00e4 kukkaishunajaa, joka laitetaan puoliksi kiteytyneen\u00e4 erityiseen sekoittimeen ja hunajakiteiden koosta riippuen sekoitetaan 4\u20137 p\u00e4iv\u00e4n ajan p\u00e4ivitt\u00e4in 1,5\u20132 tuntia. Kermainen hunaja sopii hyvin k\u00e4ytett\u00e4v\u00e4ksi teen\/kahvin sekaan tai kakun p\u00e4\u00e4lle. Se sopii erinomaisesti my\u00f6s hunajahierontaan. S\u00e4ilyt\u00e4 viile\u00e4ss\u00e4 paikassa!<\/p>\n<p>&nbsp;<\/p>\n","protected":false},"excerpt":{"rendered":"<p>Kermainen hunaja on todellisuudessa t\u00e4ysin tavallista kukkaishunajaa, joka on saatu sekoittamalla hunajaa mekaanisesti. Hyv\u00e4n kermaisen hunajan valmistukseen tarvitaan hienokiteist\u00e4 kukkaishunajaa, joka laitetaan puoliksi kiteytyneen\u00e4 erityiseen sekoittimeen ja hunajakiteiden koosta riippuen sekoitetaan 4\u20137 p\u00e4iv\u00e4n ajan p\u00e4ivitt\u00e4in 1,5\u20132 tuntia. Kermainen hunaja sopii hyvin k\u00e4ytett\u00e4v\u00e4ksi teen\/kahvin sekaan tai kakun p\u00e4\u00e4lle. Se sopii erinomaisesti my\u00f6s hunajahierontaan. S\u00e4ilyt\u00e4 viile\u00e4ss\u00e4 paikassa!<\/p>\n<p>Tuubi \u2013 340g<\/p>\n<p>Kuvituskuva<\/p>\n","protected":false},"featured_media":4312,"template":"","meta":[],"product_brand":[],"product_cat":[71,69],"product_tag":[],"class_list":{"0":"post-5942","1":"product","2":"type-product","3":"status-publish","4":"has-post-thumbnail","6":"product_cat-hunaja-tuubi","7":"product_cat-maustamaton-hunaja","9":"first","10":"instock","11":"shipping-taxable","12":"purchasable","13":"product-type-simple"},"yoast_head":"<!-- This site is optimized with the Yoast SEO plugin v27.2 - https:\/\/yoast.com\/product\/yoast-seo-wordpress\/ -->\n<title>Kermainen hunaja 340g - Mesi24<\/title>\n<meta name=\"description\" content=\"Kermainen hunaja on todellisuudessa t\u00e4ysin tavallista kukkaishunajaa, joka on saatu sekoittamalla hunajaa mekaanisesti.\" \/>\n<meta name=\"robots\" content=\"index, follow, max-snippet:-1, max-image-preview:large, max-video-preview:-1\" \/>\n<link rel=\"canonical\" href=\"https:\/\/mesi24.ee\/fi\/toode\/kermainen-hunaja-340g\/\" \/>\n<meta property=\"og:locale\" content=\"fi_FI\" \/>\n<meta property=\"og:type\" content=\"article\" \/>\n<meta property=\"og:title\" content=\"Kermainen hunaja 340g - Mesi24\" \/>\n<meta property=\"og:description\" content=\"Kermainen hunaja on todellisuudessa t\u00e4ysin tavallista kukkaishunajaa, joka on saatu sekoittamalla hunajaa mekaanisesti.\" \/>\n<meta property=\"og:url\" content=\"https:\/\/mesi24.ee\/fi\/toode\/kermainen-hunaja-340g\/\" \/>\n<meta property=\"og:site_name\" content=\"Mesi24\" \/>\n<meta property=\"article:publisher\" content=\"https:\/\/www.facebook.com\/mesi24.ee\" \/>\n<meta property=\"article:modified_time\" content=\"2022-02-10T14:51:53+00:00\" \/>\n<meta property=\"og:image\" content=\"https:\/\/mesi24.ee\/wp-content\/uploads\/2019\/06\/Kreemjas-mesi-340g-2.jpg\" \/>\n\t<meta property=\"og:image:width\" content=\"600\" \/>\n\t<meta property=\"og:image:height\" content=\"600\" \/>\n\t<meta property=\"og:image:type\" content=\"image\/jpeg\" \/>\n<meta name=\"twitter:card\" content=\"summary_large_image\" \/>\n<meta name=\"twitter:label1\" content=\"Arvioitu lukuaika\" \/>\n\t<meta name=\"twitter:data1\" content=\"1 minuutti\" \/>\n<script type=\"application\/ld+json\" class=\"yoast-schema-graph\">{\"@context\":\"https:\/\/schema.org\",\"@graph\":[{\"@type\":\"WebPage\",\"@id\":\"https:\/\/mesi24.ee\/fi\/toode\/kermainen-hunaja-340g\/\",\"url\":\"https:\/\/mesi24.ee\/fi\/toode\/kermainen-hunaja-340g\/\",\"name\":\"Kermainen hunaja 340g - Mesi24\",\"isPartOf\":{\"@id\":\"https:\/\/mesi24.ee\/#website\"},\"primaryImageOfPage\":{\"@id\":\"https:\/\/mesi24.ee\/fi\/toode\/kermainen-hunaja-340g\/#primaryimage\"},\"image\":{\"@id\":\"https:\/\/mesi24.ee\/fi\/toode\/kermainen-hunaja-340g\/#primaryimage\"},\"thumbnailUrl\":\"https:\/\/mesi24.ee\/wp-content\/uploads\/2019\/06\/Kreemjas-mesi-340g-2.jpg\",\"datePublished\":\"2019-06-11T18:48:37+00:00\",\"dateModified\":\"2022-02-10T14:51:53+00:00\",\"description\":\"Kermainen hunaja on todellisuudessa t\u00e4ysin tavallista kukkaishunajaa, joka on saatu sekoittamalla hunajaa mekaanisesti.\",\"breadcrumb\":{\"@id\":\"https:\/\/mesi24.ee\/fi\/toode\/kermainen-hunaja-340g\/#breadcrumb\"},\"inLanguage\":\"fi\",\"potentialAction\":[{\"@type\":\"ReadAction\",\"target\":[\"https:\/\/mesi24.ee\/fi\/toode\/kermainen-hunaja-340g\/\"]}]},{\"@type\":\"ImageObject\",\"inLanguage\":\"fi\",\"@id\":\"https:\/\/mesi24.ee\/fi\/toode\/kermainen-hunaja-340g\/#primaryimage\",\"url\":\"https:\/\/mesi24.ee\/wp-content\/uploads\/2019\/06\/Kreemjas-mesi-340g-2.jpg\",\"contentUrl\":\"https:\/\/mesi24.ee\/wp-content\/uploads\/2019\/06\/Kreemjas-mesi-340g-2.jpg\",\"width\":600,\"height\":600,\"caption\":\"Kreemjas mesi 340g\"},{\"@type\":\"BreadcrumbList\",\"@id\":\"https:\/\/mesi24.ee\/fi\/toode\/kermainen-hunaja-340g\/#breadcrumb\",\"itemListElement\":[{\"@type\":\"ListItem\",\"position\":1,\"name\":\"Home\",\"item\":\"https:\/\/mesi24.ee\/fi\/\"},{\"@type\":\"ListItem\",\"position\":2,\"name\":\"Pood\",\"item\":\"https:\/\/mesi24.ee\/fi\/pood\/\"},{\"@type\":\"ListItem\",\"position\":3,\"name\":\"Kermainen hunaja 340g\"}]},{\"@type\":\"WebSite\",\"@id\":\"https:\/\/mesi24.ee\/#website\",\"url\":\"https:\/\/mesi24.ee\/\",\"name\":\"Mesi24\",\"description\":\"Mesi, meesegud, meetuubid\",\"publisher\":{\"@id\":\"https:\/\/mesi24.ee\/#organization\"},\"potentialAction\":[{\"@type\":\"SearchAction\",\"target\":{\"@type\":\"EntryPoint\",\"urlTemplate\":\"https:\/\/mesi24.ee\/?s={search_term_string}\"},\"query-input\":{\"@type\":\"PropertyValueSpecification\",\"valueRequired\":true,\"valueName\":\"search_term_string\"}}],\"inLanguage\":\"fi\"},{\"@type\":\"Organization\",\"@id\":\"https:\/\/mesi24.ee\/#organization\",\"name\":\"O\u00dc Artocarpus\",\"url\":\"https:\/\/mesi24.ee\/\",\"logo\":{\"@type\":\"ImageObject\",\"inLanguage\":\"fi\",\"@id\":\"https:\/\/mesi24.ee\/#\/schema\/logo\/image\/\",\"url\":\"https:\/\/mesi24.ee\/wp-content\/uploads\/2020\/11\/Mesi24.ee-logo.jpg\",\"contentUrl\":\"https:\/\/mesi24.ee\/wp-content\/uploads\/2020\/11\/Mesi24.ee-logo.jpg\",\"width\":250,\"height\":106,\"caption\":\"O\u00dc Artocarpus\"},\"image\":{\"@id\":\"https:\/\/mesi24.ee\/#\/schema\/logo\/image\/\"},\"sameAs\":[\"https:\/\/www.facebook.com\/mesi24.ee\"]}]}<\/script>\n<!-- \/ Yoast SEO plugin. -->","yoast_head_json":{"title":"Kermainen hunaja 340g - Mesi24","description":"Kermainen hunaja on todellisuudessa t\u00e4ysin tavallista kukkaishunajaa, joka on saatu sekoittamalla hunajaa mekaanisesti.","robots":{"index":"index","follow":"follow","max-snippet":"max-snippet:-1","max-image-preview":"max-image-preview:large","max-video-preview":"max-video-preview:-1"},"canonical":"https:\/\/mesi24.ee\/fi\/toode\/kermainen-hunaja-340g\/","og_locale":"fi_FI","og_type":"article","og_title":"Kermainen hunaja 340g - Mesi24","og_description":"Kermainen hunaja on todellisuudessa t\u00e4ysin tavallista kukkaishunajaa, joka on saatu sekoittamalla hunajaa mekaanisesti.","og_url":"https:\/\/mesi24.ee\/fi\/toode\/kermainen-hunaja-340g\/","og_site_name":"Mesi24","article_publisher":"https:\/\/www.facebook.com\/mesi24.ee","article_modified_time":"2022-02-10T14:51:53+00:00","og_image":[{"width":600,"height":600,"url":"https:\/\/mesi24.ee\/wp-content\/uploads\/2019\/06\/Kreemjas-mesi-340g-2.jpg","type":"image\/jpeg"}],"twitter_card":"summary_large_image","twitter_misc":{"Arvioitu lukuaika":"1 minuutti"},"schema":{"@context":"https:\/\/schema.org","@graph":[{"@type":"WebPage","@id":"https:\/\/mesi24.ee\/fi\/toode\/kermainen-hunaja-340g\/","url":"https:\/\/mesi24.ee\/fi\/toode\/kermainen-hunaja-340g\/","name":"Kermainen hunaja 340g - Mesi24","isPartOf":{"@id":"https:\/\/mesi24.ee\/#website"},"primaryImageOfPage":{"@id":"https:\/\/mesi24.ee\/fi\/toode\/kermainen-hunaja-340g\/#primaryimage"},"image":{"@id":"https:\/\/mesi24.ee\/fi\/toode\/kermainen-hunaja-340g\/#primaryimage"},"thumbnailUrl":"https:\/\/mesi24.ee\/wp-content\/uploads\/2019\/06\/Kreemjas-mesi-340g-2.jpg","datePublished":"2019-06-11T18:48:37+00:00","dateModified":"2022-02-10T14:51:53+00:00","description":"Kermainen hunaja on todellisuudessa t\u00e4ysin tavallista kukkaishunajaa, joka on saatu sekoittamalla hunajaa mekaanisesti.","breadcrumb":{"@id":"https:\/\/mesi24.ee\/fi\/toode\/kermainen-hunaja-340g\/#breadcrumb"},"inLanguage":"fi","potentialAction":[{"@type":"ReadAction","target":["https:\/\/mesi24.ee\/fi\/toode\/kermainen-hunaja-340g\/"]}]},{"@type":"ImageObject","inLanguage":"fi","@id":"https:\/\/mesi24.ee\/fi\/toode\/kermainen-hunaja-340g\/#primaryimage","url":"https:\/\/mesi24.ee\/wp-content\/uploads\/2019\/06\/Kreemjas-mesi-340g-2.jpg","contentUrl":"https:\/\/mesi24.ee\/wp-content\/uploads\/2019\/06\/Kreemjas-mesi-340g-2.jpg","width":600,"height":600,"caption":"Kreemjas mesi 340g"},{"@type":"BreadcrumbList","@id":"https:\/\/mesi24.ee\/fi\/toode\/kermainen-hunaja-340g\/#breadcrumb","itemListElement":[{"@type":"ListItem","position":1,"name":"Home","item":"https:\/\/mesi24.ee\/fi\/"},{"@type":"ListItem","position":2,"name":"Pood","item":"https:\/\/mesi24.ee\/fi\/pood\/"},{"@type":"ListItem","position":3,"name":"Kermainen hunaja 340g"}]},{"@type":"WebSite","@id":"https:\/\/mesi24.ee\/#website","url":"https:\/\/mesi24.ee\/","name":"Mesi24","description":"Mesi, meesegud, meetuubid","publisher":{"@id":"https:\/\/mesi24.ee\/#organization"},"potentialAction":[{"@type":"SearchAction","target":{"@type":"EntryPoint","urlTemplate":"https:\/\/mesi24.ee\/?s={search_term_string}"},"query-input":{"@type":"PropertyValueSpecification","valueRequired":true,"valueName":"search_term_string"}}],"inLanguage":"fi"},{"@type":"Organization","@id":"https:\/\/mesi24.ee\/#organization","name":"O\u00dc Artocarpus","url":"https:\/\/mesi24.ee\/","logo":{"@type":"ImageObject","inLanguage":"fi","@id":"https:\/\/mesi24.ee\/#\/schema\/logo\/image\/","url":"https:\/\/mesi24.ee\/wp-content\/uploads\/2020\/11\/Mesi24.ee-logo.jpg","contentUrl":"https:\/\/mesi24.ee\/wp-content\/uploads\/2020\/11\/Mesi24.ee-logo.jpg","width":250,"height":106,"caption":"O\u00dc Artocarpus"},"image":{"@id":"https:\/\/mesi24.ee\/#\/schema\/logo\/image\/"},"sameAs":["https:\/\/www.facebook.com\/mesi24.ee"]}]}},"_links":{"self":[{"href":"https:\/\/mesi24.ee\/fi\/wp-json\/wp\/v2\/product\/5942","targetHints":{"allow":["GET"]}}],"collection":[{"href":"https:\/\/mesi24.ee\/fi\/wp-json\/wp\/v2\/product"}],"about":[{"href":"https:\/\/mesi24.ee\/fi\/wp-json\/wp\/v2\/types\/product"}],"wp:featuredmedia":[{"embeddable":true,"href":"https:\/\/mesi24.ee\/fi\/wp-json\/wp\/v2\/media\/4312"}],"wp:attachment":[{"href":"https:\/\/mesi24.ee\/fi\/wp-json\/wp\/v2\/media?parent=5942"}],"wp:term":[{"taxonomy":"product_brand","embeddable":true,"href":"https:\/\/mesi24.ee\/fi\/wp-json\/wp\/v2\/product_brand?post=5942"},{"taxonomy":"product_cat","embeddable":true,"href":"https:\/\/mesi24.ee\/fi\/wp-json\/wp\/v2\/product_cat?post=5942"},{"taxonomy":"product_tag","embeddable":true,"href":"https:\/\/mesi24.ee\/fi\/wp-json\/wp\/v2\/product_tag?post=5942"}],"curies":[{"name":"wp","href":"https:\/\/api.w.org\/{rel}","templated":true}]}}