{"id":5937,"date":"2019-06-11T19:43:55","date_gmt":"2019-06-11T19:43:55","guid":{"rendered":"https:\/\/mesi24.ee\/?post_type=product&#038;p=5937"},"modified":"2023-10-10T13:54:20","modified_gmt":"2023-10-10T13:54:20","slug":"kermainen-hunaja-1300g","status":"publish","type":"product","link":"https:\/\/mesi24.ee\/fi\/toode\/kermainen-hunaja-1300g\/","title":{"rendered":"Kermainen hunaja 1300g"},"content":{"rendered":"<h1>Kermainen hunaja<\/h1>\n<p>Kermainen hunaja on todellisuudessa t\u00e4ysin tavallista kukkaishunajaa, joka on saatu sekoittamalla hunajaa mekaanisesti. Hyv\u00e4n kermaisen hunajan valmistukseen tarvitaan hienokiteist\u00e4 kukkaishunajaa, joka laitetaan puoliksi kiteytyneen\u00e4 erityiseen sekoittimeen ja hunajakiteiden koosta riippuen sekoitetaan 4\u20137 p\u00e4iv\u00e4n ajan p\u00e4ivitt\u00e4in 1,5\u20132 tuntia. Kermainen hunaja sopii hyvin k\u00e4ytett\u00e4v\u00e4ksi teen\/kahvin sekaan tai kakun p\u00e4\u00e4lle. Se sopii erinomaisesti my\u00f6s hunajahierontaan. S\u00e4ilyt\u00e4 viile\u00e4ss\u00e4 paikassa!<\/p>\n","protected":false},"excerpt":{"rendered":"<p>Kermainen hunaja on todellisuudessa t\u00e4ysin tavallista kukkaishunajaa, joka on saatu sekoittamalla hunajaa mekaanisesti. Hyv\u00e4n kermaisen hunajan valmistukseen tarvitaan hienokiteist\u00e4 kukkaishunajaa, joka laitetaan puoliksi kiteytyneen\u00e4 erityiseen sekoittimeen ja hunajakiteiden koosta riippuen sekoitetaan 4\u20137 p\u00e4iv\u00e4n ajan p\u00e4ivitt\u00e4in 1,5\u20132 tuntia. Kermainen hunaja sopii hyvin k\u00e4ytett\u00e4v\u00e4ksi teen\/kahvin sekaan tai kakun p\u00e4\u00e4lle. Se sopii erinomaisesti my\u00f6s hunajahierontaan. S\u00e4ilyt\u00e4 viile\u00e4ss\u00e4 paikassa!<\/p>\n<p>Muvipurkki &#8211; 1300g<\/p>\n<p>Kuvituskuva<\/p>\n","protected":false},"featured_media":3033,"template":"","meta":[],"product_brand":[],"product_cat":[69],"product_tag":[],"class_list":{"0":"post-5937","1":"product","2":"type-product","3":"status-publish","4":"has-post-thumbnail","6":"product_cat-maustamaton-hunaja","8":"first","9":"instock","10":"shipping-taxable","11":"purchasable","12":"product-type-simple"},"yoast_head":"<!-- This site is optimized with the Yoast SEO plugin v27.2 - https:\/\/yoast.com\/product\/yoast-seo-wordpress\/ -->\n<title>Kermainen hunaja 1300g - Mesi24<\/title>\n<meta name=\"robots\" content=\"index, follow, max-snippet:-1, max-image-preview:large, max-video-preview:-1\" \/>\n<link rel=\"canonical\" href=\"https:\/\/mesi24.ee\/fi\/toode\/kermainen-hunaja-1300g\/\" \/>\n<meta property=\"og:locale\" content=\"fi_FI\" \/>\n<meta property=\"og:type\" content=\"article\" \/>\n<meta property=\"og:title\" content=\"Kermainen hunaja 1300g - Mesi24\" \/>\n<meta property=\"og:description\" content=\"Kermainen hunaja on todellisuudessa t\u00e4ysin tavallista kukkaishunajaa, joka on saatu sekoittamalla hunajaa mekaanisesti. Hyv\u00e4n kermaisen hunajan valmistukseen tarvitaan hienokiteist\u00e4 kukkaishunajaa, joka laitetaan puoliksi kiteytyneen\u00e4 erityiseen sekoittimeen ja hunajakiteiden koosta riippuen sekoitetaan 4\u20137 p\u00e4iv\u00e4n ajan p\u00e4ivitt\u00e4in 1,5\u20132 tuntia. Kermainen hunaja sopii hyvin k\u00e4ytett\u00e4v\u00e4ksi teen\/kahvin sekaan tai kakun p\u00e4\u00e4lle. Se sopii erinomaisesti my\u00f6s hunajahierontaan. S\u00e4ilyt\u00e4 viile\u00e4ss\u00e4 paikassa!  Muvipurkki - 1300g  Kuvituskuva\" \/>\n<meta property=\"og:url\" content=\"https:\/\/mesi24.ee\/fi\/toode\/kermainen-hunaja-1300g\/\" \/>\n<meta property=\"og:site_name\" content=\"Mesi24\" \/>\n<meta property=\"article:publisher\" content=\"https:\/\/www.facebook.com\/mesi24.ee\" \/>\n<meta property=\"article:modified_time\" content=\"2023-10-10T13:54:20+00:00\" \/>\n<meta property=\"og:image\" content=\"https:\/\/mesi24.ee\/wp-content\/uploads\/2019\/06\/Kreemjas-mesi-1400g.jpg\" \/>\n\t<meta property=\"og:image:width\" content=\"600\" \/>\n\t<meta property=\"og:image:height\" content=\"600\" \/>\n\t<meta property=\"og:image:type\" content=\"image\/jpeg\" \/>\n<meta name=\"twitter:card\" content=\"summary_large_image\" \/>\n<meta name=\"twitter:label1\" content=\"Arvioitu lukuaika\" \/>\n\t<meta name=\"twitter:data1\" content=\"1 minuutti\" \/>\n<script type=\"application\/ld+json\" class=\"yoast-schema-graph\">{\"@context\":\"https:\/\/schema.org\",\"@graph\":[{\"@type\":\"WebPage\",\"@id\":\"https:\/\/mesi24.ee\/fi\/toode\/kermainen-hunaja-1300g\/\",\"url\":\"https:\/\/mesi24.ee\/fi\/toode\/kermainen-hunaja-1300g\/\",\"name\":\"Kermainen hunaja 1300g - Mesi24\",\"isPartOf\":{\"@id\":\"https:\/\/mesi24.ee\/#website\"},\"primaryImageOfPage\":{\"@id\":\"https:\/\/mesi24.ee\/fi\/toode\/kermainen-hunaja-1300g\/#primaryimage\"},\"image\":{\"@id\":\"https:\/\/mesi24.ee\/fi\/toode\/kermainen-hunaja-1300g\/#primaryimage\"},\"thumbnailUrl\":\"https:\/\/mesi24.ee\/wp-content\/uploads\/2019\/06\/Kreemjas-mesi-1400g.jpg\",\"datePublished\":\"2019-06-11T19:43:55+00:00\",\"dateModified\":\"2023-10-10T13:54:20+00:00\",\"breadcrumb\":{\"@id\":\"https:\/\/mesi24.ee\/fi\/toode\/kermainen-hunaja-1300g\/#breadcrumb\"},\"inLanguage\":\"fi\",\"potentialAction\":[{\"@type\":\"ReadAction\",\"target\":[\"https:\/\/mesi24.ee\/fi\/toode\/kermainen-hunaja-1300g\/\"]}]},{\"@type\":\"ImageObject\",\"inLanguage\":\"fi\",\"@id\":\"https:\/\/mesi24.ee\/fi\/toode\/kermainen-hunaja-1300g\/#primaryimage\",\"url\":\"https:\/\/mesi24.ee\/wp-content\/uploads\/2019\/06\/Kreemjas-mesi-1400g.jpg\",\"contentUrl\":\"https:\/\/mesi24.ee\/wp-content\/uploads\/2019\/06\/Kreemjas-mesi-1400g.jpg\",\"width\":600,\"height\":600,\"caption\":\"Kreemjas mesi 1400g\"},{\"@type\":\"BreadcrumbList\",\"@id\":\"https:\/\/mesi24.ee\/fi\/toode\/kermainen-hunaja-1300g\/#breadcrumb\",\"itemListElement\":[{\"@type\":\"ListItem\",\"position\":1,\"name\":\"Home\",\"item\":\"https:\/\/mesi24.ee\/fi\/\"},{\"@type\":\"ListItem\",\"position\":2,\"name\":\"Pood\",\"item\":\"https:\/\/mesi24.ee\/fi\/pood\/\"},{\"@type\":\"ListItem\",\"position\":3,\"name\":\"Kermainen hunaja 1300g\"}]},{\"@type\":\"WebSite\",\"@id\":\"https:\/\/mesi24.ee\/#website\",\"url\":\"https:\/\/mesi24.ee\/\",\"name\":\"Mesi24\",\"description\":\"Mesi, meesegud, meetuubid\",\"publisher\":{\"@id\":\"https:\/\/mesi24.ee\/#organization\"},\"potentialAction\":[{\"@type\":\"SearchAction\",\"target\":{\"@type\":\"EntryPoint\",\"urlTemplate\":\"https:\/\/mesi24.ee\/?s={search_term_string}\"},\"query-input\":{\"@type\":\"PropertyValueSpecification\",\"valueRequired\":true,\"valueName\":\"search_term_string\"}}],\"inLanguage\":\"fi\"},{\"@type\":\"Organization\",\"@id\":\"https:\/\/mesi24.ee\/#organization\",\"name\":\"O\u00dc Artocarpus\",\"url\":\"https:\/\/mesi24.ee\/\",\"logo\":{\"@type\":\"ImageObject\",\"inLanguage\":\"fi\",\"@id\":\"https:\/\/mesi24.ee\/#\/schema\/logo\/image\/\",\"url\":\"https:\/\/mesi24.ee\/wp-content\/uploads\/2020\/11\/Mesi24.ee-logo.jpg\",\"contentUrl\":\"https:\/\/mesi24.ee\/wp-content\/uploads\/2020\/11\/Mesi24.ee-logo.jpg\",\"width\":250,\"height\":106,\"caption\":\"O\u00dc Artocarpus\"},\"image\":{\"@id\":\"https:\/\/mesi24.ee\/#\/schema\/logo\/image\/\"},\"sameAs\":[\"https:\/\/www.facebook.com\/mesi24.ee\"]}]}<\/script>\n<!-- \/ Yoast SEO plugin. -->","yoast_head_json":{"title":"Kermainen hunaja 1300g - Mesi24","robots":{"index":"index","follow":"follow","max-snippet":"max-snippet:-1","max-image-preview":"max-image-preview:large","max-video-preview":"max-video-preview:-1"},"canonical":"https:\/\/mesi24.ee\/fi\/toode\/kermainen-hunaja-1300g\/","og_locale":"fi_FI","og_type":"article","og_title":"Kermainen hunaja 1300g - Mesi24","og_description":"Kermainen hunaja on todellisuudessa t\u00e4ysin tavallista kukkaishunajaa, joka on saatu sekoittamalla hunajaa mekaanisesti. Hyv\u00e4n kermaisen hunajan valmistukseen tarvitaan hienokiteist\u00e4 kukkaishunajaa, joka laitetaan puoliksi kiteytyneen\u00e4 erityiseen sekoittimeen ja hunajakiteiden koosta riippuen sekoitetaan 4\u20137 p\u00e4iv\u00e4n ajan p\u00e4ivitt\u00e4in 1,5\u20132 tuntia. Kermainen hunaja sopii hyvin k\u00e4ytett\u00e4v\u00e4ksi teen\/kahvin sekaan tai kakun p\u00e4\u00e4lle. Se sopii erinomaisesti my\u00f6s hunajahierontaan. S\u00e4ilyt\u00e4 viile\u00e4ss\u00e4 paikassa!  Muvipurkki - 1300g  Kuvituskuva","og_url":"https:\/\/mesi24.ee\/fi\/toode\/kermainen-hunaja-1300g\/","og_site_name":"Mesi24","article_publisher":"https:\/\/www.facebook.com\/mesi24.ee","article_modified_time":"2023-10-10T13:54:20+00:00","og_image":[{"width":600,"height":600,"url":"https:\/\/mesi24.ee\/wp-content\/uploads\/2019\/06\/Kreemjas-mesi-1400g.jpg","type":"image\/jpeg"}],"twitter_card":"summary_large_image","twitter_misc":{"Arvioitu lukuaika":"1 minuutti"},"schema":{"@context":"https:\/\/schema.org","@graph":[{"@type":"WebPage","@id":"https:\/\/mesi24.ee\/fi\/toode\/kermainen-hunaja-1300g\/","url":"https:\/\/mesi24.ee\/fi\/toode\/kermainen-hunaja-1300g\/","name":"Kermainen hunaja 1300g - Mesi24","isPartOf":{"@id":"https:\/\/mesi24.ee\/#website"},"primaryImageOfPage":{"@id":"https:\/\/mesi24.ee\/fi\/toode\/kermainen-hunaja-1300g\/#primaryimage"},"image":{"@id":"https:\/\/mesi24.ee\/fi\/toode\/kermainen-hunaja-1300g\/#primaryimage"},"thumbnailUrl":"https:\/\/mesi24.ee\/wp-content\/uploads\/2019\/06\/Kreemjas-mesi-1400g.jpg","datePublished":"2019-06-11T19:43:55+00:00","dateModified":"2023-10-10T13:54:20+00:00","breadcrumb":{"@id":"https:\/\/mesi24.ee\/fi\/toode\/kermainen-hunaja-1300g\/#breadcrumb"},"inLanguage":"fi","potentialAction":[{"@type":"ReadAction","target":["https:\/\/mesi24.ee\/fi\/toode\/kermainen-hunaja-1300g\/"]}]},{"@type":"ImageObject","inLanguage":"fi","@id":"https:\/\/mesi24.ee\/fi\/toode\/kermainen-hunaja-1300g\/#primaryimage","url":"https:\/\/mesi24.ee\/wp-content\/uploads\/2019\/06\/Kreemjas-mesi-1400g.jpg","contentUrl":"https:\/\/mesi24.ee\/wp-content\/uploads\/2019\/06\/Kreemjas-mesi-1400g.jpg","width":600,"height":600,"caption":"Kreemjas mesi 1400g"},{"@type":"BreadcrumbList","@id":"https:\/\/mesi24.ee\/fi\/toode\/kermainen-hunaja-1300g\/#breadcrumb","itemListElement":[{"@type":"ListItem","position":1,"name":"Home","item":"https:\/\/mesi24.ee\/fi\/"},{"@type":"ListItem","position":2,"name":"Pood","item":"https:\/\/mesi24.ee\/fi\/pood\/"},{"@type":"ListItem","position":3,"name":"Kermainen hunaja 1300g"}]},{"@type":"WebSite","@id":"https:\/\/mesi24.ee\/#website","url":"https:\/\/mesi24.ee\/","name":"Mesi24","description":"Mesi, meesegud, meetuubid","publisher":{"@id":"https:\/\/mesi24.ee\/#organization"},"potentialAction":[{"@type":"SearchAction","target":{"@type":"EntryPoint","urlTemplate":"https:\/\/mesi24.ee\/?s={search_term_string}"},"query-input":{"@type":"PropertyValueSpecification","valueRequired":true,"valueName":"search_term_string"}}],"inLanguage":"fi"},{"@type":"Organization","@id":"https:\/\/mesi24.ee\/#organization","name":"O\u00dc Artocarpus","url":"https:\/\/mesi24.ee\/","logo":{"@type":"ImageObject","inLanguage":"fi","@id":"https:\/\/mesi24.ee\/#\/schema\/logo\/image\/","url":"https:\/\/mesi24.ee\/wp-content\/uploads\/2020\/11\/Mesi24.ee-logo.jpg","contentUrl":"https:\/\/mesi24.ee\/wp-content\/uploads\/2020\/11\/Mesi24.ee-logo.jpg","width":250,"height":106,"caption":"O\u00dc Artocarpus"},"image":{"@id":"https:\/\/mesi24.ee\/#\/schema\/logo\/image\/"},"sameAs":["https:\/\/www.facebook.com\/mesi24.ee"]}]}},"_links":{"self":[{"href":"https:\/\/mesi24.ee\/fi\/wp-json\/wp\/v2\/product\/5937","targetHints":{"allow":["GET"]}}],"collection":[{"href":"https:\/\/mesi24.ee\/fi\/wp-json\/wp\/v2\/product"}],"about":[{"href":"https:\/\/mesi24.ee\/fi\/wp-json\/wp\/v2\/types\/product"}],"wp:featuredmedia":[{"embeddable":true,"href":"https:\/\/mesi24.ee\/fi\/wp-json\/wp\/v2\/media\/3033"}],"wp:attachment":[{"href":"https:\/\/mesi24.ee\/fi\/wp-json\/wp\/v2\/media?parent=5937"}],"wp:term":[{"taxonomy":"product_brand","embeddable":true,"href":"https:\/\/mesi24.ee\/fi\/wp-json\/wp\/v2\/product_brand?post=5937"},{"taxonomy":"product_cat","embeddable":true,"href":"https:\/\/mesi24.ee\/fi\/wp-json\/wp\/v2\/product_cat?post=5937"},{"taxonomy":"product_tag","embeddable":true,"href":"https:\/\/mesi24.ee\/fi\/wp-json\/wp\/v2\/product_tag?post=5937"}],"curies":[{"name":"wp","href":"https:\/\/api.w.org\/{rel}","templated":true}]}}