{"id":5933,"date":"2019-06-11T19:31:37","date_gmt":"2019-06-11T19:31:37","guid":{"rendered":"https:\/\/mesi24.ee\/?post_type=product&#038;p=5933"},"modified":"2024-10-22T10:57:15","modified_gmt":"2024-10-22T10:57:15","slug":"tattarihunaja-700g","status":"publish","type":"product","link":"https:\/\/mesi24.ee\/fi\/toode\/tattarihunaja-700g\/","title":{"rendered":"Tattarihunaja 700g"},"content":{"rendered":"<h1>Tattarihunaja<\/h1>\n<p>Tattarihunajaa arvostetaan sen korkean fosfori- ja rautapitoisuuden sek\u00e4 suuren proteiini-, fermentti- ja entsyymipitoisuuden vuoksi. Se sis\u00e4lt\u00e4\u00e4 36,75 % glukoosia ja 40,29 % fruktoosia. Tattarihunaja on tummankeltaista ja siin\u00e4 on punertava tai rusehtava vivahde. Siin\u00e4 on my\u00f6s erityinen maku sek\u00e4 tuoksu, joka pehmenee hunajan kiteytyess\u00e4.<br \/>\nKertoisimme mielell\u00e4mme lis\u00e4\u00e4 tattarihunajasta, mutta Viron elintarvikelain 38 \u00a7 perustuen myyj\u00e4n (Mesi24.ee) esitt\u00e4m\u00e4n ruokaa koskevan tiedon on oltava totuudenmukaista, vastattava lains\u00e4\u00e4d\u00e4nn\u00f6ss\u00e4 s\u00e4\u00e4dettyj\u00e4 vaatimuksia eik\u00e4 se saa olla kuluttajaa harhaanjohtavaa, joten mek\u00e4\u00e4n emme voi esitt\u00e4\u00e4 kansanl\u00e4\u00e4ketieteess\u00e4 pitk\u00e4\u00e4n tunnettua tietoa mainitusta tuotteesta. Siksi suosittelemme kaikkia kiinnostuneita etsim\u00e4\u00e4n lis\u00e4tietoa Googlen v\u00e4lityksell\u00e4 \ud83d\ude09<\/p>\n<p>Alkuper\u00e4maa: <strong>Liettua<\/strong><\/p>\n","protected":false},"excerpt":{"rendered":"<p>Tattarihunajaa arvostetaan juuri siksi, ett\u00e4 se sis\u00e4lt\u00e4\u00e4 runsaasti vitamiineja, kivenn\u00e4isaineita ja hivenaineita. Maultaan ep\u00e4tavallinen ja voimakkaampi kuin tavallinen virolainen hunaja. Tuomme kyseist\u00e4 tuotetta maahan tarjotaksemme asiakkaille laajempaa tuotevalikoimaa sek\u00e4 siksi, ett\u00e4 Virossa kasvatetaan v\u00e4h\u00e4n tattaria eik\u00e4 virolainen ilmasto suosi tattarin nektarinerityst\u00e4 kukinta-aikana. S\u00e4ilyt\u00e4 viile\u00e4ss\u00e4 paikassa!<\/p>\n<p>Alkuper\u00e4maa: <strong>Liettua<\/strong><\/p>\n<p>Lasipurkki \u2013 700 g<\/p>\n<p>Kuvituskuva.<\/p>\n<p>&nbsp;<\/p>\n","protected":false},"featured_media":4290,"template":"","meta":[],"product_brand":[],"product_cat":[69],"product_tag":[],"class_list":{"0":"post-5933","1":"product","2":"type-product","3":"status-publish","4":"has-post-thumbnail","6":"product_cat-maustamaton-hunaja","8":"first","9":"instock","10":"shipping-taxable","11":"purchasable","12":"product-type-simple"},"yoast_head":"<!-- This site is optimized with the Yoast SEO plugin v27.2 - https:\/\/yoast.com\/product\/yoast-seo-wordpress\/ -->\n<title>Tattarihunaja 700g - Mesi24<\/title>\n<meta name=\"description\" content=\"Tattarihunajaa arvostetaan juuri siksi, ett\u00e4 se sis\u00e4lt\u00e4\u00e4 runsaasti vitamiineja, kivenn\u00e4isaineita ja hivenaineita. Maultaan ep\u00e4tavallinen ja voimakkaampi kuin tavallinen virolainen hunaja.\" \/>\n<meta name=\"robots\" content=\"index, follow, max-snippet:-1, max-image-preview:large, max-video-preview:-1\" \/>\n<link rel=\"canonical\" href=\"https:\/\/mesi24.ee\/fi\/toode\/tattarihunaja-700g\/\" \/>\n<meta property=\"og:locale\" content=\"fi_FI\" \/>\n<meta property=\"og:type\" content=\"article\" \/>\n<meta property=\"og:title\" content=\"Tattarihunaja 700g - Mesi24\" \/>\n<meta property=\"og:description\" content=\"Tattarihunajaa arvostetaan juuri siksi, ett\u00e4 se sis\u00e4lt\u00e4\u00e4 runsaasti vitamiineja, kivenn\u00e4isaineita ja hivenaineita. Maultaan ep\u00e4tavallinen ja voimakkaampi kuin tavallinen virolainen hunaja.\" \/>\n<meta property=\"og:url\" content=\"https:\/\/mesi24.ee\/fi\/toode\/tattarihunaja-700g\/\" \/>\n<meta property=\"og:site_name\" content=\"Mesi24\" \/>\n<meta property=\"article:publisher\" content=\"https:\/\/www.facebook.com\/mesi24.ee\" \/>\n<meta property=\"article:modified_time\" content=\"2024-10-22T10:57:15+00:00\" \/>\n<meta property=\"og:image\" content=\"https:\/\/mesi24.ee\/wp-content\/uploads\/2019\/06\/Tatramesi-700g.jpg\" \/>\n\t<meta property=\"og:image:width\" content=\"600\" \/>\n\t<meta property=\"og:image:height\" content=\"600\" \/>\n\t<meta property=\"og:image:type\" content=\"image\/jpeg\" \/>\n<meta name=\"twitter:card\" content=\"summary_large_image\" \/>\n<meta name=\"twitter:label1\" content=\"Arvioitu lukuaika\" \/>\n\t<meta name=\"twitter:data1\" content=\"1 minuutti\" \/>\n<script type=\"application\/ld+json\" class=\"yoast-schema-graph\">{\"@context\":\"https:\/\/schema.org\",\"@graph\":[{\"@type\":\"WebPage\",\"@id\":\"https:\/\/mesi24.ee\/fi\/toode\/tattarihunaja-700g\/\",\"url\":\"https:\/\/mesi24.ee\/fi\/toode\/tattarihunaja-700g\/\",\"name\":\"Tattarihunaja 700g - Mesi24\",\"isPartOf\":{\"@id\":\"https:\/\/mesi24.ee\/#website\"},\"primaryImageOfPage\":{\"@id\":\"https:\/\/mesi24.ee\/fi\/toode\/tattarihunaja-700g\/#primaryimage\"},\"image\":{\"@id\":\"https:\/\/mesi24.ee\/fi\/toode\/tattarihunaja-700g\/#primaryimage\"},\"thumbnailUrl\":\"https:\/\/mesi24.ee\/wp-content\/uploads\/2019\/06\/Tatramesi-700g.jpg\",\"datePublished\":\"2019-06-11T19:31:37+00:00\",\"dateModified\":\"2024-10-22T10:57:15+00:00\",\"description\":\"Tattarihunajaa arvostetaan juuri siksi, ett\u00e4 se sis\u00e4lt\u00e4\u00e4 runsaasti vitamiineja, kivenn\u00e4isaineita ja hivenaineita. Maultaan ep\u00e4tavallinen ja voimakkaampi kuin tavallinen virolainen hunaja.\",\"breadcrumb\":{\"@id\":\"https:\/\/mesi24.ee\/fi\/toode\/tattarihunaja-700g\/#breadcrumb\"},\"inLanguage\":\"fi\",\"potentialAction\":[{\"@type\":\"ReadAction\",\"target\":[\"https:\/\/mesi24.ee\/fi\/toode\/tattarihunaja-700g\/\"]}]},{\"@type\":\"ImageObject\",\"inLanguage\":\"fi\",\"@id\":\"https:\/\/mesi24.ee\/fi\/toode\/tattarihunaja-700g\/#primaryimage\",\"url\":\"https:\/\/mesi24.ee\/wp-content\/uploads\/2019\/06\/Tatramesi-700g.jpg\",\"contentUrl\":\"https:\/\/mesi24.ee\/wp-content\/uploads\/2019\/06\/Tatramesi-700g.jpg\",\"width\":600,\"height\":600},{\"@type\":\"BreadcrumbList\",\"@id\":\"https:\/\/mesi24.ee\/fi\/toode\/tattarihunaja-700g\/#breadcrumb\",\"itemListElement\":[{\"@type\":\"ListItem\",\"position\":1,\"name\":\"Home\",\"item\":\"https:\/\/mesi24.ee\/fi\/\"},{\"@type\":\"ListItem\",\"position\":2,\"name\":\"Pood\",\"item\":\"https:\/\/mesi24.ee\/fi\/pood\/\"},{\"@type\":\"ListItem\",\"position\":3,\"name\":\"Tattarihunaja 700g\"}]},{\"@type\":\"WebSite\",\"@id\":\"https:\/\/mesi24.ee\/#website\",\"url\":\"https:\/\/mesi24.ee\/\",\"name\":\"Mesi24\",\"description\":\"Mesi, meesegud, meetuubid\",\"publisher\":{\"@id\":\"https:\/\/mesi24.ee\/#organization\"},\"potentialAction\":[{\"@type\":\"SearchAction\",\"target\":{\"@type\":\"EntryPoint\",\"urlTemplate\":\"https:\/\/mesi24.ee\/?s={search_term_string}\"},\"query-input\":{\"@type\":\"PropertyValueSpecification\",\"valueRequired\":true,\"valueName\":\"search_term_string\"}}],\"inLanguage\":\"fi\"},{\"@type\":\"Organization\",\"@id\":\"https:\/\/mesi24.ee\/#organization\",\"name\":\"O\u00dc Artocarpus\",\"url\":\"https:\/\/mesi24.ee\/\",\"logo\":{\"@type\":\"ImageObject\",\"inLanguage\":\"fi\",\"@id\":\"https:\/\/mesi24.ee\/#\/schema\/logo\/image\/\",\"url\":\"https:\/\/mesi24.ee\/wp-content\/uploads\/2020\/11\/Mesi24.ee-logo.jpg\",\"contentUrl\":\"https:\/\/mesi24.ee\/wp-content\/uploads\/2020\/11\/Mesi24.ee-logo.jpg\",\"width\":250,\"height\":106,\"caption\":\"O\u00dc Artocarpus\"},\"image\":{\"@id\":\"https:\/\/mesi24.ee\/#\/schema\/logo\/image\/\"},\"sameAs\":[\"https:\/\/www.facebook.com\/mesi24.ee\"]}]}<\/script>\n<!-- \/ Yoast SEO plugin. -->","yoast_head_json":{"title":"Tattarihunaja 700g - Mesi24","description":"Tattarihunajaa arvostetaan juuri siksi, ett\u00e4 se sis\u00e4lt\u00e4\u00e4 runsaasti vitamiineja, kivenn\u00e4isaineita ja hivenaineita. Maultaan ep\u00e4tavallinen ja voimakkaampi kuin tavallinen virolainen hunaja.","robots":{"index":"index","follow":"follow","max-snippet":"max-snippet:-1","max-image-preview":"max-image-preview:large","max-video-preview":"max-video-preview:-1"},"canonical":"https:\/\/mesi24.ee\/fi\/toode\/tattarihunaja-700g\/","og_locale":"fi_FI","og_type":"article","og_title":"Tattarihunaja 700g - Mesi24","og_description":"Tattarihunajaa arvostetaan juuri siksi, ett\u00e4 se sis\u00e4lt\u00e4\u00e4 runsaasti vitamiineja, kivenn\u00e4isaineita ja hivenaineita. Maultaan ep\u00e4tavallinen ja voimakkaampi kuin tavallinen virolainen hunaja.","og_url":"https:\/\/mesi24.ee\/fi\/toode\/tattarihunaja-700g\/","og_site_name":"Mesi24","article_publisher":"https:\/\/www.facebook.com\/mesi24.ee","article_modified_time":"2024-10-22T10:57:15+00:00","og_image":[{"width":600,"height":600,"url":"https:\/\/mesi24.ee\/wp-content\/uploads\/2019\/06\/Tatramesi-700g.jpg","type":"image\/jpeg"}],"twitter_card":"summary_large_image","twitter_misc":{"Arvioitu lukuaika":"1 minuutti"},"schema":{"@context":"https:\/\/schema.org","@graph":[{"@type":"WebPage","@id":"https:\/\/mesi24.ee\/fi\/toode\/tattarihunaja-700g\/","url":"https:\/\/mesi24.ee\/fi\/toode\/tattarihunaja-700g\/","name":"Tattarihunaja 700g - Mesi24","isPartOf":{"@id":"https:\/\/mesi24.ee\/#website"},"primaryImageOfPage":{"@id":"https:\/\/mesi24.ee\/fi\/toode\/tattarihunaja-700g\/#primaryimage"},"image":{"@id":"https:\/\/mesi24.ee\/fi\/toode\/tattarihunaja-700g\/#primaryimage"},"thumbnailUrl":"https:\/\/mesi24.ee\/wp-content\/uploads\/2019\/06\/Tatramesi-700g.jpg","datePublished":"2019-06-11T19:31:37+00:00","dateModified":"2024-10-22T10:57:15+00:00","description":"Tattarihunajaa arvostetaan juuri siksi, ett\u00e4 se sis\u00e4lt\u00e4\u00e4 runsaasti vitamiineja, kivenn\u00e4isaineita ja hivenaineita. Maultaan ep\u00e4tavallinen ja voimakkaampi kuin tavallinen virolainen hunaja.","breadcrumb":{"@id":"https:\/\/mesi24.ee\/fi\/toode\/tattarihunaja-700g\/#breadcrumb"},"inLanguage":"fi","potentialAction":[{"@type":"ReadAction","target":["https:\/\/mesi24.ee\/fi\/toode\/tattarihunaja-700g\/"]}]},{"@type":"ImageObject","inLanguage":"fi","@id":"https:\/\/mesi24.ee\/fi\/toode\/tattarihunaja-700g\/#primaryimage","url":"https:\/\/mesi24.ee\/wp-content\/uploads\/2019\/06\/Tatramesi-700g.jpg","contentUrl":"https:\/\/mesi24.ee\/wp-content\/uploads\/2019\/06\/Tatramesi-700g.jpg","width":600,"height":600},{"@type":"BreadcrumbList","@id":"https:\/\/mesi24.ee\/fi\/toode\/tattarihunaja-700g\/#breadcrumb","itemListElement":[{"@type":"ListItem","position":1,"name":"Home","item":"https:\/\/mesi24.ee\/fi\/"},{"@type":"ListItem","position":2,"name":"Pood","item":"https:\/\/mesi24.ee\/fi\/pood\/"},{"@type":"ListItem","position":3,"name":"Tattarihunaja 700g"}]},{"@type":"WebSite","@id":"https:\/\/mesi24.ee\/#website","url":"https:\/\/mesi24.ee\/","name":"Mesi24","description":"Mesi, meesegud, meetuubid","publisher":{"@id":"https:\/\/mesi24.ee\/#organization"},"potentialAction":[{"@type":"SearchAction","target":{"@type":"EntryPoint","urlTemplate":"https:\/\/mesi24.ee\/?s={search_term_string}"},"query-input":{"@type":"PropertyValueSpecification","valueRequired":true,"valueName":"search_term_string"}}],"inLanguage":"fi"},{"@type":"Organization","@id":"https:\/\/mesi24.ee\/#organization","name":"O\u00dc Artocarpus","url":"https:\/\/mesi24.ee\/","logo":{"@type":"ImageObject","inLanguage":"fi","@id":"https:\/\/mesi24.ee\/#\/schema\/logo\/image\/","url":"https:\/\/mesi24.ee\/wp-content\/uploads\/2020\/11\/Mesi24.ee-logo.jpg","contentUrl":"https:\/\/mesi24.ee\/wp-content\/uploads\/2020\/11\/Mesi24.ee-logo.jpg","width":250,"height":106,"caption":"O\u00dc Artocarpus"},"image":{"@id":"https:\/\/mesi24.ee\/#\/schema\/logo\/image\/"},"sameAs":["https:\/\/www.facebook.com\/mesi24.ee"]}]}},"_links":{"self":[{"href":"https:\/\/mesi24.ee\/fi\/wp-json\/wp\/v2\/product\/5933","targetHints":{"allow":["GET"]}}],"collection":[{"href":"https:\/\/mesi24.ee\/fi\/wp-json\/wp\/v2\/product"}],"about":[{"href":"https:\/\/mesi24.ee\/fi\/wp-json\/wp\/v2\/types\/product"}],"wp:featuredmedia":[{"embeddable":true,"href":"https:\/\/mesi24.ee\/fi\/wp-json\/wp\/v2\/media\/4290"}],"wp:attachment":[{"href":"https:\/\/mesi24.ee\/fi\/wp-json\/wp\/v2\/media?parent=5933"}],"wp:term":[{"taxonomy":"product_brand","embeddable":true,"href":"https:\/\/mesi24.ee\/fi\/wp-json\/wp\/v2\/product_brand?post=5933"},{"taxonomy":"product_cat","embeddable":true,"href":"https:\/\/mesi24.ee\/fi\/wp-json\/wp\/v2\/product_cat?post=5933"},{"taxonomy":"product_tag","embeddable":true,"href":"https:\/\/mesi24.ee\/fi\/wp-json\/wp\/v2\/product_tag?post=5933"}],"curies":[{"name":"wp","href":"https:\/\/api.w.org\/{rel}","templated":true}]}}