{"id":5927,"date":"2019-06-11T19:02:44","date_gmt":"2019-06-11T19:02:44","guid":{"rendered":"https:\/\/mesi24.ee\/?post_type=product&#038;p=5927"},"modified":"2024-06-24T07:02:36","modified_gmt":"2024-06-24T07:02:36","slug":"propolissalva-30ml","status":"publish","type":"product","link":"https:\/\/mesi24.ee\/fi\/toode\/propolissalva-30ml\/","title":{"rendered":"Tyrni\u00f6ljy\u00e4 sis\u00e4lt\u00e4v\u00e4 propolissalva 30 ml"},"content":{"rendered":"<h1>Tyrni\u00f6ljy\u00e4 sis\u00e4lt\u00e4v\u00e4 propolissalva<\/h1>\n<p>Tyrni\u00f6ljy\u00e4 sis\u00e4lt\u00e4v\u00e4 propolissalva sis\u00e4lt\u00e4\u00e4:propolista, tyrni\u00f6ljy\u00e4, kuusenpihkaa ja mehil\u00e4isvahaa.<br \/>\nTuotteessa k\u00e4ytetyt mehil\u00e4ishoitotuotteet, kuten propolis ja mehil\u00e4isvaha, ovat per\u00e4isin omasta mehil\u00e4istarhastamme. Tyrni\u00f6ljy on Ven\u00e4j\u00e4ll\u00e4 valmistettua puhdasta tyrni\u00f6ljy\u00e4. Perheyrityksemme perustajat, Maire ja Igor Valtin, k\u00e4yv\u00e4t muutaman kerran vuodessa mets\u00e4ss\u00e4 ker\u00e4\u00e4m\u00e4ss\u00e4 kuusenpihkaa. Tuotteen valmistaja on Maire Valtin oman reseptins\u00e4 mukaisesti.<br \/>\nAlussa salva olikin tarkoitettu omaan k\u00e4ytt\u00f6\u00f6n karheille ja halkeileville k\u00e4sille sek\u00e4 talvella rohtuneille huulille.<br \/>\nKertoisimme mielell\u00e4mme lis\u00e4\u00e4 salvan ainesosien hyvist\u00e4 ominaisuuksista, mutta Viron elintarvikelain 38 \u00a7 perustuen myyj\u00e4n (Mesi24.ee) esitt\u00e4m\u00e4n ruokaa koskevan tiedon on oltava totuudenmukaista, vastattava lains\u00e4\u00e4d\u00e4nn\u00f6ss\u00e4 s\u00e4\u00e4dettyj\u00e4 vaatimuksia eik\u00e4 se saa olla kuluttajaa harhaanjohtavaa, joten mek\u00e4\u00e4n emme voi esitt\u00e4\u00e4 kansanl\u00e4\u00e4ketieteess\u00e4 pitk\u00e4\u00e4n tunnettua tietoa mainitusta tuotteesta. Siksi suosittelemme kaikkia kiinnostuneita etsim\u00e4\u00e4n lis\u00e4tietoa Googlen v\u00e4lityksell\u00e4 \ud83d\ude09<\/p>\n","protected":false},"excerpt":{"rendered":"<p>Tyrni\u00f6ljy\u00e4 sis\u00e4lt\u00e4v\u00e4 propolissalva sis\u00e4lt\u00e4\u00e4 propolista, tyrni\u00f6ljy\u00e4, kuusenpihkaa ja mehil\u00e4isvahaa.<br \/>\nLuonnontuote<\/p>\n<p>Muovipurkki \u2013 30 ml<\/p>\n","protected":false},"featured_media":7387,"template":"","meta":[],"product_brand":[],"product_cat":[],"product_tag":[],"class_list":{"0":"post-5927","1":"product","2":"type-product","3":"status-publish","4":"has-post-thumbnail","7":"first","8":"instock","9":"shipping-taxable","10":"purchasable","11":"product-type-simple"},"yoast_head":"<!-- This site is optimized with the Yoast SEO plugin v27.2 - https:\/\/yoast.com\/product\/yoast-seo-wordpress\/ -->\n<title>Tyrni\u00f6ljy\u00e4 sis\u00e4lt\u00e4v\u00e4 propolissalva 30 ml - Mesi24<\/title>\n<meta name=\"description\" content=\"Tyrni\u00f6ljy\u00e4 sis\u00e4lt\u00e4v\u00e4 propolissalva sis\u00e4lt\u00e4\u00e4:propolista, tyrni\u00f6ljy\u00e4, kuusenpihkaa ja mehil\u00e4isvahaa.\" \/>\n<meta name=\"robots\" content=\"index, follow, max-snippet:-1, max-image-preview:large, max-video-preview:-1\" \/>\n<link rel=\"canonical\" href=\"https:\/\/mesi24.ee\/fi\/toode\/propolissalva-30ml\/\" \/>\n<meta property=\"og:locale\" content=\"fi_FI\" \/>\n<meta property=\"og:type\" content=\"article\" \/>\n<meta property=\"og:title\" content=\"Tyrni\u00f6ljy\u00e4 sis\u00e4lt\u00e4v\u00e4 propolissalva 30 ml - Mesi24\" \/>\n<meta property=\"og:description\" content=\"Tyrni\u00f6ljy\u00e4 sis\u00e4lt\u00e4v\u00e4 propolissalva sis\u00e4lt\u00e4\u00e4:propolista, tyrni\u00f6ljy\u00e4, kuusenpihkaa ja mehil\u00e4isvahaa.\" \/>\n<meta property=\"og:url\" content=\"https:\/\/mesi24.ee\/fi\/toode\/propolissalva-30ml\/\" \/>\n<meta property=\"og:site_name\" content=\"Mesi24\" \/>\n<meta property=\"article:publisher\" content=\"https:\/\/www.facebook.com\/mesi24.ee\" \/>\n<meta property=\"article:modified_time\" content=\"2024-06-24T07:02:36+00:00\" \/>\n<meta property=\"og:image\" content=\"https:\/\/mesi24.ee\/wp-content\/uploads\/2019\/06\/Taruvaigusalv-astelpajuoliga-30ml-2.jpg\" \/>\n\t<meta property=\"og:image:width\" content=\"600\" \/>\n\t<meta property=\"og:image:height\" content=\"600\" \/>\n\t<meta property=\"og:image:type\" content=\"image\/jpeg\" \/>\n<meta name=\"twitter:card\" content=\"summary_large_image\" \/>\n<meta name=\"twitter:label1\" content=\"Arvioitu lukuaika\" \/>\n\t<meta name=\"twitter:data1\" content=\"1 minuutti\" \/>\n<script type=\"application\/ld+json\" class=\"yoast-schema-graph\">{\"@context\":\"https:\/\/schema.org\",\"@graph\":[{\"@type\":\"WebPage\",\"@id\":\"https:\/\/mesi24.ee\/fi\/toode\/propolissalva-30ml\/\",\"url\":\"https:\/\/mesi24.ee\/fi\/toode\/propolissalva-30ml\/\",\"name\":\"Tyrni\u00f6ljy\u00e4 sis\u00e4lt\u00e4v\u00e4 propolissalva 30 ml - Mesi24\",\"isPartOf\":{\"@id\":\"https:\/\/mesi24.ee\/#website\"},\"primaryImageOfPage\":{\"@id\":\"https:\/\/mesi24.ee\/fi\/toode\/propolissalva-30ml\/#primaryimage\"},\"image\":{\"@id\":\"https:\/\/mesi24.ee\/fi\/toode\/propolissalva-30ml\/#primaryimage\"},\"thumbnailUrl\":\"https:\/\/mesi24.ee\/wp-content\/uploads\/2019\/06\/Taruvaigusalv-astelpajuoliga-30ml-2.jpg\",\"datePublished\":\"2019-06-11T19:02:44+00:00\",\"dateModified\":\"2024-06-24T07:02:36+00:00\",\"description\":\"Tyrni\u00f6ljy\u00e4 sis\u00e4lt\u00e4v\u00e4 propolissalva sis\u00e4lt\u00e4\u00e4:propolista, tyrni\u00f6ljy\u00e4, kuusenpihkaa ja mehil\u00e4isvahaa.\",\"breadcrumb\":{\"@id\":\"https:\/\/mesi24.ee\/fi\/toode\/propolissalva-30ml\/#breadcrumb\"},\"inLanguage\":\"fi\",\"potentialAction\":[{\"@type\":\"ReadAction\",\"target\":[\"https:\/\/mesi24.ee\/fi\/toode\/propolissalva-30ml\/\"]}]},{\"@type\":\"ImageObject\",\"inLanguage\":\"fi\",\"@id\":\"https:\/\/mesi24.ee\/fi\/toode\/propolissalva-30ml\/#primaryimage\",\"url\":\"https:\/\/mesi24.ee\/wp-content\/uploads\/2019\/06\/Taruvaigusalv-astelpajuoliga-30ml-2.jpg\",\"contentUrl\":\"https:\/\/mesi24.ee\/wp-content\/uploads\/2019\/06\/Taruvaigusalv-astelpajuoliga-30ml-2.jpg\",\"width\":600,\"height\":600,\"caption\":\"Taruvaigusalv astelpajuoliga 30ml\"},{\"@type\":\"BreadcrumbList\",\"@id\":\"https:\/\/mesi24.ee\/fi\/toode\/propolissalva-30ml\/#breadcrumb\",\"itemListElement\":[{\"@type\":\"ListItem\",\"position\":1,\"name\":\"Home\",\"item\":\"https:\/\/mesi24.ee\/fi\/\"},{\"@type\":\"ListItem\",\"position\":2,\"name\":\"Pood\",\"item\":\"https:\/\/mesi24.ee\/fi\/pood\/\"},{\"@type\":\"ListItem\",\"position\":3,\"name\":\"Tyrni\u00f6ljy\u00e4 sis\u00e4lt\u00e4v\u00e4 propolissalva 30 ml\"}]},{\"@type\":\"WebSite\",\"@id\":\"https:\/\/mesi24.ee\/#website\",\"url\":\"https:\/\/mesi24.ee\/\",\"name\":\"Mesi24\",\"description\":\"Mesi, meesegud, meetuubid\",\"publisher\":{\"@id\":\"https:\/\/mesi24.ee\/#organization\"},\"potentialAction\":[{\"@type\":\"SearchAction\",\"target\":{\"@type\":\"EntryPoint\",\"urlTemplate\":\"https:\/\/mesi24.ee\/?s={search_term_string}\"},\"query-input\":{\"@type\":\"PropertyValueSpecification\",\"valueRequired\":true,\"valueName\":\"search_term_string\"}}],\"inLanguage\":\"fi\"},{\"@type\":\"Organization\",\"@id\":\"https:\/\/mesi24.ee\/#organization\",\"name\":\"O\u00dc Artocarpus\",\"url\":\"https:\/\/mesi24.ee\/\",\"logo\":{\"@type\":\"ImageObject\",\"inLanguage\":\"fi\",\"@id\":\"https:\/\/mesi24.ee\/#\/schema\/logo\/image\/\",\"url\":\"https:\/\/mesi24.ee\/wp-content\/uploads\/2020\/11\/Mesi24.ee-logo.jpg\",\"contentUrl\":\"https:\/\/mesi24.ee\/wp-content\/uploads\/2020\/11\/Mesi24.ee-logo.jpg\",\"width\":250,\"height\":106,\"caption\":\"O\u00dc Artocarpus\"},\"image\":{\"@id\":\"https:\/\/mesi24.ee\/#\/schema\/logo\/image\/\"},\"sameAs\":[\"https:\/\/www.facebook.com\/mesi24.ee\"]}]}<\/script>\n<!-- \/ Yoast SEO plugin. -->","yoast_head_json":{"title":"Tyrni\u00f6ljy\u00e4 sis\u00e4lt\u00e4v\u00e4 propolissalva 30 ml - Mesi24","description":"Tyrni\u00f6ljy\u00e4 sis\u00e4lt\u00e4v\u00e4 propolissalva sis\u00e4lt\u00e4\u00e4:propolista, tyrni\u00f6ljy\u00e4, kuusenpihkaa ja mehil\u00e4isvahaa.","robots":{"index":"index","follow":"follow","max-snippet":"max-snippet:-1","max-image-preview":"max-image-preview:large","max-video-preview":"max-video-preview:-1"},"canonical":"https:\/\/mesi24.ee\/fi\/toode\/propolissalva-30ml\/","og_locale":"fi_FI","og_type":"article","og_title":"Tyrni\u00f6ljy\u00e4 sis\u00e4lt\u00e4v\u00e4 propolissalva 30 ml - Mesi24","og_description":"Tyrni\u00f6ljy\u00e4 sis\u00e4lt\u00e4v\u00e4 propolissalva sis\u00e4lt\u00e4\u00e4:propolista, tyrni\u00f6ljy\u00e4, kuusenpihkaa ja mehil\u00e4isvahaa.","og_url":"https:\/\/mesi24.ee\/fi\/toode\/propolissalva-30ml\/","og_site_name":"Mesi24","article_publisher":"https:\/\/www.facebook.com\/mesi24.ee","article_modified_time":"2024-06-24T07:02:36+00:00","og_image":[{"width":600,"height":600,"url":"https:\/\/mesi24.ee\/wp-content\/uploads\/2019\/06\/Taruvaigusalv-astelpajuoliga-30ml-2.jpg","type":"image\/jpeg"}],"twitter_card":"summary_large_image","twitter_misc":{"Arvioitu lukuaika":"1 minuutti"},"schema":{"@context":"https:\/\/schema.org","@graph":[{"@type":"WebPage","@id":"https:\/\/mesi24.ee\/fi\/toode\/propolissalva-30ml\/","url":"https:\/\/mesi24.ee\/fi\/toode\/propolissalva-30ml\/","name":"Tyrni\u00f6ljy\u00e4 sis\u00e4lt\u00e4v\u00e4 propolissalva 30 ml - Mesi24","isPartOf":{"@id":"https:\/\/mesi24.ee\/#website"},"primaryImageOfPage":{"@id":"https:\/\/mesi24.ee\/fi\/toode\/propolissalva-30ml\/#primaryimage"},"image":{"@id":"https:\/\/mesi24.ee\/fi\/toode\/propolissalva-30ml\/#primaryimage"},"thumbnailUrl":"https:\/\/mesi24.ee\/wp-content\/uploads\/2019\/06\/Taruvaigusalv-astelpajuoliga-30ml-2.jpg","datePublished":"2019-06-11T19:02:44+00:00","dateModified":"2024-06-24T07:02:36+00:00","description":"Tyrni\u00f6ljy\u00e4 sis\u00e4lt\u00e4v\u00e4 propolissalva sis\u00e4lt\u00e4\u00e4:propolista, tyrni\u00f6ljy\u00e4, kuusenpihkaa ja mehil\u00e4isvahaa.","breadcrumb":{"@id":"https:\/\/mesi24.ee\/fi\/toode\/propolissalva-30ml\/#breadcrumb"},"inLanguage":"fi","potentialAction":[{"@type":"ReadAction","target":["https:\/\/mesi24.ee\/fi\/toode\/propolissalva-30ml\/"]}]},{"@type":"ImageObject","inLanguage":"fi","@id":"https:\/\/mesi24.ee\/fi\/toode\/propolissalva-30ml\/#primaryimage","url":"https:\/\/mesi24.ee\/wp-content\/uploads\/2019\/06\/Taruvaigusalv-astelpajuoliga-30ml-2.jpg","contentUrl":"https:\/\/mesi24.ee\/wp-content\/uploads\/2019\/06\/Taruvaigusalv-astelpajuoliga-30ml-2.jpg","width":600,"height":600,"caption":"Taruvaigusalv astelpajuoliga 30ml"},{"@type":"BreadcrumbList","@id":"https:\/\/mesi24.ee\/fi\/toode\/propolissalva-30ml\/#breadcrumb","itemListElement":[{"@type":"ListItem","position":1,"name":"Home","item":"https:\/\/mesi24.ee\/fi\/"},{"@type":"ListItem","position":2,"name":"Pood","item":"https:\/\/mesi24.ee\/fi\/pood\/"},{"@type":"ListItem","position":3,"name":"Tyrni\u00f6ljy\u00e4 sis\u00e4lt\u00e4v\u00e4 propolissalva 30 ml"}]},{"@type":"WebSite","@id":"https:\/\/mesi24.ee\/#website","url":"https:\/\/mesi24.ee\/","name":"Mesi24","description":"Mesi, meesegud, meetuubid","publisher":{"@id":"https:\/\/mesi24.ee\/#organization"},"potentialAction":[{"@type":"SearchAction","target":{"@type":"EntryPoint","urlTemplate":"https:\/\/mesi24.ee\/?s={search_term_string}"},"query-input":{"@type":"PropertyValueSpecification","valueRequired":true,"valueName":"search_term_string"}}],"inLanguage":"fi"},{"@type":"Organization","@id":"https:\/\/mesi24.ee\/#organization","name":"O\u00dc Artocarpus","url":"https:\/\/mesi24.ee\/","logo":{"@type":"ImageObject","inLanguage":"fi","@id":"https:\/\/mesi24.ee\/#\/schema\/logo\/image\/","url":"https:\/\/mesi24.ee\/wp-content\/uploads\/2020\/11\/Mesi24.ee-logo.jpg","contentUrl":"https:\/\/mesi24.ee\/wp-content\/uploads\/2020\/11\/Mesi24.ee-logo.jpg","width":250,"height":106,"caption":"O\u00dc Artocarpus"},"image":{"@id":"https:\/\/mesi24.ee\/#\/schema\/logo\/image\/"},"sameAs":["https:\/\/www.facebook.com\/mesi24.ee"]}]}},"_links":{"self":[{"href":"https:\/\/mesi24.ee\/fi\/wp-json\/wp\/v2\/product\/5927","targetHints":{"allow":["GET"]}}],"collection":[{"href":"https:\/\/mesi24.ee\/fi\/wp-json\/wp\/v2\/product"}],"about":[{"href":"https:\/\/mesi24.ee\/fi\/wp-json\/wp\/v2\/types\/product"}],"wp:featuredmedia":[{"embeddable":true,"href":"https:\/\/mesi24.ee\/fi\/wp-json\/wp\/v2\/media\/7387"}],"wp:attachment":[{"href":"https:\/\/mesi24.ee\/fi\/wp-json\/wp\/v2\/media?parent=5927"}],"wp:term":[{"taxonomy":"product_brand","embeddable":true,"href":"https:\/\/mesi24.ee\/fi\/wp-json\/wp\/v2\/product_brand?post=5927"},{"taxonomy":"product_cat","embeddable":true,"href":"https:\/\/mesi24.ee\/fi\/wp-json\/wp\/v2\/product_cat?post=5927"},{"taxonomy":"product_tag","embeddable":true,"href":"https:\/\/mesi24.ee\/fi\/wp-json\/wp\/v2\/product_tag?post=5927"}],"curies":[{"name":"wp","href":"https:\/\/api.w.org\/{rel}","templated":true}]}}