{"id":5925,"date":"2019-06-11T18:09:33","date_gmt":"2019-06-11T18:09:33","guid":{"rendered":"https:\/\/mesi24.ee\/?post_type=product&#038;p=5925"},"modified":"2024-11-30T10:40:42","modified_gmt":"2024-11-30T10:40:42","slug":"propolishunaja-340g","status":"publish","type":"product","link":"https:\/\/mesi24.ee\/fi\/toode\/propolishunaja-340g\/","title":{"rendered":"Propolishunaja 340g"},"content":{"rendered":"<h1>Propolishunaja<\/h1>\n<p>Propolishunaja sis\u00e4lt\u00e4\u00e4 0,3 % propolista. Viimeksi mainittu on luonnon ihme, kuten kaikki muutkin mehil\u00e4ishoitotuotteet. Propolis on mehil\u00e4isyhdyskunnan terveytt\u00e4 yll\u00e4pit\u00e4v\u00e4 ja vahvistava aine, koska sill\u00e4 on voimakas antibakteerinen ja antiseptinen vaikutus ja se tuhoaa pes\u00e4nsis\u00e4isesti mehil\u00e4isyhdyskuntaa vaarantavia bakteereita ja viruksia. Mehil\u00e4iset esimerkiksi palsamoivat syystalvella tai varhain kev\u00e4\u00e4ll\u00e4 pes\u00e4\u00e4n ruokavarkaisiin ry\u00f6mineen tappamansa hiiren ruhon propolisella, jotta m\u00e4d\u00e4ntymisest\u00e4 aiheutuvat infektiot eiv\u00e4t levi\u00e4isi pes\u00e4ss\u00e4.<br \/>\nPropolis on k\u00e4ytetty my\u00f6s kansanl\u00e4\u00e4ketieteen apuv\u00e4lineen\u00e4 vuosituhansia. Se kuului esimerkiksi muinaisten sotilaiden (legioonalaisten) apteekkiin.<br \/>\nPropolishunajaa on hyv\u00e4 ottaa ennaltaehk\u00e4isev\u00e4sti 1 tl p\u00e4iv\u00e4ss\u00e4 puoli tuntia ennen ateriaa tai iltaisin ennen nukkumaanmenoa. S\u00e4ilyt\u00e4 viile\u00e4ss\u00e4 paikassa!<br \/>\nKertoisimme mielell\u00e4mme lis\u00e4\u00e4 propolishunajamme hyvist\u00e4 ominaisuuksista, mutta Viron elintarvikelain 38 \u00a7 perustuen myyj\u00e4n (Mesi24.ee) esitt\u00e4m\u00e4n ruokaa koskevan tiedon on oltava totuudenmukaista, vastattava lains\u00e4\u00e4d\u00e4nn\u00f6ss\u00e4 s\u00e4\u00e4dettyj\u00e4 vaatimuksia eik\u00e4 se saa olla kuluttajaa harhaanjohtavaa, joten mek\u00e4\u00e4n emme voi esitt\u00e4\u00e4 kansanl\u00e4\u00e4ketieteess\u00e4 pitk\u00e4\u00e4n tunnettua tietoa kittivahasta. Siksi suosittelemme kaikkia kiinnostuneita hakemaan lis\u00e4tietoa Googlen v\u00e4lityksell\u00e4 \ud83d\ude09<\/p>\n","protected":false},"excerpt":{"rendered":"<p>Propolishunaja sis\u00e4lt\u00e4\u00e4 0,3 % propolista. Viimeksi mainittu on luonnon ihme, kuten kaikki muutkin mehil\u00e4ishoitotuotteet. Propolista on mehil\u00e4isyhdyskunnan terveytt\u00e4 yll\u00e4pit\u00e4v\u00e4 ja vahvistava aine, koska sill\u00e4 on voimakas antibakteerinen ja antiseptinen vaikutus ja se tuhoaa pes\u00e4nsis\u00e4isesti mehil\u00e4isyhdyskuntaa vaarantavia bakteereita ja viruksia. S\u00e4ilyt\u00e4 viile\u00e4ss\u00e4 paikassa!<\/p>\n<p>Tuubi \u2013 340 g<\/p>\n<p>Kuvituskuva<\/p>\n","protected":false},"featured_media":4322,"template":"","meta":[],"product_brand":[],"product_cat":[71,70],"product_tag":[],"class_list":{"0":"post-5925","1":"product","2":"type-product","3":"status-publish","4":"has-post-thumbnail","6":"product_cat-hunaja-tuubi","7":"product_cat-maustettu-hunaja","9":"first","10":"instock","11":"shipping-taxable","12":"purchasable","13":"product-type-simple"},"yoast_head":"<!-- This site is optimized with the Yoast SEO plugin v27.2 - https:\/\/yoast.com\/product\/yoast-seo-wordpress\/ -->\n<title>Propolishunaja 340g - Mesi24<\/title>\n<meta name=\"description\" content=\"Propolishunaja on luonnon ihme, kuten kaikki muutkin mehil\u00e4ishoitotuotteet. Propolista on mehil\u00e4isyhdyskunnan terveytt\u00e4 yll\u00e4pit\u00e4v\u00e4 ja vahvistava aine, koska sill\u00e4 on voimakas antibakteerinen ja antiseptinen vaikutus ja se tuhoaa pes\u00e4nsis\u00e4isesti mehil\u00e4isyhdyskuntaa vaarantavia bakteereita ja viruksia.\" \/>\n<meta name=\"robots\" content=\"index, follow, max-snippet:-1, max-image-preview:large, max-video-preview:-1\" \/>\n<link rel=\"canonical\" href=\"https:\/\/mesi24.ee\/fi\/toode\/propolishunaja-340g\/\" \/>\n<meta property=\"og:locale\" content=\"fi_FI\" \/>\n<meta property=\"og:type\" content=\"article\" \/>\n<meta property=\"og:title\" content=\"Propolishunaja 340g - Mesi24\" \/>\n<meta property=\"og:description\" content=\"Propolishunaja on luonnon ihme, kuten kaikki muutkin mehil\u00e4ishoitotuotteet. Propolista on mehil\u00e4isyhdyskunnan terveytt\u00e4 yll\u00e4pit\u00e4v\u00e4 ja vahvistava aine, koska sill\u00e4 on voimakas antibakteerinen ja antiseptinen vaikutus ja se tuhoaa pes\u00e4nsis\u00e4isesti mehil\u00e4isyhdyskuntaa vaarantavia bakteereita ja viruksia.\" \/>\n<meta property=\"og:url\" content=\"https:\/\/mesi24.ee\/fi\/toode\/propolishunaja-340g\/\" \/>\n<meta property=\"og:site_name\" content=\"Mesi24\" \/>\n<meta property=\"article:publisher\" content=\"https:\/\/www.facebook.com\/mesi24.ee\" \/>\n<meta property=\"article:modified_time\" content=\"2024-11-30T10:40:42+00:00\" \/>\n<meta property=\"og:image\" content=\"https:\/\/mesi24.ee\/wp-content\/uploads\/2019\/06\/Mesi-taruvaiguga-340g-2.jpg\" \/>\n\t<meta property=\"og:image:width\" content=\"600\" \/>\n\t<meta property=\"og:image:height\" content=\"600\" \/>\n\t<meta property=\"og:image:type\" content=\"image\/jpeg\" \/>\n<meta name=\"twitter:card\" content=\"summary_large_image\" \/>\n<meta name=\"twitter:label1\" content=\"Arvioitu lukuaika\" \/>\n\t<meta name=\"twitter:data1\" content=\"1 minuutti\" \/>\n<script type=\"application\/ld+json\" class=\"yoast-schema-graph\">{\"@context\":\"https:\/\/schema.org\",\"@graph\":[{\"@type\":\"WebPage\",\"@id\":\"https:\/\/mesi24.ee\/fi\/toode\/propolishunaja-340g\/\",\"url\":\"https:\/\/mesi24.ee\/fi\/toode\/propolishunaja-340g\/\",\"name\":\"Propolishunaja 340g - Mesi24\",\"isPartOf\":{\"@id\":\"https:\/\/mesi24.ee\/#website\"},\"primaryImageOfPage\":{\"@id\":\"https:\/\/mesi24.ee\/fi\/toode\/propolishunaja-340g\/#primaryimage\"},\"image\":{\"@id\":\"https:\/\/mesi24.ee\/fi\/toode\/propolishunaja-340g\/#primaryimage\"},\"thumbnailUrl\":\"https:\/\/mesi24.ee\/wp-content\/uploads\/2019\/06\/Mesi-taruvaiguga-340g-2.jpg\",\"datePublished\":\"2019-06-11T18:09:33+00:00\",\"dateModified\":\"2024-11-30T10:40:42+00:00\",\"description\":\"Propolishunaja on luonnon ihme, kuten kaikki muutkin mehil\u00e4ishoitotuotteet. Propolista on mehil\u00e4isyhdyskunnan terveytt\u00e4 yll\u00e4pit\u00e4v\u00e4 ja vahvistava aine, koska sill\u00e4 on voimakas antibakteerinen ja antiseptinen vaikutus ja se tuhoaa pes\u00e4nsis\u00e4isesti mehil\u00e4isyhdyskuntaa vaarantavia bakteereita ja viruksia.\",\"breadcrumb\":{\"@id\":\"https:\/\/mesi24.ee\/fi\/toode\/propolishunaja-340g\/#breadcrumb\"},\"inLanguage\":\"fi\",\"potentialAction\":[{\"@type\":\"ReadAction\",\"target\":[\"https:\/\/mesi24.ee\/fi\/toode\/propolishunaja-340g\/\"]}]},{\"@type\":\"ImageObject\",\"inLanguage\":\"fi\",\"@id\":\"https:\/\/mesi24.ee\/fi\/toode\/propolishunaja-340g\/#primaryimage\",\"url\":\"https:\/\/mesi24.ee\/wp-content\/uploads\/2019\/06\/Mesi-taruvaiguga-340g-2.jpg\",\"contentUrl\":\"https:\/\/mesi24.ee\/wp-content\/uploads\/2019\/06\/Mesi-taruvaiguga-340g-2.jpg\",\"width\":600,\"height\":600,\"caption\":\"Mesi taruvaiguga 340g\"},{\"@type\":\"BreadcrumbList\",\"@id\":\"https:\/\/mesi24.ee\/fi\/toode\/propolishunaja-340g\/#breadcrumb\",\"itemListElement\":[{\"@type\":\"ListItem\",\"position\":1,\"name\":\"Home\",\"item\":\"https:\/\/mesi24.ee\/fi\/\"},{\"@type\":\"ListItem\",\"position\":2,\"name\":\"Pood\",\"item\":\"https:\/\/mesi24.ee\/fi\/pood\/\"},{\"@type\":\"ListItem\",\"position\":3,\"name\":\"Propolishunaja 340g\"}]},{\"@type\":\"WebSite\",\"@id\":\"https:\/\/mesi24.ee\/#website\",\"url\":\"https:\/\/mesi24.ee\/\",\"name\":\"Mesi24\",\"description\":\"Mesi, meesegud, meetuubid\",\"publisher\":{\"@id\":\"https:\/\/mesi24.ee\/#organization\"},\"potentialAction\":[{\"@type\":\"SearchAction\",\"target\":{\"@type\":\"EntryPoint\",\"urlTemplate\":\"https:\/\/mesi24.ee\/?s={search_term_string}\"},\"query-input\":{\"@type\":\"PropertyValueSpecification\",\"valueRequired\":true,\"valueName\":\"search_term_string\"}}],\"inLanguage\":\"fi\"},{\"@type\":\"Organization\",\"@id\":\"https:\/\/mesi24.ee\/#organization\",\"name\":\"O\u00dc Artocarpus\",\"url\":\"https:\/\/mesi24.ee\/\",\"logo\":{\"@type\":\"ImageObject\",\"inLanguage\":\"fi\",\"@id\":\"https:\/\/mesi24.ee\/#\/schema\/logo\/image\/\",\"url\":\"https:\/\/mesi24.ee\/wp-content\/uploads\/2020\/11\/Mesi24.ee-logo.jpg\",\"contentUrl\":\"https:\/\/mesi24.ee\/wp-content\/uploads\/2020\/11\/Mesi24.ee-logo.jpg\",\"width\":250,\"height\":106,\"caption\":\"O\u00dc Artocarpus\"},\"image\":{\"@id\":\"https:\/\/mesi24.ee\/#\/schema\/logo\/image\/\"},\"sameAs\":[\"https:\/\/www.facebook.com\/mesi24.ee\"]}]}<\/script>\n<!-- \/ Yoast SEO plugin. -->","yoast_head_json":{"title":"Propolishunaja 340g - Mesi24","description":"Propolishunaja on luonnon ihme, kuten kaikki muutkin mehil\u00e4ishoitotuotteet. Propolista on mehil\u00e4isyhdyskunnan terveytt\u00e4 yll\u00e4pit\u00e4v\u00e4 ja vahvistava aine, koska sill\u00e4 on voimakas antibakteerinen ja antiseptinen vaikutus ja se tuhoaa pes\u00e4nsis\u00e4isesti mehil\u00e4isyhdyskuntaa vaarantavia bakteereita ja viruksia.","robots":{"index":"index","follow":"follow","max-snippet":"max-snippet:-1","max-image-preview":"max-image-preview:large","max-video-preview":"max-video-preview:-1"},"canonical":"https:\/\/mesi24.ee\/fi\/toode\/propolishunaja-340g\/","og_locale":"fi_FI","og_type":"article","og_title":"Propolishunaja 340g - Mesi24","og_description":"Propolishunaja on luonnon ihme, kuten kaikki muutkin mehil\u00e4ishoitotuotteet. Propolista on mehil\u00e4isyhdyskunnan terveytt\u00e4 yll\u00e4pit\u00e4v\u00e4 ja vahvistava aine, koska sill\u00e4 on voimakas antibakteerinen ja antiseptinen vaikutus ja se tuhoaa pes\u00e4nsis\u00e4isesti mehil\u00e4isyhdyskuntaa vaarantavia bakteereita ja viruksia.","og_url":"https:\/\/mesi24.ee\/fi\/toode\/propolishunaja-340g\/","og_site_name":"Mesi24","article_publisher":"https:\/\/www.facebook.com\/mesi24.ee","article_modified_time":"2024-11-30T10:40:42+00:00","og_image":[{"width":600,"height":600,"url":"https:\/\/mesi24.ee\/wp-content\/uploads\/2019\/06\/Mesi-taruvaiguga-340g-2.jpg","type":"image\/jpeg"}],"twitter_card":"summary_large_image","twitter_misc":{"Arvioitu lukuaika":"1 minuutti"},"schema":{"@context":"https:\/\/schema.org","@graph":[{"@type":"WebPage","@id":"https:\/\/mesi24.ee\/fi\/toode\/propolishunaja-340g\/","url":"https:\/\/mesi24.ee\/fi\/toode\/propolishunaja-340g\/","name":"Propolishunaja 340g - Mesi24","isPartOf":{"@id":"https:\/\/mesi24.ee\/#website"},"primaryImageOfPage":{"@id":"https:\/\/mesi24.ee\/fi\/toode\/propolishunaja-340g\/#primaryimage"},"image":{"@id":"https:\/\/mesi24.ee\/fi\/toode\/propolishunaja-340g\/#primaryimage"},"thumbnailUrl":"https:\/\/mesi24.ee\/wp-content\/uploads\/2019\/06\/Mesi-taruvaiguga-340g-2.jpg","datePublished":"2019-06-11T18:09:33+00:00","dateModified":"2024-11-30T10:40:42+00:00","description":"Propolishunaja on luonnon ihme, kuten kaikki muutkin mehil\u00e4ishoitotuotteet. Propolista on mehil\u00e4isyhdyskunnan terveytt\u00e4 yll\u00e4pit\u00e4v\u00e4 ja vahvistava aine, koska sill\u00e4 on voimakas antibakteerinen ja antiseptinen vaikutus ja se tuhoaa pes\u00e4nsis\u00e4isesti mehil\u00e4isyhdyskuntaa vaarantavia bakteereita ja viruksia.","breadcrumb":{"@id":"https:\/\/mesi24.ee\/fi\/toode\/propolishunaja-340g\/#breadcrumb"},"inLanguage":"fi","potentialAction":[{"@type":"ReadAction","target":["https:\/\/mesi24.ee\/fi\/toode\/propolishunaja-340g\/"]}]},{"@type":"ImageObject","inLanguage":"fi","@id":"https:\/\/mesi24.ee\/fi\/toode\/propolishunaja-340g\/#primaryimage","url":"https:\/\/mesi24.ee\/wp-content\/uploads\/2019\/06\/Mesi-taruvaiguga-340g-2.jpg","contentUrl":"https:\/\/mesi24.ee\/wp-content\/uploads\/2019\/06\/Mesi-taruvaiguga-340g-2.jpg","width":600,"height":600,"caption":"Mesi taruvaiguga 340g"},{"@type":"BreadcrumbList","@id":"https:\/\/mesi24.ee\/fi\/toode\/propolishunaja-340g\/#breadcrumb","itemListElement":[{"@type":"ListItem","position":1,"name":"Home","item":"https:\/\/mesi24.ee\/fi\/"},{"@type":"ListItem","position":2,"name":"Pood","item":"https:\/\/mesi24.ee\/fi\/pood\/"},{"@type":"ListItem","position":3,"name":"Propolishunaja 340g"}]},{"@type":"WebSite","@id":"https:\/\/mesi24.ee\/#website","url":"https:\/\/mesi24.ee\/","name":"Mesi24","description":"Mesi, meesegud, meetuubid","publisher":{"@id":"https:\/\/mesi24.ee\/#organization"},"potentialAction":[{"@type":"SearchAction","target":{"@type":"EntryPoint","urlTemplate":"https:\/\/mesi24.ee\/?s={search_term_string}"},"query-input":{"@type":"PropertyValueSpecification","valueRequired":true,"valueName":"search_term_string"}}],"inLanguage":"fi"},{"@type":"Organization","@id":"https:\/\/mesi24.ee\/#organization","name":"O\u00dc Artocarpus","url":"https:\/\/mesi24.ee\/","logo":{"@type":"ImageObject","inLanguage":"fi","@id":"https:\/\/mesi24.ee\/#\/schema\/logo\/image\/","url":"https:\/\/mesi24.ee\/wp-content\/uploads\/2020\/11\/Mesi24.ee-logo.jpg","contentUrl":"https:\/\/mesi24.ee\/wp-content\/uploads\/2020\/11\/Mesi24.ee-logo.jpg","width":250,"height":106,"caption":"O\u00dc Artocarpus"},"image":{"@id":"https:\/\/mesi24.ee\/#\/schema\/logo\/image\/"},"sameAs":["https:\/\/www.facebook.com\/mesi24.ee"]}]}},"_links":{"self":[{"href":"https:\/\/mesi24.ee\/fi\/wp-json\/wp\/v2\/product\/5925","targetHints":{"allow":["GET"]}}],"collection":[{"href":"https:\/\/mesi24.ee\/fi\/wp-json\/wp\/v2\/product"}],"about":[{"href":"https:\/\/mesi24.ee\/fi\/wp-json\/wp\/v2\/types\/product"}],"wp:featuredmedia":[{"embeddable":true,"href":"https:\/\/mesi24.ee\/fi\/wp-json\/wp\/v2\/media\/4322"}],"wp:attachment":[{"href":"https:\/\/mesi24.ee\/fi\/wp-json\/wp\/v2\/media?parent=5925"}],"wp:term":[{"taxonomy":"product_brand","embeddable":true,"href":"https:\/\/mesi24.ee\/fi\/wp-json\/wp\/v2\/product_brand?post=5925"},{"taxonomy":"product_cat","embeddable":true,"href":"https:\/\/mesi24.ee\/fi\/wp-json\/wp\/v2\/product_cat?post=5925"},{"taxonomy":"product_tag","embeddable":true,"href":"https:\/\/mesi24.ee\/fi\/wp-json\/wp\/v2\/product_tag?post=5925"}],"curies":[{"name":"wp","href":"https:\/\/api.w.org\/{rel}","templated":true}]}}