{"id":5921,"date":"2019-10-05T10:56:49","date_gmt":"2019-10-05T10:56:49","guid":{"rendered":"https:\/\/mesi24.ee\/?post_type=product&#038;p=5921"},"modified":"2025-10-23T19:52:41","modified_gmt":"2025-10-23T19:52:41","slug":"sitruunahunaja-300g","status":"publish","type":"product","link":"https:\/\/mesi24.ee\/fi\/toode\/sitruunahunaja-300g\/","title":{"rendered":"Sitruunahunaja 300g"},"content":{"rendered":"<h1>Sitruunahunaja<\/h1>\n<p>C-vitamiinin l\u00e4hde, tunnettu elimist\u00f6n vahvistaja. Sis\u00e4lt\u00e4\u00e4 pakastekuivattua ja jauhettua sitruunaa. Hyv\u00e4 ja terveellinen herkku lapsille ja aikuisille. Maultaan mieto ja herkullinen.<\/p>\n","protected":false},"excerpt":{"rendered":"<p>C-vitamiinin l\u00e4hde, tunnettu elimist\u00f6n vahvistaja. Sis\u00e4lt\u00e4\u00e4 pakastekuivattua ja jauhettua sitruunaa. Hyv\u00e4 ja terveellinen herkku lapsille ja aikuisille. Maultaan mieto ja herkullinen.<\/p>\n<p>Lasipurkki \u2013 300 g<\/p>\n<p>Kuvituskuva<\/p>\n","protected":false},"featured_media":3065,"template":"","meta":[],"product_brand":[],"product_cat":[70],"product_tag":[],"class_list":{"0":"post-5921","1":"product","2":"type-product","3":"status-publish","4":"has-post-thumbnail","6":"product_cat-maustettu-hunaja","8":"first","9":"outofstock","10":"shipping-taxable","11":"purchasable","12":"product-type-simple"},"yoast_head":"<!-- This site is optimized with the Yoast SEO plugin v27.2 - https:\/\/yoast.com\/product\/yoast-seo-wordpress\/ -->\n<title>Sitruunahunaja 300g - Mesi24<\/title>\n<meta name=\"description\" content=\"C-vitamiinin l\u00e4hde, tunnettu elimist\u00f6n vahvistaja. Sis\u00e4lt\u00e4\u00e4 pakastekuivattua ja jauhettua sitruunaa. Hyv\u00e4 ja terveellinen herkku lapsille ja aikuisille. Maultaan mieto ja herkullinen.\" \/>\n<meta name=\"robots\" content=\"index, follow, max-snippet:-1, max-image-preview:large, max-video-preview:-1\" \/>\n<link rel=\"canonical\" href=\"https:\/\/mesi24.ee\/toode\/mesi-sidruniga-300g\/\" \/>\n<meta property=\"og:locale\" content=\"fi_FI\" \/>\n<meta property=\"og:type\" content=\"article\" \/>\n<meta property=\"og:title\" content=\"Sitruunahunaja 300g - Mesi24\" \/>\n<meta property=\"og:description\" content=\"C-vitamiinin l\u00e4hde, tunnettu elimist\u00f6n vahvistaja. Sis\u00e4lt\u00e4\u00e4 pakastekuivattua ja jauhettua sitruunaa. Hyv\u00e4 ja terveellinen herkku lapsille ja aikuisille. Maultaan mieto ja herkullinen.\" \/>\n<meta property=\"og:url\" content=\"https:\/\/mesi24.ee\/toode\/mesi-sidruniga-300g\/\" \/>\n<meta property=\"og:site_name\" content=\"Mesi24\" \/>\n<meta property=\"article:publisher\" content=\"https:\/\/www.facebook.com\/mesi24.ee\" \/>\n<meta property=\"article:modified_time\" content=\"2025-10-23T19:52:41+00:00\" \/>\n<meta property=\"og:image\" content=\"https:\/\/mesi24.ee\/wp-content\/uploads\/2019\/10\/Mesi-sidruniga-300g.jpg\" \/>\n\t<meta property=\"og:image:width\" content=\"600\" \/>\n\t<meta property=\"og:image:height\" content=\"600\" \/>\n\t<meta property=\"og:image:type\" content=\"image\/jpeg\" \/>\n<meta name=\"twitter:card\" content=\"summary_large_image\" \/>\n<meta name=\"twitter:label1\" content=\"Arvioitu lukuaika\" \/>\n\t<meta name=\"twitter:data1\" content=\"1 minuutti\" \/>\n<script type=\"application\/ld+json\" class=\"yoast-schema-graph\">{\"@context\":\"https:\/\/schema.org\",\"@graph\":[{\"@type\":\"WebPage\",\"@id\":\"https:\/\/mesi24.ee\/toode\/mesi-sidruniga-300g\/\",\"url\":\"https:\/\/mesi24.ee\/toode\/mesi-sidruniga-300g\/\",\"name\":\"Sitruunahunaja 300g - Mesi24\",\"isPartOf\":{\"@id\":\"https:\/\/mesi24.ee\/#website\"},\"primaryImageOfPage\":{\"@id\":\"https:\/\/mesi24.ee\/toode\/mesi-sidruniga-300g\/#primaryimage\"},\"image\":{\"@id\":\"https:\/\/mesi24.ee\/toode\/mesi-sidruniga-300g\/#primaryimage\"},\"thumbnailUrl\":\"https:\/\/mesi24.ee\/wp-content\/uploads\/2019\/10\/Mesi-sidruniga-300g.jpg\",\"datePublished\":\"2019-10-05T10:56:49+00:00\",\"dateModified\":\"2025-10-23T19:52:41+00:00\",\"description\":\"C-vitamiinin l\u00e4hde, tunnettu elimist\u00f6n vahvistaja. Sis\u00e4lt\u00e4\u00e4 pakastekuivattua ja jauhettua sitruunaa. Hyv\u00e4 ja terveellinen herkku lapsille ja aikuisille. Maultaan mieto ja herkullinen.\",\"breadcrumb\":{\"@id\":\"https:\/\/mesi24.ee\/toode\/mesi-sidruniga-300g\/#breadcrumb\"},\"inLanguage\":\"fi\",\"potentialAction\":[{\"@type\":\"ReadAction\",\"target\":[\"https:\/\/mesi24.ee\/toode\/mesi-sidruniga-300g\/\"]}]},{\"@type\":\"ImageObject\",\"inLanguage\":\"fi\",\"@id\":\"https:\/\/mesi24.ee\/toode\/mesi-sidruniga-300g\/#primaryimage\",\"url\":\"https:\/\/mesi24.ee\/wp-content\/uploads\/2019\/10\/Mesi-sidruniga-300g.jpg\",\"contentUrl\":\"https:\/\/mesi24.ee\/wp-content\/uploads\/2019\/10\/Mesi-sidruniga-300g.jpg\",\"width\":600,\"height\":600,\"caption\":\"Mesi sidruniga 300g\"},{\"@type\":\"BreadcrumbList\",\"@id\":\"https:\/\/mesi24.ee\/toode\/mesi-sidruniga-300g\/#breadcrumb\",\"itemListElement\":[{\"@type\":\"ListItem\",\"position\":1,\"name\":\"Home\",\"item\":\"https:\/\/mesi24.ee\/fi\/\"},{\"@type\":\"ListItem\",\"position\":2,\"name\":\"Pood\",\"item\":\"https:\/\/mesi24.ee\/fi\/pood\/\"},{\"@type\":\"ListItem\",\"position\":3,\"name\":\"Sitruunahunaja 300g\"}]},{\"@type\":\"WebSite\",\"@id\":\"https:\/\/mesi24.ee\/#website\",\"url\":\"https:\/\/mesi24.ee\/\",\"name\":\"Mesi24\",\"description\":\"Mesi, meesegud, meetuubid\",\"publisher\":{\"@id\":\"https:\/\/mesi24.ee\/#organization\"},\"potentialAction\":[{\"@type\":\"SearchAction\",\"target\":{\"@type\":\"EntryPoint\",\"urlTemplate\":\"https:\/\/mesi24.ee\/?s={search_term_string}\"},\"query-input\":{\"@type\":\"PropertyValueSpecification\",\"valueRequired\":true,\"valueName\":\"search_term_string\"}}],\"inLanguage\":\"fi\"},{\"@type\":\"Organization\",\"@id\":\"https:\/\/mesi24.ee\/#organization\",\"name\":\"O\u00dc Artocarpus\",\"url\":\"https:\/\/mesi24.ee\/\",\"logo\":{\"@type\":\"ImageObject\",\"inLanguage\":\"fi\",\"@id\":\"https:\/\/mesi24.ee\/#\/schema\/logo\/image\/\",\"url\":\"https:\/\/mesi24.ee\/wp-content\/uploads\/2020\/11\/Mesi24.ee-logo.jpg\",\"contentUrl\":\"https:\/\/mesi24.ee\/wp-content\/uploads\/2020\/11\/Mesi24.ee-logo.jpg\",\"width\":250,\"height\":106,\"caption\":\"O\u00dc Artocarpus\"},\"image\":{\"@id\":\"https:\/\/mesi24.ee\/#\/schema\/logo\/image\/\"},\"sameAs\":[\"https:\/\/www.facebook.com\/mesi24.ee\"]}]}<\/script>\n<!-- \/ Yoast SEO plugin. -->","yoast_head_json":{"title":"Sitruunahunaja 300g - Mesi24","description":"C-vitamiinin l\u00e4hde, tunnettu elimist\u00f6n vahvistaja. Sis\u00e4lt\u00e4\u00e4 pakastekuivattua ja jauhettua sitruunaa. Hyv\u00e4 ja terveellinen herkku lapsille ja aikuisille. Maultaan mieto ja herkullinen.","robots":{"index":"index","follow":"follow","max-snippet":"max-snippet:-1","max-image-preview":"max-image-preview:large","max-video-preview":"max-video-preview:-1"},"canonical":"https:\/\/mesi24.ee\/toode\/mesi-sidruniga-300g\/","og_locale":"fi_FI","og_type":"article","og_title":"Sitruunahunaja 300g - Mesi24","og_description":"C-vitamiinin l\u00e4hde, tunnettu elimist\u00f6n vahvistaja. Sis\u00e4lt\u00e4\u00e4 pakastekuivattua ja jauhettua sitruunaa. Hyv\u00e4 ja terveellinen herkku lapsille ja aikuisille. Maultaan mieto ja herkullinen.","og_url":"https:\/\/mesi24.ee\/toode\/mesi-sidruniga-300g\/","og_site_name":"Mesi24","article_publisher":"https:\/\/www.facebook.com\/mesi24.ee","article_modified_time":"2025-10-23T19:52:41+00:00","og_image":[{"width":600,"height":600,"url":"https:\/\/mesi24.ee\/wp-content\/uploads\/2019\/10\/Mesi-sidruniga-300g.jpg","type":"image\/jpeg"}],"twitter_card":"summary_large_image","twitter_misc":{"Arvioitu lukuaika":"1 minuutti"},"schema":{"@context":"https:\/\/schema.org","@graph":[{"@type":"WebPage","@id":"https:\/\/mesi24.ee\/toode\/mesi-sidruniga-300g\/","url":"https:\/\/mesi24.ee\/toode\/mesi-sidruniga-300g\/","name":"Sitruunahunaja 300g - Mesi24","isPartOf":{"@id":"https:\/\/mesi24.ee\/#website"},"primaryImageOfPage":{"@id":"https:\/\/mesi24.ee\/toode\/mesi-sidruniga-300g\/#primaryimage"},"image":{"@id":"https:\/\/mesi24.ee\/toode\/mesi-sidruniga-300g\/#primaryimage"},"thumbnailUrl":"https:\/\/mesi24.ee\/wp-content\/uploads\/2019\/10\/Mesi-sidruniga-300g.jpg","datePublished":"2019-10-05T10:56:49+00:00","dateModified":"2025-10-23T19:52:41+00:00","description":"C-vitamiinin l\u00e4hde, tunnettu elimist\u00f6n vahvistaja. Sis\u00e4lt\u00e4\u00e4 pakastekuivattua ja jauhettua sitruunaa. Hyv\u00e4 ja terveellinen herkku lapsille ja aikuisille. Maultaan mieto ja herkullinen.","breadcrumb":{"@id":"https:\/\/mesi24.ee\/toode\/mesi-sidruniga-300g\/#breadcrumb"},"inLanguage":"fi","potentialAction":[{"@type":"ReadAction","target":["https:\/\/mesi24.ee\/toode\/mesi-sidruniga-300g\/"]}]},{"@type":"ImageObject","inLanguage":"fi","@id":"https:\/\/mesi24.ee\/toode\/mesi-sidruniga-300g\/#primaryimage","url":"https:\/\/mesi24.ee\/wp-content\/uploads\/2019\/10\/Mesi-sidruniga-300g.jpg","contentUrl":"https:\/\/mesi24.ee\/wp-content\/uploads\/2019\/10\/Mesi-sidruniga-300g.jpg","width":600,"height":600,"caption":"Mesi sidruniga 300g"},{"@type":"BreadcrumbList","@id":"https:\/\/mesi24.ee\/toode\/mesi-sidruniga-300g\/#breadcrumb","itemListElement":[{"@type":"ListItem","position":1,"name":"Home","item":"https:\/\/mesi24.ee\/fi\/"},{"@type":"ListItem","position":2,"name":"Pood","item":"https:\/\/mesi24.ee\/fi\/pood\/"},{"@type":"ListItem","position":3,"name":"Sitruunahunaja 300g"}]},{"@type":"WebSite","@id":"https:\/\/mesi24.ee\/#website","url":"https:\/\/mesi24.ee\/","name":"Mesi24","description":"Mesi, meesegud, meetuubid","publisher":{"@id":"https:\/\/mesi24.ee\/#organization"},"potentialAction":[{"@type":"SearchAction","target":{"@type":"EntryPoint","urlTemplate":"https:\/\/mesi24.ee\/?s={search_term_string}"},"query-input":{"@type":"PropertyValueSpecification","valueRequired":true,"valueName":"search_term_string"}}],"inLanguage":"fi"},{"@type":"Organization","@id":"https:\/\/mesi24.ee\/#organization","name":"O\u00dc Artocarpus","url":"https:\/\/mesi24.ee\/","logo":{"@type":"ImageObject","inLanguage":"fi","@id":"https:\/\/mesi24.ee\/#\/schema\/logo\/image\/","url":"https:\/\/mesi24.ee\/wp-content\/uploads\/2020\/11\/Mesi24.ee-logo.jpg","contentUrl":"https:\/\/mesi24.ee\/wp-content\/uploads\/2020\/11\/Mesi24.ee-logo.jpg","width":250,"height":106,"caption":"O\u00dc Artocarpus"},"image":{"@id":"https:\/\/mesi24.ee\/#\/schema\/logo\/image\/"},"sameAs":["https:\/\/www.facebook.com\/mesi24.ee"]}]}},"_links":{"self":[{"href":"https:\/\/mesi24.ee\/fi\/wp-json\/wp\/v2\/product\/5921","targetHints":{"allow":["GET"]}}],"collection":[{"href":"https:\/\/mesi24.ee\/fi\/wp-json\/wp\/v2\/product"}],"about":[{"href":"https:\/\/mesi24.ee\/fi\/wp-json\/wp\/v2\/types\/product"}],"wp:featuredmedia":[{"embeddable":true,"href":"https:\/\/mesi24.ee\/fi\/wp-json\/wp\/v2\/media\/3065"}],"wp:attachment":[{"href":"https:\/\/mesi24.ee\/fi\/wp-json\/wp\/v2\/media?parent=5921"}],"wp:term":[{"taxonomy":"product_brand","embeddable":true,"href":"https:\/\/mesi24.ee\/fi\/wp-json\/wp\/v2\/product_brand?post=5921"},{"taxonomy":"product_cat","embeddable":true,"href":"https:\/\/mesi24.ee\/fi\/wp-json\/wp\/v2\/product_cat?post=5921"},{"taxonomy":"product_tag","embeddable":true,"href":"https:\/\/mesi24.ee\/fi\/wp-json\/wp\/v2\/product_tag?post=5921"}],"curies":[{"name":"wp","href":"https:\/\/api.w.org\/{rel}","templated":true}]}}