{"id":5920,"date":"2019-06-13T17:09:24","date_gmt":"2019-06-13T17:09:24","guid":{"rendered":"https:\/\/mesi24.ee\/?post_type=product&#038;p=5920"},"modified":"2024-04-07T19:07:59","modified_gmt":"2024-04-07T19:07:59","slug":"minttuhunaja-300g","status":"publish","type":"product","link":"https:\/\/mesi24.ee\/fi\/toode\/minttuhunaja-300g\/","title":{"rendered":"Minttuhunaja 300g"},"content":{"rendered":"<h1>Minttuhunaja<\/h1>\n<p>Sis\u00e4lt\u00e4\u00e4 hunajaa ja 1 % kuivattua ja jauhettua piparminttua.<br \/>\nPiparminttu on ollut arvostettu l\u00e4\u00e4kekasvi vuosituhansien ajan. Siit\u00e4 on l\u00f6ydetty j\u00e4lki\u00e4 jopa Egyptin pyramideista, jotka viev\u00e4t vuoteen 1600 eKr. Muinaisina aikoina minttu oli monessa paikassa niin arvokasta, ett\u00e4 sit\u00e4 k\u00e4ytettiin my\u00f6s tavaroista maksamiseen.<br \/>\nPiparmintulle antavat arvoa l\u00e4hinn\u00e4 sen sis\u00e4lt\u00e4m\u00e4t hyv\u00e4n tuoksun ja maun antavat eteeriset \u00f6ljyt. Useiden vitamiinien ja kivenn\u00e4isaineiden lis\u00e4ksi se sis\u00e4lt\u00e4\u00e4 my\u00f6s A-provitamiinia sek\u00e4 karoteenia.<br \/>\nKertoisimme mielell\u00e4mme lis\u00e4\u00e4 piparmintun ja hunajan hyvist\u00e4 ominaisuuksista, mutta Viron elintarvikelain 38 \u00a7 perustuen myyj\u00e4n (Mesi24.ee) esitt\u00e4m\u00e4n ruokaa koskevan tiedon on oltava totuudenmukaista, vastattava lains\u00e4\u00e4d\u00e4nn\u00f6ss\u00e4 s\u00e4\u00e4dettyj\u00e4 vaatimuksia eik\u00e4 se saa olla kuluttajaa harhaanjohtavaa, joten mek\u00e4\u00e4n emme voi esitt\u00e4\u00e4 kansanl\u00e4\u00e4ketieteess\u00e4 pitk\u00e4\u00e4n tunnettua tietoa piparmintusta. Siksi suosittelemme kaikkia kiinnostuneita hakemaan lis\u00e4tietoa Googlen v\u00e4lityksell\u00e4 \ud83d\ude09<\/p>\n","protected":false},"excerpt":{"rendered":"<p>Piparminttu on ollut arvostettu l\u00e4\u00e4kekasvi vuosituhansien ajan. Siit\u00e4 on l\u00f6ydetty j\u00e4lki\u00e4 jopa Egyptin pyramideista, jotka viev\u00e4t vuoteen 1600 eKr. Tuotteessamme on miellytt\u00e4v\u00e4 piparmintun maku. Sopii hyvin piparminttuteen sekaan vahvistamaan makua entisest\u00e4\u00e4n. Piparminttuhunaja sopii hyvin my\u00f6s sellaisenaan herkutteluun.<\/p>\n<p>Lasipurkki \u2013 300 g.<\/p>\n<p>Kuvituskuva.<\/p>\n","protected":false},"featured_media":4302,"template":"","meta":[],"product_brand":[],"product_cat":[70],"product_tag":[],"class_list":{"0":"post-5920","1":"product","2":"type-product","3":"status-publish","4":"has-post-thumbnail","6":"product_cat-maustettu-hunaja","8":"first","9":"outofstock","10":"shipping-taxable","11":"purchasable","12":"product-type-simple"},"yoast_head":"<!-- This site is optimized with the Yoast SEO plugin v27.2 - https:\/\/yoast.com\/product\/yoast-seo-wordpress\/ -->\n<title>Minttuhunaja 300g - Mesi24<\/title>\n<meta name=\"description\" content=\"Tuotteessamme on miellytt\u00e4v\u00e4 piparmintun maku. Sopii hyvin piparminttuteen sekaan vahvistamaan makua entisest\u00e4\u00e4n. Piparminttuhunaja sopii hyvin my\u00f6s sellaisenaan herkutteluun.\" \/>\n<meta name=\"robots\" content=\"index, follow, max-snippet:-1, max-image-preview:large, max-video-preview:-1\" \/>\n<link rel=\"canonical\" href=\"https:\/\/mesi24.ee\/toode\/mesi-piparmundiga-300g-kopeeri\/\" \/>\n<meta property=\"og:locale\" content=\"fi_FI\" \/>\n<meta property=\"og:type\" content=\"article\" \/>\n<meta property=\"og:title\" content=\"Minttuhunaja 300g - Mesi24\" \/>\n<meta property=\"og:description\" content=\"Tuotteessamme on miellytt\u00e4v\u00e4 piparmintun maku. Sopii hyvin piparminttuteen sekaan vahvistamaan makua entisest\u00e4\u00e4n. Piparminttuhunaja sopii hyvin my\u00f6s sellaisenaan herkutteluun.\" \/>\n<meta property=\"og:url\" content=\"https:\/\/mesi24.ee\/toode\/mesi-piparmundiga-300g-kopeeri\/\" \/>\n<meta property=\"og:site_name\" content=\"Mesi24\" \/>\n<meta property=\"article:publisher\" content=\"https:\/\/www.facebook.com\/mesi24.ee\" \/>\n<meta property=\"article:modified_time\" content=\"2024-04-07T19:07:59+00:00\" \/>\n<meta property=\"og:image\" content=\"https:\/\/mesi24.ee\/wp-content\/uploads\/2019\/06\/Mesi-piparmyndiga-300g.jpg\" \/>\n\t<meta property=\"og:image:width\" content=\"600\" \/>\n\t<meta property=\"og:image:height\" content=\"600\" \/>\n\t<meta property=\"og:image:type\" content=\"image\/jpeg\" \/>\n<meta name=\"twitter:card\" content=\"summary_large_image\" \/>\n<meta name=\"twitter:label1\" content=\"Arvioitu lukuaika\" \/>\n\t<meta name=\"twitter:data1\" content=\"1 minuutti\" \/>\n<script type=\"application\/ld+json\" class=\"yoast-schema-graph\">{\"@context\":\"https:\/\/schema.org\",\"@graph\":[{\"@type\":\"WebPage\",\"@id\":\"https:\/\/mesi24.ee\/toode\/mesi-piparmundiga-300g-kopeeri\/\",\"url\":\"https:\/\/mesi24.ee\/toode\/mesi-piparmundiga-300g-kopeeri\/\",\"name\":\"Minttuhunaja 300g - Mesi24\",\"isPartOf\":{\"@id\":\"https:\/\/mesi24.ee\/#website\"},\"primaryImageOfPage\":{\"@id\":\"https:\/\/mesi24.ee\/toode\/mesi-piparmundiga-300g-kopeeri\/#primaryimage\"},\"image\":{\"@id\":\"https:\/\/mesi24.ee\/toode\/mesi-piparmundiga-300g-kopeeri\/#primaryimage\"},\"thumbnailUrl\":\"https:\/\/mesi24.ee\/wp-content\/uploads\/2019\/06\/Mesi-piparmyndiga-300g.jpg\",\"datePublished\":\"2019-06-13T17:09:24+00:00\",\"dateModified\":\"2024-04-07T19:07:59+00:00\",\"description\":\"Tuotteessamme on miellytt\u00e4v\u00e4 piparmintun maku. Sopii hyvin piparminttuteen sekaan vahvistamaan makua entisest\u00e4\u00e4n. Piparminttuhunaja sopii hyvin my\u00f6s sellaisenaan herkutteluun.\",\"breadcrumb\":{\"@id\":\"https:\/\/mesi24.ee\/toode\/mesi-piparmundiga-300g-kopeeri\/#breadcrumb\"},\"inLanguage\":\"fi\",\"potentialAction\":[{\"@type\":\"ReadAction\",\"target\":[\"https:\/\/mesi24.ee\/toode\/mesi-piparmundiga-300g-kopeeri\/\"]}]},{\"@type\":\"ImageObject\",\"inLanguage\":\"fi\",\"@id\":\"https:\/\/mesi24.ee\/toode\/mesi-piparmundiga-300g-kopeeri\/#primaryimage\",\"url\":\"https:\/\/mesi24.ee\/wp-content\/uploads\/2019\/06\/Mesi-piparmyndiga-300g.jpg\",\"contentUrl\":\"https:\/\/mesi24.ee\/wp-content\/uploads\/2019\/06\/Mesi-piparmyndiga-300g.jpg\",\"width\":600,\"height\":600,\"caption\":\"Mesi piparm\u00fcndiga 300g\"},{\"@type\":\"BreadcrumbList\",\"@id\":\"https:\/\/mesi24.ee\/toode\/mesi-piparmundiga-300g-kopeeri\/#breadcrumb\",\"itemListElement\":[{\"@type\":\"ListItem\",\"position\":1,\"name\":\"Home\",\"item\":\"https:\/\/mesi24.ee\/fi\/\"},{\"@type\":\"ListItem\",\"position\":2,\"name\":\"Pood\",\"item\":\"https:\/\/mesi24.ee\/fi\/pood\/\"},{\"@type\":\"ListItem\",\"position\":3,\"name\":\"Minttuhunaja 300g\"}]},{\"@type\":\"WebSite\",\"@id\":\"https:\/\/mesi24.ee\/#website\",\"url\":\"https:\/\/mesi24.ee\/\",\"name\":\"Mesi24\",\"description\":\"Mesi, meesegud, meetuubid\",\"publisher\":{\"@id\":\"https:\/\/mesi24.ee\/#organization\"},\"potentialAction\":[{\"@type\":\"SearchAction\",\"target\":{\"@type\":\"EntryPoint\",\"urlTemplate\":\"https:\/\/mesi24.ee\/?s={search_term_string}\"},\"query-input\":{\"@type\":\"PropertyValueSpecification\",\"valueRequired\":true,\"valueName\":\"search_term_string\"}}],\"inLanguage\":\"fi\"},{\"@type\":\"Organization\",\"@id\":\"https:\/\/mesi24.ee\/#organization\",\"name\":\"O\u00dc Artocarpus\",\"url\":\"https:\/\/mesi24.ee\/\",\"logo\":{\"@type\":\"ImageObject\",\"inLanguage\":\"fi\",\"@id\":\"https:\/\/mesi24.ee\/#\/schema\/logo\/image\/\",\"url\":\"https:\/\/mesi24.ee\/wp-content\/uploads\/2020\/11\/Mesi24.ee-logo.jpg\",\"contentUrl\":\"https:\/\/mesi24.ee\/wp-content\/uploads\/2020\/11\/Mesi24.ee-logo.jpg\",\"width\":250,\"height\":106,\"caption\":\"O\u00dc Artocarpus\"},\"image\":{\"@id\":\"https:\/\/mesi24.ee\/#\/schema\/logo\/image\/\"},\"sameAs\":[\"https:\/\/www.facebook.com\/mesi24.ee\"]}]}<\/script>\n<!-- \/ Yoast SEO plugin. -->","yoast_head_json":{"title":"Minttuhunaja 300g - Mesi24","description":"Tuotteessamme on miellytt\u00e4v\u00e4 piparmintun maku. Sopii hyvin piparminttuteen sekaan vahvistamaan makua entisest\u00e4\u00e4n. Piparminttuhunaja sopii hyvin my\u00f6s sellaisenaan herkutteluun.","robots":{"index":"index","follow":"follow","max-snippet":"max-snippet:-1","max-image-preview":"max-image-preview:large","max-video-preview":"max-video-preview:-1"},"canonical":"https:\/\/mesi24.ee\/toode\/mesi-piparmundiga-300g-kopeeri\/","og_locale":"fi_FI","og_type":"article","og_title":"Minttuhunaja 300g - Mesi24","og_description":"Tuotteessamme on miellytt\u00e4v\u00e4 piparmintun maku. Sopii hyvin piparminttuteen sekaan vahvistamaan makua entisest\u00e4\u00e4n. Piparminttuhunaja sopii hyvin my\u00f6s sellaisenaan herkutteluun.","og_url":"https:\/\/mesi24.ee\/toode\/mesi-piparmundiga-300g-kopeeri\/","og_site_name":"Mesi24","article_publisher":"https:\/\/www.facebook.com\/mesi24.ee","article_modified_time":"2024-04-07T19:07:59+00:00","og_image":[{"width":600,"height":600,"url":"https:\/\/mesi24.ee\/wp-content\/uploads\/2019\/06\/Mesi-piparmyndiga-300g.jpg","type":"image\/jpeg"}],"twitter_card":"summary_large_image","twitter_misc":{"Arvioitu lukuaika":"1 minuutti"},"schema":{"@context":"https:\/\/schema.org","@graph":[{"@type":"WebPage","@id":"https:\/\/mesi24.ee\/toode\/mesi-piparmundiga-300g-kopeeri\/","url":"https:\/\/mesi24.ee\/toode\/mesi-piparmundiga-300g-kopeeri\/","name":"Minttuhunaja 300g - Mesi24","isPartOf":{"@id":"https:\/\/mesi24.ee\/#website"},"primaryImageOfPage":{"@id":"https:\/\/mesi24.ee\/toode\/mesi-piparmundiga-300g-kopeeri\/#primaryimage"},"image":{"@id":"https:\/\/mesi24.ee\/toode\/mesi-piparmundiga-300g-kopeeri\/#primaryimage"},"thumbnailUrl":"https:\/\/mesi24.ee\/wp-content\/uploads\/2019\/06\/Mesi-piparmyndiga-300g.jpg","datePublished":"2019-06-13T17:09:24+00:00","dateModified":"2024-04-07T19:07:59+00:00","description":"Tuotteessamme on miellytt\u00e4v\u00e4 piparmintun maku. Sopii hyvin piparminttuteen sekaan vahvistamaan makua entisest\u00e4\u00e4n. Piparminttuhunaja sopii hyvin my\u00f6s sellaisenaan herkutteluun.","breadcrumb":{"@id":"https:\/\/mesi24.ee\/toode\/mesi-piparmundiga-300g-kopeeri\/#breadcrumb"},"inLanguage":"fi","potentialAction":[{"@type":"ReadAction","target":["https:\/\/mesi24.ee\/toode\/mesi-piparmundiga-300g-kopeeri\/"]}]},{"@type":"ImageObject","inLanguage":"fi","@id":"https:\/\/mesi24.ee\/toode\/mesi-piparmundiga-300g-kopeeri\/#primaryimage","url":"https:\/\/mesi24.ee\/wp-content\/uploads\/2019\/06\/Mesi-piparmyndiga-300g.jpg","contentUrl":"https:\/\/mesi24.ee\/wp-content\/uploads\/2019\/06\/Mesi-piparmyndiga-300g.jpg","width":600,"height":600,"caption":"Mesi piparm\u00fcndiga 300g"},{"@type":"BreadcrumbList","@id":"https:\/\/mesi24.ee\/toode\/mesi-piparmundiga-300g-kopeeri\/#breadcrumb","itemListElement":[{"@type":"ListItem","position":1,"name":"Home","item":"https:\/\/mesi24.ee\/fi\/"},{"@type":"ListItem","position":2,"name":"Pood","item":"https:\/\/mesi24.ee\/fi\/pood\/"},{"@type":"ListItem","position":3,"name":"Minttuhunaja 300g"}]},{"@type":"WebSite","@id":"https:\/\/mesi24.ee\/#website","url":"https:\/\/mesi24.ee\/","name":"Mesi24","description":"Mesi, meesegud, meetuubid","publisher":{"@id":"https:\/\/mesi24.ee\/#organization"},"potentialAction":[{"@type":"SearchAction","target":{"@type":"EntryPoint","urlTemplate":"https:\/\/mesi24.ee\/?s={search_term_string}"},"query-input":{"@type":"PropertyValueSpecification","valueRequired":true,"valueName":"search_term_string"}}],"inLanguage":"fi"},{"@type":"Organization","@id":"https:\/\/mesi24.ee\/#organization","name":"O\u00dc Artocarpus","url":"https:\/\/mesi24.ee\/","logo":{"@type":"ImageObject","inLanguage":"fi","@id":"https:\/\/mesi24.ee\/#\/schema\/logo\/image\/","url":"https:\/\/mesi24.ee\/wp-content\/uploads\/2020\/11\/Mesi24.ee-logo.jpg","contentUrl":"https:\/\/mesi24.ee\/wp-content\/uploads\/2020\/11\/Mesi24.ee-logo.jpg","width":250,"height":106,"caption":"O\u00dc Artocarpus"},"image":{"@id":"https:\/\/mesi24.ee\/#\/schema\/logo\/image\/"},"sameAs":["https:\/\/www.facebook.com\/mesi24.ee"]}]}},"_links":{"self":[{"href":"https:\/\/mesi24.ee\/fi\/wp-json\/wp\/v2\/product\/5920","targetHints":{"allow":["GET"]}}],"collection":[{"href":"https:\/\/mesi24.ee\/fi\/wp-json\/wp\/v2\/product"}],"about":[{"href":"https:\/\/mesi24.ee\/fi\/wp-json\/wp\/v2\/types\/product"}],"wp:featuredmedia":[{"embeddable":true,"href":"https:\/\/mesi24.ee\/fi\/wp-json\/wp\/v2\/media\/4302"}],"wp:attachment":[{"href":"https:\/\/mesi24.ee\/fi\/wp-json\/wp\/v2\/media?parent=5920"}],"wp:term":[{"taxonomy":"product_brand","embeddable":true,"href":"https:\/\/mesi24.ee\/fi\/wp-json\/wp\/v2\/product_brand?post=5920"},{"taxonomy":"product_cat","embeddable":true,"href":"https:\/\/mesi24.ee\/fi\/wp-json\/wp\/v2\/product_cat?post=5920"},{"taxonomy":"product_tag","embeddable":true,"href":"https:\/\/mesi24.ee\/fi\/wp-json\/wp\/v2\/product_tag?post=5920"}],"curies":[{"name":"wp","href":"https:\/\/api.w.org\/{rel}","templated":true}]}}