{"id":5918,"date":"2019-06-10T18:31:15","date_gmt":"2019-06-10T18:31:15","guid":{"rendered":"https:\/\/mesi24.ee\/?post_type=product&#038;p=5918"},"modified":"2022-02-09T14:51:13","modified_gmt":"2022-02-09T14:51:13","slug":"kanelihunaja-105g","status":"publish","type":"product","link":"https:\/\/mesi24.ee\/fi\/toode\/kanelihunaja-105g\/","title":{"rendered":"Kanelihunaja 105g"},"content":{"rendered":"<h1>Kanelihunaja<\/h1>\n<p>Kyseinen tuote on herkullinen sekoitus hunajasta ja kanelista. Kanelia on k\u00e4ytetty vuosituhansia laajasti er\u00e4\u00e4n\u00e4 maailman parhaista mausteista. Asiakkaiden palautteen perusteella voimme sanoa, ett\u00e4 kanelihunaja sopii sellaisenaan herkutteluun ja my\u00f6s kahvin sekaan. Antaa kahville mielenkiintoisen, hieman tavallisesta poikkeavan maun. S\u00e4ilyt\u00e4 viile\u00e4ss\u00e4 paikassa!<br \/>\nKoska Viron elintarvikelain 38 \u00a7 mukaan myyj\u00e4n (Mesi24.ee) esitt\u00e4m\u00e4n ruokaa koskevan tiedon on oltava totuudenmukaista, vastattava lains\u00e4\u00e4d\u00e4nn\u00f6ss\u00e4 s\u00e4\u00e4dettyj\u00e4 vaatimuksia eik\u00e4 se saa olla kuluttajaa harhaanjohtavaa, mek\u00e4\u00e4n emme voi esitt\u00e4\u00e4 kansanl\u00e4\u00e4ketieteess\u00e4 pitk\u00e4\u00e4n tunnettua tietoa kanelin hy\u00f6dyllisyydest\u00e4. Siksi suosittelemme kaikkia kiinnostuneita hakemaan lis\u00e4tietoa Googlen v\u00e4lityksell\u00e4 \ud83d\ude09 Googlettamalla \u201cHunajan ja kanelin sekoitus\u201d l\u00f6yd\u00e4t paljon kyseist\u00e4 yhdistelm\u00e4\u00e4 koskevaa tietoa, jota emme valitettavasti voi jakaa kotisivullamme.<\/p>\n","protected":false},"excerpt":{"rendered":"<p>Kyseinen tuote on herkullinen sekoitus hunajasta ja kanelista. Kanelihunaja \u2013 useiden asiakkaiden mielest\u00e4 hyv\u00e4 sellaisenaan herkutteluun ja sopii hyvin my\u00f6s kahvin sekaan. Antaa kahville hyv\u00e4n ja hieman erilaisen maun. Googlettamalla \u201cHunajan ja kanelin sekoitus\u201d l\u00f6yd\u00e4t paljon kiinnostavaa tietoa kyseisest\u00e4 yhdistelm\u00e4st\u00e4. S\u00e4ilyt\u00e4 viile\u00e4ss\u00e4 paikassa!<\/p>\n<p>Tuubi \u2013 105g<\/p>\n<p>Kuvituskuva<\/p>\n","protected":false},"featured_media":3160,"template":"","meta":[],"product_brand":[],"product_cat":[71,72,70],"product_tag":[],"class_list":{"0":"post-5918","1":"product","2":"type-product","3":"status-publish","4":"has-post-thumbnail","6":"product_cat-hunaja-tuubi","7":"product_cat-lahjaksi","8":"product_cat-maustettu-hunaja","10":"first","11":"instock","12":"shipping-taxable","13":"purchasable","14":"product-type-simple"},"yoast_head":"<!-- This site is optimized with the Yoast SEO plugin v27.2 - https:\/\/yoast.com\/product\/yoast-seo-wordpress\/ -->\n<title>Kanelihunaja 105g - Mesi24<\/title>\n<meta name=\"description\" content=\"Kyseinen tuote on herkullinen sekoitus hunajasta ja kanelista. Kanelihunaja \u2013 useiden asiakkaiden mielest\u00e4 hyv\u00e4 sellaisenaan herkutteluun ja sopii hyvin my\u00f6s kahvin sekaan.\" \/>\n<meta name=\"robots\" content=\"index, follow, max-snippet:-1, max-image-preview:large, max-video-preview:-1\" \/>\n<link rel=\"canonical\" href=\"https:\/\/mesi24.ee\/fi\/toode\/kanelihunaja-105g\/\" \/>\n<meta property=\"og:locale\" content=\"fi_FI\" \/>\n<meta property=\"og:type\" content=\"article\" \/>\n<meta property=\"og:title\" content=\"Kanelihunaja 105g - Mesi24\" \/>\n<meta property=\"og:description\" content=\"Kyseinen tuote on herkullinen sekoitus hunajasta ja kanelista. Kanelihunaja \u2013 useiden asiakkaiden mielest\u00e4 hyv\u00e4 sellaisenaan herkutteluun ja sopii hyvin my\u00f6s kahvin sekaan.\" \/>\n<meta property=\"og:url\" content=\"https:\/\/mesi24.ee\/fi\/toode\/kanelihunaja-105g\/\" \/>\n<meta property=\"og:site_name\" content=\"Mesi24\" \/>\n<meta property=\"article:publisher\" content=\"https:\/\/www.facebook.com\/mesi24.ee\" \/>\n<meta property=\"article:modified_time\" content=\"2022-02-09T14:51:13+00:00\" \/>\n<meta property=\"og:image\" content=\"https:\/\/mesi24.ee\/wp-content\/uploads\/2019\/06\/Mesi-kaneeliga-105g-2.jpg\" \/>\n\t<meta property=\"og:image:width\" content=\"600\" \/>\n\t<meta property=\"og:image:height\" content=\"600\" \/>\n\t<meta property=\"og:image:type\" content=\"image\/jpeg\" \/>\n<meta name=\"twitter:card\" content=\"summary_large_image\" \/>\n<meta name=\"twitter:label1\" content=\"Arvioitu lukuaika\" \/>\n\t<meta name=\"twitter:data1\" content=\"1 minuutti\" \/>\n<script type=\"application\/ld+json\" class=\"yoast-schema-graph\">{\"@context\":\"https:\/\/schema.org\",\"@graph\":[{\"@type\":\"WebPage\",\"@id\":\"https:\/\/mesi24.ee\/fi\/toode\/kanelihunaja-105g\/\",\"url\":\"https:\/\/mesi24.ee\/fi\/toode\/kanelihunaja-105g\/\",\"name\":\"Kanelihunaja 105g - Mesi24\",\"isPartOf\":{\"@id\":\"https:\/\/mesi24.ee\/#website\"},\"primaryImageOfPage\":{\"@id\":\"https:\/\/mesi24.ee\/fi\/toode\/kanelihunaja-105g\/#primaryimage\"},\"image\":{\"@id\":\"https:\/\/mesi24.ee\/fi\/toode\/kanelihunaja-105g\/#primaryimage\"},\"thumbnailUrl\":\"https:\/\/mesi24.ee\/wp-content\/uploads\/2019\/06\/Mesi-kaneeliga-105g-2.jpg\",\"datePublished\":\"2019-06-10T18:31:15+00:00\",\"dateModified\":\"2022-02-09T14:51:13+00:00\",\"description\":\"Kyseinen tuote on herkullinen sekoitus hunajasta ja kanelista. Kanelihunaja \u2013 useiden asiakkaiden mielest\u00e4 hyv\u00e4 sellaisenaan herkutteluun ja sopii hyvin my\u00f6s kahvin sekaan.\",\"breadcrumb\":{\"@id\":\"https:\/\/mesi24.ee\/fi\/toode\/kanelihunaja-105g\/#breadcrumb\"},\"inLanguage\":\"fi\",\"potentialAction\":[{\"@type\":\"ReadAction\",\"target\":[\"https:\/\/mesi24.ee\/fi\/toode\/kanelihunaja-105g\/\"]}]},{\"@type\":\"ImageObject\",\"inLanguage\":\"fi\",\"@id\":\"https:\/\/mesi24.ee\/fi\/toode\/kanelihunaja-105g\/#primaryimage\",\"url\":\"https:\/\/mesi24.ee\/wp-content\/uploads\/2019\/06\/Mesi-kaneeliga-105g-2.jpg\",\"contentUrl\":\"https:\/\/mesi24.ee\/wp-content\/uploads\/2019\/06\/Mesi-kaneeliga-105g-2.jpg\",\"width\":600,\"height\":600,\"caption\":\"Mesi kaneeliga 105g\"},{\"@type\":\"BreadcrumbList\",\"@id\":\"https:\/\/mesi24.ee\/fi\/toode\/kanelihunaja-105g\/#breadcrumb\",\"itemListElement\":[{\"@type\":\"ListItem\",\"position\":1,\"name\":\"Home\",\"item\":\"https:\/\/mesi24.ee\/fi\/\"},{\"@type\":\"ListItem\",\"position\":2,\"name\":\"Pood\",\"item\":\"https:\/\/mesi24.ee\/fi\/pood\/\"},{\"@type\":\"ListItem\",\"position\":3,\"name\":\"Kanelihunaja 105g\"}]},{\"@type\":\"WebSite\",\"@id\":\"https:\/\/mesi24.ee\/#website\",\"url\":\"https:\/\/mesi24.ee\/\",\"name\":\"Mesi24\",\"description\":\"Mesi, meesegud, meetuubid\",\"publisher\":{\"@id\":\"https:\/\/mesi24.ee\/#organization\"},\"potentialAction\":[{\"@type\":\"SearchAction\",\"target\":{\"@type\":\"EntryPoint\",\"urlTemplate\":\"https:\/\/mesi24.ee\/?s={search_term_string}\"},\"query-input\":{\"@type\":\"PropertyValueSpecification\",\"valueRequired\":true,\"valueName\":\"search_term_string\"}}],\"inLanguage\":\"fi\"},{\"@type\":\"Organization\",\"@id\":\"https:\/\/mesi24.ee\/#organization\",\"name\":\"O\u00dc Artocarpus\",\"url\":\"https:\/\/mesi24.ee\/\",\"logo\":{\"@type\":\"ImageObject\",\"inLanguage\":\"fi\",\"@id\":\"https:\/\/mesi24.ee\/#\/schema\/logo\/image\/\",\"url\":\"https:\/\/mesi24.ee\/wp-content\/uploads\/2020\/11\/Mesi24.ee-logo.jpg\",\"contentUrl\":\"https:\/\/mesi24.ee\/wp-content\/uploads\/2020\/11\/Mesi24.ee-logo.jpg\",\"width\":250,\"height\":106,\"caption\":\"O\u00dc Artocarpus\"},\"image\":{\"@id\":\"https:\/\/mesi24.ee\/#\/schema\/logo\/image\/\"},\"sameAs\":[\"https:\/\/www.facebook.com\/mesi24.ee\"]}]}<\/script>\n<!-- \/ Yoast SEO plugin. -->","yoast_head_json":{"title":"Kanelihunaja 105g - Mesi24","description":"Kyseinen tuote on herkullinen sekoitus hunajasta ja kanelista. Kanelihunaja \u2013 useiden asiakkaiden mielest\u00e4 hyv\u00e4 sellaisenaan herkutteluun ja sopii hyvin my\u00f6s kahvin sekaan.","robots":{"index":"index","follow":"follow","max-snippet":"max-snippet:-1","max-image-preview":"max-image-preview:large","max-video-preview":"max-video-preview:-1"},"canonical":"https:\/\/mesi24.ee\/fi\/toode\/kanelihunaja-105g\/","og_locale":"fi_FI","og_type":"article","og_title":"Kanelihunaja 105g - Mesi24","og_description":"Kyseinen tuote on herkullinen sekoitus hunajasta ja kanelista. Kanelihunaja \u2013 useiden asiakkaiden mielest\u00e4 hyv\u00e4 sellaisenaan herkutteluun ja sopii hyvin my\u00f6s kahvin sekaan.","og_url":"https:\/\/mesi24.ee\/fi\/toode\/kanelihunaja-105g\/","og_site_name":"Mesi24","article_publisher":"https:\/\/www.facebook.com\/mesi24.ee","article_modified_time":"2022-02-09T14:51:13+00:00","og_image":[{"width":600,"height":600,"url":"https:\/\/mesi24.ee\/wp-content\/uploads\/2019\/06\/Mesi-kaneeliga-105g-2.jpg","type":"image\/jpeg"}],"twitter_card":"summary_large_image","twitter_misc":{"Arvioitu lukuaika":"1 minuutti"},"schema":{"@context":"https:\/\/schema.org","@graph":[{"@type":"WebPage","@id":"https:\/\/mesi24.ee\/fi\/toode\/kanelihunaja-105g\/","url":"https:\/\/mesi24.ee\/fi\/toode\/kanelihunaja-105g\/","name":"Kanelihunaja 105g - Mesi24","isPartOf":{"@id":"https:\/\/mesi24.ee\/#website"},"primaryImageOfPage":{"@id":"https:\/\/mesi24.ee\/fi\/toode\/kanelihunaja-105g\/#primaryimage"},"image":{"@id":"https:\/\/mesi24.ee\/fi\/toode\/kanelihunaja-105g\/#primaryimage"},"thumbnailUrl":"https:\/\/mesi24.ee\/wp-content\/uploads\/2019\/06\/Mesi-kaneeliga-105g-2.jpg","datePublished":"2019-06-10T18:31:15+00:00","dateModified":"2022-02-09T14:51:13+00:00","description":"Kyseinen tuote on herkullinen sekoitus hunajasta ja kanelista. Kanelihunaja \u2013 useiden asiakkaiden mielest\u00e4 hyv\u00e4 sellaisenaan herkutteluun ja sopii hyvin my\u00f6s kahvin sekaan.","breadcrumb":{"@id":"https:\/\/mesi24.ee\/fi\/toode\/kanelihunaja-105g\/#breadcrumb"},"inLanguage":"fi","potentialAction":[{"@type":"ReadAction","target":["https:\/\/mesi24.ee\/fi\/toode\/kanelihunaja-105g\/"]}]},{"@type":"ImageObject","inLanguage":"fi","@id":"https:\/\/mesi24.ee\/fi\/toode\/kanelihunaja-105g\/#primaryimage","url":"https:\/\/mesi24.ee\/wp-content\/uploads\/2019\/06\/Mesi-kaneeliga-105g-2.jpg","contentUrl":"https:\/\/mesi24.ee\/wp-content\/uploads\/2019\/06\/Mesi-kaneeliga-105g-2.jpg","width":600,"height":600,"caption":"Mesi kaneeliga 105g"},{"@type":"BreadcrumbList","@id":"https:\/\/mesi24.ee\/fi\/toode\/kanelihunaja-105g\/#breadcrumb","itemListElement":[{"@type":"ListItem","position":1,"name":"Home","item":"https:\/\/mesi24.ee\/fi\/"},{"@type":"ListItem","position":2,"name":"Pood","item":"https:\/\/mesi24.ee\/fi\/pood\/"},{"@type":"ListItem","position":3,"name":"Kanelihunaja 105g"}]},{"@type":"WebSite","@id":"https:\/\/mesi24.ee\/#website","url":"https:\/\/mesi24.ee\/","name":"Mesi24","description":"Mesi, meesegud, meetuubid","publisher":{"@id":"https:\/\/mesi24.ee\/#organization"},"potentialAction":[{"@type":"SearchAction","target":{"@type":"EntryPoint","urlTemplate":"https:\/\/mesi24.ee\/?s={search_term_string}"},"query-input":{"@type":"PropertyValueSpecification","valueRequired":true,"valueName":"search_term_string"}}],"inLanguage":"fi"},{"@type":"Organization","@id":"https:\/\/mesi24.ee\/#organization","name":"O\u00dc Artocarpus","url":"https:\/\/mesi24.ee\/","logo":{"@type":"ImageObject","inLanguage":"fi","@id":"https:\/\/mesi24.ee\/#\/schema\/logo\/image\/","url":"https:\/\/mesi24.ee\/wp-content\/uploads\/2020\/11\/Mesi24.ee-logo.jpg","contentUrl":"https:\/\/mesi24.ee\/wp-content\/uploads\/2020\/11\/Mesi24.ee-logo.jpg","width":250,"height":106,"caption":"O\u00dc Artocarpus"},"image":{"@id":"https:\/\/mesi24.ee\/#\/schema\/logo\/image\/"},"sameAs":["https:\/\/www.facebook.com\/mesi24.ee"]}]}},"_links":{"self":[{"href":"https:\/\/mesi24.ee\/fi\/wp-json\/wp\/v2\/product\/5918","targetHints":{"allow":["GET"]}}],"collection":[{"href":"https:\/\/mesi24.ee\/fi\/wp-json\/wp\/v2\/product"}],"about":[{"href":"https:\/\/mesi24.ee\/fi\/wp-json\/wp\/v2\/types\/product"}],"wp:featuredmedia":[{"embeddable":true,"href":"https:\/\/mesi24.ee\/fi\/wp-json\/wp\/v2\/media\/3160"}],"wp:attachment":[{"href":"https:\/\/mesi24.ee\/fi\/wp-json\/wp\/v2\/media?parent=5918"}],"wp:term":[{"taxonomy":"product_brand","embeddable":true,"href":"https:\/\/mesi24.ee\/fi\/wp-json\/wp\/v2\/product_brand?post=5918"},{"taxonomy":"product_cat","embeddable":true,"href":"https:\/\/mesi24.ee\/fi\/wp-json\/wp\/v2\/product_cat?post=5918"},{"taxonomy":"product_tag","embeddable":true,"href":"https:\/\/mesi24.ee\/fi\/wp-json\/wp\/v2\/product_tag?post=5918"}],"curies":[{"name":"wp","href":"https:\/\/api.w.org\/{rel}","templated":true}]}}