{"id":5914,"date":"2022-01-09T11:53:12","date_gmt":"2022-01-09T11:53:12","guid":{"rendered":"https:\/\/mesi24.ee\/?post_type=product&#038;p=5914"},"modified":"2025-03-15T18:32:10","modified_gmt":"2025-03-15T18:32:10","slug":"katajanmarjahunaja-170g","status":"publish","type":"product","link":"https:\/\/mesi24.ee\/fi\/toode\/katajanmarjahunaja-170g\/","title":{"rendered":"Katajanmarjahunaja 170g"},"content":{"rendered":"<h1>Katajanmarjahunaja<\/h1>\n<p>Katajanmarjahunaja sis\u00e4lt\u00e4\u00e4 hunajaa ja katajanmarjoja. Asiakkailta saadun palautteen perusteella voimme sanoa, ett\u00e4 kyseist\u00e4 tuotetta on hyv\u00e4 k\u00e4ytt\u00e4\u00e4 lihan maustamiseen savustuksessa tai uunilihan valmistuksessa yhten\u00e4 ruoanlaiton ainesosana. Katajanmarjat antavat hunajalle omaper\u00e4isen ja mielenkiintoisen maun. Kun tuotetta k\u00e4ytet\u00e4\u00e4n erilaisten liharuokien marinointiin, maku siirtyy my\u00f6s lihaan. Sopii hyvin gourmetruokien valmistukseen.<br \/>\nKertoisimme mielell\u00e4mme lis\u00e4\u00e4 katajanmarjojen ja hunajan hyvist\u00e4 ominaisuuksista, mutta Viron elintarvikelain 38 \u00a7 perustuen myyj\u00e4n (Mesi24.ee) esitt\u00e4m\u00e4n ruokaa koskevan tiedon on oltava totuudenmukaista, vastattava lains\u00e4\u00e4d\u00e4nn\u00f6ss\u00e4 s\u00e4\u00e4dettyj\u00e4 vaatimuksia eik\u00e4 se saa olla kuluttajaa harhaanjohtavaa, joten mek\u00e4\u00e4n emme voi esitt\u00e4\u00e4 kansanl\u00e4\u00e4ketieteess\u00e4 pitk\u00e4\u00e4n tunnettua tietoa katajanmarjoista. Siksi suosittelemme kaikkia kiinnostuneita hakemaan lis\u00e4tietoa Googlen v\u00e4lityksell\u00e4 \ud83d\ude09<\/p>\n","protected":false},"excerpt":{"rendered":"<p>Sis\u00e4lt\u00e4\u00e4 1 % kuivattuja ja jauhettuja katajanmarjoja. Maultaan erikoinen \u2013 sopii niille, jotka hakevat jotain erilaista. Sopii my\u00f6s lis\u00e4tt\u00e4v\u00e4ksi lihan marinadiin. Asiakkaat vitsailevat my\u00f6s, ett\u00e4 jos katajanmarjahunajaa lis\u00e4t\u00e4\u00e4n hieman vodkaan, saadaan gini\u00e4 \ud83d\ude42<\/p>\n<p>Lasipurkki \u2013 170 g<\/p>\n<p>Kuvituskuva<\/p>\n","protected":false},"featured_media":6991,"template":"","meta":[],"product_brand":[],"product_cat":[70],"product_tag":[],"class_list":{"0":"post-5914","1":"product","2":"type-product","3":"status-publish","4":"has-post-thumbnail","6":"product_cat-maustettu-hunaja","8":"first","9":"instock","10":"shipping-taxable","11":"purchasable","12":"product-type-simple"},"yoast_head":"<!-- This site is optimized with the Yoast SEO plugin v27.2 - https:\/\/yoast.com\/product\/yoast-seo-wordpress\/ -->\n<title>Katajanmarjahunaja 170g - Mesi24<\/title>\n<meta name=\"description\" content=\"Sis\u00e4lt\u00e4\u00e4 1 % kuivattuja ja jauhettuja katajanmarjoja. Maultaan erikoinen \u2013 sopii niille, jotka hakevat jotain erilaista.\" \/>\n<meta name=\"robots\" content=\"index, follow, max-snippet:-1, max-image-preview:large, max-video-preview:-1\" \/>\n<link rel=\"canonical\" href=\"https:\/\/mesi24.ee\/fi\/toode\/katajanmarjahunaja-170g\/\" \/>\n<meta property=\"og:locale\" content=\"fi_FI\" \/>\n<meta property=\"og:type\" content=\"article\" \/>\n<meta property=\"og:title\" content=\"Katajanmarjahunaja 170g - Mesi24\" \/>\n<meta property=\"og:description\" content=\"Sis\u00e4lt\u00e4\u00e4 1 % kuivattuja ja jauhettuja katajanmarjoja. Maultaan erikoinen \u2013 sopii niille, jotka hakevat jotain erilaista.\" \/>\n<meta property=\"og:url\" content=\"https:\/\/mesi24.ee\/fi\/toode\/katajanmarjahunaja-170g\/\" \/>\n<meta property=\"og:site_name\" content=\"Mesi24\" \/>\n<meta property=\"article:publisher\" content=\"https:\/\/www.facebook.com\/mesi24.ee\" \/>\n<meta property=\"article:modified_time\" content=\"2025-03-15T18:32:10+00:00\" \/>\n<meta property=\"og:image\" content=\"https:\/\/mesi24.ee\/wp-content\/uploads\/2022\/01\/Mesi-Kadakamarjadega-170g-1-3.jpg\" \/>\n\t<meta property=\"og:image:width\" content=\"600\" \/>\n\t<meta property=\"og:image:height\" content=\"600\" \/>\n\t<meta property=\"og:image:type\" content=\"image\/jpeg\" \/>\n<meta name=\"twitter:card\" content=\"summary_large_image\" \/>\n<meta name=\"twitter:label1\" content=\"Arvioitu lukuaika\" \/>\n\t<meta name=\"twitter:data1\" content=\"1 minuutti\" \/>\n<script type=\"application\/ld+json\" class=\"yoast-schema-graph\">{\"@context\":\"https:\/\/schema.org\",\"@graph\":[{\"@type\":\"WebPage\",\"@id\":\"https:\/\/mesi24.ee\/fi\/toode\/katajanmarjahunaja-170g\/\",\"url\":\"https:\/\/mesi24.ee\/fi\/toode\/katajanmarjahunaja-170g\/\",\"name\":\"Katajanmarjahunaja 170g - Mesi24\",\"isPartOf\":{\"@id\":\"https:\/\/mesi24.ee\/#website\"},\"primaryImageOfPage\":{\"@id\":\"https:\/\/mesi24.ee\/fi\/toode\/katajanmarjahunaja-170g\/#primaryimage\"},\"image\":{\"@id\":\"https:\/\/mesi24.ee\/fi\/toode\/katajanmarjahunaja-170g\/#primaryimage\"},\"thumbnailUrl\":\"https:\/\/mesi24.ee\/wp-content\/uploads\/2022\/01\/Mesi-Kadakamarjadega-170g-1-3.jpg\",\"datePublished\":\"2022-01-09T11:53:12+00:00\",\"dateModified\":\"2025-03-15T18:32:10+00:00\",\"description\":\"Sis\u00e4lt\u00e4\u00e4 1 % kuivattuja ja jauhettuja katajanmarjoja. Maultaan erikoinen \u2013 sopii niille, jotka hakevat jotain erilaista.\",\"breadcrumb\":{\"@id\":\"https:\/\/mesi24.ee\/fi\/toode\/katajanmarjahunaja-170g\/#breadcrumb\"},\"inLanguage\":\"fi\",\"potentialAction\":[{\"@type\":\"ReadAction\",\"target\":[\"https:\/\/mesi24.ee\/fi\/toode\/katajanmarjahunaja-170g\/\"]}]},{\"@type\":\"ImageObject\",\"inLanguage\":\"fi\",\"@id\":\"https:\/\/mesi24.ee\/fi\/toode\/katajanmarjahunaja-170g\/#primaryimage\",\"url\":\"https:\/\/mesi24.ee\/wp-content\/uploads\/2022\/01\/Mesi-Kadakamarjadega-170g-1-3.jpg\",\"contentUrl\":\"https:\/\/mesi24.ee\/wp-content\/uploads\/2022\/01\/Mesi-Kadakamarjadega-170g-1-3.jpg\",\"width\":600,\"height\":600,\"caption\":\"Mesi kadakamarjadega 170g\"},{\"@type\":\"BreadcrumbList\",\"@id\":\"https:\/\/mesi24.ee\/fi\/toode\/katajanmarjahunaja-170g\/#breadcrumb\",\"itemListElement\":[{\"@type\":\"ListItem\",\"position\":1,\"name\":\"Home\",\"item\":\"https:\/\/mesi24.ee\/fi\/\"},{\"@type\":\"ListItem\",\"position\":2,\"name\":\"Pood\",\"item\":\"https:\/\/mesi24.ee\/fi\/pood\/\"},{\"@type\":\"ListItem\",\"position\":3,\"name\":\"Katajanmarjahunaja 170g\"}]},{\"@type\":\"WebSite\",\"@id\":\"https:\/\/mesi24.ee\/#website\",\"url\":\"https:\/\/mesi24.ee\/\",\"name\":\"Mesi24\",\"description\":\"Mesi, meesegud, meetuubid\",\"publisher\":{\"@id\":\"https:\/\/mesi24.ee\/#organization\"},\"potentialAction\":[{\"@type\":\"SearchAction\",\"target\":{\"@type\":\"EntryPoint\",\"urlTemplate\":\"https:\/\/mesi24.ee\/?s={search_term_string}\"},\"query-input\":{\"@type\":\"PropertyValueSpecification\",\"valueRequired\":true,\"valueName\":\"search_term_string\"}}],\"inLanguage\":\"fi\"},{\"@type\":\"Organization\",\"@id\":\"https:\/\/mesi24.ee\/#organization\",\"name\":\"O\u00dc Artocarpus\",\"url\":\"https:\/\/mesi24.ee\/\",\"logo\":{\"@type\":\"ImageObject\",\"inLanguage\":\"fi\",\"@id\":\"https:\/\/mesi24.ee\/#\/schema\/logo\/image\/\",\"url\":\"https:\/\/mesi24.ee\/wp-content\/uploads\/2020\/11\/Mesi24.ee-logo.jpg\",\"contentUrl\":\"https:\/\/mesi24.ee\/wp-content\/uploads\/2020\/11\/Mesi24.ee-logo.jpg\",\"width\":250,\"height\":106,\"caption\":\"O\u00dc Artocarpus\"},\"image\":{\"@id\":\"https:\/\/mesi24.ee\/#\/schema\/logo\/image\/\"},\"sameAs\":[\"https:\/\/www.facebook.com\/mesi24.ee\"]}]}<\/script>\n<!-- \/ Yoast SEO plugin. -->","yoast_head_json":{"title":"Katajanmarjahunaja 170g - Mesi24","description":"Sis\u00e4lt\u00e4\u00e4 1 % kuivattuja ja jauhettuja katajanmarjoja. Maultaan erikoinen \u2013 sopii niille, jotka hakevat jotain erilaista.","robots":{"index":"index","follow":"follow","max-snippet":"max-snippet:-1","max-image-preview":"max-image-preview:large","max-video-preview":"max-video-preview:-1"},"canonical":"https:\/\/mesi24.ee\/fi\/toode\/katajanmarjahunaja-170g\/","og_locale":"fi_FI","og_type":"article","og_title":"Katajanmarjahunaja 170g - Mesi24","og_description":"Sis\u00e4lt\u00e4\u00e4 1 % kuivattuja ja jauhettuja katajanmarjoja. Maultaan erikoinen \u2013 sopii niille, jotka hakevat jotain erilaista.","og_url":"https:\/\/mesi24.ee\/fi\/toode\/katajanmarjahunaja-170g\/","og_site_name":"Mesi24","article_publisher":"https:\/\/www.facebook.com\/mesi24.ee","article_modified_time":"2025-03-15T18:32:10+00:00","og_image":[{"width":600,"height":600,"url":"https:\/\/mesi24.ee\/wp-content\/uploads\/2022\/01\/Mesi-Kadakamarjadega-170g-1-3.jpg","type":"image\/jpeg"}],"twitter_card":"summary_large_image","twitter_misc":{"Arvioitu lukuaika":"1 minuutti"},"schema":{"@context":"https:\/\/schema.org","@graph":[{"@type":"WebPage","@id":"https:\/\/mesi24.ee\/fi\/toode\/katajanmarjahunaja-170g\/","url":"https:\/\/mesi24.ee\/fi\/toode\/katajanmarjahunaja-170g\/","name":"Katajanmarjahunaja 170g - Mesi24","isPartOf":{"@id":"https:\/\/mesi24.ee\/#website"},"primaryImageOfPage":{"@id":"https:\/\/mesi24.ee\/fi\/toode\/katajanmarjahunaja-170g\/#primaryimage"},"image":{"@id":"https:\/\/mesi24.ee\/fi\/toode\/katajanmarjahunaja-170g\/#primaryimage"},"thumbnailUrl":"https:\/\/mesi24.ee\/wp-content\/uploads\/2022\/01\/Mesi-Kadakamarjadega-170g-1-3.jpg","datePublished":"2022-01-09T11:53:12+00:00","dateModified":"2025-03-15T18:32:10+00:00","description":"Sis\u00e4lt\u00e4\u00e4 1 % kuivattuja ja jauhettuja katajanmarjoja. Maultaan erikoinen \u2013 sopii niille, jotka hakevat jotain erilaista.","breadcrumb":{"@id":"https:\/\/mesi24.ee\/fi\/toode\/katajanmarjahunaja-170g\/#breadcrumb"},"inLanguage":"fi","potentialAction":[{"@type":"ReadAction","target":["https:\/\/mesi24.ee\/fi\/toode\/katajanmarjahunaja-170g\/"]}]},{"@type":"ImageObject","inLanguage":"fi","@id":"https:\/\/mesi24.ee\/fi\/toode\/katajanmarjahunaja-170g\/#primaryimage","url":"https:\/\/mesi24.ee\/wp-content\/uploads\/2022\/01\/Mesi-Kadakamarjadega-170g-1-3.jpg","contentUrl":"https:\/\/mesi24.ee\/wp-content\/uploads\/2022\/01\/Mesi-Kadakamarjadega-170g-1-3.jpg","width":600,"height":600,"caption":"Mesi kadakamarjadega 170g"},{"@type":"BreadcrumbList","@id":"https:\/\/mesi24.ee\/fi\/toode\/katajanmarjahunaja-170g\/#breadcrumb","itemListElement":[{"@type":"ListItem","position":1,"name":"Home","item":"https:\/\/mesi24.ee\/fi\/"},{"@type":"ListItem","position":2,"name":"Pood","item":"https:\/\/mesi24.ee\/fi\/pood\/"},{"@type":"ListItem","position":3,"name":"Katajanmarjahunaja 170g"}]},{"@type":"WebSite","@id":"https:\/\/mesi24.ee\/#website","url":"https:\/\/mesi24.ee\/","name":"Mesi24","description":"Mesi, meesegud, meetuubid","publisher":{"@id":"https:\/\/mesi24.ee\/#organization"},"potentialAction":[{"@type":"SearchAction","target":{"@type":"EntryPoint","urlTemplate":"https:\/\/mesi24.ee\/?s={search_term_string}"},"query-input":{"@type":"PropertyValueSpecification","valueRequired":true,"valueName":"search_term_string"}}],"inLanguage":"fi"},{"@type":"Organization","@id":"https:\/\/mesi24.ee\/#organization","name":"O\u00dc Artocarpus","url":"https:\/\/mesi24.ee\/","logo":{"@type":"ImageObject","inLanguage":"fi","@id":"https:\/\/mesi24.ee\/#\/schema\/logo\/image\/","url":"https:\/\/mesi24.ee\/wp-content\/uploads\/2020\/11\/Mesi24.ee-logo.jpg","contentUrl":"https:\/\/mesi24.ee\/wp-content\/uploads\/2020\/11\/Mesi24.ee-logo.jpg","width":250,"height":106,"caption":"O\u00dc Artocarpus"},"image":{"@id":"https:\/\/mesi24.ee\/#\/schema\/logo\/image\/"},"sameAs":["https:\/\/www.facebook.com\/mesi24.ee"]}]}},"_links":{"self":[{"href":"https:\/\/mesi24.ee\/fi\/wp-json\/wp\/v2\/product\/5914","targetHints":{"allow":["GET"]}}],"collection":[{"href":"https:\/\/mesi24.ee\/fi\/wp-json\/wp\/v2\/product"}],"about":[{"href":"https:\/\/mesi24.ee\/fi\/wp-json\/wp\/v2\/types\/product"}],"wp:featuredmedia":[{"embeddable":true,"href":"https:\/\/mesi24.ee\/fi\/wp-json\/wp\/v2\/media\/6991"}],"wp:attachment":[{"href":"https:\/\/mesi24.ee\/fi\/wp-json\/wp\/v2\/media?parent=5914"}],"wp:term":[{"taxonomy":"product_brand","embeddable":true,"href":"https:\/\/mesi24.ee\/fi\/wp-json\/wp\/v2\/product_brand?post=5914"},{"taxonomy":"product_cat","embeddable":true,"href":"https:\/\/mesi24.ee\/fi\/wp-json\/wp\/v2\/product_cat?post=5914"},{"taxonomy":"product_tag","embeddable":true,"href":"https:\/\/mesi24.ee\/fi\/wp-json\/wp\/v2\/product_tag?post=5914"}],"curies":[{"name":"wp","href":"https:\/\/api.w.org\/{rel}","templated":true}]}}