{"id":5907,"date":"2019-06-13T17:25:33","date_gmt":"2019-06-13T17:25:33","guid":{"rendered":"https:\/\/mesi24.ee\/?post_type=product&#038;p=5907"},"modified":"2022-02-09T14:22:33","modified_gmt":"2022-02-09T14:22:33","slug":"inkivaarihunaja-300g","status":"publish","type":"product","link":"https:\/\/mesi24.ee\/fi\/toode\/inkivaarihunaja-300g\/","title":{"rendered":"Inkiv\u00e4\u00e4rihunaja 300g"},"content":{"rendered":"<h1>Inkiv\u00e4\u00e4rihunaja<\/h1>\n<p>Tuote sis\u00e4lt\u00e4\u00e4 hunajaa ja 1 % kuivattua ja jauhettua inkiv\u00e4\u00e4ri\u00e4. Suosittelemme ottamaan 1 tl puoli tuntia ennen ateriaa ja toisen teelusikallisen illalla ennen nukkumaanmenoa. My\u00f6sk\u00e4\u00e4n muinaiset kreikkalaiset eiv\u00e4t menneet nukkumaan ennen kuin olivat juoneet inkiv\u00e4\u00e4rijuomaa. My\u00f6s Aasiassa inkiv\u00e4\u00e4ri\u00e4 on k\u00e4ytetty mauste- sek\u00e4 l\u00e4\u00e4kekasvina tuhansia vuosia. Tunnettu kiinalainen filosofi Confucius k\u00e4ytti inkiv\u00e4\u00e4ri\u00e4 l\u00e4hes kaikissa ruoissaan, sill\u00e4 inkiv\u00e4\u00e4rin p\u00e4ivitt\u00e4isen k\u00e4yt\u00f6n uskottiin takaavan pitk\u00e4n i\u00e4n.<br \/>\nKertoisimme mielell\u00e4mme lis\u00e4\u00e4 inkiv\u00e4\u00e4rin ja hunajan hyvist\u00e4 ominaisuuksista, mutta Viron elintarvikelain 38 \u00a7 perustuen myyj\u00e4n (Mesi24.ee) esitt\u00e4m\u00e4n ruokaa koskevan tiedon on oltava totuudenmukaista, vastattava lains\u00e4\u00e4d\u00e4nn\u00f6ss\u00e4 s\u00e4\u00e4dettyj\u00e4 vaatimuksia eik\u00e4 se saa olla kuluttajaa harhaanjohtavaa, joten mek\u00e4\u00e4n emme voi esitt\u00e4\u00e4 kansanl\u00e4\u00e4ketieteess\u00e4 pitk\u00e4\u00e4n tunnettua tietoa inkiv\u00e4\u00e4rist\u00e4. Siksi suosittelemme kaikkia kiinnostuneita hakemaan lis\u00e4tietoa Googlen v\u00e4lityksell\u00e4 \ud83d\ude09<\/p>\n","protected":false},"excerpt":{"rendered":"<p>Tuote sis\u00e4lt\u00e4\u00e4 hunajaa ja 1 % kuivattua ja jauhettua inkiv\u00e4\u00e4ri\u00e4. Suosittelemme ottamaan 1 tl puoli tuntia ennen ateriaa ja toisen teelusikallisen illalla ennen nukkumaanmenoa. Hunaja ja inkiv\u00e4\u00e4ri ovat mielenkiintoinen yhdistelm\u00e4 sek\u00e4 hyv\u00e4n vaikutuksen ett\u00e4 kiinnostavan, hieman mausteisen maun ansiosta.<\/p>\n<p>Lasipurkki \u2013 300 g<\/p>\n<p>Kuvituskuva<\/p>\n","protected":false},"featured_media":3053,"template":"","meta":[],"product_brand":[],"product_cat":[70],"product_tag":[],"class_list":{"0":"post-5907","1":"product","2":"type-product","3":"status-publish","4":"has-post-thumbnail","6":"product_cat-maustettu-hunaja","8":"first","9":"instock","10":"shipping-taxable","11":"purchasable","12":"product-type-simple"},"yoast_head":"<!-- This site is optimized with the Yoast SEO plugin v27.2 - https:\/\/yoast.com\/product\/yoast-seo-wordpress\/ -->\n<title>Inkiv\u00e4\u00e4rihunaja 300g - Mesi24<\/title>\n<meta name=\"description\" content=\"Tuote sis\u00e4lt\u00e4\u00e4 hunajaa ja 1 % kuivattua ja jauhettua inkiv\u00e4\u00e4ri\u00e4. Suosittelemme ottamaan 1 tl puoli tuntia ennen ateriaa ja toisen teelusikallisen illalla ennen nukkumaanmenoa.\" \/>\n<meta name=\"robots\" content=\"index, follow, max-snippet:-1, max-image-preview:large, max-video-preview:-1\" \/>\n<link rel=\"canonical\" href=\"https:\/\/mesi24.ee\/fi\/toode\/inkivaarihunaja-300g\/\" \/>\n<meta property=\"og:locale\" content=\"fi_FI\" \/>\n<meta property=\"og:type\" content=\"article\" \/>\n<meta property=\"og:title\" content=\"Inkiv\u00e4\u00e4rihunaja 300g - Mesi24\" \/>\n<meta property=\"og:description\" content=\"Tuote sis\u00e4lt\u00e4\u00e4 hunajaa ja 1 % kuivattua ja jauhettua inkiv\u00e4\u00e4ri\u00e4. Suosittelemme ottamaan 1 tl puoli tuntia ennen ateriaa ja toisen teelusikallisen illalla ennen nukkumaanmenoa.\" \/>\n<meta property=\"og:url\" content=\"https:\/\/mesi24.ee\/fi\/toode\/inkivaarihunaja-300g\/\" \/>\n<meta property=\"og:site_name\" content=\"Mesi24\" \/>\n<meta property=\"article:publisher\" content=\"https:\/\/www.facebook.com\/mesi24.ee\" \/>\n<meta property=\"article:modified_time\" content=\"2022-02-09T14:22:33+00:00\" \/>\n<meta property=\"og:image\" content=\"https:\/\/mesi24.ee\/wp-content\/uploads\/2019\/06\/Mesi-ingveriga-300g-1.jpg\" \/>\n\t<meta property=\"og:image:width\" content=\"600\" \/>\n\t<meta property=\"og:image:height\" content=\"600\" \/>\n\t<meta property=\"og:image:type\" content=\"image\/jpeg\" \/>\n<meta name=\"twitter:card\" content=\"summary_large_image\" \/>\n<meta name=\"twitter:label1\" content=\"Arvioitu lukuaika\" \/>\n\t<meta name=\"twitter:data1\" content=\"1 minuutti\" \/>\n<script type=\"application\/ld+json\" class=\"yoast-schema-graph\">{\"@context\":\"https:\/\/schema.org\",\"@graph\":[{\"@type\":\"WebPage\",\"@id\":\"https:\/\/mesi24.ee\/fi\/toode\/inkivaarihunaja-300g\/\",\"url\":\"https:\/\/mesi24.ee\/fi\/toode\/inkivaarihunaja-300g\/\",\"name\":\"Inkiv\u00e4\u00e4rihunaja 300g - Mesi24\",\"isPartOf\":{\"@id\":\"https:\/\/mesi24.ee\/#website\"},\"primaryImageOfPage\":{\"@id\":\"https:\/\/mesi24.ee\/fi\/toode\/inkivaarihunaja-300g\/#primaryimage\"},\"image\":{\"@id\":\"https:\/\/mesi24.ee\/fi\/toode\/inkivaarihunaja-300g\/#primaryimage\"},\"thumbnailUrl\":\"https:\/\/mesi24.ee\/wp-content\/uploads\/2019\/06\/Mesi-ingveriga-300g-1.jpg\",\"datePublished\":\"2019-06-13T17:25:33+00:00\",\"dateModified\":\"2022-02-09T14:22:33+00:00\",\"description\":\"Tuote sis\u00e4lt\u00e4\u00e4 hunajaa ja 1 % kuivattua ja jauhettua inkiv\u00e4\u00e4ri\u00e4. Suosittelemme ottamaan 1 tl puoli tuntia ennen ateriaa ja toisen teelusikallisen illalla ennen nukkumaanmenoa.\",\"breadcrumb\":{\"@id\":\"https:\/\/mesi24.ee\/fi\/toode\/inkivaarihunaja-300g\/#breadcrumb\"},\"inLanguage\":\"fi\",\"potentialAction\":[{\"@type\":\"ReadAction\",\"target\":[\"https:\/\/mesi24.ee\/fi\/toode\/inkivaarihunaja-300g\/\"]}]},{\"@type\":\"ImageObject\",\"inLanguage\":\"fi\",\"@id\":\"https:\/\/mesi24.ee\/fi\/toode\/inkivaarihunaja-300g\/#primaryimage\",\"url\":\"https:\/\/mesi24.ee\/wp-content\/uploads\/2019\/06\/Mesi-ingveriga-300g-1.jpg\",\"contentUrl\":\"https:\/\/mesi24.ee\/wp-content\/uploads\/2019\/06\/Mesi-ingveriga-300g-1.jpg\",\"width\":600,\"height\":600,\"caption\":\"Mesi ingveriga 300g\"},{\"@type\":\"BreadcrumbList\",\"@id\":\"https:\/\/mesi24.ee\/fi\/toode\/inkivaarihunaja-300g\/#breadcrumb\",\"itemListElement\":[{\"@type\":\"ListItem\",\"position\":1,\"name\":\"Home\",\"item\":\"https:\/\/mesi24.ee\/fi\/\"},{\"@type\":\"ListItem\",\"position\":2,\"name\":\"Pood\",\"item\":\"https:\/\/mesi24.ee\/fi\/pood\/\"},{\"@type\":\"ListItem\",\"position\":3,\"name\":\"Inkiv\u00e4\u00e4rihunaja 300g\"}]},{\"@type\":\"WebSite\",\"@id\":\"https:\/\/mesi24.ee\/#website\",\"url\":\"https:\/\/mesi24.ee\/\",\"name\":\"Mesi24\",\"description\":\"Mesi, meesegud, meetuubid\",\"publisher\":{\"@id\":\"https:\/\/mesi24.ee\/#organization\"},\"potentialAction\":[{\"@type\":\"SearchAction\",\"target\":{\"@type\":\"EntryPoint\",\"urlTemplate\":\"https:\/\/mesi24.ee\/?s={search_term_string}\"},\"query-input\":{\"@type\":\"PropertyValueSpecification\",\"valueRequired\":true,\"valueName\":\"search_term_string\"}}],\"inLanguage\":\"fi\"},{\"@type\":\"Organization\",\"@id\":\"https:\/\/mesi24.ee\/#organization\",\"name\":\"O\u00dc Artocarpus\",\"url\":\"https:\/\/mesi24.ee\/\",\"logo\":{\"@type\":\"ImageObject\",\"inLanguage\":\"fi\",\"@id\":\"https:\/\/mesi24.ee\/#\/schema\/logo\/image\/\",\"url\":\"https:\/\/mesi24.ee\/wp-content\/uploads\/2020\/11\/Mesi24.ee-logo.jpg\",\"contentUrl\":\"https:\/\/mesi24.ee\/wp-content\/uploads\/2020\/11\/Mesi24.ee-logo.jpg\",\"width\":250,\"height\":106,\"caption\":\"O\u00dc Artocarpus\"},\"image\":{\"@id\":\"https:\/\/mesi24.ee\/#\/schema\/logo\/image\/\"},\"sameAs\":[\"https:\/\/www.facebook.com\/mesi24.ee\"]}]}<\/script>\n<!-- \/ Yoast SEO plugin. -->","yoast_head_json":{"title":"Inkiv\u00e4\u00e4rihunaja 300g - Mesi24","description":"Tuote sis\u00e4lt\u00e4\u00e4 hunajaa ja 1 % kuivattua ja jauhettua inkiv\u00e4\u00e4ri\u00e4. Suosittelemme ottamaan 1 tl puoli tuntia ennen ateriaa ja toisen teelusikallisen illalla ennen nukkumaanmenoa.","robots":{"index":"index","follow":"follow","max-snippet":"max-snippet:-1","max-image-preview":"max-image-preview:large","max-video-preview":"max-video-preview:-1"},"canonical":"https:\/\/mesi24.ee\/fi\/toode\/inkivaarihunaja-300g\/","og_locale":"fi_FI","og_type":"article","og_title":"Inkiv\u00e4\u00e4rihunaja 300g - Mesi24","og_description":"Tuote sis\u00e4lt\u00e4\u00e4 hunajaa ja 1 % kuivattua ja jauhettua inkiv\u00e4\u00e4ri\u00e4. Suosittelemme ottamaan 1 tl puoli tuntia ennen ateriaa ja toisen teelusikallisen illalla ennen nukkumaanmenoa.","og_url":"https:\/\/mesi24.ee\/fi\/toode\/inkivaarihunaja-300g\/","og_site_name":"Mesi24","article_publisher":"https:\/\/www.facebook.com\/mesi24.ee","article_modified_time":"2022-02-09T14:22:33+00:00","og_image":[{"width":600,"height":600,"url":"https:\/\/mesi24.ee\/wp-content\/uploads\/2019\/06\/Mesi-ingveriga-300g-1.jpg","type":"image\/jpeg"}],"twitter_card":"summary_large_image","twitter_misc":{"Arvioitu lukuaika":"1 minuutti"},"schema":{"@context":"https:\/\/schema.org","@graph":[{"@type":"WebPage","@id":"https:\/\/mesi24.ee\/fi\/toode\/inkivaarihunaja-300g\/","url":"https:\/\/mesi24.ee\/fi\/toode\/inkivaarihunaja-300g\/","name":"Inkiv\u00e4\u00e4rihunaja 300g - Mesi24","isPartOf":{"@id":"https:\/\/mesi24.ee\/#website"},"primaryImageOfPage":{"@id":"https:\/\/mesi24.ee\/fi\/toode\/inkivaarihunaja-300g\/#primaryimage"},"image":{"@id":"https:\/\/mesi24.ee\/fi\/toode\/inkivaarihunaja-300g\/#primaryimage"},"thumbnailUrl":"https:\/\/mesi24.ee\/wp-content\/uploads\/2019\/06\/Mesi-ingveriga-300g-1.jpg","datePublished":"2019-06-13T17:25:33+00:00","dateModified":"2022-02-09T14:22:33+00:00","description":"Tuote sis\u00e4lt\u00e4\u00e4 hunajaa ja 1 % kuivattua ja jauhettua inkiv\u00e4\u00e4ri\u00e4. Suosittelemme ottamaan 1 tl puoli tuntia ennen ateriaa ja toisen teelusikallisen illalla ennen nukkumaanmenoa.","breadcrumb":{"@id":"https:\/\/mesi24.ee\/fi\/toode\/inkivaarihunaja-300g\/#breadcrumb"},"inLanguage":"fi","potentialAction":[{"@type":"ReadAction","target":["https:\/\/mesi24.ee\/fi\/toode\/inkivaarihunaja-300g\/"]}]},{"@type":"ImageObject","inLanguage":"fi","@id":"https:\/\/mesi24.ee\/fi\/toode\/inkivaarihunaja-300g\/#primaryimage","url":"https:\/\/mesi24.ee\/wp-content\/uploads\/2019\/06\/Mesi-ingveriga-300g-1.jpg","contentUrl":"https:\/\/mesi24.ee\/wp-content\/uploads\/2019\/06\/Mesi-ingveriga-300g-1.jpg","width":600,"height":600,"caption":"Mesi ingveriga 300g"},{"@type":"BreadcrumbList","@id":"https:\/\/mesi24.ee\/fi\/toode\/inkivaarihunaja-300g\/#breadcrumb","itemListElement":[{"@type":"ListItem","position":1,"name":"Home","item":"https:\/\/mesi24.ee\/fi\/"},{"@type":"ListItem","position":2,"name":"Pood","item":"https:\/\/mesi24.ee\/fi\/pood\/"},{"@type":"ListItem","position":3,"name":"Inkiv\u00e4\u00e4rihunaja 300g"}]},{"@type":"WebSite","@id":"https:\/\/mesi24.ee\/#website","url":"https:\/\/mesi24.ee\/","name":"Mesi24","description":"Mesi, meesegud, meetuubid","publisher":{"@id":"https:\/\/mesi24.ee\/#organization"},"potentialAction":[{"@type":"SearchAction","target":{"@type":"EntryPoint","urlTemplate":"https:\/\/mesi24.ee\/?s={search_term_string}"},"query-input":{"@type":"PropertyValueSpecification","valueRequired":true,"valueName":"search_term_string"}}],"inLanguage":"fi"},{"@type":"Organization","@id":"https:\/\/mesi24.ee\/#organization","name":"O\u00dc Artocarpus","url":"https:\/\/mesi24.ee\/","logo":{"@type":"ImageObject","inLanguage":"fi","@id":"https:\/\/mesi24.ee\/#\/schema\/logo\/image\/","url":"https:\/\/mesi24.ee\/wp-content\/uploads\/2020\/11\/Mesi24.ee-logo.jpg","contentUrl":"https:\/\/mesi24.ee\/wp-content\/uploads\/2020\/11\/Mesi24.ee-logo.jpg","width":250,"height":106,"caption":"O\u00dc Artocarpus"},"image":{"@id":"https:\/\/mesi24.ee\/#\/schema\/logo\/image\/"},"sameAs":["https:\/\/www.facebook.com\/mesi24.ee"]}]}},"_links":{"self":[{"href":"https:\/\/mesi24.ee\/fi\/wp-json\/wp\/v2\/product\/5907","targetHints":{"allow":["GET"]}}],"collection":[{"href":"https:\/\/mesi24.ee\/fi\/wp-json\/wp\/v2\/product"}],"about":[{"href":"https:\/\/mesi24.ee\/fi\/wp-json\/wp\/v2\/types\/product"}],"wp:featuredmedia":[{"embeddable":true,"href":"https:\/\/mesi24.ee\/fi\/wp-json\/wp\/v2\/media\/3053"}],"wp:attachment":[{"href":"https:\/\/mesi24.ee\/fi\/wp-json\/wp\/v2\/media?parent=5907"}],"wp:term":[{"taxonomy":"product_brand","embeddable":true,"href":"https:\/\/mesi24.ee\/fi\/wp-json\/wp\/v2\/product_brand?post=5907"},{"taxonomy":"product_cat","embeddable":true,"href":"https:\/\/mesi24.ee\/fi\/wp-json\/wp\/v2\/product_cat?post=5907"},{"taxonomy":"product_tag","embeddable":true,"href":"https:\/\/mesi24.ee\/fi\/wp-json\/wp\/v2\/product_tag?post=5907"}],"curies":[{"name":"wp","href":"https:\/\/api.w.org\/{rel}","templated":true}]}}