{"id":5900,"date":"2019-06-13T04:28:25","date_gmt":"2019-06-13T04:28:25","guid":{"rendered":"https:\/\/mesi24.ee\/?post_type=product&#038;p=5900"},"modified":"2025-10-23T19:52:41","modified_gmt":"2025-10-23T19:52:41","slug":"tyrnioljya-hunaja-500g","status":"publish","type":"product","link":"https:\/\/mesi24.ee\/fi\/toode\/tyrnioljya-hunaja-500g\/","title":{"rendered":"Tyrni\u00f6ljy\u00e4 hunaja 500g"},"content":{"rendered":"<h1>Tyrni\u00f6ljy\u00e4 sis\u00e4lt\u00e4v\u00e4 hunaja<\/h1>\n<p>Tuote sis\u00e4lt\u00e4\u00e4 hunajaa ja 1 % tyrni\u00f6ljy\u00e4. Valmistuksessa olemme k\u00e4ytt\u00e4neet Ven\u00e4j\u00e4lt\u00e4 per\u00e4isin olevaa erinomaista tyrni\u00f6ljy\u00e4, jota saa my\u00f6s hyvin varustetuista apteekeista.<br \/>\nTyrni itsess\u00e4\u00e4n on eritt\u00e4in vitamiinipitoinen arvokas ruoka-aine. Suosittelemme k\u00e4ytt\u00e4m\u00e4\u00e4n tyrni\u00f6ljy\u00e4 sis\u00e4lt\u00e4v\u00e4\u00e4 hunajaamme 1 tl iltaisin ennen nukkumaanmenoa ja halutessa 1 tl aamulla her\u00e4tt\u00e4ess\u00e4. Odota aamulla puoli tuntia ennen ruokailua.<br \/>\nTyrni on mainittu ensimm\u00e4ist\u00e4 kertaa tehokkaana l\u00e4\u00e4kkeen\u00e4 Tiibetin kronikoissa jo 800 e.Kr.<br \/>\nKertoisimme mielell\u00e4mme lis\u00e4\u00e4 tyrnin ja hunajan hyvist\u00e4 ominaisuuksista, mutta Viron elintarvikelain 38 \u00a7 perustuen myyj\u00e4n (Mesi24.ee) esitt\u00e4m\u00e4n ruokaa koskevan tiedon on oltava totuudenmukaista, vastattava lains\u00e4\u00e4d\u00e4nn\u00f6ss\u00e4 s\u00e4\u00e4dettyj\u00e4 vaatimuksia eik\u00e4 se saa olla kuluttajaa harhaanjohtavaa, joten mek\u00e4\u00e4n emme voi esitt\u00e4\u00e4 kansanl\u00e4\u00e4ketieteess\u00e4 pitk\u00e4\u00e4n tunnettua tietoa tyrnist\u00e4, siit\u00e4 valmistetusta \u00f6ljyst\u00e4 ja hunajasta. Siksi suosittelemme kaikkia kiinnostuneita hakemaan lis\u00e4tietoa Googlen v\u00e4lityksell\u00e4 \ud83d\ude09<\/p>\n","protected":false},"excerpt":{"rendered":"<p>Tuote sis\u00e4lt\u00e4\u00e4 hunajaa ja 1 % tyrni\u00f6ljy\u00e4. Tyrni itsess\u00e4\u00e4n on eritt\u00e4in vitamiinipitoinen arvokas ruoka-aine. Suosittelemme k\u00e4ytt\u00e4m\u00e4\u00e4n tyrni\u00f6ljy\u00e4 sis\u00e4lt\u00e4v\u00e4\u00e4 hunajaamme 1 tl iltaisin ennen nukkumaanmenoa ja halutessa 1 tl aamulla her\u00e4tt\u00e4ess\u00e4. Odota aamulla puoli tuntia ennen ruokailua. S\u00e4ilyt\u00e4 viile\u00e4ss\u00e4 paikassa!<\/p>\n<p>Lasipurkki \u2013 500 g<\/p>\n<p>Kuvituskuva<\/p>\n","protected":false},"featured_media":3057,"template":"","meta":[],"product_brand":[],"product_cat":[70],"product_tag":[],"class_list":{"0":"post-5900","1":"product","2":"type-product","3":"status-publish","4":"has-post-thumbnail","6":"product_cat-maustettu-hunaja","8":"first","9":"instock","10":"shipping-taxable","11":"purchasable","12":"product-type-simple"},"yoast_head":"<!-- This site is optimized with the Yoast SEO plugin v27.2 - https:\/\/yoast.com\/product\/yoast-seo-wordpress\/ -->\n<title>Tyrni\u00f6ljy\u00e4 hunaja 500g - Mesi24<\/title>\n<meta name=\"description\" content=\"Tuote sis\u00e4lt\u00e4\u00e4 hunajaa ja 1 % tyrni\u00f6ljy\u00e4. Tyrni itsess\u00e4\u00e4n on eritt\u00e4in vitamiinipitoinen arvokas ruoka-aine.\" \/>\n<meta name=\"robots\" content=\"index, follow, max-snippet:-1, max-image-preview:large, max-video-preview:-1\" \/>\n<link rel=\"canonical\" href=\"https:\/\/mesi24.ee\/toode\/mesi-astelpajuoliga-500g\/\" \/>\n<meta property=\"og:locale\" content=\"fi_FI\" \/>\n<meta property=\"og:type\" content=\"article\" \/>\n<meta property=\"og:title\" content=\"Tyrni\u00f6ljy\u00e4 hunaja 500g - Mesi24\" \/>\n<meta property=\"og:description\" content=\"Tuote sis\u00e4lt\u00e4\u00e4 hunajaa ja 1 % tyrni\u00f6ljy\u00e4. Tyrni itsess\u00e4\u00e4n on eritt\u00e4in vitamiinipitoinen arvokas ruoka-aine.\" \/>\n<meta property=\"og:url\" content=\"https:\/\/mesi24.ee\/toode\/mesi-astelpajuoliga-500g\/\" \/>\n<meta property=\"og:site_name\" content=\"Mesi24\" \/>\n<meta property=\"article:publisher\" content=\"https:\/\/www.facebook.com\/mesi24.ee\" \/>\n<meta property=\"article:modified_time\" content=\"2025-10-23T19:52:41+00:00\" \/>\n<meta property=\"og:image\" content=\"https:\/\/mesi24.ee\/wp-content\/uploads\/2019\/06\/Mesi-asteplajuoliga-500g.jpg\" \/>\n\t<meta property=\"og:image:width\" content=\"600\" \/>\n\t<meta property=\"og:image:height\" content=\"600\" \/>\n\t<meta property=\"og:image:type\" content=\"image\/jpeg\" \/>\n<meta name=\"twitter:card\" content=\"summary_large_image\" \/>\n<meta name=\"twitter:label1\" content=\"Arvioitu lukuaika\" \/>\n\t<meta name=\"twitter:data1\" content=\"1 minuutti\" \/>\n<script type=\"application\/ld+json\" class=\"yoast-schema-graph\">{\"@context\":\"https:\/\/schema.org\",\"@graph\":[{\"@type\":\"WebPage\",\"@id\":\"https:\/\/mesi24.ee\/toode\/mesi-astelpajuoliga-500g\/\",\"url\":\"https:\/\/mesi24.ee\/toode\/mesi-astelpajuoliga-500g\/\",\"name\":\"Tyrni\u00f6ljy\u00e4 hunaja 500g - Mesi24\",\"isPartOf\":{\"@id\":\"https:\/\/mesi24.ee\/#website\"},\"primaryImageOfPage\":{\"@id\":\"https:\/\/mesi24.ee\/toode\/mesi-astelpajuoliga-500g\/#primaryimage\"},\"image\":{\"@id\":\"https:\/\/mesi24.ee\/toode\/mesi-astelpajuoliga-500g\/#primaryimage\"},\"thumbnailUrl\":\"https:\/\/mesi24.ee\/wp-content\/uploads\/2019\/06\/Mesi-asteplajuoliga-500g.jpg\",\"datePublished\":\"2019-06-13T04:28:25+00:00\",\"dateModified\":\"2025-10-23T19:52:41+00:00\",\"description\":\"Tuote sis\u00e4lt\u00e4\u00e4 hunajaa ja 1 % tyrni\u00f6ljy\u00e4. Tyrni itsess\u00e4\u00e4n on eritt\u00e4in vitamiinipitoinen arvokas ruoka-aine.\",\"breadcrumb\":{\"@id\":\"https:\/\/mesi24.ee\/toode\/mesi-astelpajuoliga-500g\/#breadcrumb\"},\"inLanguage\":\"fi\",\"potentialAction\":[{\"@type\":\"ReadAction\",\"target\":[\"https:\/\/mesi24.ee\/toode\/mesi-astelpajuoliga-500g\/\"]}]},{\"@type\":\"ImageObject\",\"inLanguage\":\"fi\",\"@id\":\"https:\/\/mesi24.ee\/toode\/mesi-astelpajuoliga-500g\/#primaryimage\",\"url\":\"https:\/\/mesi24.ee\/wp-content\/uploads\/2019\/06\/Mesi-asteplajuoliga-500g.jpg\",\"contentUrl\":\"https:\/\/mesi24.ee\/wp-content\/uploads\/2019\/06\/Mesi-asteplajuoliga-500g.jpg\",\"width\":600,\"height\":600,\"caption\":\"Mesi asteplajuoliga 500g\"},{\"@type\":\"BreadcrumbList\",\"@id\":\"https:\/\/mesi24.ee\/toode\/mesi-astelpajuoliga-500g\/#breadcrumb\",\"itemListElement\":[{\"@type\":\"ListItem\",\"position\":1,\"name\":\"Home\",\"item\":\"https:\/\/mesi24.ee\/fi\/\"},{\"@type\":\"ListItem\",\"position\":2,\"name\":\"Pood\",\"item\":\"https:\/\/mesi24.ee\/fi\/pood\/\"},{\"@type\":\"ListItem\",\"position\":3,\"name\":\"Tyrni\u00f6ljy\u00e4 hunaja 500g\"}]},{\"@type\":\"WebSite\",\"@id\":\"https:\/\/mesi24.ee\/#website\",\"url\":\"https:\/\/mesi24.ee\/\",\"name\":\"Mesi24\",\"description\":\"Mesi, meesegud, meetuubid\",\"publisher\":{\"@id\":\"https:\/\/mesi24.ee\/#organization\"},\"potentialAction\":[{\"@type\":\"SearchAction\",\"target\":{\"@type\":\"EntryPoint\",\"urlTemplate\":\"https:\/\/mesi24.ee\/?s={search_term_string}\"},\"query-input\":{\"@type\":\"PropertyValueSpecification\",\"valueRequired\":true,\"valueName\":\"search_term_string\"}}],\"inLanguage\":\"fi\"},{\"@type\":\"Organization\",\"@id\":\"https:\/\/mesi24.ee\/#organization\",\"name\":\"O\u00dc Artocarpus\",\"url\":\"https:\/\/mesi24.ee\/\",\"logo\":{\"@type\":\"ImageObject\",\"inLanguage\":\"fi\",\"@id\":\"https:\/\/mesi24.ee\/#\/schema\/logo\/image\/\",\"url\":\"https:\/\/mesi24.ee\/wp-content\/uploads\/2020\/11\/Mesi24.ee-logo.jpg\",\"contentUrl\":\"https:\/\/mesi24.ee\/wp-content\/uploads\/2020\/11\/Mesi24.ee-logo.jpg\",\"width\":250,\"height\":106,\"caption\":\"O\u00dc Artocarpus\"},\"image\":{\"@id\":\"https:\/\/mesi24.ee\/#\/schema\/logo\/image\/\"},\"sameAs\":[\"https:\/\/www.facebook.com\/mesi24.ee\"]}]}<\/script>\n<!-- \/ Yoast SEO plugin. -->","yoast_head_json":{"title":"Tyrni\u00f6ljy\u00e4 hunaja 500g - Mesi24","description":"Tuote sis\u00e4lt\u00e4\u00e4 hunajaa ja 1 % tyrni\u00f6ljy\u00e4. Tyrni itsess\u00e4\u00e4n on eritt\u00e4in vitamiinipitoinen arvokas ruoka-aine.","robots":{"index":"index","follow":"follow","max-snippet":"max-snippet:-1","max-image-preview":"max-image-preview:large","max-video-preview":"max-video-preview:-1"},"canonical":"https:\/\/mesi24.ee\/toode\/mesi-astelpajuoliga-500g\/","og_locale":"fi_FI","og_type":"article","og_title":"Tyrni\u00f6ljy\u00e4 hunaja 500g - Mesi24","og_description":"Tuote sis\u00e4lt\u00e4\u00e4 hunajaa ja 1 % tyrni\u00f6ljy\u00e4. Tyrni itsess\u00e4\u00e4n on eritt\u00e4in vitamiinipitoinen arvokas ruoka-aine.","og_url":"https:\/\/mesi24.ee\/toode\/mesi-astelpajuoliga-500g\/","og_site_name":"Mesi24","article_publisher":"https:\/\/www.facebook.com\/mesi24.ee","article_modified_time":"2025-10-23T19:52:41+00:00","og_image":[{"width":600,"height":600,"url":"https:\/\/mesi24.ee\/wp-content\/uploads\/2019\/06\/Mesi-asteplajuoliga-500g.jpg","type":"image\/jpeg"}],"twitter_card":"summary_large_image","twitter_misc":{"Arvioitu lukuaika":"1 minuutti"},"schema":{"@context":"https:\/\/schema.org","@graph":[{"@type":"WebPage","@id":"https:\/\/mesi24.ee\/toode\/mesi-astelpajuoliga-500g\/","url":"https:\/\/mesi24.ee\/toode\/mesi-astelpajuoliga-500g\/","name":"Tyrni\u00f6ljy\u00e4 hunaja 500g - Mesi24","isPartOf":{"@id":"https:\/\/mesi24.ee\/#website"},"primaryImageOfPage":{"@id":"https:\/\/mesi24.ee\/toode\/mesi-astelpajuoliga-500g\/#primaryimage"},"image":{"@id":"https:\/\/mesi24.ee\/toode\/mesi-astelpajuoliga-500g\/#primaryimage"},"thumbnailUrl":"https:\/\/mesi24.ee\/wp-content\/uploads\/2019\/06\/Mesi-asteplajuoliga-500g.jpg","datePublished":"2019-06-13T04:28:25+00:00","dateModified":"2025-10-23T19:52:41+00:00","description":"Tuote sis\u00e4lt\u00e4\u00e4 hunajaa ja 1 % tyrni\u00f6ljy\u00e4. Tyrni itsess\u00e4\u00e4n on eritt\u00e4in vitamiinipitoinen arvokas ruoka-aine.","breadcrumb":{"@id":"https:\/\/mesi24.ee\/toode\/mesi-astelpajuoliga-500g\/#breadcrumb"},"inLanguage":"fi","potentialAction":[{"@type":"ReadAction","target":["https:\/\/mesi24.ee\/toode\/mesi-astelpajuoliga-500g\/"]}]},{"@type":"ImageObject","inLanguage":"fi","@id":"https:\/\/mesi24.ee\/toode\/mesi-astelpajuoliga-500g\/#primaryimage","url":"https:\/\/mesi24.ee\/wp-content\/uploads\/2019\/06\/Mesi-asteplajuoliga-500g.jpg","contentUrl":"https:\/\/mesi24.ee\/wp-content\/uploads\/2019\/06\/Mesi-asteplajuoliga-500g.jpg","width":600,"height":600,"caption":"Mesi asteplajuoliga 500g"},{"@type":"BreadcrumbList","@id":"https:\/\/mesi24.ee\/toode\/mesi-astelpajuoliga-500g\/#breadcrumb","itemListElement":[{"@type":"ListItem","position":1,"name":"Home","item":"https:\/\/mesi24.ee\/fi\/"},{"@type":"ListItem","position":2,"name":"Pood","item":"https:\/\/mesi24.ee\/fi\/pood\/"},{"@type":"ListItem","position":3,"name":"Tyrni\u00f6ljy\u00e4 hunaja 500g"}]},{"@type":"WebSite","@id":"https:\/\/mesi24.ee\/#website","url":"https:\/\/mesi24.ee\/","name":"Mesi24","description":"Mesi, meesegud, meetuubid","publisher":{"@id":"https:\/\/mesi24.ee\/#organization"},"potentialAction":[{"@type":"SearchAction","target":{"@type":"EntryPoint","urlTemplate":"https:\/\/mesi24.ee\/?s={search_term_string}"},"query-input":{"@type":"PropertyValueSpecification","valueRequired":true,"valueName":"search_term_string"}}],"inLanguage":"fi"},{"@type":"Organization","@id":"https:\/\/mesi24.ee\/#organization","name":"O\u00dc Artocarpus","url":"https:\/\/mesi24.ee\/","logo":{"@type":"ImageObject","inLanguage":"fi","@id":"https:\/\/mesi24.ee\/#\/schema\/logo\/image\/","url":"https:\/\/mesi24.ee\/wp-content\/uploads\/2020\/11\/Mesi24.ee-logo.jpg","contentUrl":"https:\/\/mesi24.ee\/wp-content\/uploads\/2020\/11\/Mesi24.ee-logo.jpg","width":250,"height":106,"caption":"O\u00dc Artocarpus"},"image":{"@id":"https:\/\/mesi24.ee\/#\/schema\/logo\/image\/"},"sameAs":["https:\/\/www.facebook.com\/mesi24.ee"]}]}},"_links":{"self":[{"href":"https:\/\/mesi24.ee\/fi\/wp-json\/wp\/v2\/product\/5900","targetHints":{"allow":["GET"]}}],"collection":[{"href":"https:\/\/mesi24.ee\/fi\/wp-json\/wp\/v2\/product"}],"about":[{"href":"https:\/\/mesi24.ee\/fi\/wp-json\/wp\/v2\/types\/product"}],"wp:featuredmedia":[{"embeddable":true,"href":"https:\/\/mesi24.ee\/fi\/wp-json\/wp\/v2\/media\/3057"}],"wp:attachment":[{"href":"https:\/\/mesi24.ee\/fi\/wp-json\/wp\/v2\/media?parent=5900"}],"wp:term":[{"taxonomy":"product_brand","embeddable":true,"href":"https:\/\/mesi24.ee\/fi\/wp-json\/wp\/v2\/product_brand?post=5900"},{"taxonomy":"product_cat","embeddable":true,"href":"https:\/\/mesi24.ee\/fi\/wp-json\/wp\/v2\/product_cat?post=5900"},{"taxonomy":"product_tag","embeddable":true,"href":"https:\/\/mesi24.ee\/fi\/wp-json\/wp\/v2\/product_tag?post=5900"}],"curies":[{"name":"wp","href":"https:\/\/api.w.org\/{rel}","templated":true}]}}