{"id":5896,"date":"2022-01-09T11:33:06","date_gmt":"2022-01-27T09:06:08","guid":{"rendered":"https:\/\/mesi24.ee\/?post_type=product&#038;p=5896"},"modified":"2025-03-15T18:32:10","modified_gmt":"2025-03-15T18:32:10","slug":"tyrnihunaja-170g","status":"publish","type":"product","link":"https:\/\/mesi24.ee\/fi\/toode\/tyrnihunaja-170g\/","title":{"rendered":"Tyrnihunaja 170g"},"content":{"rendered":"<h1>Tyrnihunaja<\/h1>\n<p>Tyrnihunaja (aiempi nimi AMS) sis\u00e4lt\u00e4\u00e4 Virossa pakastekuivattuja ja murskattuja tyrnej\u00e4 hedelm\u00e4lihoineen ja siemenineen. Pakastekuivatusmenetelm\u00e4 auttaa s\u00e4ilytt\u00e4m\u00e4\u00e4n tuotteessa kaikki terveelliset ominaisuudet, mm. vitamiinit, v\u00e4ltt\u00e4m\u00e4tt\u00f6m\u00e4t rasvahapot, eteeriset \u00f6ljyt ja kivenn\u00e4isaineet.<br \/>\nTyrni sis\u00e4lt\u00e4\u00e4 runsaasti vitamiineja. Tunnetuimpia ovat P-vitamiini, C-vitamiini (yhden marjan sanotaan sis\u00e4lt\u00e4v\u00e4n yht\u00e4 paljon C-vitamiinia kuin appelsiinissa), E-vitamiini, B1-, B2- ja B9-vitamiinit, A-provitamiini sek\u00e4 K-ryhm\u00e4n vitamiinit.<br \/>\nTyrni sis\u00e4lt\u00e4\u00e4 my\u00f6s runsaasti hivenaineita, kuten rauta, magnesium, pii, titaani ja alumiini.<br \/>\nTyrnihunaja sopii hyvin smoothieen. Voit my\u00f6s nauttia 1 tl 2\u20133 kertaa p\u00e4iv\u00e4ss\u00e4 puoli tuntia ennen ateriaa. Luonnollisia terveytt\u00e4 parantavia ruoka-aineita suositellaan tunnetusti ottamaan tyhj\u00e4\u00e4n vatsaan 15\u201330 minuuttia ennen ateriaa. Niin elimist\u00f6ll\u00e4 on helpompi k\u00e4sitell\u00e4 ja omaksua niiss\u00e4 olevat vitamiinit ja ravintoaineet.<br \/>\nKuten muitakin hunajasekoituksia, my\u00f6s kyseist\u00e4 tuotetta suositellaan s\u00e4ilytt\u00e4m\u00e4\u00e4n pime\u00e4ss\u00e4 ja viile\u00e4ss\u00e4 sek\u00e4 ennen avaamista ett\u00e4 avaamisen j\u00e4lkeen. Sopivia paikkoja ovat esimerkiksi ruokakomero ja j\u00e4\u00e4kaappi. Viimeksi mainittu nykyaikainen keksint\u00f6 yll\u00e4pit\u00e4\u00e4 hunajalle hyv\u00e4\u00e4 matalaa l\u00e4mp\u00f6tilaa ja siell\u00e4 on my\u00f6s pime\u00e4\u00e4 oven ollessa kiinni. Yleens\u00e4 hunaja s\u00e4ilyy hyvin my\u00f6s huoneenl\u00e4mm\u00f6ss\u00e4, mutta hunajasekoituksilla on tapana kerrostua yli +10 asteen l\u00e4mp\u00f6tilassa, ja ne menett\u00e4v\u00e4t kaupallisen ulkon\u00e4k\u00f6ns\u00e4. Tuote ei pilaannu, se ei vain en\u00e4\u00e4 n\u00e4yt\u00e4 kauniilta ja tasaiselta.<\/p>\n","protected":false},"excerpt":{"rendered":"<p>Tyrnihunaja sis\u00e4lt\u00e4\u00e4 pakastekuivattuja ja murskattuja tyrnej\u00e4 hedelm\u00e4lihoineen ja siemenineen. Pakastekuivatusmenetelm\u00e4 auttaa s\u00e4ilytt\u00e4m\u00e4\u00e4n tuotteessa kaikki terveelliset ominaisuudet, mm. vitamiinit, v\u00e4ltt\u00e4m\u00e4tt\u00f6m\u00e4t rasvahapot, eteeriset \u00f6ljyt ja kivenn\u00e4isaineet. Erinomaisen makean hapokkaan maun lis\u00e4ksi tuote on my\u00f6s eritt\u00e4in terveellinen ja hyv\u00e4 herkku.<\/p>\n<p>Lasipurkki &#8211; 170g<\/p>\n<p>Kuvituskuva<\/p>\n","protected":false},"featured_media":6987,"template":"","meta":[],"product_brand":[],"product_cat":[70],"product_tag":[],"class_list":{"0":"post-5896","1":"product","2":"type-product","3":"status-publish","4":"has-post-thumbnail","6":"product_cat-maustettu-hunaja","8":"first","9":"instock","10":"shipping-taxable","11":"purchasable","12":"product-type-simple"},"yoast_head":"<!-- This site is optimized with the Yoast SEO plugin v27.2 - https:\/\/yoast.com\/product\/yoast-seo-wordpress\/ -->\n<title>Tyrnihunaja 170g - Mesi24<\/title>\n<meta name=\"description\" content=\"Tyrnihunaja sis\u00e4lt\u00e4\u00e4 pakastekuivattuja ja murskattuja tyrnej\u00e4 hedelm\u00e4lihoineen ja siemenineen. Erinomaisen makean hapokkaan maun lis\u00e4ksi tuote on my\u00f6s eritt\u00e4in terveellinen ja hyv\u00e4 herkku.\" \/>\n<meta name=\"robots\" content=\"index, follow, max-snippet:-1, max-image-preview:large, max-video-preview:-1\" \/>\n<link rel=\"canonical\" href=\"https:\/\/mesi24.ee\/fi\/toode\/tyrnihunaja-170g\/\" \/>\n<meta property=\"og:locale\" content=\"fi_FI\" \/>\n<meta property=\"og:type\" content=\"article\" \/>\n<meta property=\"og:title\" content=\"Tyrnihunaja 170g - Mesi24\" \/>\n<meta property=\"og:description\" content=\"Tyrnihunaja sis\u00e4lt\u00e4\u00e4 pakastekuivattuja ja murskattuja tyrnej\u00e4 hedelm\u00e4lihoineen ja siemenineen. Erinomaisen makean hapokkaan maun lis\u00e4ksi tuote on my\u00f6s eritt\u00e4in terveellinen ja hyv\u00e4 herkku.\" \/>\n<meta property=\"og:url\" content=\"https:\/\/mesi24.ee\/fi\/toode\/tyrnihunaja-170g\/\" \/>\n<meta property=\"og:site_name\" content=\"Mesi24\" \/>\n<meta property=\"article:publisher\" content=\"https:\/\/www.facebook.com\/mesi24.ee\" \/>\n<meta property=\"article:modified_time\" content=\"2025-03-15T18:32:10+00:00\" \/>\n<meta property=\"og:image\" content=\"https:\/\/mesi24.ee\/wp-content\/uploads\/2022\/01\/Mesi-Astelpajuga-1.jpg\" \/>\n\t<meta property=\"og:image:width\" content=\"600\" \/>\n\t<meta property=\"og:image:height\" content=\"600\" \/>\n\t<meta property=\"og:image:type\" content=\"image\/jpeg\" \/>\n<meta name=\"twitter:card\" content=\"summary_large_image\" \/>\n<meta name=\"twitter:label1\" content=\"Arvioitu lukuaika\" \/>\n\t<meta name=\"twitter:data1\" content=\"1 minuutti\" \/>\n<script type=\"application\/ld+json\" class=\"yoast-schema-graph\">{\"@context\":\"https:\/\/schema.org\",\"@graph\":[{\"@type\":\"WebPage\",\"@id\":\"https:\/\/mesi24.ee\/fi\/toode\/tyrnihunaja-170g\/\",\"url\":\"https:\/\/mesi24.ee\/fi\/toode\/tyrnihunaja-170g\/\",\"name\":\"Tyrnihunaja 170g - Mesi24\",\"isPartOf\":{\"@id\":\"https:\/\/mesi24.ee\/#website\"},\"primaryImageOfPage\":{\"@id\":\"https:\/\/mesi24.ee\/fi\/toode\/tyrnihunaja-170g\/#primaryimage\"},\"image\":{\"@id\":\"https:\/\/mesi24.ee\/fi\/toode\/tyrnihunaja-170g\/#primaryimage\"},\"thumbnailUrl\":\"https:\/\/mesi24.ee\/wp-content\/uploads\/2022\/01\/Mesi-Astelpajuga-170g.jpg\",\"datePublished\":\"2022-01-27T09:06:08+00:00\",\"dateModified\":\"2025-03-15T18:32:10+00:00\",\"description\":\"Tyrnihunaja sis\u00e4lt\u00e4\u00e4 pakastekuivattuja ja murskattuja tyrnej\u00e4 hedelm\u00e4lihoineen ja siemenineen. Erinomaisen makean hapokkaan maun lis\u00e4ksi tuote on my\u00f6s eritt\u00e4in terveellinen ja hyv\u00e4 herkku.\",\"breadcrumb\":{\"@id\":\"https:\/\/mesi24.ee\/fi\/toode\/tyrnihunaja-170g\/#breadcrumb\"},\"inLanguage\":\"fi\",\"potentialAction\":[{\"@type\":\"ReadAction\",\"target\":[\"https:\/\/mesi24.ee\/fi\/toode\/tyrnihunaja-170g\/\"]}]},{\"@type\":\"ImageObject\",\"inLanguage\":\"fi\",\"@id\":\"https:\/\/mesi24.ee\/fi\/toode\/tyrnihunaja-170g\/#primaryimage\",\"url\":\"https:\/\/mesi24.ee\/wp-content\/uploads\/2022\/01\/Mesi-Astelpajuga-170g.jpg\",\"contentUrl\":\"https:\/\/mesi24.ee\/wp-content\/uploads\/2022\/01\/Mesi-Astelpajuga-170g.jpg\",\"width\":600,\"height\":600,\"caption\":\"Mesi astelpajuga 170g\"},{\"@type\":\"BreadcrumbList\",\"@id\":\"https:\/\/mesi24.ee\/fi\/toode\/tyrnihunaja-170g\/#breadcrumb\",\"itemListElement\":[{\"@type\":\"ListItem\",\"position\":1,\"name\":\"Home\",\"item\":\"https:\/\/mesi24.ee\/fi\/\"},{\"@type\":\"ListItem\",\"position\":2,\"name\":\"Pood\",\"item\":\"https:\/\/mesi24.ee\/fi\/pood\/\"},{\"@type\":\"ListItem\",\"position\":3,\"name\":\"Tyrnihunaja 170g\"}]},{\"@type\":\"WebSite\",\"@id\":\"https:\/\/mesi24.ee\/#website\",\"url\":\"https:\/\/mesi24.ee\/\",\"name\":\"Mesi24\",\"description\":\"Mesi, meesegud, meetuubid\",\"publisher\":{\"@id\":\"https:\/\/mesi24.ee\/#organization\"},\"potentialAction\":[{\"@type\":\"SearchAction\",\"target\":{\"@type\":\"EntryPoint\",\"urlTemplate\":\"https:\/\/mesi24.ee\/?s={search_term_string}\"},\"query-input\":{\"@type\":\"PropertyValueSpecification\",\"valueRequired\":true,\"valueName\":\"search_term_string\"}}],\"inLanguage\":\"fi\"},{\"@type\":\"Organization\",\"@id\":\"https:\/\/mesi24.ee\/#organization\",\"name\":\"O\u00dc Artocarpus\",\"url\":\"https:\/\/mesi24.ee\/\",\"logo\":{\"@type\":\"ImageObject\",\"inLanguage\":\"fi\",\"@id\":\"https:\/\/mesi24.ee\/#\/schema\/logo\/image\/\",\"url\":\"https:\/\/mesi24.ee\/wp-content\/uploads\/2020\/11\/Mesi24.ee-logo.jpg\",\"contentUrl\":\"https:\/\/mesi24.ee\/wp-content\/uploads\/2020\/11\/Mesi24.ee-logo.jpg\",\"width\":250,\"height\":106,\"caption\":\"O\u00dc Artocarpus\"},\"image\":{\"@id\":\"https:\/\/mesi24.ee\/#\/schema\/logo\/image\/\"},\"sameAs\":[\"https:\/\/www.facebook.com\/mesi24.ee\"]}]}<\/script>\n<!-- \/ Yoast SEO plugin. -->","yoast_head_json":{"title":"Tyrnihunaja 170g - Mesi24","description":"Tyrnihunaja sis\u00e4lt\u00e4\u00e4 pakastekuivattuja ja murskattuja tyrnej\u00e4 hedelm\u00e4lihoineen ja siemenineen. Erinomaisen makean hapokkaan maun lis\u00e4ksi tuote on my\u00f6s eritt\u00e4in terveellinen ja hyv\u00e4 herkku.","robots":{"index":"index","follow":"follow","max-snippet":"max-snippet:-1","max-image-preview":"max-image-preview:large","max-video-preview":"max-video-preview:-1"},"canonical":"https:\/\/mesi24.ee\/fi\/toode\/tyrnihunaja-170g\/","og_locale":"fi_FI","og_type":"article","og_title":"Tyrnihunaja 170g - Mesi24","og_description":"Tyrnihunaja sis\u00e4lt\u00e4\u00e4 pakastekuivattuja ja murskattuja tyrnej\u00e4 hedelm\u00e4lihoineen ja siemenineen. Erinomaisen makean hapokkaan maun lis\u00e4ksi tuote on my\u00f6s eritt\u00e4in terveellinen ja hyv\u00e4 herkku.","og_url":"https:\/\/mesi24.ee\/fi\/toode\/tyrnihunaja-170g\/","og_site_name":"Mesi24","article_publisher":"https:\/\/www.facebook.com\/mesi24.ee","article_modified_time":"2025-03-15T18:32:10+00:00","og_image":[{"width":600,"height":600,"url":"https:\/\/mesi24.ee\/wp-content\/uploads\/2022\/01\/Mesi-Astelpajuga-1.jpg","type":"image\/jpeg"}],"twitter_card":"summary_large_image","twitter_misc":{"Arvioitu lukuaika":"1 minuutti"},"schema":{"@context":"https:\/\/schema.org","@graph":[{"@type":"WebPage","@id":"https:\/\/mesi24.ee\/fi\/toode\/tyrnihunaja-170g\/","url":"https:\/\/mesi24.ee\/fi\/toode\/tyrnihunaja-170g\/","name":"Tyrnihunaja 170g - Mesi24","isPartOf":{"@id":"https:\/\/mesi24.ee\/#website"},"primaryImageOfPage":{"@id":"https:\/\/mesi24.ee\/fi\/toode\/tyrnihunaja-170g\/#primaryimage"},"image":{"@id":"https:\/\/mesi24.ee\/fi\/toode\/tyrnihunaja-170g\/#primaryimage"},"thumbnailUrl":"https:\/\/mesi24.ee\/wp-content\/uploads\/2022\/01\/Mesi-Astelpajuga-170g.jpg","datePublished":"2022-01-27T09:06:08+00:00","dateModified":"2025-03-15T18:32:10+00:00","description":"Tyrnihunaja sis\u00e4lt\u00e4\u00e4 pakastekuivattuja ja murskattuja tyrnej\u00e4 hedelm\u00e4lihoineen ja siemenineen. Erinomaisen makean hapokkaan maun lis\u00e4ksi tuote on my\u00f6s eritt\u00e4in terveellinen ja hyv\u00e4 herkku.","breadcrumb":{"@id":"https:\/\/mesi24.ee\/fi\/toode\/tyrnihunaja-170g\/#breadcrumb"},"inLanguage":"fi","potentialAction":[{"@type":"ReadAction","target":["https:\/\/mesi24.ee\/fi\/toode\/tyrnihunaja-170g\/"]}]},{"@type":"ImageObject","inLanguage":"fi","@id":"https:\/\/mesi24.ee\/fi\/toode\/tyrnihunaja-170g\/#primaryimage","url":"https:\/\/mesi24.ee\/wp-content\/uploads\/2022\/01\/Mesi-Astelpajuga-170g.jpg","contentUrl":"https:\/\/mesi24.ee\/wp-content\/uploads\/2022\/01\/Mesi-Astelpajuga-170g.jpg","width":600,"height":600,"caption":"Mesi astelpajuga 170g"},{"@type":"BreadcrumbList","@id":"https:\/\/mesi24.ee\/fi\/toode\/tyrnihunaja-170g\/#breadcrumb","itemListElement":[{"@type":"ListItem","position":1,"name":"Home","item":"https:\/\/mesi24.ee\/fi\/"},{"@type":"ListItem","position":2,"name":"Pood","item":"https:\/\/mesi24.ee\/fi\/pood\/"},{"@type":"ListItem","position":3,"name":"Tyrnihunaja 170g"}]},{"@type":"WebSite","@id":"https:\/\/mesi24.ee\/#website","url":"https:\/\/mesi24.ee\/","name":"Mesi24","description":"Mesi, meesegud, meetuubid","publisher":{"@id":"https:\/\/mesi24.ee\/#organization"},"potentialAction":[{"@type":"SearchAction","target":{"@type":"EntryPoint","urlTemplate":"https:\/\/mesi24.ee\/?s={search_term_string}"},"query-input":{"@type":"PropertyValueSpecification","valueRequired":true,"valueName":"search_term_string"}}],"inLanguage":"fi"},{"@type":"Organization","@id":"https:\/\/mesi24.ee\/#organization","name":"O\u00dc Artocarpus","url":"https:\/\/mesi24.ee\/","logo":{"@type":"ImageObject","inLanguage":"fi","@id":"https:\/\/mesi24.ee\/#\/schema\/logo\/image\/","url":"https:\/\/mesi24.ee\/wp-content\/uploads\/2020\/11\/Mesi24.ee-logo.jpg","contentUrl":"https:\/\/mesi24.ee\/wp-content\/uploads\/2020\/11\/Mesi24.ee-logo.jpg","width":250,"height":106,"caption":"O\u00dc Artocarpus"},"image":{"@id":"https:\/\/mesi24.ee\/#\/schema\/logo\/image\/"},"sameAs":["https:\/\/www.facebook.com\/mesi24.ee"]}]}},"_links":{"self":[{"href":"https:\/\/mesi24.ee\/fi\/wp-json\/wp\/v2\/product\/5896","targetHints":{"allow":["GET"]}}],"collection":[{"href":"https:\/\/mesi24.ee\/fi\/wp-json\/wp\/v2\/product"}],"about":[{"href":"https:\/\/mesi24.ee\/fi\/wp-json\/wp\/v2\/types\/product"}],"wp:featuredmedia":[{"embeddable":true,"href":"https:\/\/mesi24.ee\/fi\/wp-json\/wp\/v2\/media\/6987"}],"wp:attachment":[{"href":"https:\/\/mesi24.ee\/fi\/wp-json\/wp\/v2\/media?parent=5896"}],"wp:term":[{"taxonomy":"product_brand","embeddable":true,"href":"https:\/\/mesi24.ee\/fi\/wp-json\/wp\/v2\/product_brand?post=5896"},{"taxonomy":"product_cat","embeddable":true,"href":"https:\/\/mesi24.ee\/fi\/wp-json\/wp\/v2\/product_cat?post=5896"},{"taxonomy":"product_tag","embeddable":true,"href":"https:\/\/mesi24.ee\/fi\/wp-json\/wp\/v2\/product_tag?post=5896"}],"curies":[{"name":"wp","href":"https:\/\/api.w.org\/{rel}","templated":true}]}}