{"id":5893,"date":"2019-10-30T14:40:21","date_gmt":"2022-01-27T08:48:58","guid":{"rendered":"https:\/\/mesi24.ee\/?post_type=product&#038;p=5893"},"modified":"2023-10-13T06:34:02","modified_gmt":"2023-10-13T06:34:02","slug":"megapakkaus-3x340g-3x105g","status":"publish","type":"product","link":"https:\/\/mesi24.ee\/fi\/toode\/megapakkaus-3x340g-3x105g\/","title":{"rendered":"Megapakkaus (3 x 340g + 3 x 105g)"},"content":{"rendered":"<h1>Megapakkaus<\/h1>\n<p>Megapakkaus koostuu kaikista suosituimmista putkilotuotteistamme.<br \/>\n<strong>Inkiv\u00e4\u00e4rihunaja 340 g<\/strong> \u2013 hyv\u00e4 k\u00e4ytt\u00e4\u00e4 immuunij\u00e4rjestelm\u00e4n vahvistamistarkoitukseen. Inkiv\u00e4\u00e4ri my\u00f6s parantaa verenkiertoa ja sit\u00e4 k\u00e4ytet\u00e4\u00e4n my\u00f6s matkapahoinvointiin!<br \/>\n<strong>Propolishunaja<\/strong> <strong>340g<\/strong>\u2013 sopii hyvin kipe\u00e4lle kurkulle. Propolis eli kittivaha tunnetaan kansanl\u00e4\u00e4ketieteess\u00e4 hyv\u00e4n\u00e4 luonnonantibioottina, joten propolishunajaa voidaan k\u00e4ytt\u00e4\u00e4 my\u00f6s sis\u00e4isiin tulehduksiin. Sopii my\u00f6s levitett\u00e4v\u00e4ksi pakkasesta ja kosteudesta halkeileviin huuliin ja suunpieliin.<br \/>\n<strong>Voidemainen hunaja 340 g<\/strong> \u2013 saadaan sekoittamalla hunajaa mekaanisesti, ei sis\u00e4ll\u00e4 lis\u00e4aineita. Mekaaninen sekoittaminen auttaa hunajaa s\u00e4ilytt\u00e4m\u00e4\u00e4n kermaisen ja pehme\u00e4n olemuksensa hyvin pitk\u00e4\u00e4n. Se on yksi syy, miksi olemme ryhtyneet pakkaamaan hunajaa putkiloon. Sopii teen joukkoon, leiv\u00e4n sek\u00e4 kakun p\u00e4\u00e4lle ja sellaisenaan herkutteluun.<br \/>\n<strong>Kanelihunaja 105 g<\/strong> \u2013 useimpien asiakkaiden mielest\u00e4 hyv\u00e4 sellaisenaan herkutteluun ja sopii hyvin my\u00f6s kahvin joukkoon. Antaa kahville hyv\u00e4n, hieman toisenlaisen maun.<br \/>\n<strong>Mets\u00e4marjaherkku 105 g<\/strong> \u2013 sis\u00e4lt\u00e4\u00e4 hunajan lis\u00e4ksi my\u00f6s jauhettuja pakastekuivattuja luonnonmustikoita ja -puolukoita. Erinomainen herkku makeanyst\u00e4v\u00e4lle. Mustikat ja puolukat sis\u00e4lt\u00e4v\u00e4t useita B-ryhm\u00e4n vitamiineja ja paljon antioksidantteja.<br \/>\n<strong>Herkkusuiden unelma 105 g<\/strong> \u2013 sis\u00e4lt\u00e4\u00e4 hunajaa, pakastekuivattuja karpaloita, kanelia ja inkiv\u00e4\u00e4ri\u00e4. My\u00f6s maukas herkku ja hyv\u00e4 lahjaksi herkkusuille.<\/p>\n","protected":false},"excerpt":{"rendered":"<p>Megapakkaus koostuu seuraavista putkiloihin pakatuista tuotteista: kermainen hunaja 340 g, propolishunaja 340 g, inkiv\u00e4\u00e4rihunaja 340 g, kanelihunaja 105 g, herkkusuiden unelma 105 g, mets\u00e4marjaherkku 105 g. Suuri pakkaus on hyv\u00e4 lahja todelliselle hunajan yst\u00e4v\u00e4lle. Pakkauksen hinta on my\u00f6s edullisempi kuin kaikki putkilot erikseen ostettuna!<\/p>\n<p>Kuvituskuva<\/p>\n","protected":false},"featured_media":3045,"template":"","meta":[],"product_brand":[],"product_cat":[71,72],"product_tag":[],"class_list":{"0":"post-5893","1":"product","2":"type-product","3":"status-publish","4":"has-post-thumbnail","6":"product_cat-hunaja-tuubi","7":"product_cat-lahjaksi","9":"first","10":"instock","11":"sale","12":"shipping-taxable","13":"purchasable","14":"product-type-simple"},"yoast_head":"<!-- This site is optimized with the Yoast SEO plugin v27.2 - https:\/\/yoast.com\/product\/yoast-seo-wordpress\/ -->\n<title>Megapakkaus (3 x 340g + 3 x 105g) - Mesi24<\/title>\n<meta name=\"description\" content=\"Megapakkaus koostuu seuraavista putkiloihin pakatuista tuotteista: kermainen hunaja 340 g, propolishunaja 340 g, inkiv\u00e4\u00e4rihunaja 340 g, kanelihunaja 105 g, herkkusuiden unelma 105 g, mets\u00e4marjaherkku 105 g.\" \/>\n<meta name=\"robots\" content=\"index, follow, max-snippet:-1, max-image-preview:large, max-video-preview:-1\" \/>\n<link rel=\"canonical\" href=\"https:\/\/mesi24.ee\/fi\/toode\/megapakkaus-3x340g-3x105g\/\" \/>\n<meta property=\"og:locale\" content=\"fi_FI\" \/>\n<meta property=\"og:type\" content=\"article\" \/>\n<meta property=\"og:title\" content=\"Megapakkaus (3 x 340g + 3 x 105g) - Mesi24\" \/>\n<meta property=\"og:description\" content=\"Megapakkaus koostuu seuraavista putkiloihin pakatuista tuotteista: kermainen hunaja 340 g, propolishunaja 340 g, inkiv\u00e4\u00e4rihunaja 340 g, kanelihunaja 105 g, herkkusuiden unelma 105 g, mets\u00e4marjaherkku 105 g.\" \/>\n<meta property=\"og:url\" content=\"https:\/\/mesi24.ee\/fi\/toode\/megapakkaus-3x340g-3x105g\/\" \/>\n<meta property=\"og:site_name\" content=\"Mesi24\" \/>\n<meta property=\"article:publisher\" content=\"https:\/\/www.facebook.com\/mesi24.ee\" \/>\n<meta property=\"article:modified_time\" content=\"2023-10-13T06:34:02+00:00\" \/>\n<meta property=\"og:image\" content=\"https:\/\/mesi24.ee\/wp-content\/uploads\/2019\/10\/Megapakk.jpg\" \/>\n\t<meta property=\"og:image:width\" content=\"600\" \/>\n\t<meta property=\"og:image:height\" content=\"600\" \/>\n\t<meta property=\"og:image:type\" content=\"image\/jpeg\" \/>\n<meta name=\"twitter:card\" content=\"summary_large_image\" \/>\n<meta name=\"twitter:label1\" content=\"Arvioitu lukuaika\" \/>\n\t<meta name=\"twitter:data1\" content=\"1 minuutti\" \/>\n<script type=\"application\/ld+json\" class=\"yoast-schema-graph\">{\"@context\":\"https:\/\/schema.org\",\"@graph\":[{\"@type\":\"WebPage\",\"@id\":\"https:\/\/mesi24.ee\/fi\/toode\/megapakkaus-3x340g-3x105g\/\",\"url\":\"https:\/\/mesi24.ee\/fi\/toode\/megapakkaus-3x340g-3x105g\/\",\"name\":\"Megapakkaus (3 x 340g + 3 x 105g) - Mesi24\",\"isPartOf\":{\"@id\":\"https:\/\/mesi24.ee\/#website\"},\"primaryImageOfPage\":{\"@id\":\"https:\/\/mesi24.ee\/fi\/toode\/megapakkaus-3x340g-3x105g\/#primaryimage\"},\"image\":{\"@id\":\"https:\/\/mesi24.ee\/fi\/toode\/megapakkaus-3x340g-3x105g\/#primaryimage\"},\"thumbnailUrl\":\"https:\/\/mesi24.ee\/wp-content\/uploads\/2019\/10\/Megapakk.jpg\",\"datePublished\":\"2022-01-27T08:48:58+00:00\",\"dateModified\":\"2023-10-13T06:34:02+00:00\",\"description\":\"Megapakkaus koostuu seuraavista putkiloihin pakatuista tuotteista: kermainen hunaja 340 g, propolishunaja 340 g, inkiv\u00e4\u00e4rihunaja 340 g, kanelihunaja 105 g, herkkusuiden unelma 105 g, mets\u00e4marjaherkku 105 g.\",\"breadcrumb\":{\"@id\":\"https:\/\/mesi24.ee\/fi\/toode\/megapakkaus-3x340g-3x105g\/#breadcrumb\"},\"inLanguage\":\"fi\",\"potentialAction\":[{\"@type\":\"ReadAction\",\"target\":[\"https:\/\/mesi24.ee\/fi\/toode\/megapakkaus-3x340g-3x105g\/\"]}]},{\"@type\":\"ImageObject\",\"inLanguage\":\"fi\",\"@id\":\"https:\/\/mesi24.ee\/fi\/toode\/megapakkaus-3x340g-3x105g\/#primaryimage\",\"url\":\"https:\/\/mesi24.ee\/wp-content\/uploads\/2019\/10\/Megapakk.jpg\",\"contentUrl\":\"https:\/\/mesi24.ee\/wp-content\/uploads\/2019\/10\/Megapakk.jpg\",\"width\":600,\"height\":600,\"caption\":\"Megapakk\"},{\"@type\":\"BreadcrumbList\",\"@id\":\"https:\/\/mesi24.ee\/fi\/toode\/megapakkaus-3x340g-3x105g\/#breadcrumb\",\"itemListElement\":[{\"@type\":\"ListItem\",\"position\":1,\"name\":\"Home\",\"item\":\"https:\/\/mesi24.ee\/fi\/\"},{\"@type\":\"ListItem\",\"position\":2,\"name\":\"Pood\",\"item\":\"https:\/\/mesi24.ee\/fi\/pood\/\"},{\"@type\":\"ListItem\",\"position\":3,\"name\":\"Megapakkaus (3 x 340g + 3 x 105g)\"}]},{\"@type\":\"WebSite\",\"@id\":\"https:\/\/mesi24.ee\/#website\",\"url\":\"https:\/\/mesi24.ee\/\",\"name\":\"Mesi24\",\"description\":\"Mesi, meesegud, meetuubid\",\"publisher\":{\"@id\":\"https:\/\/mesi24.ee\/#organization\"},\"potentialAction\":[{\"@type\":\"SearchAction\",\"target\":{\"@type\":\"EntryPoint\",\"urlTemplate\":\"https:\/\/mesi24.ee\/?s={search_term_string}\"},\"query-input\":{\"@type\":\"PropertyValueSpecification\",\"valueRequired\":true,\"valueName\":\"search_term_string\"}}],\"inLanguage\":\"fi\"},{\"@type\":\"Organization\",\"@id\":\"https:\/\/mesi24.ee\/#organization\",\"name\":\"O\u00dc Artocarpus\",\"url\":\"https:\/\/mesi24.ee\/\",\"logo\":{\"@type\":\"ImageObject\",\"inLanguage\":\"fi\",\"@id\":\"https:\/\/mesi24.ee\/#\/schema\/logo\/image\/\",\"url\":\"https:\/\/mesi24.ee\/wp-content\/uploads\/2020\/11\/Mesi24.ee-logo.jpg\",\"contentUrl\":\"https:\/\/mesi24.ee\/wp-content\/uploads\/2020\/11\/Mesi24.ee-logo.jpg\",\"width\":250,\"height\":106,\"caption\":\"O\u00dc Artocarpus\"},\"image\":{\"@id\":\"https:\/\/mesi24.ee\/#\/schema\/logo\/image\/\"},\"sameAs\":[\"https:\/\/www.facebook.com\/mesi24.ee\"]}]}<\/script>\n<!-- \/ Yoast SEO plugin. -->","yoast_head_json":{"title":"Megapakkaus (3 x 340g + 3 x 105g) - Mesi24","description":"Megapakkaus koostuu seuraavista putkiloihin pakatuista tuotteista: kermainen hunaja 340 g, propolishunaja 340 g, inkiv\u00e4\u00e4rihunaja 340 g, kanelihunaja 105 g, herkkusuiden unelma 105 g, mets\u00e4marjaherkku 105 g.","robots":{"index":"index","follow":"follow","max-snippet":"max-snippet:-1","max-image-preview":"max-image-preview:large","max-video-preview":"max-video-preview:-1"},"canonical":"https:\/\/mesi24.ee\/fi\/toode\/megapakkaus-3x340g-3x105g\/","og_locale":"fi_FI","og_type":"article","og_title":"Megapakkaus (3 x 340g + 3 x 105g) - Mesi24","og_description":"Megapakkaus koostuu seuraavista putkiloihin pakatuista tuotteista: kermainen hunaja 340 g, propolishunaja 340 g, inkiv\u00e4\u00e4rihunaja 340 g, kanelihunaja 105 g, herkkusuiden unelma 105 g, mets\u00e4marjaherkku 105 g.","og_url":"https:\/\/mesi24.ee\/fi\/toode\/megapakkaus-3x340g-3x105g\/","og_site_name":"Mesi24","article_publisher":"https:\/\/www.facebook.com\/mesi24.ee","article_modified_time":"2023-10-13T06:34:02+00:00","og_image":[{"width":600,"height":600,"url":"https:\/\/mesi24.ee\/wp-content\/uploads\/2019\/10\/Megapakk.jpg","type":"image\/jpeg"}],"twitter_card":"summary_large_image","twitter_misc":{"Arvioitu lukuaika":"1 minuutti"},"schema":{"@context":"https:\/\/schema.org","@graph":[{"@type":"WebPage","@id":"https:\/\/mesi24.ee\/fi\/toode\/megapakkaus-3x340g-3x105g\/","url":"https:\/\/mesi24.ee\/fi\/toode\/megapakkaus-3x340g-3x105g\/","name":"Megapakkaus (3 x 340g + 3 x 105g) - Mesi24","isPartOf":{"@id":"https:\/\/mesi24.ee\/#website"},"primaryImageOfPage":{"@id":"https:\/\/mesi24.ee\/fi\/toode\/megapakkaus-3x340g-3x105g\/#primaryimage"},"image":{"@id":"https:\/\/mesi24.ee\/fi\/toode\/megapakkaus-3x340g-3x105g\/#primaryimage"},"thumbnailUrl":"https:\/\/mesi24.ee\/wp-content\/uploads\/2019\/10\/Megapakk.jpg","datePublished":"2022-01-27T08:48:58+00:00","dateModified":"2023-10-13T06:34:02+00:00","description":"Megapakkaus koostuu seuraavista putkiloihin pakatuista tuotteista: kermainen hunaja 340 g, propolishunaja 340 g, inkiv\u00e4\u00e4rihunaja 340 g, kanelihunaja 105 g, herkkusuiden unelma 105 g, mets\u00e4marjaherkku 105 g.","breadcrumb":{"@id":"https:\/\/mesi24.ee\/fi\/toode\/megapakkaus-3x340g-3x105g\/#breadcrumb"},"inLanguage":"fi","potentialAction":[{"@type":"ReadAction","target":["https:\/\/mesi24.ee\/fi\/toode\/megapakkaus-3x340g-3x105g\/"]}]},{"@type":"ImageObject","inLanguage":"fi","@id":"https:\/\/mesi24.ee\/fi\/toode\/megapakkaus-3x340g-3x105g\/#primaryimage","url":"https:\/\/mesi24.ee\/wp-content\/uploads\/2019\/10\/Megapakk.jpg","contentUrl":"https:\/\/mesi24.ee\/wp-content\/uploads\/2019\/10\/Megapakk.jpg","width":600,"height":600,"caption":"Megapakk"},{"@type":"BreadcrumbList","@id":"https:\/\/mesi24.ee\/fi\/toode\/megapakkaus-3x340g-3x105g\/#breadcrumb","itemListElement":[{"@type":"ListItem","position":1,"name":"Home","item":"https:\/\/mesi24.ee\/fi\/"},{"@type":"ListItem","position":2,"name":"Pood","item":"https:\/\/mesi24.ee\/fi\/pood\/"},{"@type":"ListItem","position":3,"name":"Megapakkaus (3 x 340g + 3 x 105g)"}]},{"@type":"WebSite","@id":"https:\/\/mesi24.ee\/#website","url":"https:\/\/mesi24.ee\/","name":"Mesi24","description":"Mesi, meesegud, meetuubid","publisher":{"@id":"https:\/\/mesi24.ee\/#organization"},"potentialAction":[{"@type":"SearchAction","target":{"@type":"EntryPoint","urlTemplate":"https:\/\/mesi24.ee\/?s={search_term_string}"},"query-input":{"@type":"PropertyValueSpecification","valueRequired":true,"valueName":"search_term_string"}}],"inLanguage":"fi"},{"@type":"Organization","@id":"https:\/\/mesi24.ee\/#organization","name":"O\u00dc Artocarpus","url":"https:\/\/mesi24.ee\/","logo":{"@type":"ImageObject","inLanguage":"fi","@id":"https:\/\/mesi24.ee\/#\/schema\/logo\/image\/","url":"https:\/\/mesi24.ee\/wp-content\/uploads\/2020\/11\/Mesi24.ee-logo.jpg","contentUrl":"https:\/\/mesi24.ee\/wp-content\/uploads\/2020\/11\/Mesi24.ee-logo.jpg","width":250,"height":106,"caption":"O\u00dc Artocarpus"},"image":{"@id":"https:\/\/mesi24.ee\/#\/schema\/logo\/image\/"},"sameAs":["https:\/\/www.facebook.com\/mesi24.ee"]}]}},"_links":{"self":[{"href":"https:\/\/mesi24.ee\/fi\/wp-json\/wp\/v2\/product\/5893","targetHints":{"allow":["GET"]}}],"collection":[{"href":"https:\/\/mesi24.ee\/fi\/wp-json\/wp\/v2\/product"}],"about":[{"href":"https:\/\/mesi24.ee\/fi\/wp-json\/wp\/v2\/types\/product"}],"wp:featuredmedia":[{"embeddable":true,"href":"https:\/\/mesi24.ee\/fi\/wp-json\/wp\/v2\/media\/3045"}],"wp:attachment":[{"href":"https:\/\/mesi24.ee\/fi\/wp-json\/wp\/v2\/media?parent=5893"}],"wp:term":[{"taxonomy":"product_brand","embeddable":true,"href":"https:\/\/mesi24.ee\/fi\/wp-json\/wp\/v2\/product_brand?post=5893"},{"taxonomy":"product_cat","embeddable":true,"href":"https:\/\/mesi24.ee\/fi\/wp-json\/wp\/v2\/product_cat?post=5893"},{"taxonomy":"product_tag","embeddable":true,"href":"https:\/\/mesi24.ee\/fi\/wp-json\/wp\/v2\/product_tag?post=5893"}],"curies":[{"name":"wp","href":"https:\/\/api.w.org\/{rel}","templated":true}]}}