{"id":5884,"date":"2019-06-13T04:19:18","date_gmt":"2019-06-13T04:19:18","guid":{"rendered":"https:\/\/mesi24.ee\/?post_type=product&#038;p=5884"},"modified":"2023-10-13T06:34:02","modified_gmt":"2023-10-13T06:34:02","slug":"herkkusuiden-unelma-300g","status":"publish","type":"product","link":"https:\/\/mesi24.ee\/fi\/toode\/herkkusuiden-unelma-300g\/","title":{"rendered":"Herkkusuiden unelma 300g"},"content":{"rendered":"<h1>Herkkusuiden unelma 300g<\/h1>\n<p>Tuote koostuu nelj\u00e4st\u00e4 herkullisesta luonnon ainesosasta. Kuten muutkin hunajatuotteemme, se sis\u00e4lt\u00e4\u00e4 eniten hunajaa. Toisella sijalla on sis\u00e4lt\u00f6prosenttinsa puolesta karpalo (2 %), jota seuraavat inkiv\u00e4\u00e4ri ja kaneli (kumpaakin 0,5 %). Karpalo antaa tuotteelle miellytt\u00e4v\u00e4n, hieman makeanhappaman maun, johon lis\u00e4\u00e4ntyy inkiv\u00e4\u00e4rin ja kanelin hieman mausteinen maku. Kyseinen tuote on voittanut markkinoilla ja messuilla ihmisten syd\u00e4met nopeasti ja osoittautunut hyvin suosituksi.<br \/>\nKertoisimme mielell\u00e4mme lis\u00e4\u00e4 karpalon, inkiv\u00e4\u00e4rin, kanelin ja hunajan hyvist\u00e4 ominaisuuksista, mutta Viron elintarvikelain 38 \u00a7 perustuen myyj\u00e4n (Mesi24.ee) esitt\u00e4m\u00e4n ruokaa koskevan tiedon on oltava totuudenmukaista, vastattava lains\u00e4\u00e4d\u00e4nn\u00f6ss\u00e4 s\u00e4\u00e4dettyj\u00e4 vaatimuksia eik\u00e4 se saa olla kuluttajaa harhaanjohtavaa, joten mek\u00e4\u00e4n emme voi esitt\u00e4\u00e4 kansanl\u00e4\u00e4ketieteess\u00e4 pitk\u00e4\u00e4n tunnettua tietoa mainituista ainesosista. Siksi suosittelemme kaikkia kiinnostuneita hakemaan lis\u00e4tietoa Googlen v\u00e4lityksell\u00e4 \ud83d\ude09<\/p>\n","protected":false},"excerpt":{"rendered":"<p>Herkkusuiden unelma sis\u00e4lt\u00e4\u00e4 hunajaa, pakastekuivattuja karpaloita, jauhettua inkiv\u00e4\u00e4ri\u00e4 ja jauhettua kanelia. Sopii hyvin leiv\u00e4n sek\u00e4 kakun p\u00e4\u00e4lle ja on herkullista nautittavaa my\u00f6s sellaisenaan. Aina hyv\u00e4 yll\u00e4tys my\u00f6s lahjaksi. S\u00e4ilyt\u00e4 viile\u00e4ss\u00e4 paikassa!<\/p>\n<p>Lasipurkki \u2013 300 g<\/p>\n<p>Kuvituskuva.<\/p>\n","protected":false},"featured_media":3704,"template":"","meta":[],"product_brand":[],"product_cat":[70],"product_tag":[],"class_list":{"0":"post-5884","1":"product","2":"type-product","3":"status-publish","4":"has-post-thumbnail","6":"product_cat-maustettu-hunaja","8":"first","9":"instock","10":"shipping-taxable","11":"purchasable","12":"product-type-simple"},"yoast_head":"<!-- This site is optimized with the Yoast SEO plugin v27.2 - https:\/\/yoast.com\/product\/yoast-seo-wordpress\/ -->\n<title>Herkkusuiden unelma 300g - Mesi24<\/title>\n<meta name=\"description\" content=\"Herkkusuiden unelma sis\u00e4lt\u00e4\u00e4 hunajaa, pakastekuivattuja karpaloita, jauhettua inkiv\u00e4\u00e4ri\u00e4 ja jauhettua kanelia. Sopii hyvin leiv\u00e4n sek\u00e4 kakun p\u00e4\u00e4lle ja on herkullista nautittavaa my\u00f6s sellaisenaan. Aina hyv\u00e4 yll\u00e4tys my\u00f6s lahjaksi.\" \/>\n<meta name=\"robots\" content=\"index, follow, max-snippet:-1, max-image-preview:large, max-video-preview:-1\" \/>\n<link rel=\"canonical\" href=\"https:\/\/mesi24.ee\/fi\/toode\/herkkusuiden-unelma-300g\/\" \/>\n<meta property=\"og:locale\" content=\"fi_FI\" \/>\n<meta property=\"og:type\" content=\"article\" \/>\n<meta property=\"og:title\" content=\"Herkkusuiden unelma 300g - Mesi24\" \/>\n<meta property=\"og:description\" content=\"Herkkusuiden unelma sis\u00e4lt\u00e4\u00e4 hunajaa, pakastekuivattuja karpaloita, jauhettua inkiv\u00e4\u00e4ri\u00e4 ja jauhettua kanelia. Sopii hyvin leiv\u00e4n sek\u00e4 kakun p\u00e4\u00e4lle ja on herkullista nautittavaa my\u00f6s sellaisenaan. Aina hyv\u00e4 yll\u00e4tys my\u00f6s lahjaksi.\" \/>\n<meta property=\"og:url\" content=\"https:\/\/mesi24.ee\/fi\/toode\/herkkusuiden-unelma-300g\/\" \/>\n<meta property=\"og:site_name\" content=\"Mesi24\" \/>\n<meta property=\"article:publisher\" content=\"https:\/\/www.facebook.com\/mesi24.ee\" \/>\n<meta property=\"article:modified_time\" content=\"2023-10-13T06:34:02+00:00\" \/>\n<meta property=\"og:image\" content=\"https:\/\/mesi24.ee\/wp-content\/uploads\/2019\/06\/Maiasmokkade-unistus-300g.jpg\" \/>\n\t<meta property=\"og:image:width\" content=\"3456\" \/>\n\t<meta property=\"og:image:height\" content=\"3456\" \/>\n\t<meta property=\"og:image:type\" content=\"image\/jpeg\" \/>\n<meta name=\"twitter:card\" content=\"summary_large_image\" \/>\n<meta name=\"twitter:label1\" content=\"Arvioitu lukuaika\" \/>\n\t<meta name=\"twitter:data1\" content=\"1 minuutti\" \/>\n<script type=\"application\/ld+json\" class=\"yoast-schema-graph\">{\"@context\":\"https:\/\/schema.org\",\"@graph\":[{\"@type\":\"WebPage\",\"@id\":\"https:\/\/mesi24.ee\/fi\/toode\/herkkusuiden-unelma-300g\/\",\"url\":\"https:\/\/mesi24.ee\/fi\/toode\/herkkusuiden-unelma-300g\/\",\"name\":\"Herkkusuiden unelma 300g - Mesi24\",\"isPartOf\":{\"@id\":\"https:\/\/mesi24.ee\/#website\"},\"primaryImageOfPage\":{\"@id\":\"https:\/\/mesi24.ee\/fi\/toode\/herkkusuiden-unelma-300g\/#primaryimage\"},\"image\":{\"@id\":\"https:\/\/mesi24.ee\/fi\/toode\/herkkusuiden-unelma-300g\/#primaryimage\"},\"thumbnailUrl\":\"https:\/\/mesi24.ee\/wp-content\/uploads\/2019\/06\/Maiasmokkade-unistus-300g.jpg\",\"datePublished\":\"2019-06-13T04:19:18+00:00\",\"dateModified\":\"2023-10-13T06:34:02+00:00\",\"description\":\"Herkkusuiden unelma sis\u00e4lt\u00e4\u00e4 hunajaa, pakastekuivattuja karpaloita, jauhettua inkiv\u00e4\u00e4ri\u00e4 ja jauhettua kanelia. Sopii hyvin leiv\u00e4n sek\u00e4 kakun p\u00e4\u00e4lle ja on herkullista nautittavaa my\u00f6s sellaisenaan. Aina hyv\u00e4 yll\u00e4tys my\u00f6s lahjaksi.\",\"breadcrumb\":{\"@id\":\"https:\/\/mesi24.ee\/fi\/toode\/herkkusuiden-unelma-300g\/#breadcrumb\"},\"inLanguage\":\"fi\",\"potentialAction\":[{\"@type\":\"ReadAction\",\"target\":[\"https:\/\/mesi24.ee\/fi\/toode\/herkkusuiden-unelma-300g\/\"]}]},{\"@type\":\"ImageObject\",\"inLanguage\":\"fi\",\"@id\":\"https:\/\/mesi24.ee\/fi\/toode\/herkkusuiden-unelma-300g\/#primaryimage\",\"url\":\"https:\/\/mesi24.ee\/wp-content\/uploads\/2019\/06\/Maiasmokkade-unistus-300g.jpg\",\"contentUrl\":\"https:\/\/mesi24.ee\/wp-content\/uploads\/2019\/06\/Maiasmokkade-unistus-300g.jpg\",\"width\":3456,\"height\":3456,\"caption\":\"Maiasmokkade unistus 300g\"},{\"@type\":\"BreadcrumbList\",\"@id\":\"https:\/\/mesi24.ee\/fi\/toode\/herkkusuiden-unelma-300g\/#breadcrumb\",\"itemListElement\":[{\"@type\":\"ListItem\",\"position\":1,\"name\":\"Home\",\"item\":\"https:\/\/mesi24.ee\/fi\/\"},{\"@type\":\"ListItem\",\"position\":2,\"name\":\"Pood\",\"item\":\"https:\/\/mesi24.ee\/fi\/pood\/\"},{\"@type\":\"ListItem\",\"position\":3,\"name\":\"Herkkusuiden unelma 300g\"}]},{\"@type\":\"WebSite\",\"@id\":\"https:\/\/mesi24.ee\/#website\",\"url\":\"https:\/\/mesi24.ee\/\",\"name\":\"Mesi24\",\"description\":\"Mesi, meesegud, meetuubid\",\"publisher\":{\"@id\":\"https:\/\/mesi24.ee\/#organization\"},\"potentialAction\":[{\"@type\":\"SearchAction\",\"target\":{\"@type\":\"EntryPoint\",\"urlTemplate\":\"https:\/\/mesi24.ee\/?s={search_term_string}\"},\"query-input\":{\"@type\":\"PropertyValueSpecification\",\"valueRequired\":true,\"valueName\":\"search_term_string\"}}],\"inLanguage\":\"fi\"},{\"@type\":\"Organization\",\"@id\":\"https:\/\/mesi24.ee\/#organization\",\"name\":\"O\u00dc Artocarpus\",\"url\":\"https:\/\/mesi24.ee\/\",\"logo\":{\"@type\":\"ImageObject\",\"inLanguage\":\"fi\",\"@id\":\"https:\/\/mesi24.ee\/#\/schema\/logo\/image\/\",\"url\":\"https:\/\/mesi24.ee\/wp-content\/uploads\/2020\/11\/Mesi24.ee-logo.jpg\",\"contentUrl\":\"https:\/\/mesi24.ee\/wp-content\/uploads\/2020\/11\/Mesi24.ee-logo.jpg\",\"width\":250,\"height\":106,\"caption\":\"O\u00dc Artocarpus\"},\"image\":{\"@id\":\"https:\/\/mesi24.ee\/#\/schema\/logo\/image\/\"},\"sameAs\":[\"https:\/\/www.facebook.com\/mesi24.ee\"]}]}<\/script>\n<!-- \/ Yoast SEO plugin. -->","yoast_head_json":{"title":"Herkkusuiden unelma 300g - Mesi24","description":"Herkkusuiden unelma sis\u00e4lt\u00e4\u00e4 hunajaa, pakastekuivattuja karpaloita, jauhettua inkiv\u00e4\u00e4ri\u00e4 ja jauhettua kanelia. Sopii hyvin leiv\u00e4n sek\u00e4 kakun p\u00e4\u00e4lle ja on herkullista nautittavaa my\u00f6s sellaisenaan. Aina hyv\u00e4 yll\u00e4tys my\u00f6s lahjaksi.","robots":{"index":"index","follow":"follow","max-snippet":"max-snippet:-1","max-image-preview":"max-image-preview:large","max-video-preview":"max-video-preview:-1"},"canonical":"https:\/\/mesi24.ee\/fi\/toode\/herkkusuiden-unelma-300g\/","og_locale":"fi_FI","og_type":"article","og_title":"Herkkusuiden unelma 300g - Mesi24","og_description":"Herkkusuiden unelma sis\u00e4lt\u00e4\u00e4 hunajaa, pakastekuivattuja karpaloita, jauhettua inkiv\u00e4\u00e4ri\u00e4 ja jauhettua kanelia. Sopii hyvin leiv\u00e4n sek\u00e4 kakun p\u00e4\u00e4lle ja on herkullista nautittavaa my\u00f6s sellaisenaan. Aina hyv\u00e4 yll\u00e4tys my\u00f6s lahjaksi.","og_url":"https:\/\/mesi24.ee\/fi\/toode\/herkkusuiden-unelma-300g\/","og_site_name":"Mesi24","article_publisher":"https:\/\/www.facebook.com\/mesi24.ee","article_modified_time":"2023-10-13T06:34:02+00:00","og_image":[{"width":3456,"height":3456,"url":"https:\/\/mesi24.ee\/wp-content\/uploads\/2019\/06\/Maiasmokkade-unistus-300g.jpg","type":"image\/jpeg"}],"twitter_card":"summary_large_image","twitter_misc":{"Arvioitu lukuaika":"1 minuutti"},"schema":{"@context":"https:\/\/schema.org","@graph":[{"@type":"WebPage","@id":"https:\/\/mesi24.ee\/fi\/toode\/herkkusuiden-unelma-300g\/","url":"https:\/\/mesi24.ee\/fi\/toode\/herkkusuiden-unelma-300g\/","name":"Herkkusuiden unelma 300g - Mesi24","isPartOf":{"@id":"https:\/\/mesi24.ee\/#website"},"primaryImageOfPage":{"@id":"https:\/\/mesi24.ee\/fi\/toode\/herkkusuiden-unelma-300g\/#primaryimage"},"image":{"@id":"https:\/\/mesi24.ee\/fi\/toode\/herkkusuiden-unelma-300g\/#primaryimage"},"thumbnailUrl":"https:\/\/mesi24.ee\/wp-content\/uploads\/2019\/06\/Maiasmokkade-unistus-300g.jpg","datePublished":"2019-06-13T04:19:18+00:00","dateModified":"2023-10-13T06:34:02+00:00","description":"Herkkusuiden unelma sis\u00e4lt\u00e4\u00e4 hunajaa, pakastekuivattuja karpaloita, jauhettua inkiv\u00e4\u00e4ri\u00e4 ja jauhettua kanelia. Sopii hyvin leiv\u00e4n sek\u00e4 kakun p\u00e4\u00e4lle ja on herkullista nautittavaa my\u00f6s sellaisenaan. Aina hyv\u00e4 yll\u00e4tys my\u00f6s lahjaksi.","breadcrumb":{"@id":"https:\/\/mesi24.ee\/fi\/toode\/herkkusuiden-unelma-300g\/#breadcrumb"},"inLanguage":"fi","potentialAction":[{"@type":"ReadAction","target":["https:\/\/mesi24.ee\/fi\/toode\/herkkusuiden-unelma-300g\/"]}]},{"@type":"ImageObject","inLanguage":"fi","@id":"https:\/\/mesi24.ee\/fi\/toode\/herkkusuiden-unelma-300g\/#primaryimage","url":"https:\/\/mesi24.ee\/wp-content\/uploads\/2019\/06\/Maiasmokkade-unistus-300g.jpg","contentUrl":"https:\/\/mesi24.ee\/wp-content\/uploads\/2019\/06\/Maiasmokkade-unistus-300g.jpg","width":3456,"height":3456,"caption":"Maiasmokkade unistus 300g"},{"@type":"BreadcrumbList","@id":"https:\/\/mesi24.ee\/fi\/toode\/herkkusuiden-unelma-300g\/#breadcrumb","itemListElement":[{"@type":"ListItem","position":1,"name":"Home","item":"https:\/\/mesi24.ee\/fi\/"},{"@type":"ListItem","position":2,"name":"Pood","item":"https:\/\/mesi24.ee\/fi\/pood\/"},{"@type":"ListItem","position":3,"name":"Herkkusuiden unelma 300g"}]},{"@type":"WebSite","@id":"https:\/\/mesi24.ee\/#website","url":"https:\/\/mesi24.ee\/","name":"Mesi24","description":"Mesi, meesegud, meetuubid","publisher":{"@id":"https:\/\/mesi24.ee\/#organization"},"potentialAction":[{"@type":"SearchAction","target":{"@type":"EntryPoint","urlTemplate":"https:\/\/mesi24.ee\/?s={search_term_string}"},"query-input":{"@type":"PropertyValueSpecification","valueRequired":true,"valueName":"search_term_string"}}],"inLanguage":"fi"},{"@type":"Organization","@id":"https:\/\/mesi24.ee\/#organization","name":"O\u00dc Artocarpus","url":"https:\/\/mesi24.ee\/","logo":{"@type":"ImageObject","inLanguage":"fi","@id":"https:\/\/mesi24.ee\/#\/schema\/logo\/image\/","url":"https:\/\/mesi24.ee\/wp-content\/uploads\/2020\/11\/Mesi24.ee-logo.jpg","contentUrl":"https:\/\/mesi24.ee\/wp-content\/uploads\/2020\/11\/Mesi24.ee-logo.jpg","width":250,"height":106,"caption":"O\u00dc Artocarpus"},"image":{"@id":"https:\/\/mesi24.ee\/#\/schema\/logo\/image\/"},"sameAs":["https:\/\/www.facebook.com\/mesi24.ee"]}]}},"_links":{"self":[{"href":"https:\/\/mesi24.ee\/fi\/wp-json\/wp\/v2\/product\/5884","targetHints":{"allow":["GET"]}}],"collection":[{"href":"https:\/\/mesi24.ee\/fi\/wp-json\/wp\/v2\/product"}],"about":[{"href":"https:\/\/mesi24.ee\/fi\/wp-json\/wp\/v2\/types\/product"}],"wp:featuredmedia":[{"embeddable":true,"href":"https:\/\/mesi24.ee\/fi\/wp-json\/wp\/v2\/media\/3704"}],"wp:attachment":[{"href":"https:\/\/mesi24.ee\/fi\/wp-json\/wp\/v2\/media?parent=5884"}],"wp:term":[{"taxonomy":"product_brand","embeddable":true,"href":"https:\/\/mesi24.ee\/fi\/wp-json\/wp\/v2\/product_brand?post=5884"},{"taxonomy":"product_cat","embeddable":true,"href":"https:\/\/mesi24.ee\/fi\/wp-json\/wp\/v2\/product_cat?post=5884"},{"taxonomy":"product_tag","embeddable":true,"href":"https:\/\/mesi24.ee\/fi\/wp-json\/wp\/v2\/product_tag?post=5884"}],"curies":[{"name":"wp","href":"https:\/\/api.w.org\/{rel}","templated":true}]}}