{"id":5879,"date":"2022-01-05T14:54:32","date_gmt":"2022-01-26T13:16:02","guid":{"rendered":"https:\/\/mesi24.ee\/?post_type=product&#038;p=5879"},"modified":"2022-02-09T14:11:30","modified_gmt":"2022-02-09T14:11:30","slug":"lahjapakkaus-mehilainen-3-x-170g","status":"publish","type":"product","link":"https:\/\/mesi24.ee\/fi\/toode\/lahjapakkaus-mehilainen-3-x-170g\/","title":{"rendered":"Lahjapakkaus \u201cMehil\u00e4inen\u201d 3 x 170 g"},"content":{"rendered":"","protected":false},"excerpt":{"rendered":"<p>Lahjapakkaus koostuu 3 valitsemastasi 170 g hunajasekoituksesta. Voit valita sopivat sekoitukset kotisivullamme olevista tuotteista. Pyyd\u00e4mme kirjoittamaan sopivia hunajasekoituksia koskevat tarkennukset tilauksen kentt\u00e4\u00e4n \u201cTilausta koskevat merkinn\u00e4t\u201d.<br \/>\nPakkauksessa: kartonkirasia<br \/>\n3 x 170 hunajasekoitus lasipurkissa<\/p>\n","protected":false},"featured_media":7598,"template":"","meta":[],"product_brand":[],"product_cat":[72,70],"product_tag":[],"class_list":{"0":"post-5879","1":"product","2":"type-product","3":"status-publish","4":"has-post-thumbnail","6":"product_cat-lahjaksi","7":"product_cat-maustettu-hunaja","9":"first","10":"instock","11":"shipping-taxable","12":"purchasable","13":"product-type-simple"},"yoast_head":"<!-- This site is optimized with the Yoast SEO plugin v27.2 - https:\/\/yoast.com\/product\/yoast-seo-wordpress\/ -->\n<title>Lahjapakkaus \u201cMehil\u00e4inen\u201d 3 x 170 g - Mesi24<\/title>\n<meta name=\"description\" content=\"Lahjapakkaus koostuu 3 valitsemastasi 170 g hunajasekoituksesta. Voit valita sopivat sekoitukset kotisivullamme olevista tuotteista.\" \/>\n<meta name=\"robots\" content=\"index, follow, max-snippet:-1, max-image-preview:large, max-video-preview:-1\" \/>\n<link rel=\"canonical\" href=\"https:\/\/mesi24.ee\/fi\/toode\/lahjapakkaus-mehilainen-3-x-170g\/\" \/>\n<meta property=\"og:locale\" content=\"fi_FI\" \/>\n<meta property=\"og:type\" content=\"article\" \/>\n<meta property=\"og:title\" content=\"Lahjapakkaus \u201cMehil\u00e4inen\u201d 3 x 170 g - Mesi24\" \/>\n<meta property=\"og:description\" content=\"Lahjapakkaus koostuu 3 valitsemastasi 170 g hunajasekoituksesta. Voit valita sopivat sekoitukset kotisivullamme olevista tuotteista.\" \/>\n<meta property=\"og:url\" content=\"https:\/\/mesi24.ee\/fi\/toode\/lahjapakkaus-mehilainen-3-x-170g\/\" \/>\n<meta property=\"og:site_name\" content=\"Mesi24\" \/>\n<meta property=\"article:publisher\" content=\"https:\/\/www.facebook.com\/mesi24.ee\" \/>\n<meta property=\"article:modified_time\" content=\"2022-02-09T14:11:30+00:00\" \/>\n<meta property=\"og:image\" content=\"https:\/\/mesi24.ee\/wp-content\/uploads\/2022\/01\/Kinkekomplekt-2.1.jpg\" \/>\n\t<meta property=\"og:image:width\" content=\"600\" \/>\n\t<meta property=\"og:image:height\" content=\"600\" \/>\n\t<meta property=\"og:image:type\" content=\"image\/jpeg\" \/>\n<meta name=\"twitter:card\" content=\"summary_large_image\" \/>\n<script type=\"application\/ld+json\" class=\"yoast-schema-graph\">{\"@context\":\"https:\/\/schema.org\",\"@graph\":[{\"@type\":\"WebPage\",\"@id\":\"https:\/\/mesi24.ee\/fi\/toode\/lahjapakkaus-mehilainen-3-x-170g\/\",\"url\":\"https:\/\/mesi24.ee\/fi\/toode\/lahjapakkaus-mehilainen-3-x-170g\/\",\"name\":\"Lahjapakkaus \u201cMehil\u00e4inen\u201d 3 x 170 g - Mesi24\",\"isPartOf\":{\"@id\":\"https:\/\/mesi24.ee\/#website\"},\"primaryImageOfPage\":{\"@id\":\"https:\/\/mesi24.ee\/fi\/toode\/lahjapakkaus-mehilainen-3-x-170g\/#primaryimage\"},\"image\":{\"@id\":\"https:\/\/mesi24.ee\/fi\/toode\/lahjapakkaus-mehilainen-3-x-170g\/#primaryimage\"},\"thumbnailUrl\":\"https:\/\/mesi24.ee\/wp-content\/uploads\/2022\/01\/Kinkekomplekt-2.5.jpg\",\"datePublished\":\"2022-01-26T13:16:02+00:00\",\"dateModified\":\"2022-02-09T14:11:30+00:00\",\"description\":\"Lahjapakkaus koostuu 3 valitsemastasi 170 g hunajasekoituksesta. Voit valita sopivat sekoitukset kotisivullamme olevista tuotteista.\",\"breadcrumb\":{\"@id\":\"https:\/\/mesi24.ee\/fi\/toode\/lahjapakkaus-mehilainen-3-x-170g\/#breadcrumb\"},\"inLanguage\":\"fi\",\"potentialAction\":[{\"@type\":\"ReadAction\",\"target\":[\"https:\/\/mesi24.ee\/fi\/toode\/lahjapakkaus-mehilainen-3-x-170g\/\"]}]},{\"@type\":\"ImageObject\",\"inLanguage\":\"fi\",\"@id\":\"https:\/\/mesi24.ee\/fi\/toode\/lahjapakkaus-mehilainen-3-x-170g\/#primaryimage\",\"url\":\"https:\/\/mesi24.ee\/wp-content\/uploads\/2022\/01\/Kinkekomplekt-2.5.jpg\",\"contentUrl\":\"https:\/\/mesi24.ee\/wp-content\/uploads\/2022\/01\/Kinkekomplekt-2.5.jpg\",\"width\":600,\"height\":600,\"caption\":\"Kinkekomplekt Mesimumm\"},{\"@type\":\"BreadcrumbList\",\"@id\":\"https:\/\/mesi24.ee\/fi\/toode\/lahjapakkaus-mehilainen-3-x-170g\/#breadcrumb\",\"itemListElement\":[{\"@type\":\"ListItem\",\"position\":1,\"name\":\"Home\",\"item\":\"https:\/\/mesi24.ee\/fi\/\"},{\"@type\":\"ListItem\",\"position\":2,\"name\":\"Pood\",\"item\":\"https:\/\/mesi24.ee\/fi\/pood\/\"},{\"@type\":\"ListItem\",\"position\":3,\"name\":\"Lahjapakkaus \u201cMehil\u00e4inen\u201d 3 x 170 g\"}]},{\"@type\":\"WebSite\",\"@id\":\"https:\/\/mesi24.ee\/#website\",\"url\":\"https:\/\/mesi24.ee\/\",\"name\":\"Mesi24\",\"description\":\"Mesi, meesegud, meetuubid\",\"publisher\":{\"@id\":\"https:\/\/mesi24.ee\/#organization\"},\"potentialAction\":[{\"@type\":\"SearchAction\",\"target\":{\"@type\":\"EntryPoint\",\"urlTemplate\":\"https:\/\/mesi24.ee\/?s={search_term_string}\"},\"query-input\":{\"@type\":\"PropertyValueSpecification\",\"valueRequired\":true,\"valueName\":\"search_term_string\"}}],\"inLanguage\":\"fi\"},{\"@type\":\"Organization\",\"@id\":\"https:\/\/mesi24.ee\/#organization\",\"name\":\"O\u00dc Artocarpus\",\"url\":\"https:\/\/mesi24.ee\/\",\"logo\":{\"@type\":\"ImageObject\",\"inLanguage\":\"fi\",\"@id\":\"https:\/\/mesi24.ee\/#\/schema\/logo\/image\/\",\"url\":\"https:\/\/mesi24.ee\/wp-content\/uploads\/2020\/11\/Mesi24.ee-logo.jpg\",\"contentUrl\":\"https:\/\/mesi24.ee\/wp-content\/uploads\/2020\/11\/Mesi24.ee-logo.jpg\",\"width\":250,\"height\":106,\"caption\":\"O\u00dc Artocarpus\"},\"image\":{\"@id\":\"https:\/\/mesi24.ee\/#\/schema\/logo\/image\/\"},\"sameAs\":[\"https:\/\/www.facebook.com\/mesi24.ee\"]}]}<\/script>\n<!-- \/ Yoast SEO plugin. -->","yoast_head_json":{"title":"Lahjapakkaus \u201cMehil\u00e4inen\u201d 3 x 170 g - Mesi24","description":"Lahjapakkaus koostuu 3 valitsemastasi 170 g hunajasekoituksesta. Voit valita sopivat sekoitukset kotisivullamme olevista tuotteista.","robots":{"index":"index","follow":"follow","max-snippet":"max-snippet:-1","max-image-preview":"max-image-preview:large","max-video-preview":"max-video-preview:-1"},"canonical":"https:\/\/mesi24.ee\/fi\/toode\/lahjapakkaus-mehilainen-3-x-170g\/","og_locale":"fi_FI","og_type":"article","og_title":"Lahjapakkaus \u201cMehil\u00e4inen\u201d 3 x 170 g - Mesi24","og_description":"Lahjapakkaus koostuu 3 valitsemastasi 170 g hunajasekoituksesta. Voit valita sopivat sekoitukset kotisivullamme olevista tuotteista.","og_url":"https:\/\/mesi24.ee\/fi\/toode\/lahjapakkaus-mehilainen-3-x-170g\/","og_site_name":"Mesi24","article_publisher":"https:\/\/www.facebook.com\/mesi24.ee","article_modified_time":"2022-02-09T14:11:30+00:00","og_image":[{"width":600,"height":600,"url":"https:\/\/mesi24.ee\/wp-content\/uploads\/2022\/01\/Kinkekomplekt-2.1.jpg","type":"image\/jpeg"}],"twitter_card":"summary_large_image","schema":{"@context":"https:\/\/schema.org","@graph":[{"@type":"WebPage","@id":"https:\/\/mesi24.ee\/fi\/toode\/lahjapakkaus-mehilainen-3-x-170g\/","url":"https:\/\/mesi24.ee\/fi\/toode\/lahjapakkaus-mehilainen-3-x-170g\/","name":"Lahjapakkaus \u201cMehil\u00e4inen\u201d 3 x 170 g - Mesi24","isPartOf":{"@id":"https:\/\/mesi24.ee\/#website"},"primaryImageOfPage":{"@id":"https:\/\/mesi24.ee\/fi\/toode\/lahjapakkaus-mehilainen-3-x-170g\/#primaryimage"},"image":{"@id":"https:\/\/mesi24.ee\/fi\/toode\/lahjapakkaus-mehilainen-3-x-170g\/#primaryimage"},"thumbnailUrl":"https:\/\/mesi24.ee\/wp-content\/uploads\/2022\/01\/Kinkekomplekt-2.5.jpg","datePublished":"2022-01-26T13:16:02+00:00","dateModified":"2022-02-09T14:11:30+00:00","description":"Lahjapakkaus koostuu 3 valitsemastasi 170 g hunajasekoituksesta. Voit valita sopivat sekoitukset kotisivullamme olevista tuotteista.","breadcrumb":{"@id":"https:\/\/mesi24.ee\/fi\/toode\/lahjapakkaus-mehilainen-3-x-170g\/#breadcrumb"},"inLanguage":"fi","potentialAction":[{"@type":"ReadAction","target":["https:\/\/mesi24.ee\/fi\/toode\/lahjapakkaus-mehilainen-3-x-170g\/"]}]},{"@type":"ImageObject","inLanguage":"fi","@id":"https:\/\/mesi24.ee\/fi\/toode\/lahjapakkaus-mehilainen-3-x-170g\/#primaryimage","url":"https:\/\/mesi24.ee\/wp-content\/uploads\/2022\/01\/Kinkekomplekt-2.5.jpg","contentUrl":"https:\/\/mesi24.ee\/wp-content\/uploads\/2022\/01\/Kinkekomplekt-2.5.jpg","width":600,"height":600,"caption":"Kinkekomplekt Mesimumm"},{"@type":"BreadcrumbList","@id":"https:\/\/mesi24.ee\/fi\/toode\/lahjapakkaus-mehilainen-3-x-170g\/#breadcrumb","itemListElement":[{"@type":"ListItem","position":1,"name":"Home","item":"https:\/\/mesi24.ee\/fi\/"},{"@type":"ListItem","position":2,"name":"Pood","item":"https:\/\/mesi24.ee\/fi\/pood\/"},{"@type":"ListItem","position":3,"name":"Lahjapakkaus \u201cMehil\u00e4inen\u201d 3 x 170 g"}]},{"@type":"WebSite","@id":"https:\/\/mesi24.ee\/#website","url":"https:\/\/mesi24.ee\/","name":"Mesi24","description":"Mesi, meesegud, meetuubid","publisher":{"@id":"https:\/\/mesi24.ee\/#organization"},"potentialAction":[{"@type":"SearchAction","target":{"@type":"EntryPoint","urlTemplate":"https:\/\/mesi24.ee\/?s={search_term_string}"},"query-input":{"@type":"PropertyValueSpecification","valueRequired":true,"valueName":"search_term_string"}}],"inLanguage":"fi"},{"@type":"Organization","@id":"https:\/\/mesi24.ee\/#organization","name":"O\u00dc Artocarpus","url":"https:\/\/mesi24.ee\/","logo":{"@type":"ImageObject","inLanguage":"fi","@id":"https:\/\/mesi24.ee\/#\/schema\/logo\/image\/","url":"https:\/\/mesi24.ee\/wp-content\/uploads\/2020\/11\/Mesi24.ee-logo.jpg","contentUrl":"https:\/\/mesi24.ee\/wp-content\/uploads\/2020\/11\/Mesi24.ee-logo.jpg","width":250,"height":106,"caption":"O\u00dc Artocarpus"},"image":{"@id":"https:\/\/mesi24.ee\/#\/schema\/logo\/image\/"},"sameAs":["https:\/\/www.facebook.com\/mesi24.ee"]}]}},"_links":{"self":[{"href":"https:\/\/mesi24.ee\/fi\/wp-json\/wp\/v2\/product\/5879","targetHints":{"allow":["GET"]}}],"collection":[{"href":"https:\/\/mesi24.ee\/fi\/wp-json\/wp\/v2\/product"}],"about":[{"href":"https:\/\/mesi24.ee\/fi\/wp-json\/wp\/v2\/types\/product"}],"wp:featuredmedia":[{"embeddable":true,"href":"https:\/\/mesi24.ee\/fi\/wp-json\/wp\/v2\/media\/7598"}],"wp:attachment":[{"href":"https:\/\/mesi24.ee\/fi\/wp-json\/wp\/v2\/media?parent=5879"}],"wp:term":[{"taxonomy":"product_brand","embeddable":true,"href":"https:\/\/mesi24.ee\/fi\/wp-json\/wp\/v2\/product_brand?post=5879"},{"taxonomy":"product_cat","embeddable":true,"href":"https:\/\/mesi24.ee\/fi\/wp-json\/wp\/v2\/product_cat?post=5879"},{"taxonomy":"product_tag","embeddable":true,"href":"https:\/\/mesi24.ee\/fi\/wp-json\/wp\/v2\/product_tag?post=5879"}],"curies":[{"name":"wp","href":"https:\/\/api.w.org\/{rel}","templated":true}]}}