{"id":5876,"date":"2019-10-28T09:08:44","date_gmt":"2019-10-28T09:08:44","guid":{"rendered":"https:\/\/mesi24.ee\/?post_type=product&#038;p=5876"},"modified":"2026-01-22T16:23:27","modified_gmt":"2026-01-22T16:23:27","slug":"kanervahunaja-1kg","status":"publish","type":"product","link":"https:\/\/mesi24.ee\/fi\/toode\/kanervahunaja-1kg\/","title":{"rendered":"Kanervahunaja 1kg"},"content":{"rendered":"<h1>Kanervahunaja<\/h1>\n<p>Kanervahunaja ei saada linkoamalla, sill\u00e4 se on viskoosisempaa kuin tavallinen kukkaishunaja. Jotta kanervahunaja saadaan kehist\u00e4, ne on puristettava. Niin hunajan sekaan p\u00e4\u00e4tyy my\u00f6s mehil\u00e4isen siitep\u00f6ly\u00e4, joka antaa hunajalle lis\u00e4arvoa. Kanervahunajan rauta-, kupari- ja magnesiumpitoisuus on huomattavasti suurempi kuin tavallisessa hunajassa. Siin\u00e4 on my\u00f6s runsaasti proteiinia ja kivenn\u00e4issuoloja.<\/p>\n<p>Suuren proteiinipitoisuutensa ansiosta kanervahunaja on my\u00f6s urheilijoiden suosikki.<br \/>\nKanervahunaja on Viron luonnonolosuhteet huomioon ottaen ainoa hunaja, jota voidaan ker\u00e4t\u00e4 puhtaassa muodossa (ilman muiden kasvien nektaripitoisuutta). Se johtuu siit\u00e4, ett\u00e4 kanervan kukkiessa muut kasvit ovat jo lopettaneet kukkimisen. Luonnollisesti joinakin vuosina kanerva alkaa kukkia aiemmin ja silloin ensimm\u00e4inen keruu on suuresta kanervanektaripitoisuudesta huolimatta sekakeruu, ja voimakkaasti kanervalta maistuva ja tuoksuva hunaja kiteytyy.<br \/>\nMakeankatkeran makunsa vuoksi se on monien suosikki sek\u00e4 leiv\u00e4n p\u00e4\u00e4ll\u00e4 ett\u00e4 teen joukossa.<\/p>\n","protected":false},"excerpt":{"rendered":"<p>Kanervahunaja on yksi hy\u00f6dyllisimpi\u00e4 tavallisia hunajia, sill\u00e4 se sis\u00e4lt\u00e4\u00e4 paljon vitamiineja, kivenn\u00e4isaineita ja hivenaineita. Se sis\u00e4lt\u00e4\u00e4 runsaasti juuri rautaa. Puhdasta kanervahunajaa on helpompi ottaa purkista kuin tavallista kiteytyv\u00e4\u00e4 kukkaishunajaa. Maultaan hieman karvas ja olemukseltaan hyytel\u00f6m\u00e4inen hunaja.<\/p>\n<p>Muovipakkaukset \u2013 1000 g<\/p>\n<p>Kuvituskuva<\/p>\n","protected":false},"featured_media":3029,"template":"","meta":[],"product_brand":[],"product_cat":[69],"product_tag":[],"class_list":{"0":"post-5876","1":"product","2":"type-product","3":"status-publish","4":"has-post-thumbnail","6":"product_cat-maustamaton-hunaja","8":"first","9":"instock","10":"shipping-taxable","11":"purchasable","12":"product-type-simple"},"yoast_head":"<!-- This site is optimized with the Yoast SEO plugin v27.2 - https:\/\/yoast.com\/product\/yoast-seo-wordpress\/ -->\n<title>Kanervahunaja 1kg - Mesi24<\/title>\n<meta name=\"description\" content=\"Kanervahunaja on yksi hy\u00f6dyllisimpi\u00e4 tavallisia hunajia, sill\u00e4 se sis\u00e4lt\u00e4\u00e4 paljon vitamiineja, kivenn\u00e4isaineita ja hivenaineita. Maultaan hieman karvas ja olemukseltaan hyytel\u00f6m\u00e4inen hunaja.\" \/>\n<meta name=\"robots\" content=\"index, follow, max-snippet:-1, max-image-preview:large, max-video-preview:-1\" \/>\n<link rel=\"canonical\" href=\"https:\/\/mesi24.ee\/fi\/toode\/kanervahunaja-1kg\/\" \/>\n<meta property=\"og:locale\" content=\"fi_FI\" \/>\n<meta property=\"og:type\" content=\"article\" \/>\n<meta property=\"og:title\" content=\"Kanervahunaja 1kg - Mesi24\" \/>\n<meta property=\"og:description\" content=\"Kanervahunaja on yksi hy\u00f6dyllisimpi\u00e4 tavallisia hunajia, sill\u00e4 se sis\u00e4lt\u00e4\u00e4 paljon vitamiineja, kivenn\u00e4isaineita ja hivenaineita. Maultaan hieman karvas ja olemukseltaan hyytel\u00f6m\u00e4inen hunaja.\" \/>\n<meta property=\"og:url\" content=\"https:\/\/mesi24.ee\/fi\/toode\/kanervahunaja-1kg\/\" \/>\n<meta property=\"og:site_name\" content=\"Mesi24\" \/>\n<meta property=\"article:publisher\" content=\"https:\/\/www.facebook.com\/mesi24.ee\" \/>\n<meta property=\"article:modified_time\" content=\"2026-01-22T16:23:27+00:00\" \/>\n<meta property=\"og:image\" content=\"https:\/\/mesi24.ee\/wp-content\/uploads\/2019\/10\/Kanarbikumesi-1000g.jpg\" \/>\n\t<meta property=\"og:image:width\" content=\"600\" \/>\n\t<meta property=\"og:image:height\" content=\"600\" \/>\n\t<meta property=\"og:image:type\" content=\"image\/jpeg\" \/>\n<meta name=\"twitter:card\" content=\"summary_large_image\" \/>\n<meta name=\"twitter:label1\" content=\"Arvioitu lukuaika\" \/>\n\t<meta name=\"twitter:data1\" content=\"1 minuutti\" \/>\n<script type=\"application\/ld+json\" class=\"yoast-schema-graph\">{\"@context\":\"https:\/\/schema.org\",\"@graph\":[{\"@type\":\"WebPage\",\"@id\":\"https:\/\/mesi24.ee\/fi\/toode\/kanervahunaja-1kg\/\",\"url\":\"https:\/\/mesi24.ee\/fi\/toode\/kanervahunaja-1kg\/\",\"name\":\"Kanervahunaja 1kg - Mesi24\",\"isPartOf\":{\"@id\":\"https:\/\/mesi24.ee\/#website\"},\"primaryImageOfPage\":{\"@id\":\"https:\/\/mesi24.ee\/fi\/toode\/kanervahunaja-1kg\/#primaryimage\"},\"image\":{\"@id\":\"https:\/\/mesi24.ee\/fi\/toode\/kanervahunaja-1kg\/#primaryimage\"},\"thumbnailUrl\":\"https:\/\/mesi24.ee\/wp-content\/uploads\/2019\/10\/Kanarbikumesi-1000g.jpg\",\"datePublished\":\"2019-10-28T09:08:44+00:00\",\"dateModified\":\"2026-01-22T16:23:27+00:00\",\"description\":\"Kanervahunaja on yksi hy\u00f6dyllisimpi\u00e4 tavallisia hunajia, sill\u00e4 se sis\u00e4lt\u00e4\u00e4 paljon vitamiineja, kivenn\u00e4isaineita ja hivenaineita. Maultaan hieman karvas ja olemukseltaan hyytel\u00f6m\u00e4inen hunaja.\",\"breadcrumb\":{\"@id\":\"https:\/\/mesi24.ee\/fi\/toode\/kanervahunaja-1kg\/#breadcrumb\"},\"inLanguage\":\"fi\",\"potentialAction\":[{\"@type\":\"ReadAction\",\"target\":[\"https:\/\/mesi24.ee\/fi\/toode\/kanervahunaja-1kg\/\"]}]},{\"@type\":\"ImageObject\",\"inLanguage\":\"fi\",\"@id\":\"https:\/\/mesi24.ee\/fi\/toode\/kanervahunaja-1kg\/#primaryimage\",\"url\":\"https:\/\/mesi24.ee\/wp-content\/uploads\/2019\/10\/Kanarbikumesi-1000g.jpg\",\"contentUrl\":\"https:\/\/mesi24.ee\/wp-content\/uploads\/2019\/10\/Kanarbikumesi-1000g.jpg\",\"width\":600,\"height\":600,\"caption\":\"Kanarbikumesi 1000g\"},{\"@type\":\"BreadcrumbList\",\"@id\":\"https:\/\/mesi24.ee\/fi\/toode\/kanervahunaja-1kg\/#breadcrumb\",\"itemListElement\":[{\"@type\":\"ListItem\",\"position\":1,\"name\":\"Home\",\"item\":\"https:\/\/mesi24.ee\/fi\/\"},{\"@type\":\"ListItem\",\"position\":2,\"name\":\"Pood\",\"item\":\"https:\/\/mesi24.ee\/fi\/pood\/\"},{\"@type\":\"ListItem\",\"position\":3,\"name\":\"Kanervahunaja 1kg\"}]},{\"@type\":\"WebSite\",\"@id\":\"https:\/\/mesi24.ee\/#website\",\"url\":\"https:\/\/mesi24.ee\/\",\"name\":\"Mesi24\",\"description\":\"Mesi, meesegud, meetuubid\",\"publisher\":{\"@id\":\"https:\/\/mesi24.ee\/#organization\"},\"potentialAction\":[{\"@type\":\"SearchAction\",\"target\":{\"@type\":\"EntryPoint\",\"urlTemplate\":\"https:\/\/mesi24.ee\/?s={search_term_string}\"},\"query-input\":{\"@type\":\"PropertyValueSpecification\",\"valueRequired\":true,\"valueName\":\"search_term_string\"}}],\"inLanguage\":\"fi\"},{\"@type\":\"Organization\",\"@id\":\"https:\/\/mesi24.ee\/#organization\",\"name\":\"O\u00dc Artocarpus\",\"url\":\"https:\/\/mesi24.ee\/\",\"logo\":{\"@type\":\"ImageObject\",\"inLanguage\":\"fi\",\"@id\":\"https:\/\/mesi24.ee\/#\/schema\/logo\/image\/\",\"url\":\"https:\/\/mesi24.ee\/wp-content\/uploads\/2020\/11\/Mesi24.ee-logo.jpg\",\"contentUrl\":\"https:\/\/mesi24.ee\/wp-content\/uploads\/2020\/11\/Mesi24.ee-logo.jpg\",\"width\":250,\"height\":106,\"caption\":\"O\u00dc Artocarpus\"},\"image\":{\"@id\":\"https:\/\/mesi24.ee\/#\/schema\/logo\/image\/\"},\"sameAs\":[\"https:\/\/www.facebook.com\/mesi24.ee\"]}]}<\/script>\n<!-- \/ Yoast SEO plugin. -->","yoast_head_json":{"title":"Kanervahunaja 1kg - Mesi24","description":"Kanervahunaja on yksi hy\u00f6dyllisimpi\u00e4 tavallisia hunajia, sill\u00e4 se sis\u00e4lt\u00e4\u00e4 paljon vitamiineja, kivenn\u00e4isaineita ja hivenaineita. Maultaan hieman karvas ja olemukseltaan hyytel\u00f6m\u00e4inen hunaja.","robots":{"index":"index","follow":"follow","max-snippet":"max-snippet:-1","max-image-preview":"max-image-preview:large","max-video-preview":"max-video-preview:-1"},"canonical":"https:\/\/mesi24.ee\/fi\/toode\/kanervahunaja-1kg\/","og_locale":"fi_FI","og_type":"article","og_title":"Kanervahunaja 1kg - Mesi24","og_description":"Kanervahunaja on yksi hy\u00f6dyllisimpi\u00e4 tavallisia hunajia, sill\u00e4 se sis\u00e4lt\u00e4\u00e4 paljon vitamiineja, kivenn\u00e4isaineita ja hivenaineita. Maultaan hieman karvas ja olemukseltaan hyytel\u00f6m\u00e4inen hunaja.","og_url":"https:\/\/mesi24.ee\/fi\/toode\/kanervahunaja-1kg\/","og_site_name":"Mesi24","article_publisher":"https:\/\/www.facebook.com\/mesi24.ee","article_modified_time":"2026-01-22T16:23:27+00:00","og_image":[{"width":600,"height":600,"url":"https:\/\/mesi24.ee\/wp-content\/uploads\/2019\/10\/Kanarbikumesi-1000g.jpg","type":"image\/jpeg"}],"twitter_card":"summary_large_image","twitter_misc":{"Arvioitu lukuaika":"1 minuutti"},"schema":{"@context":"https:\/\/schema.org","@graph":[{"@type":"WebPage","@id":"https:\/\/mesi24.ee\/fi\/toode\/kanervahunaja-1kg\/","url":"https:\/\/mesi24.ee\/fi\/toode\/kanervahunaja-1kg\/","name":"Kanervahunaja 1kg - Mesi24","isPartOf":{"@id":"https:\/\/mesi24.ee\/#website"},"primaryImageOfPage":{"@id":"https:\/\/mesi24.ee\/fi\/toode\/kanervahunaja-1kg\/#primaryimage"},"image":{"@id":"https:\/\/mesi24.ee\/fi\/toode\/kanervahunaja-1kg\/#primaryimage"},"thumbnailUrl":"https:\/\/mesi24.ee\/wp-content\/uploads\/2019\/10\/Kanarbikumesi-1000g.jpg","datePublished":"2019-10-28T09:08:44+00:00","dateModified":"2026-01-22T16:23:27+00:00","description":"Kanervahunaja on yksi hy\u00f6dyllisimpi\u00e4 tavallisia hunajia, sill\u00e4 se sis\u00e4lt\u00e4\u00e4 paljon vitamiineja, kivenn\u00e4isaineita ja hivenaineita. Maultaan hieman karvas ja olemukseltaan hyytel\u00f6m\u00e4inen hunaja.","breadcrumb":{"@id":"https:\/\/mesi24.ee\/fi\/toode\/kanervahunaja-1kg\/#breadcrumb"},"inLanguage":"fi","potentialAction":[{"@type":"ReadAction","target":["https:\/\/mesi24.ee\/fi\/toode\/kanervahunaja-1kg\/"]}]},{"@type":"ImageObject","inLanguage":"fi","@id":"https:\/\/mesi24.ee\/fi\/toode\/kanervahunaja-1kg\/#primaryimage","url":"https:\/\/mesi24.ee\/wp-content\/uploads\/2019\/10\/Kanarbikumesi-1000g.jpg","contentUrl":"https:\/\/mesi24.ee\/wp-content\/uploads\/2019\/10\/Kanarbikumesi-1000g.jpg","width":600,"height":600,"caption":"Kanarbikumesi 1000g"},{"@type":"BreadcrumbList","@id":"https:\/\/mesi24.ee\/fi\/toode\/kanervahunaja-1kg\/#breadcrumb","itemListElement":[{"@type":"ListItem","position":1,"name":"Home","item":"https:\/\/mesi24.ee\/fi\/"},{"@type":"ListItem","position":2,"name":"Pood","item":"https:\/\/mesi24.ee\/fi\/pood\/"},{"@type":"ListItem","position":3,"name":"Kanervahunaja 1kg"}]},{"@type":"WebSite","@id":"https:\/\/mesi24.ee\/#website","url":"https:\/\/mesi24.ee\/","name":"Mesi24","description":"Mesi, meesegud, meetuubid","publisher":{"@id":"https:\/\/mesi24.ee\/#organization"},"potentialAction":[{"@type":"SearchAction","target":{"@type":"EntryPoint","urlTemplate":"https:\/\/mesi24.ee\/?s={search_term_string}"},"query-input":{"@type":"PropertyValueSpecification","valueRequired":true,"valueName":"search_term_string"}}],"inLanguage":"fi"},{"@type":"Organization","@id":"https:\/\/mesi24.ee\/#organization","name":"O\u00dc Artocarpus","url":"https:\/\/mesi24.ee\/","logo":{"@type":"ImageObject","inLanguage":"fi","@id":"https:\/\/mesi24.ee\/#\/schema\/logo\/image\/","url":"https:\/\/mesi24.ee\/wp-content\/uploads\/2020\/11\/Mesi24.ee-logo.jpg","contentUrl":"https:\/\/mesi24.ee\/wp-content\/uploads\/2020\/11\/Mesi24.ee-logo.jpg","width":250,"height":106,"caption":"O\u00dc Artocarpus"},"image":{"@id":"https:\/\/mesi24.ee\/#\/schema\/logo\/image\/"},"sameAs":["https:\/\/www.facebook.com\/mesi24.ee"]}]}},"_links":{"self":[{"href":"https:\/\/mesi24.ee\/fi\/wp-json\/wp\/v2\/product\/5876","targetHints":{"allow":["GET"]}}],"collection":[{"href":"https:\/\/mesi24.ee\/fi\/wp-json\/wp\/v2\/product"}],"about":[{"href":"https:\/\/mesi24.ee\/fi\/wp-json\/wp\/v2\/types\/product"}],"wp:featuredmedia":[{"embeddable":true,"href":"https:\/\/mesi24.ee\/fi\/wp-json\/wp\/v2\/media\/3029"}],"wp:attachment":[{"href":"https:\/\/mesi24.ee\/fi\/wp-json\/wp\/v2\/media?parent=5876"}],"wp:term":[{"taxonomy":"product_brand","embeddable":true,"href":"https:\/\/mesi24.ee\/fi\/wp-json\/wp\/v2\/product_brand?post=5876"},{"taxonomy":"product_cat","embeddable":true,"href":"https:\/\/mesi24.ee\/fi\/wp-json\/wp\/v2\/product_cat?post=5876"},{"taxonomy":"product_tag","embeddable":true,"href":"https:\/\/mesi24.ee\/fi\/wp-json\/wp\/v2\/product_tag?post=5876"}],"curies":[{"name":"wp","href":"https:\/\/api.w.org\/{rel}","templated":true}]}}