{"id":6073,"date":"2022-02-04T11:08:47","date_gmt":"2022-02-04T11:08:47","guid":{"rendered":"https:\/\/mesi24.ee\/?page_id=6073"},"modified":"2025-12-08T13:08:07","modified_gmt":"2025-12-08T13:08:07","slug":"kontakt","status":"publish","type":"page","link":"https:\/\/mesi24.ee\/fi\/kontakt\/","title":{"rendered":"Kontakt"},"content":{"rendered":"<p><div class=\"fusion-fullwidth fullwidth-box fusion-builder-row-1 fusion-parallax-none nonhundred-percent-fullwidth non-hundred-percent-height-scrolling\" style=\"--awb-border-radius-top-left:0px;--awb-border-radius-top-right:0px;--awb-border-radius-bottom-right:0px;--awb-border-radius-bottom-left:0px;--awb-background-image:url(&quot;https:\/\/mesi24.ee\/wp-content\/uploads\/2019\/09\/Kontakt-taust-1.jpg&quot;);--awb-background-size:cover;--awb-flex-wrap:wrap;\" ><div class=\"fusion-builder-row fusion-row\"><div class=\"fusion-layout-column fusion_builder_column fusion-builder-column-0 fusion_builder_column_1_1 1_1 fusion-one-full fusion-column-first fusion-column-last\" style=\"--awb-padding-right:2%;--awb-bg-size:cover;\"><div class=\"fusion-column-wrapper fusion-column-has-shadow fusion-flex-column-wrapper-legacy\"><div class=\"fusion-text fusion-text-1\" style=\"--awb-content-alignment:right;--awb-font-size:40px;--awb-text-transform:capitalize;--awb-text-color:#ffffff;--awb-margin-top:110px;\"><p id=\"tw-target-text\" class=\"tw-data-text tw-text-large tw-ta\" dir=\"ltr\" style=\"text-align: right;\" data-placeholder=\"T\u00f5lge\"><strong><span class=\"Y2IQFc\" lang=\"fi\">OTTAA YHTEYTT\u00c4<\/span><\/strong><\/p>\n<\/div><div class=\"fusion-sep-clear\"><\/div><div class=\"fusion-separator fusion-full-width-sep\" style=\"margin-left: auto;margin-right: auto;margin-top:30px;margin-bottom:45px;width:100%;\"><\/div><div class=\"fusion-sep-clear\"><\/div><div class=\"fusion-clearfix\"><\/div><\/div><\/div><\/div><\/div><div class=\"fusion-fullwidth fullwidth-box fusion-builder-row-2 hundred-percent-fullwidth non-hundred-percent-height-scrolling fusion-equal-height-columns\" style=\"--awb-background-position:left top;--awb-border-sizes-top:0px;--awb-border-sizes-bottom:0px;--awb-border-sizes-left:0px;--awb-border-sizes-right:0px;--awb-border-radius-top-left:0px;--awb-border-radius-top-right:0px;--awb-border-radius-bottom-right:0px;--awb-border-radius-bottom-left:0px;--awb-padding-top:25px;--awb-padding-right:0px;--awb-padding-bottom:0px;--awb-padding-left:30px;--awb-flex-wrap:wrap;\" ><div class=\"fusion-builder-row fusion-row\"><div class=\"fusion-layout-column fusion_builder_column fusion-builder-column-1 fusion_builder_column_1_2 1_2 fusion-one-half fusion-column-first\" style=\"--awb-bg-size:cover;width:50%;width:calc(50% - ( ( 4% ) * 0.5 ) );margin-right: 4%;\"><div class=\"fusion-column-wrapper fusion-flex-column-wrapper-legacy\"><div class=\"fusion-image-element fusion-image-align-center in-legacy-container\" style=\"text-align:center;--awb-max-width:200px;--awb-caption-title-font-family:var(--h2_typography-font-family);--awb-caption-title-font-weight:var(--h2_typography-font-weight);--awb-caption-title-font-style:var(--h2_typography-font-style);--awb-caption-title-size:var(--h2_typography-font-size);--awb-caption-title-transform:var(--h2_typography-text-transform);--awb-caption-title-line-height:var(--h2_typography-line-height);--awb-caption-title-letter-spacing:var(--h2_typography-letter-spacing);\"><div class=\"imageframe-align-center\"><span class=\" fusion-imageframe imageframe-none imageframe-1 hover-type-none\"><img decoding=\"async\" width=\"200\" height=\"158\" title=\"Martin kontakt\" src=\"https:\/\/mesi24.ee\/wp-content\/uploads\/2019\/07\/Martin-kontakt-200x158.jpg\" alt class=\"img-responsive wp-image-3886\" srcset=\"https:\/\/mesi24.ee\/wp-content\/uploads\/2019\/07\/Martin-kontakt-200x158.jpg 200w, https:\/\/mesi24.ee\/wp-content\/uploads\/2019\/07\/Martin-kontakt-400x316.jpg 400w, https:\/\/mesi24.ee\/wp-content\/uploads\/2019\/07\/Martin-kontakt-600x474.jpg 600w, https:\/\/mesi24.ee\/wp-content\/uploads\/2019\/07\/Martin-kontakt-800x633.jpg 800w, https:\/\/mesi24.ee\/wp-content\/uploads\/2019\/07\/Martin-kontakt-1200x949.jpg 1200w\" sizes=\"(max-width: 800px) 100vw, 600px\" \/><\/span><\/div><\/div><div class=\"fusion-text fusion-text-2\" style=\"--awb-text-transform:none;\"><p style=\"text-align: center;\"><strong>Martin Valtin<\/strong><br \/>\nTuotanto &#8211; Myynti<br \/>\nTel: <a href=\"tel:+3725516094\">+ 372 551 6094<\/a><br \/>\nE-post: <a href=\"mailto:martin@mesi24.ee\">martin@mesi24.ee<\/a><\/p>\n<\/div><div class=\"fusion-clearfix\"><\/div><\/div><\/div><div class=\"fusion-layout-column fusion_builder_column fusion-builder-column-2 fusion_builder_column_1_2 1_2 fusion-one-half fusion-column-last\" style=\"--awb-bg-size:cover;width:50%;width:calc(50% - ( ( 4% ) * 0.5 ) );\" data-scroll-devices=\"small-visibility,medium-visibility,large-visibility\"><div class=\"fusion-column-wrapper fusion-column-has-shadow fusion-flex-column-wrapper-legacy\"><div class=\"fusion-image-element fusion-image-align-center in-legacy-container\" style=\"text-align:center;--awb-max-width:200px;--awb-caption-title-font-family:var(--h2_typography-font-family);--awb-caption-title-font-weight:var(--h2_typography-font-weight);--awb-caption-title-font-style:var(--h2_typography-font-style);--awb-caption-title-size:var(--h2_typography-font-size);--awb-caption-title-transform:var(--h2_typography-text-transform);--awb-caption-title-line-height:var(--h2_typography-line-height);--awb-caption-title-letter-spacing:var(--h2_typography-letter-spacing);\"><div class=\"imageframe-align-center\"><span class=\" fusion-imageframe imageframe-none imageframe-2 hover-type-none\"><img decoding=\"async\" width=\"200\" height=\"158\" title=\"Maire kontakt\" src=\"https:\/\/mesi24.ee\/wp-content\/uploads\/2019\/07\/Maire-kontakt-200x158.jpg\" alt class=\"img-responsive wp-image-3888\" srcset=\"https:\/\/mesi24.ee\/wp-content\/uploads\/2019\/07\/Maire-kontakt-200x158.jpg 200w, https:\/\/mesi24.ee\/wp-content\/uploads\/2019\/07\/Maire-kontakt-400x316.jpg 400w, https:\/\/mesi24.ee\/wp-content\/uploads\/2019\/07\/Maire-kontakt-600x474.jpg 600w, https:\/\/mesi24.ee\/wp-content\/uploads\/2019\/07\/Maire-kontakt-800x633.jpg 800w, https:\/\/mesi24.ee\/wp-content\/uploads\/2019\/07\/Maire-kontakt-1200x949.jpg 1200w\" sizes=\"(max-width: 800px) 100vw, 600px\" \/><\/span><\/div><\/div><div class=\"fusion-text fusion-text-3\" style=\"--awb-text-transform:none;\"><p style=\"text-align: center;\"><strong>Maire Valtin<\/strong><br \/>\nMehil\u00e4ishoitaja &#8211; Mehil\u00e4iskuningattaren kasvatus<br \/>\nTel: <a href=\"tel:+3725213894\">+372 521 3894<\/a><br \/>\nE-post: <a href=\"mailto:maire@mesi24.ee\">maire@mesi24.ee<\/a><\/p>\n<\/div><div class=\"fusion-clearfix\"><\/div><\/div><\/div><\/div><\/div><div class=\"fusion-fullwidth fullwidth-box fusion-builder-row-3 nonhundred-percent-fullwidth non-hundred-percent-height-scrolling\" style=\"--awb-border-radius-top-left:0px;--awb-border-radius-top-right:0px;--awb-border-radius-bottom-right:0px;--awb-border-radius-bottom-left:0px;--awb-flex-wrap:wrap;\" ><div class=\"fusion-builder-row fusion-row\"><div class=\"fusion-layout-column fusion_builder_column fusion-builder-column-3 fusion_builder_column_1_2 1_2 fusion-one-half fusion-column-first\" style=\"--awb-bg-size:cover;width:50%;width:calc(50% - ( ( 4% ) * 0.5 ) );margin-right: 4%;\"><div class=\"fusion-column-wrapper fusion-flex-column-wrapper-legacy\"><div class=\"fusion-image-element fusion-image-align-center in-legacy-container\" style=\"text-align:center;--awb-max-width:200px;--awb-caption-title-font-family:var(--h2_typography-font-family);--awb-caption-title-font-weight:var(--h2_typography-font-weight);--awb-caption-title-font-style:var(--h2_typography-font-style);--awb-caption-title-size:var(--h2_typography-font-size);--awb-caption-title-transform:var(--h2_typography-text-transform);--awb-caption-title-line-height:var(--h2_typography-line-height);--awb-caption-title-letter-spacing:var(--h2_typography-letter-spacing);\"><div class=\"imageframe-align-center\"><span class=\" fusion-imageframe imageframe-none imageframe-3 hover-type-none\"><img decoding=\"async\" width=\"200\" height=\"158\" title=\"Igor Valtin\" src=\"https:\/\/mesi24.ee\/wp-content\/uploads\/2019\/07\/Igor-Valtin-200x158.jpg\" alt class=\"img-responsive wp-image-3890\" srcset=\"https:\/\/mesi24.ee\/wp-content\/uploads\/2019\/07\/Igor-Valtin-200x158.jpg 200w, https:\/\/mesi24.ee\/wp-content\/uploads\/2019\/07\/Igor-Valtin-400x316.jpg 400w, https:\/\/mesi24.ee\/wp-content\/uploads\/2019\/07\/Igor-Valtin-600x474.jpg 600w, https:\/\/mesi24.ee\/wp-content\/uploads\/2019\/07\/Igor-Valtin-800x633.jpg 800w, https:\/\/mesi24.ee\/wp-content\/uploads\/2019\/07\/Igor-Valtin-1200x949.jpg 1200w\" sizes=\"(max-width: 800px) 100vw, 600px\" \/><\/span><\/div><\/div><div class=\"fusion-text fusion-text-4\" style=\"--awb-text-transform:none;\"><p style=\"text-align: center;\"><strong>Igor Valtin<\/strong><br \/>\nHunajaseosten valmistus &#8211; Tuotanto<br \/>\nTel: <a href=\"tel:+3725259934\">+372 525 9934<\/a><\/p>\n<\/div><div class=\"fusion-clearfix\"><\/div><\/div><\/div><div class=\"fusion-layout-column fusion_builder_column fusion-builder-column-4 fusion_builder_column_1_2 1_2 fusion-one-half fusion-column-last\" style=\"--awb-bg-size:cover;width:50%;width:calc(50% - ( ( 4% ) * 0.5 ) );\" data-scroll-devices=\"small-visibility,medium-visibility,large-visibility\"><div class=\"fusion-column-wrapper fusion-column-has-shadow fusion-flex-column-wrapper-legacy\"><div class=\"fusion-image-element fusion-image-align-center in-legacy-container\" style=\"text-align:center;--awb-max-width:200px;--awb-caption-title-font-family:var(--h2_typography-font-family);--awb-caption-title-font-weight:var(--h2_typography-font-weight);--awb-caption-title-font-style:var(--h2_typography-font-style);--awb-caption-title-size:var(--h2_typography-font-size);--awb-caption-title-transform:var(--h2_typography-text-transform);--awb-caption-title-line-height:var(--h2_typography-line-height);--awb-caption-title-letter-spacing:var(--h2_typography-letter-spacing);\"><div class=\"imageframe-align-center\"><span class=\" fusion-imageframe imageframe-none imageframe-4 hover-type-none\"><img decoding=\"async\" width=\"200\" height=\"158\" title=\"Henry-Mihkel Vadi\" src=\"https:\/\/mesi24.ee\/wp-content\/uploads\/2019\/07\/Henry-Mihkel-Vadi-200x158.jpg\" alt class=\"img-responsive wp-image-3892\" srcset=\"https:\/\/mesi24.ee\/wp-content\/uploads\/2019\/07\/Henry-Mihkel-Vadi-200x158.jpg 200w, https:\/\/mesi24.ee\/wp-content\/uploads\/2019\/07\/Henry-Mihkel-Vadi-400x316.jpg 400w, https:\/\/mesi24.ee\/wp-content\/uploads\/2019\/07\/Henry-Mihkel-Vadi-600x474.jpg 600w, https:\/\/mesi24.ee\/wp-content\/uploads\/2019\/07\/Henry-Mihkel-Vadi-800x633.jpg 800w, https:\/\/mesi24.ee\/wp-content\/uploads\/2019\/07\/Henry-Mihkel-Vadi-1200x949.jpg 1200w\" sizes=\"(max-width: 800px) 100vw, 600px\" \/><\/span><\/div><\/div><div class=\"fusion-text fusion-text-5\" style=\"--awb-text-transform:none;\"><p style=\"text-align: center;\"><strong>Henry-Mihkel Vadi<\/strong><br \/>\nTuotanto &#8211; Myynti<br \/>\nTel: <a href=\"tel:+37259077369\">+372 590 77369<\/a><br \/>\nE-post: <a href=\"mailto:mihkel@mesi24.ee\">mihkel@mesi24.ee<\/a><\/p>\n<\/div><div class=\"fusion-clearfix\"><\/div><\/div><\/div><\/div><\/div><div class=\"fusion-fullwidth fullwidth-box fusion-builder-row-4 hundred-percent-fullwidth non-hundred-percent-height-scrolling fusion-equal-height-columns\" style=\"--awb-background-position:left top;--awb-border-sizes-top:0px;--awb-border-sizes-bottom:0px;--awb-border-sizes-left:0px;--awb-border-sizes-right:0px;--awb-border-radius-top-left:0px;--awb-border-radius-top-right:0px;--awb-border-radius-bottom-right:0px;--awb-border-radius-bottom-left:0px;--awb-padding-top:0px;--awb-padding-right:0%;--awb-padding-bottom:0px;--awb-padding-left:0%;--awb-flex-wrap:wrap;\" ><div class=\"fusion-builder-row fusion-row\"><div class=\"fusion-layout-column fusion_builder_column fusion-builder-column-5 fusion_builder_column_1_2 1_2 fusion-one-half fusion-column-first\" style=\"--awb-padding-top:25px;--awb-padding-right:90px;--awb-padding-left:90px;--awb-bg-color:#000000;--awb-bg-color-hover:#000000;--awb-bg-size:cover;--awb-margin-bottom:0px;\"><div class=\"fusion-column-wrapper fusion-flex-column-wrapper-legacy\"><div class=\"fusion-text fusion-text-6\"><p><span style=\"color: #ffffff;\"><strong>O\u00dc Artocarpus<br \/>\n<\/strong>Inju k\u00fcla, Vinni vald<\/span><br \/>\n<span style=\"color: #ffffff;\">46619 L\u00e4\u00e4ne-Virumaa<\/span><br \/>\n<span style=\"color: #ffffff;\">\u00c4rireg. kood: 10247109<\/span><br \/>\n<span style=\"color: #ffffff;\">KMKR: EE100463589<\/span><\/p>\n<p><span style=\"color: #ffffff;\"><strong>Swedbank:\u00a0<\/strong>EE332200001120267052<\/span><br \/>\n<span style=\"color: #ffffff;\"><strong>SWIFT:<\/strong> HABAEE2X<\/span><\/p>\n<\/div><div class=\"fusion-clearfix\"><\/div><\/div><\/div><div class=\"fusion-layout-column fusion_builder_column fusion-builder-column-6 fusion_builder_column_1_2 1_2 fusion-one-half fusion-column-last\" style=\"--awb-padding-top:25px;--awb-padding-right:25px;--awb-padding-left:25px;--awb-bg-size:cover;width:48%;\"><div class=\"fusion-column-wrapper fusion-flex-column-wrapper-legacy\"><div class=\"fusion-text fusion-text-7\" style=\"--awb-text-transform:none;\"><p style=\"text-align: center;\"><strong>SIJAINTIMME<\/strong><\/p>\n<p>Jos p\u00e4\u00e4t\u00e4t tulla meille, soita numeroon +372 551 6094. Ty\u00f6skentelemme talossa vapaan aikataulun mukaan, joten emme v\u00e4ltt\u00e4m\u00e4tt\u00e4 ole aina kotona ja matkasi voi olla turha. Mik\u00e4li mahdollista, tulemme nopeasti perille ja tarjoamme kaikki tuotteemme sek\u00e4 neuvomme mehil\u00e4ishoitoon.<\/p>\n<\/div><div class=\"fusion-clearfix\"><\/div><\/div><\/div><div class=\"fusion-layout-column fusion_builder_column fusion-builder-column-7 fusion_builder_column_1_1 1_1 fusion-one-full fusion-column-first fusion-column-last\" style=\"--awb-bg-size:cover;\"><div class=\"fusion-column-wrapper fusion-column-has-shadow fusion-flex-column-wrapper-legacy\"><div class=\"shortcode-map fusion-google-map fusion-maps-embed-type\"><iframe class=\"fusion-hidden\" data-privacy-type=\"gmaps\" src=\"\" width=\"1100px\" height=\"400px\" frameborder=\"0\" style=\"border:0\" data-privacy-src=\"https:\/\/www.google.com\/maps\/embed\/v1\/place?key=AIzaSyAbxiOs-rvq-Sr-5PMinaV20KwQ_SUrLtw&language=fi&q=Artocarpus+O\u00dc+Inju+k\u00fcla,+Vinni+vald,+L\u00e4\u00e4ne-Virumaa+46619&maptype=roadmap&zoom=14\" allowfullscreen><\/iframe><div class=\"fusion-privacy-placeholder\" style=\"width:1100px; height:400px;\" data-privacy-type=\"gmaps\"><div class=\"fusion-privacy-placeholder-content\"><div class=\"fusion-privacy-label\">For privacy reasons Google Maps needs your permission to be loaded. For more details, please see our <a class=\"privacy-policy-link\" href=\"https:\/\/mesi24.ee\/privaatsussatted\/\" rel=\"privacy-policy\">Privaatsuss\u00e4tted<\/a>.<\/div><button data-privacy-type=\"gmaps\" class=\"fusion-button button-default fusion-button-default-size button fusion-privacy-consent\">I Accept<\/button><\/div><\/div><\/div><div class=\"fusion-clearfix\"><\/div><\/div><\/div><\/div><\/div><\/p>\n","protected":false},"excerpt":{"rendered":"","protected":false},"author":2,"featured_media":0,"parent":0,"menu_order":0,"comment_status":"closed","ping_status":"closed","template":"","meta":{"footnotes":""},"class_list":["post-6073","page","type-page","status-publish","hentry"],"yoast_head":"<!-- This site is optimized with the Yoast SEO plugin v27.2 - https:\/\/yoast.com\/product\/yoast-seo-wordpress\/ -->\n<title>Kontakt - Mesi24<\/title>\n<meta name=\"robots\" content=\"index, follow, max-snippet:-1, max-image-preview:large, max-video-preview:-1\" \/>\n<link rel=\"canonical\" href=\"https:\/\/mesi24.ee\/fi\/kontakt\/\" \/>\n<meta property=\"og:locale\" content=\"fi_FI\" \/>\n<meta property=\"og:type\" content=\"article\" \/>\n<meta property=\"og:title\" content=\"Kontakt - Mesi24\" \/>\n<meta property=\"og:url\" content=\"https:\/\/mesi24.ee\/fi\/kontakt\/\" \/>\n<meta property=\"og:site_name\" content=\"Mesi24\" \/>\n<meta property=\"article:publisher\" content=\"https:\/\/www.facebook.com\/mesi24.ee\" \/>\n<meta property=\"article:modified_time\" content=\"2025-12-08T13:08:07+00:00\" \/>\n<meta name=\"twitter:card\" content=\"summary_large_image\" \/>\n<meta name=\"twitter:label1\" content=\"Arvioitu lukuaika\" \/>\n\t<meta name=\"twitter:data1\" content=\"2 minuuttia\" \/>\n<script type=\"application\/ld+json\" class=\"yoast-schema-graph\">{\"@context\":\"https:\/\/schema.org\",\"@graph\":[{\"@type\":\"WebPage\",\"@id\":\"https:\/\/mesi24.ee\/fi\/kontakt\/\",\"url\":\"https:\/\/mesi24.ee\/fi\/kontakt\/\",\"name\":\"Kontakt - Mesi24\",\"isPartOf\":{\"@id\":\"https:\/\/mesi24.ee\/#website\"},\"datePublished\":\"2022-02-04T11:08:47+00:00\",\"dateModified\":\"2025-12-08T13:08:07+00:00\",\"breadcrumb\":{\"@id\":\"https:\/\/mesi24.ee\/fi\/kontakt\/#breadcrumb\"},\"inLanguage\":\"fi\",\"potentialAction\":[{\"@type\":\"ReadAction\",\"target\":[\"https:\/\/mesi24.ee\/fi\/kontakt\/\"]}]},{\"@type\":\"BreadcrumbList\",\"@id\":\"https:\/\/mesi24.ee\/fi\/kontakt\/#breadcrumb\",\"itemListElement\":[{\"@type\":\"ListItem\",\"position\":1,\"name\":\"Home\",\"item\":\"https:\/\/mesi24.ee\/fi\/\"},{\"@type\":\"ListItem\",\"position\":2,\"name\":\"Kontakt\"}]},{\"@type\":\"WebSite\",\"@id\":\"https:\/\/mesi24.ee\/#website\",\"url\":\"https:\/\/mesi24.ee\/\",\"name\":\"Mesi24\",\"description\":\"Mesi, meesegud, meetuubid\",\"publisher\":{\"@id\":\"https:\/\/mesi24.ee\/#organization\"},\"potentialAction\":[{\"@type\":\"SearchAction\",\"target\":{\"@type\":\"EntryPoint\",\"urlTemplate\":\"https:\/\/mesi24.ee\/?s={search_term_string}\"},\"query-input\":{\"@type\":\"PropertyValueSpecification\",\"valueRequired\":true,\"valueName\":\"search_term_string\"}}],\"inLanguage\":\"fi\"},{\"@type\":\"Organization\",\"@id\":\"https:\/\/mesi24.ee\/#organization\",\"name\":\"O\u00dc Artocarpus\",\"url\":\"https:\/\/mesi24.ee\/\",\"logo\":{\"@type\":\"ImageObject\",\"inLanguage\":\"fi\",\"@id\":\"https:\/\/mesi24.ee\/#\/schema\/logo\/image\/\",\"url\":\"https:\/\/mesi24.ee\/wp-content\/uploads\/2020\/11\/Mesi24.ee-logo.jpg\",\"contentUrl\":\"https:\/\/mesi24.ee\/wp-content\/uploads\/2020\/11\/Mesi24.ee-logo.jpg\",\"width\":250,\"height\":106,\"caption\":\"O\u00dc Artocarpus\"},\"image\":{\"@id\":\"https:\/\/mesi24.ee\/#\/schema\/logo\/image\/\"},\"sameAs\":[\"https:\/\/www.facebook.com\/mesi24.ee\"]}]}<\/script>\n<!-- \/ Yoast SEO plugin. -->","yoast_head_json":{"title":"Kontakt - Mesi24","robots":{"index":"index","follow":"follow","max-snippet":"max-snippet:-1","max-image-preview":"max-image-preview:large","max-video-preview":"max-video-preview:-1"},"canonical":"https:\/\/mesi24.ee\/fi\/kontakt\/","og_locale":"fi_FI","og_type":"article","og_title":"Kontakt - Mesi24","og_url":"https:\/\/mesi24.ee\/fi\/kontakt\/","og_site_name":"Mesi24","article_publisher":"https:\/\/www.facebook.com\/mesi24.ee","article_modified_time":"2025-12-08T13:08:07+00:00","twitter_card":"summary_large_image","twitter_misc":{"Arvioitu lukuaika":"2 minuuttia"},"schema":{"@context":"https:\/\/schema.org","@graph":[{"@type":"WebPage","@id":"https:\/\/mesi24.ee\/fi\/kontakt\/","url":"https:\/\/mesi24.ee\/fi\/kontakt\/","name":"Kontakt - Mesi24","isPartOf":{"@id":"https:\/\/mesi24.ee\/#website"},"datePublished":"2022-02-04T11:08:47+00:00","dateModified":"2025-12-08T13:08:07+00:00","breadcrumb":{"@id":"https:\/\/mesi24.ee\/fi\/kontakt\/#breadcrumb"},"inLanguage":"fi","potentialAction":[{"@type":"ReadAction","target":["https:\/\/mesi24.ee\/fi\/kontakt\/"]}]},{"@type":"BreadcrumbList","@id":"https:\/\/mesi24.ee\/fi\/kontakt\/#breadcrumb","itemListElement":[{"@type":"ListItem","position":1,"name":"Home","item":"https:\/\/mesi24.ee\/fi\/"},{"@type":"ListItem","position":2,"name":"Kontakt"}]},{"@type":"WebSite","@id":"https:\/\/mesi24.ee\/#website","url":"https:\/\/mesi24.ee\/","name":"Mesi24","description":"Mesi, meesegud, meetuubid","publisher":{"@id":"https:\/\/mesi24.ee\/#organization"},"potentialAction":[{"@type":"SearchAction","target":{"@type":"EntryPoint","urlTemplate":"https:\/\/mesi24.ee\/?s={search_term_string}"},"query-input":{"@type":"PropertyValueSpecification","valueRequired":true,"valueName":"search_term_string"}}],"inLanguage":"fi"},{"@type":"Organization","@id":"https:\/\/mesi24.ee\/#organization","name":"O\u00dc Artocarpus","url":"https:\/\/mesi24.ee\/","logo":{"@type":"ImageObject","inLanguage":"fi","@id":"https:\/\/mesi24.ee\/#\/schema\/logo\/image\/","url":"https:\/\/mesi24.ee\/wp-content\/uploads\/2020\/11\/Mesi24.ee-logo.jpg","contentUrl":"https:\/\/mesi24.ee\/wp-content\/uploads\/2020\/11\/Mesi24.ee-logo.jpg","width":250,"height":106,"caption":"O\u00dc Artocarpus"},"image":{"@id":"https:\/\/mesi24.ee\/#\/schema\/logo\/image\/"},"sameAs":["https:\/\/www.facebook.com\/mesi24.ee"]}]}},"_links":{"self":[{"href":"https:\/\/mesi24.ee\/fi\/wp-json\/wp\/v2\/pages\/6073","targetHints":{"allow":["GET"]}}],"collection":[{"href":"https:\/\/mesi24.ee\/fi\/wp-json\/wp\/v2\/pages"}],"about":[{"href":"https:\/\/mesi24.ee\/fi\/wp-json\/wp\/v2\/types\/page"}],"author":[{"embeddable":true,"href":"https:\/\/mesi24.ee\/fi\/wp-json\/wp\/v2\/users\/2"}],"replies":[{"embeddable":true,"href":"https:\/\/mesi24.ee\/fi\/wp-json\/wp\/v2\/comments?post=6073"}],"version-history":[{"count":5,"href":"https:\/\/mesi24.ee\/fi\/wp-json\/wp\/v2\/pages\/6073\/revisions"}],"predecessor-version":[{"id":9236,"href":"https:\/\/mesi24.ee\/fi\/wp-json\/wp\/v2\/pages\/6073\/revisions\/9236"}],"wp:attachment":[{"href":"https:\/\/mesi24.ee\/fi\/wp-json\/wp\/v2\/media?parent=6073"}],"curies":[{"name":"wp","href":"https:\/\/api.w.org\/{rel}","templated":true}]}}