{"id":6042,"date":"2022-02-03T11:43:44","date_gmt":"2022-02-03T11:43:44","guid":{"rendered":"https:\/\/mesi24.ee\/?page_id=6042"},"modified":"2022-02-03T11:43:45","modified_gmt":"2022-02-03T11:43:45","slug":"privaatsussatted","status":"publish","type":"page","link":"https:\/\/mesi24.ee\/fi\/privaatsussatted\/","title":{"rendered":"Privaatsuss\u00e4tted"},"content":{"rendered":"<div class=\"fusion-fullwidth fullwidth-box fusion-builder-row-1 nonhundred-percent-fullwidth non-hundred-percent-height-scrolling\" style=\"--awb-border-radius-top-left:0px;--awb-border-radius-top-right:0px;--awb-border-radius-bottom-right:0px;--awb-border-radius-bottom-left:0px;--awb-flex-wrap:wrap;\" ><div class=\"fusion-builder-row fusion-row\"><div class=\"fusion-layout-column fusion_builder_column fusion-builder-column-0 fusion_builder_column_1_1 1_1 fusion-one-full fusion-column-first fusion-column-last\" style=\"--awb-bg-size:cover;--awb-margin-bottom:0px;\"><div class=\"fusion-column-wrapper fusion-flex-column-wrapper-legacy\"><div class=\"fusion-text fusion-text-1\" style=\"--awb-text-transform:none;\"><h1>Tietosuojak\u00e4yt\u00e4nt\u00f6 ja ev\u00e4steiden k\u00e4ytt\u00e4minen<\/h1>\n<p>T\u00e4m\u00e4 Tietosuojak\u00e4yt\u00e4nt\u00f6 ja ilmoitus ev\u00e4steiden k\u00e4yt\u00f6st\u00e4 (jatkossa nimell\u00e4 ilmoitus) sis\u00e4lt\u00e4\u00e4 hy\u00f6dyllist\u00e4 tietoa siit\u00e4, miten ja miksi O\u00dc Artocarpus (mesi24.ee) ker\u00e4\u00e4, k\u00e4sittelee ja jakaa henkil\u00f6tietoja (tietoja). Tietosuojak\u00e4yt\u00e4nt\u00f6 perustuu yleiseen tietosuoja-asetukseen (GDPR \u2013 General Data Protection Regulation).<\/p>\n<p>Tietosuojak\u00e4yt\u00e4nn\u00f6n tavoitteena on suojata asiakkaiden yksityisyytt\u00e4 Viron tasavallan lakien ja Euroopan unionin lains\u00e4\u00e4d\u00e4nn\u00f6n mukaisesti.<\/p>\n<p>K\u00e4ytt\u00e4m\u00e4ll\u00e4 verkkosivustoamme suostut ev\u00e4steiden k\u00e4ytt\u00f6\u00f6n ja henkil\u00f6tietojen k\u00e4sittelyehtoihin siten, kuin on kuvattuna Tietosuojak\u00e4yt\u00e4nn\u00f6ss\u00e4mme ja ev\u00e4steiden k\u00e4yt\u00f6ss\u00e4.<\/p>\n<p>Voimassa 25.5.2018 alkaen<\/p>\n<p>Henkil\u00f6tietojen ker\u00e4\u00e4minen ja k\u00e4ytt\u00e4minen<br \/>\n\u201dHenkil\u00f6tiedot\u201d ovat kaikenlaista tietoa tunnistetusta tai tunnistettavasta luonnollisesta henkil\u00f6st\u00e4, esimerkiksi nimi, osoite, s\u00e4hk\u00f6postiosoite sek\u00e4 tieto kotisivullamme vierailuista, sosiaalisen median kanavien ja palvelujemme k\u00e4yt\u00f6st\u00e4.<\/p>\n<p>Henkil\u00f6tietoja k\u00e4sittelemme sek\u00e4 t\u00e4ytt\u00e4\u00e4ksemme sopimuksiin perustuvia velvollisuuksiamme ett\u00e4 tarjotaksemme mahdollisille asiakkaille laadukkaampaa palvelua ja tietoa.<\/p>\n<p>O\u00dc:n Artocarpus (mesi24.ee) markkinointikanavista (ml. kotisivu) ker\u00e4\u00e4mme tietoja niiden k\u00e4yt\u00f6st\u00e4 ja mahdollisten asiakkaiden kiinnostuksista ymm\u00e4rt\u00e4\u00e4ksemme paremmin asiakkaidemme todellisia kiinnostuksen kohteita, tarjotaksemme laadukkaampaa tietoa ja t\u00e4ydellist\u00e4\u00e4ksemme kotisivun toimivuutta ja k\u00e4ytt\u00e4j\u00e4yst\u00e4v\u00e4llisyytt\u00e4.<\/p>\n<p>T\u00e4llaisessa tapauksessa k\u00e4sittelyn oikeudellinen peruste on meid\u00e4n oikeutettu etumme ymm\u00e4rt\u00e4\u00e4 paremmin asiakkaiden tarpeita ja tarjota parempaa palvelua.<\/p>\n<p>O\u00dc Artocarpus (mesi24.ee) k\u00e4sittelee esimerkiksi tietoja asiakkaan ostok\u00e4ytt\u00e4ytymisest\u00e4 tavoitteenaan tarjota asiakkaalle t\u00e4m\u00e4n suosimia tarjouksia ja sis\u00e4lt\u00f6\u00e4.<\/p>\n<p>O\u00dc Artocarpus (mesi24.ee) on henkil\u00f6tietojen vastuullinen k\u00e4sittelij\u00e4. Kysymysten her\u00e4tess\u00e4 kirjoita osoitteeseen martin@mesi24.ee.<\/p>\n<p>Henkil\u00f6tietojen ker\u00e4\u00e4minen voi tapahtua seuraavilla tavoilla:<\/p>\n<p>yhteystietojen (mm. nimesi, postiosoitteesi, puhelinnumerosi, s\u00e4hk\u00f6postiosoitteesi) esitt\u00e4misen kautta verkkosivustollamme tai muualla (esim. myyntituvassa);<br \/>\nverkkosivustoa k\u00e4ytett\u00e4ess\u00e4 ev\u00e4steiden (cookies) kautta (mm. selaimen laji, laitteen tyyppi, viestint\u00e4kieli, verkkosivuston osoite, jolta k\u00e4ytt\u00e4j\u00e4 saapui, millaisia sis\u00e4lt\u00f6sivuja tutki ja k\u00e4ytt\u00e4j\u00e4n IP-osoite sek\u00e4 muut liiketiedot);<br \/>\noston tai tilauksen suorittamisen kautta hunajatalossamme tai verkkokaupassa;<br \/>\nk\u00e4ytt\u00e4j\u00e4n toimet O\u00dc:n Artocarpus (mesi24.ee) s\u00e4hk\u00f6postikirjeisiin liittyen;<br \/>\nmuut henkil\u00f6tiedot, jotka olet saattanut julkisesti saataville tai meille saatavilla oleviksi kolmansien henkil\u00f6iden sosiaalisissa verkostoissa, kuten LinkedIn, Facebook, Google Plus, Instagram ym. O\u00dc Artocarpus (mesi24.ee) ei k\u00e4sittele vastuullisena k\u00e4sittelij\u00e4n\u00e4 erityisi\u00e4 henkil\u00f6tietoryhmi\u00e4.<br \/>\nMiten tietoja ker\u00e4t\u00e4\u00e4n<br \/>\nP\u00e4\u00e4asiassa ker\u00e4\u00e4mme henkil\u00f6tietoja suoraan rekister\u00f6idyilt\u00e4 ja heid\u00e4n suostumuksestaan. Sen lis\u00e4ksi k\u00e4yt\u00e4mme automaattisia tiedonker\u00e4ysv\u00e4lineit\u00e4, mukaan lukien ev\u00e4steit\u00e4 ja muita seurantav\u00e4lineit\u00e4 optimoidaksemme kotisivumme k\u00e4ytt\u00e4j\u00e4kokemuksen ja tarjotaksemme asiakkaille parempia palveluita.<\/p>\n<p><strong>Ev\u00e4steet ja niist\u00e4 vapautuminen<\/strong><\/p>\n<p>Ev\u00e4ste (cookie) on pieni tekstitiedosto, jonka verkkopalvelin l\u00e4hett\u00e4\u00e4 k\u00e4ytt\u00e4j\u00e4n verkkoselaimeen ja joka tallennetaan k\u00e4ytt\u00e4j\u00e4n tietokoneen kovalevylle ja joka mahdollistaa muistamaan k\u00e4ytt\u00e4j\u00e4n mieltymykset, kuten kirjainkoon, viestint\u00e4kielen, laitetiedot, vierailutilaston yms.<\/p>\n<p>Kaikki verkkoselaimet on oletusarvoisesti s\u00e4\u00e4detty sallimaan ev\u00e4steet, mutta verkkoselaimen s\u00e4\u00e4t\u00f6j\u00e4 voi yleens\u00e4 muuttaa siten, ett\u00e4 verkkoselain kielt\u00e4ytyy ev\u00e4steist\u00e4 t\u00e4ysin, est\u00e4\u00e4 kolmansien henkil\u00f6iden ev\u00e4steet tai ilmoittaa k\u00e4ytt\u00e4j\u00e4lle jokaisesta l\u00e4hetetyst\u00e4 ev\u00e4steest\u00e4.<\/p>\n<p>O\u00dc Artocarpus (mesi24.ee) k\u00e4ytt\u00e4\u00e4 seuraavia ev\u00e4steit\u00e4:<\/p>\n<p>Istuntokohtaiset ev\u00e4steet (tilap\u00e4iset ev\u00e4steet), joiden tarkoitus on mahdollistaa palvelun k\u00e4ytt\u00e4minen.<br \/>\nPysyv\u00e4t ev\u00e4steet (tallentuvat k\u00e4ytt\u00e4j\u00e4n tietokoneeseen verkkoselaimen sulkemisen j\u00e4lkeen), joiden tarkoitus on muistaa asiakkaan valinnat O\u00dc:n Artocarpus (mesi24.ee) verkkosivustolla.<br \/>\nTarkemmin sanottuna O\u00dc Artocarpus (mesi24.ee) k\u00e4ytt\u00e4\u00e4:<\/p>\n<p>analyyttisia ev\u00e4steit\u00e4, jotka ker\u00e4\u00e4v\u00e4t tietoa siit\u00e4, miten verkkosivustoa k\u00e4ytet\u00e4\u00e4n. Esimerkiksi millaisilla sis\u00e4lt\u00f6sivuilla k\u00e4yd\u00e4\u00e4n eniten tai mit\u00e4 vierailijat verkkosivustolta etsiv\u00e4t jne. N\u00e4m\u00e4 ev\u00e4steet eiv\u00e4t ker\u00e4\u00e4 tietoa, joka mahdollistaisi suoraan tunnistaa verkkosivuston k\u00e4ytt\u00e4j\u00e4n. N\u00e4ihin kuuluvat esim. Google Analyticsin ja Hotjarin ev\u00e4steet,<br \/>\nkolmansien osapuolten ev\u00e4steet, esim. YouTube ja Google Maps. Sijaintipaikan karttaa ja videoita ei n\u00e4ytet\u00e4, mik\u00e4li tietosuojak\u00e4yt\u00e4nt\u00f6\u00e4 ei ole hyv\u00e4ksytty. Teknisten mahdollisuuksien takaamiseksi k\u00e4yt\u00e4mme Avada-muotoilun luomaa privacy_embeds -ev\u00e4stett\u00e4.<br \/>\nK\u00e4ytt\u00e4j\u00e4ll\u00e4 on oikeus kielt\u00e4yty\u00e4 ev\u00e4steiden tallentamisesta tietokoneeseen. N\u00e4in halutessaan k\u00e4ytt\u00e4j\u00e4n tulee muuttaa verkkoselaimensa s\u00e4\u00e4t\u00f6j\u00e4.<\/p>\n<p><strong>Ohjeet yleisimmin k\u00e4ytett\u00e4vien selainten s\u00e4\u00e4t\u00e4miseen:<\/strong><\/p>\n<p>Internet Explorer: http:\/\/support.microsoft.com\/kb\/278835<br \/>\nChrome: https:\/\/support.google.com\/chrome\/answer\/95647?hl=en<br \/>\nFirefox: http:\/\/support.mozilla.org\/en-US\/kb\/Clear%20Recent%20History<br \/>\nOpera: http:\/\/www.opera.com\/browser\/tutorials\/security\/privacy<br \/>\nSafari: https:\/\/support.apple.com\/guide\/safari\/manage-cookies-and-website-data-sfri11471\/mac<br \/>\nEv\u00e4steet est\u00e4ess\u00e4\u00e4n k\u00e4ytt\u00e4j\u00e4n tulee ottaa huomioon, ett\u00e4 kaikki verkkosivuston toiminnot eiv\u00e4t v\u00e4ltt\u00e4m\u00e4tt\u00e4 j\u00e4\u00e4 k\u00e4ytt\u00e4j\u00e4lle tavoitettaviksi.<\/p>\n<p><strong>Henkil\u00f6tietojen jakaminen<\/strong><\/p>\n<p>O\u00dc Artocarpus (mesi24.ee) ei toimita asiakkaan tietoja Euroopan (EU) talousalueen ulkopuolelle.<\/p>\n<p>O\u00dc Artocarpus (mesi24.ee) ei jaa Asiakkaan henkil\u00f6tietoja kolmansille osapuolille pl. alla luetelluin ehdoin. Kaikkia tietoja k\u00e4ytet\u00e4\u00e4n vain yhteydenpitoon ja paremman tuotteen tai palvelun tarjoamistarkoituksessa.<\/p>\n<p>Henkil\u00f6tietojasi voimme jakaa seuraavissa tapauksissa:<\/p>\n<p>Tilattujen tuotteiden l\u00e4hett\u00e4minen \u2013 kuljetuspalvelua v\u00e4litt\u00e4v\u00e4t tai tarjoavat henkil\u00f6t, laitokset ja j\u00e4rjest\u00f6t.<br \/>\nVelkojen periminen \u2013 velkojen perint\u00e4palvelun tarjoajat, maksuh\u00e4iri\u00f6rekisterit.<br \/>\nValtion valvontaviranomaiset ja poliisi.<br \/>\nJulkinen palaute asiakkaan suostumuksesta.<br \/>\nHenkil\u00f6tietojen (tietojen) turvallisuus, k\u00e4ytt\u00e4minen ja s\u00e4ilytt\u00e4minen<br \/>\nHenkil\u00f6tietojen turvallisuus<\/p>\n<p>Henkil\u00f6tietojen turvallinen s\u00e4ilytt\u00e4minen on O\u00dc:n Artocarpus (mesi24.ee) suurin turvallisuusalan prioriteetti. Pyrimme tekem\u00e4\u00e4n kaiken mahdollisen v\u00e4ltt\u00e4\u00e4ksemme luvatonta p\u00e4\u00e4sy\u00e4 tietoihin, niiden julkistamista ja muuta laitonta k\u00e4sittely\u00e4. Suojaamme henkil\u00f6tietojen luottamuksellisuutta ja koskemattomuutta ja takaamme tietoihin p\u00e4\u00e4syn voimassa olevan lains\u00e4\u00e4d\u00e4nn\u00f6n mukaisesti.<\/p>\n<p>Olemme laatineet ker\u00e4\u00e4miemme ja k\u00e4sittelemiemme henkil\u00f6tietojen suojaksi kohtuulliset ja riitt\u00e4v\u00e4t j\u00e4rjestelylliset menetelm\u00e4t ja tekniset ja fyysiset rajoitteet. K\u00e4ytett\u00e4v\u00e4t menetelm\u00e4t riippuvat henkil\u00f6tietojen lajista ja niiden julkisuuteen tulemisen mahdollisista seurauksista.<\/p>\n<p>O\u00dc Artocarpus (mesi24.ee) on ottanut k\u00e4ytt\u00f6\u00f6n tarvittavat tekniset, fyysiset ja j\u00e4rjestelylliset turvakeinot asiakkaan henkil\u00f6tietojen (tietojen) suojaamiseksi katoamiselta ja laittomalta k\u00e4sittelylt\u00e4.<\/p>\n<p>O\u00dc:n Artocarpus (mesi24.ee) verkkokaupassa vierailun ja ostojen suorittamisen yhteydess\u00e4 tietoon saatuja asiakkaan henkil\u00f6tietoja k\u00e4sitell\u00e4\u00e4n luottamuksellisena tietona. Salattu tietoyhteyskanava pankkeihin takaa oston suorittajan henkil\u00f6tietojen ja pankkiyhteystietojen turvallisuuden.<\/p>\n<p><strong>S\u00e4ilytysaika \u2013 miten kauan s\u00e4ilyt\u00e4mme henkil\u00f6tietoja?<\/strong><\/p>\n<p>O\u00dc Artocarpus (mesi24.ee) s\u00e4ilytt\u00e4\u00e4 henkil\u00f6tietoja vain niin kauan, kuin se on niiden ker\u00e4\u00e4misen tavoitteen saavuttamiseksi tarpeen. S\u00e4ilytysaika riippuu my\u00f6s tarpeesta vastata rekister\u00f6idyn kyselyihin, ratkaista ongelmia ja t\u00e4ytt\u00e4\u00e4 lainmukaiset asiakirjojen s\u00e4ilytt\u00e4misvaatimukset.<\/p>\n<p>Kun emme en\u00e4\u00e4 tarvitse henkil\u00f6tietoja ja lains\u00e4\u00e4d\u00e4nt\u00f6 ei vaadi niiden s\u00e4ilytt\u00e4mist\u00e4, poistamme n\u00e4m\u00e4 henkil\u00f6tiedot.<\/p>\n<p>Voimme jatkaa kyseisten tietojen k\u00e4ytt\u00e4mist\u00e4 tilastotarkoituksiin, mutta ainoastaan pseudonymisoidussa tai anonymisoidussa muodossa.<\/p>\n<p>Mik\u00e4li her\u00e4\u00e4 pieninkin kysymys, ole hyv\u00e4 ja kirjoita osoitteeseen martin@mesi24.ee<\/p>\n<p><strong>Asiakkaan (rekister\u00f6idyn) oikeudet.<\/strong><\/p>\n<p>Asiakkaalla on oikeus p\u00e4\u00e4st\u00e4 O\u00dc:n Artocarpus (mesi24.ee) k\u00e4sitelt\u00e4viin Asiakkaan omiin henkil\u00f6tietoihin ja oikeus vaatia ep\u00e4tarkkojen henkil\u00f6tietojen korjaamista.<\/p>\n<p>Mik\u00e4li Asiakkaalla on kysymyksi\u00e4 oikeuksistaan tai h\u00e4n katsoo, ett\u00e4 O\u00dc Artocarpus (mesi24.ee) on h\u00e4nen henkil\u00f6tietojaan (tietojaan) k\u00e4sitelless\u00e4\u00e4n rikkonut h\u00e4nen oikeuksiaan, h\u00e4nen pit\u00e4isi ehdottomasti ottaa yhteytt\u00e4 s\u00e4hk\u00f6postiosoitteeseen martin@mesi24.ee.<\/p>\n<p><strong>Rekister\u00f6idyn oikeudet<\/strong><\/p>\n<p>Oikeus vaatia korjaamista \u2013 rekister\u00f6idyll\u00e4 on oikeus vaatia, ett\u00e4 h\u00e4neen liittyv\u00e4t v\u00e4\u00e4r\u00e4t henkil\u00f6tiedot korjataan ilman perusteetonta viivytyst\u00e4.<\/p>\n<p>Oikeus vaatia poistamista \u2013 rekister\u00f6idyll\u00e4 on oikeus vaatia, ett\u00e4 h\u00e4nen henkil\u00f6tietonsa poistetaan ilman perusteetonta viivytyst\u00e4, mik\u00e4li tietyt lis\u00e4ehdot on t\u00e4ytetty.<\/p>\n<p>Tietyiss\u00e4 tapauksissa rekister\u00f6idyll\u00e4 on oikeus rajoittaa henkil\u00f6tietojensa k\u00e4sittely\u00e4.<\/p>\n<p>Rekister\u00f6idyll\u00e4 on oikeus tutustua henkil\u00f6tietoihin, joita me h\u00e4nest\u00e4 s\u00e4ilyt\u00e4mme ja jotka h\u00e4n on meille antanut sek\u00e4 oikeus toimittaa n\u00e4m\u00e4 tiedot toiselle vastuulliselle k\u00e4sittelij\u00e4lle, mik\u00e4li se on teknisesti mahdollista ja k\u00e4sittely tapahtuu suostumuksen tai sopimuksen perusteella ja automatisoidusti.<\/p>\n<p>Rekister\u00f6idyll\u00e4 on oikeus tietyst\u00e4 tilanteestaan l\u00e4htien esitt\u00e4\u00e4 koska tahansa vastav\u00e4itteit\u00e4 henkil\u00f6tietojensa sellaisen k\u00e4sittelyn suhteen, joka tapahtuu lains\u00e4\u00e4d\u00e4nn\u00f6n kyseisten s\u00e4\u00e4d\u00f6sten perusteella, mukaan lukien n\u00e4iden s\u00e4\u00e4d\u00f6sten perusteella tapahtuvan profiilianalyysin suhteen.<\/p>\n<p>Mik\u00e4li lains\u00e4\u00e4d\u00e4nn\u00f6st\u00e4 ei seuraa muuta, on rekister\u00f6idyll\u00e4 oikeus vaatia, ett\u00e4 h\u00e4nest\u00e4 ei tehd\u00e4 p\u00e4\u00e4t\u00f6st\u00e4, joka perustuu ainoastaan automatisoituun k\u00e4sittelyyn, mukaan lukien profiilianalyysiin, ja aiheuttaa rekister\u00f6idylle oikeudellisia seurauksia tai joista on h\u00e4nelle merkitt\u00e4v\u00e4\u00e4 vaikutusta.<\/p>\n<p>Mik\u00e4li henkil\u00f6tietojen k\u00e4sittelyn perusteena on rekister\u00f6idyn suostumus, rekister\u00f6idyll\u00e4 on oikeus perua t\u00e4m\u00e4 suostumus koska tahansa ilman, ett\u00e4 se vaikuttaisi ennen perumista suostumuksen perusteella tapahtuneen k\u00e4sittelyn laillisuuteen.<\/p>\n<p>Jos haluat k\u00e4ytt\u00e4\u00e4 mainittuja oikeuksia, pyyd\u00e4mme ottamaan meihin yhteytt\u00e4.<\/p>\n<p>Jos O\u00dc:n Artocarpus (mesi24.ee) tarjoama ratkaisu ei tyydyt\u00e4 sinua, sinulla on oikeus k\u00e4\u00e4nty\u00e4 Viron tasavallan tietosuojaviranomaisen (Andmekaitse Inspektsioon) ja tuomioistuimen puoleen.<\/p>\n<p><strong>Muut kohdat<\/strong><\/p>\n<p>O\u00dc Artocarpus (mesi24.ee) varaa itselleen oikeuden muuttaa yksipuolisesti Tietosuojak\u00e4yt\u00e4nt\u00f6\u00e4 ja ev\u00e4steiden k\u00e4ytt\u00f6\u00e4.<\/p>\n<p>T\u00e4t\u00e4 Tietosuojak\u00e4yt\u00e4nt\u00f6\u00e4 ja ev\u00e4steiden k\u00e4ytt\u00f6\u00e4 koskevat Viron tasavallan lait. Tietosuojak\u00e4yt\u00e4nn\u00f6st\u00e4 seuraavat kiistat tai vaatimukset ratkaistaan Tallinnassa Harjumaan k\u00e4r\u00e4j\u00e4oikeudessa (Harju Maakohus).<\/p>\n<\/div><div class=\"fusion-clearfix\"><\/div><\/div><\/div><\/div><\/div>\n","protected":false},"excerpt":{"rendered":"","protected":false},"author":2,"featured_media":0,"parent":0,"menu_order":0,"comment_status":"closed","ping_status":"closed","template":"","meta":{"footnotes":""},"class_list":["post-6042","page","type-page","status-publish","hentry"],"yoast_head":"<!-- This site is optimized with the Yoast SEO plugin v27.2 - https:\/\/yoast.com\/product\/yoast-seo-wordpress\/ -->\n<title>Privaatsuss\u00e4tted - Mesi24<\/title>\n<meta name=\"robots\" content=\"index, follow, max-snippet:-1, max-image-preview:large, max-video-preview:-1\" \/>\n<link rel=\"canonical\" href=\"https:\/\/mesi24.ee\/fi\/privaatsussatted\/\" \/>\n<meta property=\"og:locale\" content=\"fi_FI\" \/>\n<meta property=\"og:type\" content=\"article\" \/>\n<meta property=\"og:title\" content=\"Privaatsuss\u00e4tted - Mesi24\" \/>\n<meta property=\"og:url\" content=\"https:\/\/mesi24.ee\/fi\/privaatsussatted\/\" \/>\n<meta property=\"og:site_name\" content=\"Mesi24\" \/>\n<meta property=\"article:publisher\" content=\"https:\/\/www.facebook.com\/mesi24.ee\" \/>\n<meta property=\"article:modified_time\" content=\"2022-02-03T11:43:45+00:00\" \/>\n<meta name=\"twitter:card\" content=\"summary_large_image\" \/>\n<meta name=\"twitter:label1\" content=\"Arvioitu lukuaika\" \/>\n\t<meta name=\"twitter:data1\" content=\"7 minuuttia\" \/>\n<script type=\"application\/ld+json\" class=\"yoast-schema-graph\">{\"@context\":\"https:\/\/schema.org\",\"@graph\":[{\"@type\":\"WebPage\",\"@id\":\"https:\/\/mesi24.ee\/fi\/privaatsussatted\/\",\"url\":\"https:\/\/mesi24.ee\/fi\/privaatsussatted\/\",\"name\":\"Privaatsuss\u00e4tted - Mesi24\",\"isPartOf\":{\"@id\":\"https:\/\/mesi24.ee\/#website\"},\"datePublished\":\"2022-02-03T11:43:44+00:00\",\"dateModified\":\"2022-02-03T11:43:45+00:00\",\"breadcrumb\":{\"@id\":\"https:\/\/mesi24.ee\/fi\/privaatsussatted\/#breadcrumb\"},\"inLanguage\":\"fi\",\"potentialAction\":[{\"@type\":\"ReadAction\",\"target\":[\"https:\/\/mesi24.ee\/fi\/privaatsussatted\/\"]}]},{\"@type\":\"BreadcrumbList\",\"@id\":\"https:\/\/mesi24.ee\/fi\/privaatsussatted\/#breadcrumb\",\"itemListElement\":[{\"@type\":\"ListItem\",\"position\":1,\"name\":\"Home\",\"item\":\"https:\/\/mesi24.ee\/fi\/\"},{\"@type\":\"ListItem\",\"position\":2,\"name\":\"Privaatsuss\u00e4tted\"}]},{\"@type\":\"WebSite\",\"@id\":\"https:\/\/mesi24.ee\/#website\",\"url\":\"https:\/\/mesi24.ee\/\",\"name\":\"Mesi24\",\"description\":\"Mesi, meesegud, meetuubid\",\"publisher\":{\"@id\":\"https:\/\/mesi24.ee\/#organization\"},\"potentialAction\":[{\"@type\":\"SearchAction\",\"target\":{\"@type\":\"EntryPoint\",\"urlTemplate\":\"https:\/\/mesi24.ee\/?s={search_term_string}\"},\"query-input\":{\"@type\":\"PropertyValueSpecification\",\"valueRequired\":true,\"valueName\":\"search_term_string\"}}],\"inLanguage\":\"fi\"},{\"@type\":\"Organization\",\"@id\":\"https:\/\/mesi24.ee\/#organization\",\"name\":\"O\u00dc Artocarpus\",\"url\":\"https:\/\/mesi24.ee\/\",\"logo\":{\"@type\":\"ImageObject\",\"inLanguage\":\"fi\",\"@id\":\"https:\/\/mesi24.ee\/#\/schema\/logo\/image\/\",\"url\":\"https:\/\/mesi24.ee\/wp-content\/uploads\/2020\/11\/Mesi24.ee-logo.jpg\",\"contentUrl\":\"https:\/\/mesi24.ee\/wp-content\/uploads\/2020\/11\/Mesi24.ee-logo.jpg\",\"width\":250,\"height\":106,\"caption\":\"O\u00dc Artocarpus\"},\"image\":{\"@id\":\"https:\/\/mesi24.ee\/#\/schema\/logo\/image\/\"},\"sameAs\":[\"https:\/\/www.facebook.com\/mesi24.ee\"]}]}<\/script>\n<!-- \/ Yoast SEO plugin. -->","yoast_head_json":{"title":"Privaatsuss\u00e4tted - Mesi24","robots":{"index":"index","follow":"follow","max-snippet":"max-snippet:-1","max-image-preview":"max-image-preview:large","max-video-preview":"max-video-preview:-1"},"canonical":"https:\/\/mesi24.ee\/fi\/privaatsussatted\/","og_locale":"fi_FI","og_type":"article","og_title":"Privaatsuss\u00e4tted - Mesi24","og_url":"https:\/\/mesi24.ee\/fi\/privaatsussatted\/","og_site_name":"Mesi24","article_publisher":"https:\/\/www.facebook.com\/mesi24.ee","article_modified_time":"2022-02-03T11:43:45+00:00","twitter_card":"summary_large_image","twitter_misc":{"Arvioitu lukuaika":"7 minuuttia"},"schema":{"@context":"https:\/\/schema.org","@graph":[{"@type":"WebPage","@id":"https:\/\/mesi24.ee\/fi\/privaatsussatted\/","url":"https:\/\/mesi24.ee\/fi\/privaatsussatted\/","name":"Privaatsuss\u00e4tted - Mesi24","isPartOf":{"@id":"https:\/\/mesi24.ee\/#website"},"datePublished":"2022-02-03T11:43:44+00:00","dateModified":"2022-02-03T11:43:45+00:00","breadcrumb":{"@id":"https:\/\/mesi24.ee\/fi\/privaatsussatted\/#breadcrumb"},"inLanguage":"fi","potentialAction":[{"@type":"ReadAction","target":["https:\/\/mesi24.ee\/fi\/privaatsussatted\/"]}]},{"@type":"BreadcrumbList","@id":"https:\/\/mesi24.ee\/fi\/privaatsussatted\/#breadcrumb","itemListElement":[{"@type":"ListItem","position":1,"name":"Home","item":"https:\/\/mesi24.ee\/fi\/"},{"@type":"ListItem","position":2,"name":"Privaatsuss\u00e4tted"}]},{"@type":"WebSite","@id":"https:\/\/mesi24.ee\/#website","url":"https:\/\/mesi24.ee\/","name":"Mesi24","description":"Mesi, meesegud, meetuubid","publisher":{"@id":"https:\/\/mesi24.ee\/#organization"},"potentialAction":[{"@type":"SearchAction","target":{"@type":"EntryPoint","urlTemplate":"https:\/\/mesi24.ee\/?s={search_term_string}"},"query-input":{"@type":"PropertyValueSpecification","valueRequired":true,"valueName":"search_term_string"}}],"inLanguage":"fi"},{"@type":"Organization","@id":"https:\/\/mesi24.ee\/#organization","name":"O\u00dc Artocarpus","url":"https:\/\/mesi24.ee\/","logo":{"@type":"ImageObject","inLanguage":"fi","@id":"https:\/\/mesi24.ee\/#\/schema\/logo\/image\/","url":"https:\/\/mesi24.ee\/wp-content\/uploads\/2020\/11\/Mesi24.ee-logo.jpg","contentUrl":"https:\/\/mesi24.ee\/wp-content\/uploads\/2020\/11\/Mesi24.ee-logo.jpg","width":250,"height":106,"caption":"O\u00dc Artocarpus"},"image":{"@id":"https:\/\/mesi24.ee\/#\/schema\/logo\/image\/"},"sameAs":["https:\/\/www.facebook.com\/mesi24.ee"]}]}},"_links":{"self":[{"href":"https:\/\/mesi24.ee\/fi\/wp-json\/wp\/v2\/pages\/6042","targetHints":{"allow":["GET"]}}],"collection":[{"href":"https:\/\/mesi24.ee\/fi\/wp-json\/wp\/v2\/pages"}],"about":[{"href":"https:\/\/mesi24.ee\/fi\/wp-json\/wp\/v2\/types\/page"}],"author":[{"embeddable":true,"href":"https:\/\/mesi24.ee\/fi\/wp-json\/wp\/v2\/users\/2"}],"replies":[{"embeddable":true,"href":"https:\/\/mesi24.ee\/fi\/wp-json\/wp\/v2\/comments?post=6042"}],"version-history":[{"count":2,"href":"https:\/\/mesi24.ee\/fi\/wp-json\/wp\/v2\/pages\/6042\/revisions"}],"predecessor-version":[{"id":6044,"href":"https:\/\/mesi24.ee\/fi\/wp-json\/wp\/v2\/pages\/6042\/revisions\/6044"}],"wp:attachment":[{"href":"https:\/\/mesi24.ee\/fi\/wp-json\/wp\/v2\/media?parent=6042"}],"curies":[{"name":"wp","href":"https:\/\/api.w.org\/{rel}","templated":true}]}}