{"id":6036,"date":"2022-02-02T18:20:21","date_gmt":"2022-02-02T18:20:21","guid":{"rendered":"https:\/\/mesi24.ee\/?page_id=6036"},"modified":"2022-02-09T15:14:04","modified_gmt":"2022-02-09T15:14:04","slug":"ehdot","status":"publish","type":"page","link":"https:\/\/mesi24.ee\/fi\/ehdot\/","title":{"rendered":"EHDOT"},"content":{"rendered":"<p><strong>EHDOT<\/strong><br \/>\n<strong>1. Yleiskohdat<\/strong><\/p>\n<p>1.1. Mesi24-verkkokauppa \u2013 verkko-osoitteessa www.mesi24.ee operoiva verkkokauppa, jonka omistaja on O\u00dc Artocarpus rek. nro 10247109 (jatkossa my\u00f6s nimell\u00e4 Mesi24).<\/p>\n<p>1.2. Asiakas \u2013 Mesi24-verkkokaupassa oston suorittanut luonnollinen tai oikeushenkil\u00f6.<\/p>\n<p>1.3. Myyj\u00e4 \u2013 Mesi24-verkkokaupassa tuotteita myyv\u00e4 yritys, joka vastaa tuotteen perille toimittamisesta ja laadusta.<\/p>\n<p>1.4. Sopimuspuolet nojautuvat keskin\u00e4isten suhteidensa s\u00e4\u00e4telyss\u00e4 Viron velvoiteoikeuslakiin (V\u00f5la\u00f5igusseadus) sek\u00e4 muihin Viron tasavallan lakeihin ja muihin oikeudellisiin s\u00e4\u00e4d\u00f6ksiin sek\u00e4 osto-myyntisopimuksessa sovittuun.<\/p>\n<p>1.5. Myyj\u00e4ll\u00e4 on oikeus koska tahansa tehd\u00e4 muutoksia Verkkokaupan palvelu- ja osto- ja myyntiehtoihin.<\/p>\n<p><strong>2. Ostoehdot<\/strong><\/p>\n<p>2.1. Ostoehdot ovat voimassa Mesi24-verkkokaupan Asiakkaan, Mesi24:n omistajan O\u00dc:n Artocarpus (jatkossa nimell\u00e4 Mesi24) ja Mesi24-verkkokaupassa toimivan Myyj\u00e4n (jatkossa nimell\u00e4 Myyj\u00e4) v\u00e4lill\u00e4 tuotteiden ostamisen my\u00f6t\u00e4 aiheutuvia oikeudellisia suhteita koskien.<\/p>\n<p>2.2. Ostoehdot on laadittu hyv\u00e4ss\u00e4 uskossa ja ne eiv\u00e4t ole Viron tasavallassa voimassa olevien lakien kanssa ristiriidassa.<\/p>\n<p>2.3. Mesi24 varaa itselleen oikeuden muuttaa n\u00e4it\u00e4 ostoehtoja ilmoittamatta muutoksista kolmansille osapuolille. Muutetut ostoehdot astuvat voimaan niiden julkistamishetkest\u00e4 alkaen.<\/p>\n<p>2.4. Myyj\u00e4ll\u00e4 on oikeus muuttaa verkkokaupassa myyt\u00e4vi\u00e4 tuotteita, niiden kuvauksia ja hintoja ilmoittamatta siit\u00e4 kolmansille osapuolille. Mainitut muutokset astuvat voimaan niiden julkistamishetkest\u00e4 lukien. Jos Asiakas on toimittanut tilauksen ennen muutosten voimaantuloa, Asiakasta koskevat tilauksen suoritushetkell\u00e4 voimassa olleet ehdot, pl. tapauksessa, jossa laissa tai n\u00e4iss\u00e4 ehdoissa on s\u00e4\u00e4detty toisin.<\/p>\n<p>2.5. T\u00e4m\u00e4 ostoehdot ovat perusteena Mesi24-verkkokaupan, Asiakkaan ja Myyj\u00e4n v\u00e4listen oikeudellisten suhteiden s\u00e4\u00e4telyss\u00e4. Tilausta tehdess\u00e4\u00e4n Asiakas vahvistaa, ett\u00e4 on tutustunut n\u00e4ihin ostoehtoihin ja hyv\u00e4ksyy ne.<\/p>\n<p>2.6 Kaikki hinnat ovat euroina ja sis\u00e4lt\u00e4v\u00e4t arvonlis\u00e4veron.<\/p>\n<p>2.7. Ostaja sitoutuu esitt\u00e4m\u00e4\u00e4n laatimisen yhteydess\u00e4 totuudenmukaiset tiedot, joita tarvitaan tilauksen t\u00e4ytt\u00e4misess\u00e4. Myyj\u00e4 ei vastaa tilauksen t\u00e4yt\u00f6ss\u00e4 ostajan esitt\u00e4mist\u00e4 virheellisist\u00e4 tiedoista johtuvasta tilauksen t\u00e4ytt\u00e4m\u00e4tt\u00e4 j\u00e4\u00e4misest\u00e4 tai mink\u00e4\u00e4nlaisista siit\u00e4 johtuvista seurauksista.<\/p>\n<p>2.8. Myynti tapahtuu vasta sitten, kun Ostaja on l\u00e4hett\u00e4nyt Verkkokaupan kautta tilauksen ja on maksanut tilauksen.<\/p>\n<p>2.9. O\u00dc Artocarpus varaa itselleen oikeuden k\u00e4ytt\u00e4\u00e4 tavaran pakkaamiseen ja l\u00e4hett\u00e4miseen aiemmin muiden yritysten k\u00e4ytt\u00e4mi\u00e4, mutta silti puhtaita pahvirasioita.<\/p>\n<p><strong>3. Mesi24:n hinnasto<\/strong><\/p>\n<p>3.1. Mesi24-verkkokaupassa myyt\u00e4vien tuotteiden hinnat sis\u00e4lt\u00e4v\u00e4t arvonlis\u00e4veron ja ovat esitettyin\u00e4 euroissa, mutta eiv\u00e4t sis\u00e4ll\u00e4 perille toimittamiseen liittyv\u00e4\u00e4 maksua.<\/p>\n<p>3.2. Tavaran perille toimituksen hinnat perustuvat tilaukseen ja riippuvat Asiakkaan valitsemasta toimitustavasta.<\/p>\n<p>3.2.1. Omnivan l\u00e4hetin v\u00e4lityksell\u00e4 tuotteiden perille toimituksen hinta on 20,00 euroa. Hinta sis\u00e4lt\u00e4\u00e4 arvonlis\u00e4veron.<\/p>\n<p>3.2.2. SmartPOST O\u00dc:n ja Omnivan pakettiautomaattien v\u00e4lityksell\u00e4 tuotteiden perille toimittamisen hinta on 13,50 euroa. Hinta sis\u00e4lt\u00e4\u00e4 arvonlis\u00e4veron.<\/p>\n<p>3.3. Mesi24 varaa itselleen oikeuden muuttaa verkkokaupassa tarjottavia toimitustapoja ja oikaista niiden hintaa.<\/p>\n<p><strong>4. Tavaran tilaaminen ja maksaminen<\/strong><\/p>\n<p>4.1. Tilaus laaditaan Asiakkaan laatiman Ostoskorin perusteella.<\/p>\n<p>4.2. Asiakas lis\u00e4\u00e4 Ostoskoriin Mesi24-verkkokaupassa myyt\u00e4vi\u00e4 tuotteita.<\/p>\n<p>4.3. Ostoskorista Asiakas voi poistaa tuotteita ja muuttaa niiden m\u00e4\u00e4ri\u00e4.<\/p>\n<p>4.4. Ostoskorissa olevat tuotteet eiv\u00e4t velvoita Asiakasta viel\u00e4 maksamaan, koska sill\u00e4 hetkell\u00e4 tilausta ei ole viel\u00e4 laadittu.<\/p>\n<p>4.5. Tuotteita, jotka on lis\u00e4tty Ostoskoriin, ei ole varattu Ostoskorin laatineelle Asiakkaalle, ts. tuotteet ovat samaan aikaan myynniss\u00e4 kolmansille henkil\u00f6ille.<\/p>\n<p>4.6. Tilauksen laatimiseksi Asiakkaan tulee napsauttaa Ostoskorissa olevaa nuppia \u201dLaadi osto\u201d. Sen j\u00e4lkeen Asiakas m\u00e4\u00e4ritt\u00e4\u00e4 laskutustiedot, toimitustavan ja toimitustiedot. Asiakas tarkastaa viel\u00e4 kerran tilauksen oikeellisuuden, tutustuu sopimusehtoihin ja hyv\u00e4ksyy ne sek\u00e4 napsauttaa nuppia \u201dLaadi tilaus\u201d.<\/p>\n<p>4.7. Myynti tapahtuu vasta sitten, kun Ostaja on l\u00e4hett\u00e4nyt Verkkokaupan kotisivun kautta tilauksen ja on maksanut tilauksen.<\/p>\n<p><strong>5. Tavaran perille toimittaminen ja luovuttaminen<\/strong><\/p>\n<p>5.1. Myyj\u00e4 l\u00e4hett\u00e4\u00e4 tavaran matkaan joko maksun saapumisp\u00e4iv\u00e4n\u00e4 tai kahden (2) seuraavan ty\u00f6p\u00e4iv\u00e4n aikana.<\/p>\n<p>5.2. Ostajalle l\u00e4hetet\u00e4\u00e4n tavarat joko Omnivan (Post24), Smartpostin tai DPD:n palvelua k\u00e4ytt\u00e4en ja voimassa olevien hinnastojen mukaisesti.<\/p>\n<p>5.3. Myyj\u00e4 ei vastaa postipalvelun tarjoajan aiheuttamista viiv\u00e4styksist\u00e4.<\/p>\n<p>5.4. Asiakas voi valita kahdesta (2) eri toimitustavasta.<\/p>\n<p>5.4.1. Tuotteiden perille toimittaminen Omnivan (Post24) pakettiautomaattien v\u00e4lityksell\u00e4.<\/p>\n<p>5.4.2. Tuotteiden perille toimittaminen SmartPOST O\u00dc:n pakettiautomaattien v\u00e4lityksell\u00e4.<\/p>\n<p>6. Tilauksen peruminen ja rahan palauttaminen<\/p>\n<p>6.1. Asiakas voi perua tilauksen koska tahansa ennen Tilauksen tilaa \u201dPostitettu\u201d. Tilauksen perumiseksi tulee l\u00e4hett\u00e4\u00e4 vapaamuotoinen ilmoitus s\u00e4hk\u00f6postiosoitteeseen martin@mesi24.ee. Siin\u00e4 tapauksessa Mesi24 maksaa Asiakkaalle rahan takaisin 14 p\u00e4iv\u00e4n kuluessa tilauksen perumisilmoituksen saamisesta.<\/p>\n<p>6.2. Jos tilaus on tilassa \u201dPostitettu\u201d, tilausta ei ole mahdollista perua. Siin\u00e4 tapauksessa Asiakkaan tulee toimia tavaran palauttamista koskevien s\u00e4\u00e4nt\u00f6jen mukaan.<\/p>\n<p>6.3. Mesi24:ll\u00e4 on oikeus perua tilaus yksipuolisesti, mik\u00e4li tilattava tavara on jostain syyst\u00e4 loppunut tai jostain muusta syyst\u00e4 se ei ole toimitettavissa. Siin\u00e4 tapauksessa Myyj\u00e4 ottaa Asiakkaaseen yhteytt\u00e4 ja tarjoaa vaihtoehtoisia tuotteita. Mik\u00e4li vaihtoehtoiset tuotteet eiv\u00e4t sovi Asiakkaalle, Mesi24 palauttaa kahden (2) p\u00e4iv\u00e4n kuluessa tilauksesta maksetun rahan Asiakkaan pankkitilille.<\/p>\n<p><strong>7. Tavaran palauttaminen<\/strong><\/p>\n<p>7.1. Virossa voimassa olevien lakien perusteella Asiakkaalla on oikeus vet\u00e4yty\u00e4 sopimuksesta 14 p\u00e4iv\u00e4n kuluessa tavaran haltuun saamisen hetkest\u00e4 lukien. Vet\u00e4ytymisilmoituksen toimittamisen my\u00f6t\u00e4 Asiakkaan tulee palauttaa tavara.<\/p>\n<p>7.2. Tavaran palauttaminen on sallittu vain siin\u00e4 tapauksessa, ett\u00e4 tallella on tilauksen lasku, tuotteen pakkaus, tuote ei ole pilalla (ml. tuotetta ei ole avattu) eik\u00e4 k\u00e4ytetty, likaantunut tai kulunut. Arvion tuotteen palauttamisen sopivuudesta antaa Myyj\u00e4.<\/p>\n<p>7.3. Tavaran palauttamisen yhteydess\u00e4 Mesi24 palauttaa Asiakkaan pankkitilille tilauksesta maksetun rahan (ml. kuljetus) ensi tilassa, mutta viimeist\u00e4\u00e4n 30 p\u00e4iv\u00e4n kuluessa vet\u00e4ytymisilmoituksen ja tavaran saapumisesta myyj\u00e4lle.<\/p>\n<p>7.4. Tavaran palauttaminen Myyj\u00e4lle tapahtuu Asiakkaan omalla kustannuksella ja Mesi24 ei korvaa Tavaran palauttamiseen liittyvi\u00e4 kustannuksia.<\/p>\n<p>7.5. Tavaran vaihtamisen yhteydess\u00e4 Asiakas palauttaa tavaran Myyj\u00e4lle omalla kustannuksellaan.<\/p>\n<p>7.6. Mik\u00e4li tavara on vahingoittunut, ja sit\u00e4 ei ulkoisessa tarkastuksessa havaittu, ja vaurioituminen ei ole aiheutunut paketin avaamisen yhteydess\u00e4, tai mik\u00e4li tavara ei ole se, jonka Asiakas tilasi, palautuskustannuksen ml. perille toimituksen maksaa Mesi24.<\/p>\n<p>7.7. Jos Asiakas p\u00e4\u00e4tt\u00e4\u00e4 k\u00e4ytt\u00e4\u00e4 vet\u00e4ytymisoikeutta, h\u00e4n on velvollinen avaamaan tuotteen paketin varoen ja sit\u00e4 rikkomatta. Jos ilmenee, ett\u00e4 tuote on vahingoittunut Asiakkaan tahallisen tai k\u00e4ytt\u00f6tarkoituksen vastaisen k\u00e4yt\u00f6n vuoksi, Mesi24:ll\u00e4 on oikeus nettouttaa tuotteen arvon v\u00e4heneminen Asiakkaalle palautettavaksi kuuluvasta summasta.<\/p>\n<p><strong>8. Valituksen esitt\u00e4minen ja vaatimuksia vastaamattomien tuotteiden palauttaminen.<\/strong><\/p>\n<p>8.1. Kaikkia myynniss\u00e4 olevia tuotteita koskevat Viron tasavallan laeissa s\u00e4\u00e4detyt takuut ja palautusk\u00e4yt\u00e4nt\u00f6.<\/p>\n<p>8.2. Asiakkaalla on oikeus palauttaa verkkokaupastamme ostettu tuote 14 (nelj\u00e4ntoista) kalenterip\u00e4iv\u00e4n kuluessa sen haltuun saamisesta lukien. Palautettavaa tavaraa ei saa olla k\u00e4ytetty, vahingoitettu ja pakkaus ei saa olla avattu.<\/p>\n<p>8.3. Hunajaa, hunajasekoituksia ja muita mehil\u00e4ishoitotuotteita, jotka ovat avatussa pakkauksessa, ei voi palauttaa.<\/p>\n<p>8.4. Mesi24 takaa internetsivuston k\u00e4ytt\u00e4jien henkil\u00f6tietojen luottamuksellisuuden eik\u00e4 myy\/toimita\/v\u00e4lit\u00e4 k\u00e4ytt\u00e4jien henkil\u00f6- ja yhteystietoja kolmansille henkil\u00f6ille, paitsi erityissopimusten yhteydess\u00e4 (mahdollisten kampanjoiden yms. voittajien julkistamisen yhteydess\u00e4).<\/p>\n<p><strong>9. Ylivoimainen este, vastuu ja muut ehdot<\/strong><\/p>\n<p>9.1. Mesi24, Myyj\u00e4 ja Asiakas vastaavat n\u00e4iden ehtojen rikkomisen seurauksena aiheutuneesta vahingosta Viron tasavallan laeissa s\u00e4\u00e4detyss\u00e4 laajuudessa ja s\u00e4\u00e4detyiss\u00e4 tapauksissa.<\/p>\n<p>9.2. Osapuolet eiv\u00e4t ole vastuussa toiselle osapuolelle ja niiden k\u00e4ytt\u00e4ytymist\u00e4 ei katsota n\u00e4iden ehtojen rikkomiseksi mink\u00e4\u00e4n velvollisuuden t\u00e4yt\u00f6n viivytt\u00e4misen tai sen tarjoamatta j\u00e4tt\u00e4misen vuoksi, jos mainitun toiminnan syy ei ole kyseisen osapuolen hallinnassa (ylivoimainen este).<\/p>\n<p>9.3. Mesi24 ja Myyj\u00e4 eiv\u00e4t korvaa Asiakkaalle moraalista vahinkoa, joka voi aiheutua n\u00e4iden ehtojen, hintojen, toimitusaikojen ym. ehtojen muuttamisesta n\u00e4iden ehtojen puitteissa.<\/p>\n<p>9.4. Mesi24 k\u00e4ytt\u00e4\u00e4 Asiakkaan henkil\u00f6tietoja ainoastaan tilauksen t\u00e4ytt\u00e4miseksi s\u00e4\u00e4detyll\u00e4 tavalla.<\/p>\n<p>9.5. Mesi24 varaa itselleen oikeuden l\u00e4hett\u00e4\u00e4 Asiakkaan s\u00e4hk\u00f6postiosoitteeseen uutiskirjeit\u00e4, jos Asiakas on rekister\u00f6innin yhteydess\u00e4 tai tilinhallinnassa ilmaissut t\u00e4llaisen toivomuksen.<\/p>\n<p>9.6. N\u00e4iss\u00e4 ehdoissa s\u00e4\u00e4telem\u00e4tt\u00f6miss\u00e4 kysymyksiss\u00e4 Asiakas, Myyj\u00e4 ja Mesi24 nojautuvat Viron tasavallassa voimassa olevaan lains\u00e4\u00e4d\u00e4nt\u00f6\u00f6n ja osapuolten v\u00e4lisi\u00e4 suhteita s\u00e4\u00e4televiin muihin s\u00e4\u00e4d\u00f6ksiin.<\/p>\n<p>9.7. Erimielisyyksien ilmetess\u00e4 osapuolet pyrkiv\u00e4t ratkaisemaan ne neuvotteluteitse. Sen ollessa mahdotonta on Asiakkaalla oikeus oikeuksiensa puolustamiseksi k\u00e4\u00e4nty\u00e4 tuomioistuimen tai kuluttajansuojaviranomaisen (<\/p>\n","protected":false},"excerpt":{"rendered":"<p>EHDOT 1. Yleiskohdat 1.1. Mesi24-verkkokauppa \u2013 verkko-osoitteessa www.mesi24.ee operoiva verkkokauppa, jonka omistaja on O\u00dc Artocarpus rek. nro 10247109 (jatkossa my\u00f6s nimell\u00e4  [&#8230;]<\/p>\n","protected":false},"author":2,"featured_media":0,"parent":0,"menu_order":0,"comment_status":"closed","ping_status":"closed","template":"","meta":{"footnotes":""},"class_list":["post-6036","page","type-page","status-publish","hentry"],"yoast_head":"<!-- This site is optimized with the Yoast SEO plugin v27.2 - https:\/\/yoast.com\/product\/yoast-seo-wordpress\/ -->\n<title>EHDOT - Mesi24<\/title>\n<meta name=\"robots\" content=\"index, follow, max-snippet:-1, max-image-preview:large, max-video-preview:-1\" \/>\n<link rel=\"canonical\" href=\"https:\/\/mesi24.ee\/fi\/ehdot\/\" \/>\n<meta property=\"og:locale\" content=\"fi_FI\" \/>\n<meta property=\"og:type\" content=\"article\" \/>\n<meta property=\"og:title\" content=\"EHDOT - Mesi24\" \/>\n<meta property=\"og:description\" content=\"EHDOT 1. Yleiskohdat 1.1. Mesi24-verkkokauppa \u2013 verkko-osoitteessa www.mesi24.ee operoiva verkkokauppa, jonka omistaja on O\u00dc Artocarpus rek. nro 10247109 (jatkossa my\u00f6s nimell\u00e4 [...]\" \/>\n<meta property=\"og:url\" content=\"https:\/\/mesi24.ee\/fi\/ehdot\/\" \/>\n<meta property=\"og:site_name\" content=\"Mesi24\" \/>\n<meta property=\"article:publisher\" content=\"https:\/\/www.facebook.com\/mesi24.ee\" \/>\n<meta property=\"article:modified_time\" content=\"2022-02-09T15:14:04+00:00\" \/>\n<meta name=\"twitter:card\" content=\"summary_large_image\" \/>\n<meta name=\"twitter:label1\" content=\"Arvioitu lukuaika\" \/>\n\t<meta name=\"twitter:data1\" content=\"6 minuuttia\" \/>\n<script type=\"application\/ld+json\" class=\"yoast-schema-graph\">{\"@context\":\"https:\/\/schema.org\",\"@graph\":[{\"@type\":\"WebPage\",\"@id\":\"https:\/\/mesi24.ee\/fi\/ehdot\/\",\"url\":\"https:\/\/mesi24.ee\/fi\/ehdot\/\",\"name\":\"EHDOT - Mesi24\",\"isPartOf\":{\"@id\":\"https:\/\/mesi24.ee\/#website\"},\"datePublished\":\"2022-02-02T18:20:21+00:00\",\"dateModified\":\"2022-02-09T15:14:04+00:00\",\"breadcrumb\":{\"@id\":\"https:\/\/mesi24.ee\/fi\/ehdot\/#breadcrumb\"},\"inLanguage\":\"fi\",\"potentialAction\":[{\"@type\":\"ReadAction\",\"target\":[\"https:\/\/mesi24.ee\/fi\/ehdot\/\"]}]},{\"@type\":\"BreadcrumbList\",\"@id\":\"https:\/\/mesi24.ee\/fi\/ehdot\/#breadcrumb\",\"itemListElement\":[{\"@type\":\"ListItem\",\"position\":1,\"name\":\"Home\",\"item\":\"https:\/\/mesi24.ee\/fi\/\"},{\"@type\":\"ListItem\",\"position\":2,\"name\":\"EHDOT\"}]},{\"@type\":\"WebSite\",\"@id\":\"https:\/\/mesi24.ee\/#website\",\"url\":\"https:\/\/mesi24.ee\/\",\"name\":\"Mesi24\",\"description\":\"Mesi, meesegud, meetuubid\",\"publisher\":{\"@id\":\"https:\/\/mesi24.ee\/#organization\"},\"potentialAction\":[{\"@type\":\"SearchAction\",\"target\":{\"@type\":\"EntryPoint\",\"urlTemplate\":\"https:\/\/mesi24.ee\/?s={search_term_string}\"},\"query-input\":{\"@type\":\"PropertyValueSpecification\",\"valueRequired\":true,\"valueName\":\"search_term_string\"}}],\"inLanguage\":\"fi\"},{\"@type\":\"Organization\",\"@id\":\"https:\/\/mesi24.ee\/#organization\",\"name\":\"O\u00dc Artocarpus\",\"url\":\"https:\/\/mesi24.ee\/\",\"logo\":{\"@type\":\"ImageObject\",\"inLanguage\":\"fi\",\"@id\":\"https:\/\/mesi24.ee\/#\/schema\/logo\/image\/\",\"url\":\"https:\/\/mesi24.ee\/wp-content\/uploads\/2020\/11\/Mesi24.ee-logo.jpg\",\"contentUrl\":\"https:\/\/mesi24.ee\/wp-content\/uploads\/2020\/11\/Mesi24.ee-logo.jpg\",\"width\":250,\"height\":106,\"caption\":\"O\u00dc Artocarpus\"},\"image\":{\"@id\":\"https:\/\/mesi24.ee\/#\/schema\/logo\/image\/\"},\"sameAs\":[\"https:\/\/www.facebook.com\/mesi24.ee\"]}]}<\/script>\n<!-- \/ Yoast SEO plugin. -->","yoast_head_json":{"title":"EHDOT - Mesi24","robots":{"index":"index","follow":"follow","max-snippet":"max-snippet:-1","max-image-preview":"max-image-preview:large","max-video-preview":"max-video-preview:-1"},"canonical":"https:\/\/mesi24.ee\/fi\/ehdot\/","og_locale":"fi_FI","og_type":"article","og_title":"EHDOT - Mesi24","og_description":"EHDOT 1. Yleiskohdat 1.1. Mesi24-verkkokauppa \u2013 verkko-osoitteessa www.mesi24.ee operoiva verkkokauppa, jonka omistaja on O\u00dc Artocarpus rek. nro 10247109 (jatkossa my\u00f6s nimell\u00e4 [...]","og_url":"https:\/\/mesi24.ee\/fi\/ehdot\/","og_site_name":"Mesi24","article_publisher":"https:\/\/www.facebook.com\/mesi24.ee","article_modified_time":"2022-02-09T15:14:04+00:00","twitter_card":"summary_large_image","twitter_misc":{"Arvioitu lukuaika":"6 minuuttia"},"schema":{"@context":"https:\/\/schema.org","@graph":[{"@type":"WebPage","@id":"https:\/\/mesi24.ee\/fi\/ehdot\/","url":"https:\/\/mesi24.ee\/fi\/ehdot\/","name":"EHDOT - Mesi24","isPartOf":{"@id":"https:\/\/mesi24.ee\/#website"},"datePublished":"2022-02-02T18:20:21+00:00","dateModified":"2022-02-09T15:14:04+00:00","breadcrumb":{"@id":"https:\/\/mesi24.ee\/fi\/ehdot\/#breadcrumb"},"inLanguage":"fi","potentialAction":[{"@type":"ReadAction","target":["https:\/\/mesi24.ee\/fi\/ehdot\/"]}]},{"@type":"BreadcrumbList","@id":"https:\/\/mesi24.ee\/fi\/ehdot\/#breadcrumb","itemListElement":[{"@type":"ListItem","position":1,"name":"Home","item":"https:\/\/mesi24.ee\/fi\/"},{"@type":"ListItem","position":2,"name":"EHDOT"}]},{"@type":"WebSite","@id":"https:\/\/mesi24.ee\/#website","url":"https:\/\/mesi24.ee\/","name":"Mesi24","description":"Mesi, meesegud, meetuubid","publisher":{"@id":"https:\/\/mesi24.ee\/#organization"},"potentialAction":[{"@type":"SearchAction","target":{"@type":"EntryPoint","urlTemplate":"https:\/\/mesi24.ee\/?s={search_term_string}"},"query-input":{"@type":"PropertyValueSpecification","valueRequired":true,"valueName":"search_term_string"}}],"inLanguage":"fi"},{"@type":"Organization","@id":"https:\/\/mesi24.ee\/#organization","name":"O\u00dc Artocarpus","url":"https:\/\/mesi24.ee\/","logo":{"@type":"ImageObject","inLanguage":"fi","@id":"https:\/\/mesi24.ee\/#\/schema\/logo\/image\/","url":"https:\/\/mesi24.ee\/wp-content\/uploads\/2020\/11\/Mesi24.ee-logo.jpg","contentUrl":"https:\/\/mesi24.ee\/wp-content\/uploads\/2020\/11\/Mesi24.ee-logo.jpg","width":250,"height":106,"caption":"O\u00dc Artocarpus"},"image":{"@id":"https:\/\/mesi24.ee\/#\/schema\/logo\/image\/"},"sameAs":["https:\/\/www.facebook.com\/mesi24.ee"]}]}},"_links":{"self":[{"href":"https:\/\/mesi24.ee\/fi\/wp-json\/wp\/v2\/pages\/6036","targetHints":{"allow":["GET"]}}],"collection":[{"href":"https:\/\/mesi24.ee\/fi\/wp-json\/wp\/v2\/pages"}],"about":[{"href":"https:\/\/mesi24.ee\/fi\/wp-json\/wp\/v2\/types\/page"}],"author":[{"embeddable":true,"href":"https:\/\/mesi24.ee\/fi\/wp-json\/wp\/v2\/users\/2"}],"replies":[{"embeddable":true,"href":"https:\/\/mesi24.ee\/fi\/wp-json\/wp\/v2\/comments?post=6036"}],"version-history":[{"count":2,"href":"https:\/\/mesi24.ee\/fi\/wp-json\/wp\/v2\/pages\/6036\/revisions"}],"predecessor-version":[{"id":6180,"href":"https:\/\/mesi24.ee\/fi\/wp-json\/wp\/v2\/pages\/6036\/revisions\/6180"}],"wp:attachment":[{"href":"https:\/\/mesi24.ee\/fi\/wp-json\/wp\/v2\/media?parent=6036"}],"curies":[{"name":"wp","href":"https:\/\/api.w.org\/{rel}","templated":true}]}}