{"id":4410,"date":"2019-06-13T19:08:26","date_gmt":"2019-06-13T19:08:26","guid":{"rendered":"https:\/\/mesi24.ee\/?post_type=product&#038;p=4410"},"modified":"2023-07-18T06:57:56","modified_gmt":"2023-07-18T06:57:56","slug":"toms-500g-honey-with-propolis-pollen-and-beebread","status":"publish","type":"product","link":"https:\/\/mesi24.ee\/en\/toode\/toms-500g-honey-with-propolis-pollen-and-beebread\/","title":{"rendered":"T\u00d5MS 500g &#8211; honey with propolis, pollen and beebread"},"content":{"rendered":"<h1>T\u00d5MS &#8211; honey with propolis, pollen and beebread<\/h1>\n<p>T\u00d5MS is a honeymixture that contains propolis, pollen, honey and beebread. Beebread forms when pollen ferments in honeycomb. T\u00d5MS is universal honey product, where propolis plays the role of natural antibiotics, pollen and beebread helps to normalize the work of hormonal system, strengthen the capillary, decrease the level on cholesterol, and increase sexual appetite and ability to work physically. It helps to lengthen the life span and is good for heart, liver; helps with gastritis and lung diseases. This product of honey should be used 1-ts with a glass of warm water or straight up half an hour before eating 1 or 2 times a day.<br \/>\nPollen and beebread are honey products that absorb humidity and therefore can be spoiled when kept in a wrong manner. That is why we mix them with honey and propolis because honey is conserving device and conserves everything in an ideal manner. This product combines everything that a bee collects from the nature. Unfortunately, those who are allergic to pollen cannot use it. Of course there are people who get the allergy when they breathe in pollen but don\u2019t get the allergy when they eat pollen. We have that kind of person in our family and he uses T\u00d5MS without any problems. Bees add enzymes to pollen and beebread which launch biochemical processes. These processes increase the digestibility of pollen and decrease their allergic effect. There is nothing added to the pollen that spreads with the wind, therefore it causes more allergy.<br \/>\nWe recommend using T\u00d5MS for those who have weak system of immunity and are constantly ill. Dr. Enn L\u00f5uk, a cardiologist from P\u00e4rnu, recommends using beebread and pollen with ischemia, diabetics, trouble with prostate and liver, exhaustion and various other troubles. Of course diabetics have to check their sugar level and men have to see that they do not have a tumor in their prostate. Also with liver problems excessive use is not recommended but the right amount is useful in every way.<br \/>\nBeebread is pollen that bee has taken to the bee house and added his enzyme to. Thanks to that pollen ferments and pollen turns into a brown sour mass. Beebread is very valuable honey product with his healing qualities. It is very difficult and time consuming to get beebread out of the frame. It\u2019s much easier with pollen since it is collected before getting to the bee house. Propolis is not excrement of bees as many clients think by mistake; it is aromatic gum collected from buds, thorns and stems of bushes and trees. Bees add their sealant to the gum and propolis is born. Propolis has healing effect no matter where it is collected from. A bee never ruins its product, only people can do that. That is why it is essential to know more about the products and how to preserve them.<\/p>\n","protected":false},"excerpt":{"rendered":"<p>T\u00d5MS is universal honey product, where propolis plays the role of natural antibiotics, pollen and beebread helps to normalize the work of hormonal system, strengthen the capillary, decrease the level on cholesterol, and increase sexual appetite and ability to work physically.<\/p>\n<p>Glass jar &#8211; 500g<\/p>\n<p>The picture is illustrative<\/p>\n","protected":false},"featured_media":4269,"template":"","meta":[],"product_brand":[],"product_cat":[62],"product_tag":[],"class_list":{"0":"post-4410","1":"product","2":"type-product","3":"status-publish","4":"has-post-thumbnail","6":"product_cat-honey-mixtures","8":"first","9":"instock","10":"shipping-taxable","11":"purchasable","12":"product-type-simple"},"yoast_head":"<!-- This site is optimized with the Yoast SEO plugin v27.2 - https:\/\/yoast.com\/product\/yoast-seo-wordpress\/ -->\n<title>T\u00d5MS 500g - honey with propolis, pollen and beebread - Mesi24<\/title>\n<meta name=\"description\" content=\"T\u00d5MS is universal honey product, where propolis plays the role of natural antibiotics, pollen and beebread helps to normalize the work of hormonal system, strengthen the capillary, decrease the level on cholesterol, and increase sexual appetite and ability to work physically.\" \/>\n<meta name=\"robots\" content=\"index, follow, max-snippet:-1, max-image-preview:large, max-video-preview:-1\" \/>\n<link rel=\"canonical\" href=\"https:\/\/mesi24.ee\/en\/toode\/toms-500g-honey-with-propolis-pollen-and-beebread\/\" \/>\n<meta property=\"og:locale\" content=\"en_US\" \/>\n<meta property=\"og:type\" content=\"article\" \/>\n<meta property=\"og:title\" content=\"T\u00d5MS 500g - honey with propolis, pollen and beebread - Mesi24\" \/>\n<meta property=\"og:description\" content=\"T\u00d5MS is universal honey product, where propolis plays the role of natural antibiotics, pollen and beebread helps to normalize the work of hormonal system, strengthen the capillary, decrease the level on cholesterol, and increase sexual appetite and ability to work physically.\" \/>\n<meta property=\"og:url\" content=\"https:\/\/mesi24.ee\/en\/toode\/toms-500g-honey-with-propolis-pollen-and-beebread\/\" \/>\n<meta property=\"og:site_name\" content=\"Mesi24\" \/>\n<meta property=\"article:publisher\" content=\"https:\/\/www.facebook.com\/mesi24.ee\" \/>\n<meta property=\"article:modified_time\" content=\"2023-07-18T06:57:56+00:00\" \/>\n<meta property=\"og:image\" content=\"https:\/\/mesi24.ee\/wp-content\/uploads\/2019\/06\/TOMS-500g-1.jpg\" \/>\n\t<meta property=\"og:image:width\" content=\"600\" \/>\n\t<meta property=\"og:image:height\" content=\"600\" \/>\n\t<meta property=\"og:image:type\" content=\"image\/jpeg\" \/>\n<meta name=\"twitter:card\" content=\"summary_large_image\" \/>\n<meta name=\"twitter:label1\" content=\"Est. reading time\" \/>\n\t<meta name=\"twitter:data1\" content=\"2 minutes\" \/>\n<script type=\"application\/ld+json\" class=\"yoast-schema-graph\">{\"@context\":\"https:\/\/schema.org\",\"@graph\":[{\"@type\":\"WebPage\",\"@id\":\"https:\/\/mesi24.ee\/en\/toode\/toms-500g-honey-with-propolis-pollen-and-beebread\/\",\"url\":\"https:\/\/mesi24.ee\/en\/toode\/toms-500g-honey-with-propolis-pollen-and-beebread\/\",\"name\":\"T\u00d5MS 500g - honey with propolis, pollen and beebread - Mesi24\",\"isPartOf\":{\"@id\":\"https:\/\/mesi24.ee\/#website\"},\"primaryImageOfPage\":{\"@id\":\"https:\/\/mesi24.ee\/en\/toode\/toms-500g-honey-with-propolis-pollen-and-beebread\/#primaryimage\"},\"image\":{\"@id\":\"https:\/\/mesi24.ee\/en\/toode\/toms-500g-honey-with-propolis-pollen-and-beebread\/#primaryimage\"},\"thumbnailUrl\":\"https:\/\/mesi24.ee\/wp-content\/uploads\/2019\/06\/TOMS-500g-1.jpg\",\"datePublished\":\"2019-06-13T19:08:26+00:00\",\"dateModified\":\"2023-07-18T06:57:56+00:00\",\"description\":\"T\u00d5MS is universal honey product, where propolis plays the role of natural antibiotics, pollen and beebread helps to normalize the work of hormonal system, strengthen the capillary, decrease the level on cholesterol, and increase sexual appetite and ability to work physically.\",\"breadcrumb\":{\"@id\":\"https:\/\/mesi24.ee\/en\/toode\/toms-500g-honey-with-propolis-pollen-and-beebread\/#breadcrumb\"},\"inLanguage\":\"en-US\",\"potentialAction\":[{\"@type\":\"ReadAction\",\"target\":[\"https:\/\/mesi24.ee\/en\/toode\/toms-500g-honey-with-propolis-pollen-and-beebread\/\"]}]},{\"@type\":\"ImageObject\",\"inLanguage\":\"en-US\",\"@id\":\"https:\/\/mesi24.ee\/en\/toode\/toms-500g-honey-with-propolis-pollen-and-beebread\/#primaryimage\",\"url\":\"https:\/\/mesi24.ee\/wp-content\/uploads\/2019\/06\/TOMS-500g-1.jpg\",\"contentUrl\":\"https:\/\/mesi24.ee\/wp-content\/uploads\/2019\/06\/TOMS-500g-1.jpg\",\"width\":600,\"height\":600,\"caption\":\"T\u00d5MS\"},{\"@type\":\"BreadcrumbList\",\"@id\":\"https:\/\/mesi24.ee\/en\/toode\/toms-500g-honey-with-propolis-pollen-and-beebread\/#breadcrumb\",\"itemListElement\":[{\"@type\":\"ListItem\",\"position\":1,\"name\":\"Home\",\"item\":\"https:\/\/mesi24.ee\/en\/\"},{\"@type\":\"ListItem\",\"position\":2,\"name\":\"Shop\",\"item\":\"https:\/\/mesi24.ee\/en\/shop\/\"},{\"@type\":\"ListItem\",\"position\":3,\"name\":\"T\u00d5MS 500g &#8211; honey with propolis, pollen and beebread\"}]},{\"@type\":\"WebSite\",\"@id\":\"https:\/\/mesi24.ee\/#website\",\"url\":\"https:\/\/mesi24.ee\/\",\"name\":\"Mesi24\",\"description\":\"Mesi, meesegud, meetuubid\",\"publisher\":{\"@id\":\"https:\/\/mesi24.ee\/#organization\"},\"potentialAction\":[{\"@type\":\"SearchAction\",\"target\":{\"@type\":\"EntryPoint\",\"urlTemplate\":\"https:\/\/mesi24.ee\/?s={search_term_string}\"},\"query-input\":{\"@type\":\"PropertyValueSpecification\",\"valueRequired\":true,\"valueName\":\"search_term_string\"}}],\"inLanguage\":\"en-US\"},{\"@type\":\"Organization\",\"@id\":\"https:\/\/mesi24.ee\/#organization\",\"name\":\"O\u00dc Artocarpus\",\"url\":\"https:\/\/mesi24.ee\/\",\"logo\":{\"@type\":\"ImageObject\",\"inLanguage\":\"en-US\",\"@id\":\"https:\/\/mesi24.ee\/#\/schema\/logo\/image\/\",\"url\":\"https:\/\/mesi24.ee\/wp-content\/uploads\/2020\/11\/Mesi24.ee-logo.jpg\",\"contentUrl\":\"https:\/\/mesi24.ee\/wp-content\/uploads\/2020\/11\/Mesi24.ee-logo.jpg\",\"width\":250,\"height\":106,\"caption\":\"O\u00dc Artocarpus\"},\"image\":{\"@id\":\"https:\/\/mesi24.ee\/#\/schema\/logo\/image\/\"},\"sameAs\":[\"https:\/\/www.facebook.com\/mesi24.ee\"]}]}<\/script>\n<!-- \/ Yoast SEO plugin. -->","yoast_head_json":{"title":"T\u00d5MS 500g - honey with propolis, pollen and beebread - Mesi24","description":"T\u00d5MS is universal honey product, where propolis plays the role of natural antibiotics, pollen and beebread helps to normalize the work of hormonal system, strengthen the capillary, decrease the level on cholesterol, and increase sexual appetite and ability to work physically.","robots":{"index":"index","follow":"follow","max-snippet":"max-snippet:-1","max-image-preview":"max-image-preview:large","max-video-preview":"max-video-preview:-1"},"canonical":"https:\/\/mesi24.ee\/en\/toode\/toms-500g-honey-with-propolis-pollen-and-beebread\/","og_locale":"en_US","og_type":"article","og_title":"T\u00d5MS 500g - honey with propolis, pollen and beebread - Mesi24","og_description":"T\u00d5MS is universal honey product, where propolis plays the role of natural antibiotics, pollen and beebread helps to normalize the work of hormonal system, strengthen the capillary, decrease the level on cholesterol, and increase sexual appetite and ability to work physically.","og_url":"https:\/\/mesi24.ee\/en\/toode\/toms-500g-honey-with-propolis-pollen-and-beebread\/","og_site_name":"Mesi24","article_publisher":"https:\/\/www.facebook.com\/mesi24.ee","article_modified_time":"2023-07-18T06:57:56+00:00","og_image":[{"width":600,"height":600,"url":"https:\/\/mesi24.ee\/wp-content\/uploads\/2019\/06\/TOMS-500g-1.jpg","type":"image\/jpeg"}],"twitter_card":"summary_large_image","twitter_misc":{"Est. reading time":"2 minutes"},"schema":{"@context":"https:\/\/schema.org","@graph":[{"@type":"WebPage","@id":"https:\/\/mesi24.ee\/en\/toode\/toms-500g-honey-with-propolis-pollen-and-beebread\/","url":"https:\/\/mesi24.ee\/en\/toode\/toms-500g-honey-with-propolis-pollen-and-beebread\/","name":"T\u00d5MS 500g - honey with propolis, pollen and beebread - Mesi24","isPartOf":{"@id":"https:\/\/mesi24.ee\/#website"},"primaryImageOfPage":{"@id":"https:\/\/mesi24.ee\/en\/toode\/toms-500g-honey-with-propolis-pollen-and-beebread\/#primaryimage"},"image":{"@id":"https:\/\/mesi24.ee\/en\/toode\/toms-500g-honey-with-propolis-pollen-and-beebread\/#primaryimage"},"thumbnailUrl":"https:\/\/mesi24.ee\/wp-content\/uploads\/2019\/06\/TOMS-500g-1.jpg","datePublished":"2019-06-13T19:08:26+00:00","dateModified":"2023-07-18T06:57:56+00:00","description":"T\u00d5MS is universal honey product, where propolis plays the role of natural antibiotics, pollen and beebread helps to normalize the work of hormonal system, strengthen the capillary, decrease the level on cholesterol, and increase sexual appetite and ability to work physically.","breadcrumb":{"@id":"https:\/\/mesi24.ee\/en\/toode\/toms-500g-honey-with-propolis-pollen-and-beebread\/#breadcrumb"},"inLanguage":"en-US","potentialAction":[{"@type":"ReadAction","target":["https:\/\/mesi24.ee\/en\/toode\/toms-500g-honey-with-propolis-pollen-and-beebread\/"]}]},{"@type":"ImageObject","inLanguage":"en-US","@id":"https:\/\/mesi24.ee\/en\/toode\/toms-500g-honey-with-propolis-pollen-and-beebread\/#primaryimage","url":"https:\/\/mesi24.ee\/wp-content\/uploads\/2019\/06\/TOMS-500g-1.jpg","contentUrl":"https:\/\/mesi24.ee\/wp-content\/uploads\/2019\/06\/TOMS-500g-1.jpg","width":600,"height":600,"caption":"T\u00d5MS"},{"@type":"BreadcrumbList","@id":"https:\/\/mesi24.ee\/en\/toode\/toms-500g-honey-with-propolis-pollen-and-beebread\/#breadcrumb","itemListElement":[{"@type":"ListItem","position":1,"name":"Home","item":"https:\/\/mesi24.ee\/en\/"},{"@type":"ListItem","position":2,"name":"Shop","item":"https:\/\/mesi24.ee\/en\/shop\/"},{"@type":"ListItem","position":3,"name":"T\u00d5MS 500g &#8211; honey with propolis, pollen and beebread"}]},{"@type":"WebSite","@id":"https:\/\/mesi24.ee\/#website","url":"https:\/\/mesi24.ee\/","name":"Mesi24","description":"Mesi, meesegud, meetuubid","publisher":{"@id":"https:\/\/mesi24.ee\/#organization"},"potentialAction":[{"@type":"SearchAction","target":{"@type":"EntryPoint","urlTemplate":"https:\/\/mesi24.ee\/?s={search_term_string}"},"query-input":{"@type":"PropertyValueSpecification","valueRequired":true,"valueName":"search_term_string"}}],"inLanguage":"en-US"},{"@type":"Organization","@id":"https:\/\/mesi24.ee\/#organization","name":"O\u00dc Artocarpus","url":"https:\/\/mesi24.ee\/","logo":{"@type":"ImageObject","inLanguage":"en-US","@id":"https:\/\/mesi24.ee\/#\/schema\/logo\/image\/","url":"https:\/\/mesi24.ee\/wp-content\/uploads\/2020\/11\/Mesi24.ee-logo.jpg","contentUrl":"https:\/\/mesi24.ee\/wp-content\/uploads\/2020\/11\/Mesi24.ee-logo.jpg","width":250,"height":106,"caption":"O\u00dc Artocarpus"},"image":{"@id":"https:\/\/mesi24.ee\/#\/schema\/logo\/image\/"},"sameAs":["https:\/\/www.facebook.com\/mesi24.ee"]}]}},"_links":{"self":[{"href":"https:\/\/mesi24.ee\/en\/wp-json\/wp\/v2\/product\/4410","targetHints":{"allow":["GET"]}}],"collection":[{"href":"https:\/\/mesi24.ee\/en\/wp-json\/wp\/v2\/product"}],"about":[{"href":"https:\/\/mesi24.ee\/en\/wp-json\/wp\/v2\/types\/product"}],"wp:featuredmedia":[{"embeddable":true,"href":"https:\/\/mesi24.ee\/en\/wp-json\/wp\/v2\/media\/4269"}],"wp:attachment":[{"href":"https:\/\/mesi24.ee\/en\/wp-json\/wp\/v2\/media?parent=4410"}],"wp:term":[{"taxonomy":"product_brand","embeddable":true,"href":"https:\/\/mesi24.ee\/en\/wp-json\/wp\/v2\/product_brand?post=4410"},{"taxonomy":"product_cat","embeddable":true,"href":"https:\/\/mesi24.ee\/en\/wp-json\/wp\/v2\/product_cat?post=4410"},{"taxonomy":"product_tag","embeddable":true,"href":"https:\/\/mesi24.ee\/en\/wp-json\/wp\/v2\/product_tag?post=4410"}],"curies":[{"name":"wp","href":"https:\/\/api.w.org\/{rel}","templated":true}]}}