{"id":6069,"date":"2022-02-20T16:16:00","date_gmt":"2022-02-20T16:16:00","guid":{"rendered":"https:\/\/mesi24.ee\/?page_id=6069"},"modified":"2025-12-08T13:06:32","modified_gmt":"2025-12-08T13:06:32","slug":"contact","status":"publish","type":"page","link":"https:\/\/mesi24.ee\/en\/contact\/","title":{"rendered":"Contact"},"content":{"rendered":"<p><div class=\"fusion-fullwidth fullwidth-box fusion-builder-row-1 fusion-parallax-none nonhundred-percent-fullwidth non-hundred-percent-height-scrolling\" style=\"--awb-border-radius-top-left:0px;--awb-border-radius-top-right:0px;--awb-border-radius-bottom-right:0px;--awb-border-radius-bottom-left:0px;--awb-padding-top:155px;--awb-background-image:url(&quot;https:\/\/mesi24.ee\/wp-content\/uploads\/2019\/09\/Kontakt-taust-1.jpg&quot;);--awb-background-size:cover;--awb-flex-wrap:wrap;\" ><div class=\"fusion-builder-row fusion-row\"><div class=\"fusion-layout-column fusion_builder_column fusion-builder-column-0 fusion_builder_column_1_1 1_1 fusion-one-full fusion-column-first fusion-column-last\" style=\"--awb-padding-right:2%;--awb-bg-size:cover;\"><div class=\"fusion-column-wrapper fusion-column-has-shadow fusion-flex-column-wrapper-legacy\"><div class=\"fusion-text fusion-text-1\" style=\"--awb-text-transform:none;\"><h1 style=\"text-align: right;\"><span style=\"color: #ffffff;\">Contacts<\/span><\/h1>\n<\/div><div class=\"fusion-clearfix\"><\/div><\/div><\/div><\/div><\/div><div class=\"fusion-fullwidth fullwidth-box fusion-builder-row-2 hundred-percent-fullwidth non-hundred-percent-height-scrolling fusion-equal-height-columns\" style=\"--awb-background-position:left top;--awb-border-sizes-top:0px;--awb-border-sizes-bottom:0px;--awb-border-sizes-left:0px;--awb-border-sizes-right:0px;--awb-border-radius-top-left:0px;--awb-border-radius-top-right:0px;--awb-border-radius-bottom-right:0px;--awb-border-radius-bottom-left:0px;--awb-padding-top:25px;--awb-padding-right:0px;--awb-padding-bottom:0px;--awb-padding-left:30px;--awb-flex-wrap:wrap;\" ><div class=\"fusion-builder-row fusion-row\"><div class=\"fusion-layout-column fusion_builder_column fusion-builder-column-1 fusion_builder_column_1_2 1_2 fusion-one-half fusion-column-first\" style=\"--awb-bg-size:cover;width:50%;width:calc(50% - ( ( 4% ) * 0.5 ) );margin-right: 4%;\"><div class=\"fusion-column-wrapper fusion-flex-column-wrapper-legacy\"><div class=\"fusion-image-element fusion-image-align-center in-legacy-container\" style=\"text-align:center;--awb-max-width:200px;--awb-caption-title-font-family:var(--h2_typography-font-family);--awb-caption-title-font-weight:var(--h2_typography-font-weight);--awb-caption-title-font-style:var(--h2_typography-font-style);--awb-caption-title-size:var(--h2_typography-font-size);--awb-caption-title-transform:var(--h2_typography-text-transform);--awb-caption-title-line-height:var(--h2_typography-line-height);--awb-caption-title-letter-spacing:var(--h2_typography-letter-spacing);\"><div class=\"imageframe-align-center\"><span class=\" fusion-imageframe imageframe-none imageframe-1 hover-type-none\"><img decoding=\"async\" width=\"200\" height=\"158\" title=\"Martin kontakt\" src=\"https:\/\/mesi24.ee\/wp-content\/uploads\/2019\/07\/Martin-kontakt-200x158.jpg\" alt class=\"img-responsive wp-image-3885\" srcset=\"https:\/\/mesi24.ee\/wp-content\/uploads\/2019\/07\/Martin-kontakt-200x158.jpg 200w, https:\/\/mesi24.ee\/wp-content\/uploads\/2019\/07\/Martin-kontakt-400x316.jpg 400w, https:\/\/mesi24.ee\/wp-content\/uploads\/2019\/07\/Martin-kontakt-600x474.jpg 600w, https:\/\/mesi24.ee\/wp-content\/uploads\/2019\/07\/Martin-kontakt-800x633.jpg 800w, https:\/\/mesi24.ee\/wp-content\/uploads\/2019\/07\/Martin-kontakt-1200x949.jpg 1200w\" sizes=\"(max-width: 800px) 100vw, 600px\" \/><\/span><\/div><\/div><div class=\"fusion-text fusion-text-2\" style=\"--awb-text-transform:none;\"><p style=\"text-align: center;\"><strong>Martin Valtin<\/strong><br \/>\nBeekeeper &#8211; Sales &#8211; Production<br \/>\nTel: <a href=\"tel:+3725516094\">+ 372 551 6094<\/a><br \/>\nE-post: <a href=\"mailto:martin@mesi24.ee\">martin@mesi24.ee<\/a><\/p>\n<\/div><div class=\"fusion-clearfix\"><\/div><\/div><\/div><div class=\"fusion-layout-column fusion_builder_column fusion-builder-column-2 fusion_builder_column_1_2 1_2 fusion-one-half fusion-column-last\" style=\"--awb-bg-size:cover;width:50%;width:calc(50% - ( ( 4% ) * 0.5 ) );\"><div class=\"fusion-column-wrapper fusion-flex-column-wrapper-legacy\"><div class=\"fusion-image-element fusion-image-align-center in-legacy-container\" style=\"text-align:center;--awb-max-width:200px;--awb-caption-title-font-family:var(--h2_typography-font-family);--awb-caption-title-font-weight:var(--h2_typography-font-weight);--awb-caption-title-font-style:var(--h2_typography-font-style);--awb-caption-title-size:var(--h2_typography-font-size);--awb-caption-title-transform:var(--h2_typography-text-transform);--awb-caption-title-line-height:var(--h2_typography-line-height);--awb-caption-title-letter-spacing:var(--h2_typography-letter-spacing);\"><div class=\"imageframe-align-center\"><span class=\" fusion-imageframe imageframe-none imageframe-2 hover-type-none\"><img decoding=\"async\" width=\"200\" height=\"158\" title=\"Maire kontakt\" src=\"https:\/\/mesi24.ee\/wp-content\/uploads\/2019\/07\/Maire-kontakt-200x158.jpg\" alt class=\"img-responsive wp-image-3887\" srcset=\"https:\/\/mesi24.ee\/wp-content\/uploads\/2019\/07\/Maire-kontakt-200x158.jpg 200w, https:\/\/mesi24.ee\/wp-content\/uploads\/2019\/07\/Maire-kontakt-400x316.jpg 400w, https:\/\/mesi24.ee\/wp-content\/uploads\/2019\/07\/Maire-kontakt-600x474.jpg 600w, https:\/\/mesi24.ee\/wp-content\/uploads\/2019\/07\/Maire-kontakt-800x633.jpg 800w, https:\/\/mesi24.ee\/wp-content\/uploads\/2019\/07\/Maire-kontakt-1200x949.jpg 1200w\" sizes=\"(max-width: 800px) 100vw, 600px\" \/><\/span><\/div><\/div><div class=\"fusion-text fusion-text-3\" style=\"--awb-text-transform:none;\"><p style=\"text-align: center;\"><strong>Maire Valtin<\/strong><br \/>\nBeekeeper &#8211; Rearing of queen bees<br \/>\nTel: <a href=\"tel:+3725213894\">+372 521 3894<\/a><br \/>\nE-post: <a href=\"mailto:maire@mesi24.ee\">maire@mesi24.ee<\/a><\/p>\n<\/div><div class=\"fusion-clearfix\"><\/div><\/div><\/div><\/div><\/div><div class=\"fusion-fullwidth fullwidth-box fusion-builder-row-3 nonhundred-percent-fullwidth non-hundred-percent-height-scrolling\" style=\"--awb-border-radius-top-left:0px;--awb-border-radius-top-right:0px;--awb-border-radius-bottom-right:0px;--awb-border-radius-bottom-left:0px;--awb-flex-wrap:wrap;\" ><div class=\"fusion-builder-row fusion-row\"><div class=\"fusion-layout-column fusion_builder_column fusion-builder-column-3 fusion_builder_column_1_2 1_2 fusion-one-half fusion-column-first\" style=\"--awb-bg-size:cover;width:50%;width:calc(50% - ( ( 4% ) * 0.5 ) );margin-right: 4%;\"><div class=\"fusion-column-wrapper fusion-column-has-shadow fusion-flex-column-wrapper-legacy\"><div class=\"fusion-image-element fusion-image-align-center in-legacy-container\" style=\"text-align:center;--awb-margin-left:40px;--awb-max-width:200px;--awb-caption-title-font-family:var(--h2_typography-font-family);--awb-caption-title-font-weight:var(--h2_typography-font-weight);--awb-caption-title-font-style:var(--h2_typography-font-style);--awb-caption-title-size:var(--h2_typography-font-size);--awb-caption-title-transform:var(--h2_typography-text-transform);--awb-caption-title-line-height:var(--h2_typography-line-height);--awb-caption-title-letter-spacing:var(--h2_typography-letter-spacing);\"><div class=\"imageframe-align-center\"><span class=\" fusion-imageframe imageframe-none imageframe-3 hover-type-none\"><img decoding=\"async\" width=\"200\" height=\"158\" title=\"Igor Valtin\" src=\"https:\/\/mesi24.ee\/wp-content\/uploads\/2019\/07\/Igor-Valtin-200x158.jpg\" alt class=\"img-responsive wp-image-3889\" srcset=\"https:\/\/mesi24.ee\/wp-content\/uploads\/2019\/07\/Igor-Valtin-200x158.jpg 200w, https:\/\/mesi24.ee\/wp-content\/uploads\/2019\/07\/Igor-Valtin-400x316.jpg 400w, https:\/\/mesi24.ee\/wp-content\/uploads\/2019\/07\/Igor-Valtin-600x474.jpg 600w, https:\/\/mesi24.ee\/wp-content\/uploads\/2019\/07\/Igor-Valtin-800x633.jpg 800w, https:\/\/mesi24.ee\/wp-content\/uploads\/2019\/07\/Igor-Valtin-1200x949.jpg 1200w\" sizes=\"(max-width: 800px) 100vw, 600px\" \/><\/span><\/div><\/div><div class=\"fusion-text fusion-text-4\" style=\"--awb-text-transform:none;--awb-margin-left:40px;\"><p style=\"text-align: center;\"><strong>Igor Valtin<\/strong><br \/>\nMaster of honey mixtures &#8211; Chief of production<br \/>\nTel: <a href=\"tel:+3725259934\">+372 525 9934<\/a><\/p>\n<\/div><div class=\"fusion-clearfix\"><\/div><\/div><\/div><div class=\"fusion-layout-column fusion_builder_column fusion-builder-column-4 fusion_builder_column_1_2 1_2 fusion-one-half fusion-column-last\" style=\"--awb-bg-size:cover;width:50%;width:calc(50% - ( ( 4% ) * 0.5 ) );\"><div class=\"fusion-column-wrapper fusion-flex-column-wrapper-legacy\"><div class=\"fusion-image-element fusion-image-align-center in-legacy-container\" style=\"text-align:center;--awb-max-width:200px;--awb-caption-title-font-family:var(--h2_typography-font-family);--awb-caption-title-font-weight:var(--h2_typography-font-weight);--awb-caption-title-font-style:var(--h2_typography-font-style);--awb-caption-title-size:var(--h2_typography-font-size);--awb-caption-title-transform:var(--h2_typography-text-transform);--awb-caption-title-line-height:var(--h2_typography-line-height);--awb-caption-title-letter-spacing:var(--h2_typography-letter-spacing);\"><div class=\"imageframe-align-center\"><span class=\" fusion-imageframe imageframe-none imageframe-4 hover-type-none\"><img decoding=\"async\" width=\"200\" height=\"158\" title=\"Henry-Mihkel Vadi\" src=\"https:\/\/mesi24.ee\/wp-content\/uploads\/2019\/07\/Henry-Mihkel-Vadi-200x158.jpg\" alt class=\"img-responsive wp-image-3891\" srcset=\"https:\/\/mesi24.ee\/wp-content\/uploads\/2019\/07\/Henry-Mihkel-Vadi-200x158.jpg 200w, https:\/\/mesi24.ee\/wp-content\/uploads\/2019\/07\/Henry-Mihkel-Vadi-400x316.jpg 400w, https:\/\/mesi24.ee\/wp-content\/uploads\/2019\/07\/Henry-Mihkel-Vadi-600x474.jpg 600w, https:\/\/mesi24.ee\/wp-content\/uploads\/2019\/07\/Henry-Mihkel-Vadi-800x633.jpg 800w, https:\/\/mesi24.ee\/wp-content\/uploads\/2019\/07\/Henry-Mihkel-Vadi-1200x949.jpg 1200w\" sizes=\"(max-width: 800px) 100vw, 600px\" \/><\/span><\/div><\/div><div class=\"fusion-text fusion-text-5\" style=\"--awb-text-transform:none;\"><p style=\"text-align: center;\"><strong>Henry-Mihkel Vadi<\/strong><br \/>\nBeekeeper &#8211; Sales &#8211; Production<br \/>\nTel: <a href=\"tel:+37259077369\">+372 590 77369<\/a><br \/>\nE-post: <a href=\"mailto:mihkel@mesi24.ee\">mihkel@mesi24.ee<\/a><\/p>\n<\/div><div class=\"fusion-clearfix\"><\/div><\/div><\/div><\/div><\/div><div class=\"fusion-fullwidth fullwidth-box fusion-builder-row-4 hundred-percent-fullwidth non-hundred-percent-height-scrolling fusion-equal-height-columns\" style=\"--awb-background-position:left top;--awb-border-sizes-top:0px;--awb-border-sizes-bottom:0px;--awb-border-sizes-left:0px;--awb-border-sizes-right:0px;--awb-border-radius-top-left:0px;--awb-border-radius-top-right:0px;--awb-border-radius-bottom-right:0px;--awb-border-radius-bottom-left:0px;--awb-padding-top:0px;--awb-padding-right:0%;--awb-padding-bottom:0px;--awb-padding-left:0%;--awb-flex-wrap:wrap;\" ><div class=\"fusion-builder-row fusion-row\"><div class=\"fusion-layout-column fusion_builder_column fusion-builder-column-5 fusion_builder_column_1_2 1_2 fusion-one-half fusion-column-first\" style=\"--awb-padding-top:25px;--awb-padding-right:90px;--awb-padding-left:90px;--awb-bg-color:#000000;--awb-bg-color-hover:#000000;--awb-bg-size:cover;--awb-margin-bottom:0px;\"><div class=\"fusion-column-wrapper fusion-flex-column-wrapper-legacy\"><div class=\"fusion-text fusion-text-6\"><p><span style=\"color: #ffffff;\"><strong>O\u00dc Artocarpus<br \/>\n<\/strong>Inju k\u00fcla, Vinni vald<\/span><br \/>\n<span style=\"color: #ffffff;\">46619 L\u00e4\u00e4ne-Virumaa<\/span><br \/>\n<span style=\"color: #ffffff;\">\u00c4rireg. kood: 10247109<\/span><br \/>\n<span style=\"color: #ffffff;\">KMKR: EE100463589<\/span><\/p>\n<p><span style=\"color: #ffffff;\"><strong>Swedbank:\u00a0<\/strong>EE332200001120267052<\/span><br \/>\n<span style=\"color: #ffffff;\"><strong>SWIFT:<\/strong> HABAEE2X<\/span><\/p>\n<\/div><div class=\"fusion-clearfix\"><\/div><\/div><\/div><div class=\"fusion-layout-column fusion_builder_column fusion-builder-column-6 fusion_builder_column_1_2 1_2 fusion-one-half fusion-column-last\" style=\"--awb-padding-top:25px;--awb-padding-right:25px;--awb-padding-left:25px;--awb-bg-size:cover;width:48%;\"><div class=\"fusion-column-wrapper fusion-flex-column-wrapper-legacy\"><div class=\"fusion-text fusion-text-7\" style=\"--awb-text-transform:none;\"><p style=\"text-align: center;\"><strong>OUR LOCATION<\/strong><\/p>\n<p>If you decide to visit us, please call +372 551 6094. We work in the building on a free schedule, so we may not always be in the house and your trip may be in vain. If possible, we will arrive quickly and offer all our products and give advice on beekeeping.<\/p>\n<\/div><div class=\"fusion-clearfix\"><\/div><\/div><\/div><div class=\"fusion-layout-column fusion_builder_column fusion-builder-column-7 fusion_builder_column_1_1 1_1 fusion-one-full fusion-column-first fusion-column-last\" style=\"--awb-bg-size:cover;\"><div class=\"fusion-column-wrapper fusion-column-has-shadow fusion-flex-column-wrapper-legacy\"><div class=\"shortcode-map fusion-google-map fusion-maps-embed-type\"><iframe class=\"fusion-hidden\" data-privacy-type=\"gmaps\" src=\"\" width=\"1100px\" height=\"400px\" frameborder=\"0\" style=\"border:0\" data-privacy-src=\"https:\/\/www.google.com\/maps\/embed\/v1\/place?key=AIzaSyAbxiOs-rvq-Sr-5PMinaV20KwQ_SUrLtw&language=en&q=Artocarpus+O\u00dc+Inju+k\u00fcla,+Vinni+vald,+L\u00e4\u00e4ne-Virumaa+46619&maptype=roadmap&zoom=14\" allowfullscreen><\/iframe><div class=\"fusion-privacy-placeholder\" style=\"width:1100px; height:400px;\" data-privacy-type=\"gmaps\"><div class=\"fusion-privacy-placeholder-content\"><div class=\"fusion-privacy-label\">For privacy reasons Google Maps needs your permission to be loaded. For more details, please see our <a class=\"privacy-policy-link\" href=\"https:\/\/mesi24.ee\/privaatsussatted\/\" rel=\"privacy-policy\">Privaatsuss\u00e4tted<\/a>.<\/div><button data-privacy-type=\"gmaps\" class=\"fusion-button button-default fusion-button-default-size button fusion-privacy-consent\">I Accept<\/button><\/div><\/div><\/div><div class=\"fusion-clearfix\"><\/div><\/div><\/div><\/div><\/div><\/p>\n","protected":false},"excerpt":{"rendered":"","protected":false},"author":2,"featured_media":0,"parent":0,"menu_order":0,"comment_status":"closed","ping_status":"closed","template":"","meta":{"footnotes":""},"class_list":["post-6069","page","type-page","status-publish","hentry"],"yoast_head":"<!-- This site is optimized with the Yoast SEO plugin v27.2 - https:\/\/yoast.com\/product\/yoast-seo-wordpress\/ -->\n<title>Contact - Mesi24<\/title>\n<meta name=\"description\" content=\"If you decide to visit us, please call +372 551 6094. We work in the building on a free schedule, so we may not always be in the house and your trip may be in vain. If possible, we will arrive quickly and offer all our products and give advice on beekeeping.\" \/>\n<meta name=\"robots\" content=\"index, follow, max-snippet:-1, max-image-preview:large, max-video-preview:-1\" \/>\n<link rel=\"canonical\" href=\"https:\/\/mesi24.ee\/en\/contact\/\" \/>\n<meta property=\"og:locale\" content=\"en_US\" \/>\n<meta property=\"og:type\" content=\"article\" \/>\n<meta property=\"og:title\" content=\"Contact - Mesi24\" \/>\n<meta property=\"og:description\" content=\"If you decide to visit us, please call +372 551 6094. We work in the building on a free schedule, so we may not always be in the house and your trip may be in vain. If possible, we will arrive quickly and offer all our products and give advice on beekeeping.\" \/>\n<meta property=\"og:url\" content=\"https:\/\/mesi24.ee\/en\/contact\/\" \/>\n<meta property=\"og:site_name\" content=\"Mesi24\" \/>\n<meta property=\"article:publisher\" content=\"https:\/\/www.facebook.com\/mesi24.ee\" \/>\n<meta property=\"article:modified_time\" content=\"2025-12-08T13:06:32+00:00\" \/>\n<meta name=\"twitter:card\" content=\"summary_large_image\" \/>\n<meta name=\"twitter:label1\" content=\"Est. reading time\" \/>\n\t<meta name=\"twitter:data1\" content=\"2 minutes\" \/>\n<script type=\"application\/ld+json\" class=\"yoast-schema-graph\">{\"@context\":\"https:\/\/schema.org\",\"@graph\":[{\"@type\":\"WebPage\",\"@id\":\"https:\/\/mesi24.ee\/en\/contact\/\",\"url\":\"https:\/\/mesi24.ee\/en\/contact\/\",\"name\":\"Contact - Mesi24\",\"isPartOf\":{\"@id\":\"https:\/\/mesi24.ee\/#website\"},\"datePublished\":\"2022-02-20T16:16:00+00:00\",\"dateModified\":\"2025-12-08T13:06:32+00:00\",\"description\":\"If you decide to visit us, please call +372 551 6094. We work in the building on a free schedule, so we may not always be in the house and your trip may be in vain. If possible, we will arrive quickly and offer all our products and give advice on beekeeping.\",\"breadcrumb\":{\"@id\":\"https:\/\/mesi24.ee\/en\/contact\/#breadcrumb\"},\"inLanguage\":\"en-US\",\"potentialAction\":[{\"@type\":\"ReadAction\",\"target\":[\"https:\/\/mesi24.ee\/en\/contact\/\"]}]},{\"@type\":\"BreadcrumbList\",\"@id\":\"https:\/\/mesi24.ee\/en\/contact\/#breadcrumb\",\"itemListElement\":[{\"@type\":\"ListItem\",\"position\":1,\"name\":\"Home\",\"item\":\"https:\/\/mesi24.ee\/en\/\"},{\"@type\":\"ListItem\",\"position\":2,\"name\":\"Contact\"}]},{\"@type\":\"WebSite\",\"@id\":\"https:\/\/mesi24.ee\/#website\",\"url\":\"https:\/\/mesi24.ee\/\",\"name\":\"Mesi24\",\"description\":\"Mesi, meesegud, meetuubid\",\"publisher\":{\"@id\":\"https:\/\/mesi24.ee\/#organization\"},\"potentialAction\":[{\"@type\":\"SearchAction\",\"target\":{\"@type\":\"EntryPoint\",\"urlTemplate\":\"https:\/\/mesi24.ee\/?s={search_term_string}\"},\"query-input\":{\"@type\":\"PropertyValueSpecification\",\"valueRequired\":true,\"valueName\":\"search_term_string\"}}],\"inLanguage\":\"en-US\"},{\"@type\":\"Organization\",\"@id\":\"https:\/\/mesi24.ee\/#organization\",\"name\":\"O\u00dc Artocarpus\",\"url\":\"https:\/\/mesi24.ee\/\",\"logo\":{\"@type\":\"ImageObject\",\"inLanguage\":\"en-US\",\"@id\":\"https:\/\/mesi24.ee\/#\/schema\/logo\/image\/\",\"url\":\"https:\/\/mesi24.ee\/wp-content\/uploads\/2020\/11\/Mesi24.ee-logo.jpg\",\"contentUrl\":\"https:\/\/mesi24.ee\/wp-content\/uploads\/2020\/11\/Mesi24.ee-logo.jpg\",\"width\":250,\"height\":106,\"caption\":\"O\u00dc Artocarpus\"},\"image\":{\"@id\":\"https:\/\/mesi24.ee\/#\/schema\/logo\/image\/\"},\"sameAs\":[\"https:\/\/www.facebook.com\/mesi24.ee\"]}]}<\/script>\n<!-- \/ Yoast SEO plugin. -->","yoast_head_json":{"title":"Contact - Mesi24","description":"If you decide to visit us, please call +372 551 6094. We work in the building on a free schedule, so we may not always be in the house and your trip may be in vain. If possible, we will arrive quickly and offer all our products and give advice on beekeeping.","robots":{"index":"index","follow":"follow","max-snippet":"max-snippet:-1","max-image-preview":"max-image-preview:large","max-video-preview":"max-video-preview:-1"},"canonical":"https:\/\/mesi24.ee\/en\/contact\/","og_locale":"en_US","og_type":"article","og_title":"Contact - Mesi24","og_description":"If you decide to visit us, please call +372 551 6094. We work in the building on a free schedule, so we may not always be in the house and your trip may be in vain. If possible, we will arrive quickly and offer all our products and give advice on beekeeping.","og_url":"https:\/\/mesi24.ee\/en\/contact\/","og_site_name":"Mesi24","article_publisher":"https:\/\/www.facebook.com\/mesi24.ee","article_modified_time":"2025-12-08T13:06:32+00:00","twitter_card":"summary_large_image","twitter_misc":{"Est. reading time":"2 minutes"},"schema":{"@context":"https:\/\/schema.org","@graph":[{"@type":"WebPage","@id":"https:\/\/mesi24.ee\/en\/contact\/","url":"https:\/\/mesi24.ee\/en\/contact\/","name":"Contact - Mesi24","isPartOf":{"@id":"https:\/\/mesi24.ee\/#website"},"datePublished":"2022-02-20T16:16:00+00:00","dateModified":"2025-12-08T13:06:32+00:00","description":"If you decide to visit us, please call +372 551 6094. We work in the building on a free schedule, so we may not always be in the house and your trip may be in vain. If possible, we will arrive quickly and offer all our products and give advice on beekeeping.","breadcrumb":{"@id":"https:\/\/mesi24.ee\/en\/contact\/#breadcrumb"},"inLanguage":"en-US","potentialAction":[{"@type":"ReadAction","target":["https:\/\/mesi24.ee\/en\/contact\/"]}]},{"@type":"BreadcrumbList","@id":"https:\/\/mesi24.ee\/en\/contact\/#breadcrumb","itemListElement":[{"@type":"ListItem","position":1,"name":"Home","item":"https:\/\/mesi24.ee\/en\/"},{"@type":"ListItem","position":2,"name":"Contact"}]},{"@type":"WebSite","@id":"https:\/\/mesi24.ee\/#website","url":"https:\/\/mesi24.ee\/","name":"Mesi24","description":"Mesi, meesegud, meetuubid","publisher":{"@id":"https:\/\/mesi24.ee\/#organization"},"potentialAction":[{"@type":"SearchAction","target":{"@type":"EntryPoint","urlTemplate":"https:\/\/mesi24.ee\/?s={search_term_string}"},"query-input":{"@type":"PropertyValueSpecification","valueRequired":true,"valueName":"search_term_string"}}],"inLanguage":"en-US"},{"@type":"Organization","@id":"https:\/\/mesi24.ee\/#organization","name":"O\u00dc Artocarpus","url":"https:\/\/mesi24.ee\/","logo":{"@type":"ImageObject","inLanguage":"en-US","@id":"https:\/\/mesi24.ee\/#\/schema\/logo\/image\/","url":"https:\/\/mesi24.ee\/wp-content\/uploads\/2020\/11\/Mesi24.ee-logo.jpg","contentUrl":"https:\/\/mesi24.ee\/wp-content\/uploads\/2020\/11\/Mesi24.ee-logo.jpg","width":250,"height":106,"caption":"O\u00dc Artocarpus"},"image":{"@id":"https:\/\/mesi24.ee\/#\/schema\/logo\/image\/"},"sameAs":["https:\/\/www.facebook.com\/mesi24.ee"]}]}},"_links":{"self":[{"href":"https:\/\/mesi24.ee\/en\/wp-json\/wp\/v2\/pages\/6069","targetHints":{"allow":["GET"]}}],"collection":[{"href":"https:\/\/mesi24.ee\/en\/wp-json\/wp\/v2\/pages"}],"about":[{"href":"https:\/\/mesi24.ee\/en\/wp-json\/wp\/v2\/types\/page"}],"author":[{"embeddable":true,"href":"https:\/\/mesi24.ee\/en\/wp-json\/wp\/v2\/users\/2"}],"replies":[{"embeddable":true,"href":"https:\/\/mesi24.ee\/en\/wp-json\/wp\/v2\/comments?post=6069"}],"version-history":[{"count":5,"href":"https:\/\/mesi24.ee\/en\/wp-json\/wp\/v2\/pages\/6069\/revisions"}],"predecessor-version":[{"id":9234,"href":"https:\/\/mesi24.ee\/en\/wp-json\/wp\/v2\/pages\/6069\/revisions\/9234"}],"wp:attachment":[{"href":"https:\/\/mesi24.ee\/en\/wp-json\/wp\/v2\/media?parent=6069"}],"curies":[{"name":"wp","href":"https:\/\/api.w.org\/{rel}","templated":true}]}}